{"id":1050,"date":"2021-10-05T18:09:21","date_gmt":"2021-10-05T18:09:21","guid":{"rendered":"https:\/\/sites.euro.ubbcluj.ro\/cip\/?page_id=1050"},"modified":"2021-11-08T10:07:43","modified_gmt":"2021-11-08T10:07:43","slug":"apel-grup-tinta-calup-1","status":"publish","type":"page","link":"https:\/\/sites.euro.ubbcluj.ro\/cip\/apel-grup-tinta-calup-1\/","title":{"rendered":"Apel grup \u021aint\u0103 calup 1"},"content":{"rendered":"\t\t<div data-elementor-type=\"wp-page\" data-elementor-id=\"1050\" class=\"elementor elementor-1050\">\n\t\t\t\t\t\t<section class=\"elementor-section elementor-top-section elementor-element elementor-element-712613b7 elementor-section-height-min-height elementor-section-boxed elementor-section-height-default elementor-section-items-middle\" data-id=\"712613b7\" data-element_type=\"section\" data-e-type=\"section\" data-settings=\"{&quot;background_background&quot;:&quot;gradient&quot;}\">\n\t\t\t\t\t\t\t<div class=\"elementor-background-overlay\"><\/div>\n\t\t\t\t\t\t\t<div class=\"elementor-container elementor-column-gap-default\">\n\t\t\t\t\t<div class=\"elementor-column elementor-col-100 elementor-top-column elementor-element elementor-element-37b15c04\" data-id=\"37b15c04\" data-element_type=\"column\" data-e-type=\"column\">\n\t\t\t<div class=\"elementor-widget-wrap elementor-element-populated\">\n\t\t\t\t\t\t<div class=\"elementor-element elementor-element-1ea91439 elementor-widget elementor-widget-heading\" data-id=\"1ea91439\" data-element_type=\"widget\" data-e-type=\"widget\" data-widget_type=\"heading.default\">\n\t\t\t\t<div class=\"elementor-widget-container\">\n\t\t\t\t\t<h1 class=\"elementor-heading-title elementor-size-default\">Apel grup \u021bint\u0103 calup 1<\/h1>\t\t\t\t<\/div>\n\t\t\t\t<\/div>\n\t\t\t\t\t<\/div>\n\t\t<\/div>\n\t\t\t\t\t<\/div>\n\t\t<\/section>\n\t\t\t\t<section class=\"elementor-section elementor-top-section elementor-element elementor-element-141f9a06 elementor-section-boxed elementor-section-height-default elementor-section-height-default\" data-id=\"141f9a06\" data-element_type=\"section\" data-e-type=\"section\">\n\t\t\t\t\t\t<div class=\"elementor-container elementor-column-gap-default\">\n\t\t\t\t\t<div class=\"elementor-column elementor-col-50 elementor-top-column elementor-element elementor-element-55889ab6\" data-id=\"55889ab6\" data-element_type=\"column\" data-e-type=\"column\">\n\t\t\t<div class=\"elementor-widget-wrap elementor-element-populated\">\n\t\t\t\t\t\t<div class=\"elementor-element elementor-element-3bbf20e1 elementor-widget elementor-widget-image\" data-id=\"3bbf20e1\" data-element_type=\"widget\" data-e-type=\"widget\" data-widget_type=\"image.default\">\n\t\t\t\t<div class=\"elementor-widget-container\">\n\t\t\t\t\t\t\t\t\t\t\t\t\t\t\t<img fetchpriority=\"high\" decoding=\"async\" width=\"300\" height=\"188\" src=\"https:\/\/sites.euro.ubbcluj.ro\/cip\/wp-content\/uploads\/2020\/10\/cropped-logo-pe-fond-transparent-300x188.jpeg\" class=\"attachment-medium size-medium wp-image-85\" alt=\"\" srcset=\"https:\/\/sites.euro.ubbcluj.ro\/cip\/wp-content\/uploads\/2020\/10\/cropped-logo-pe-fond-transparent-300x188.jpeg 300w, https:\/\/sites.euro.ubbcluj.ro\/cip\/wp-content\/uploads\/2020\/10\/cropped-logo-pe-fond-transparent-1024x641.jpeg 1024w, https:\/\/sites.euro.ubbcluj.ro\/cip\/wp-content\/uploads\/2020\/10\/cropped-logo-pe-fond-transparent-768x481.jpeg 768w, https:\/\/sites.euro.ubbcluj.ro\/cip\/wp-content\/uploads\/2020\/10\/cropped-logo-pe-fond-transparent.jpeg 1294w\" sizes=\"(max-width: 300px) 100vw, 300px\" \/>\t\t\t\t\t\t\t\t\t\t\t\t\t\t\t<\/div>\n\t\t\t\t<\/div>\n\t\t\t\t\t<\/div>\n\t\t<\/div>\n\t\t\t\t<div class=\"elementor-column elementor-col-50 elementor-top-column elementor-element elementor-element-145c0995\" data-id=\"145c0995\" data-element_type=\"column\" data-e-type=\"column\">\n\t\t\t<div class=\"elementor-widget-wrap elementor-element-populated\">\n\t\t\t\t\t\t<div class=\"elementor-element elementor-element-14f95b27 elementor-widget elementor-widget-image\" data-id=\"14f95b27\" data-element_type=\"widget\" data-e-type=\"widget\" data-widget_type=\"image.default\">\n\t\t\t\t<div class=\"elementor-widget-container\">\n\t\t\t\t\t\t\t\t\t\t\t\t\t\t\t<img decoding=\"async\" width=\"768\" height=\"221\" src=\"https:\/\/sites.euro.ubbcluj.ro\/cip\/wp-content\/uploads\/2021\/11\/2560px-Logo_Universitatea_Babes-Bolyai.svg-768x221.png\" class=\"attachment-medium_large size-medium_large wp-image-1430\" alt=\"\" srcset=\"https:\/\/sites.euro.ubbcluj.ro\/cip\/wp-content\/uploads\/2021\/11\/2560px-Logo_Universitatea_Babes-Bolyai.svg-768x221.png 768w, https:\/\/sites.euro.ubbcluj.ro\/cip\/wp-content\/uploads\/2021\/11\/2560px-Logo_Universitatea_Babes-Bolyai.svg-300x86.png 300w, https:\/\/sites.euro.ubbcluj.ro\/cip\/wp-content\/uploads\/2021\/11\/2560px-Logo_Universitatea_Babes-Bolyai.svg-1024x295.png 1024w, https:\/\/sites.euro.ubbcluj.ro\/cip\/wp-content\/uploads\/2021\/11\/2560px-Logo_Universitatea_Babes-Bolyai.svg-1536x442.png 1536w, https:\/\/sites.euro.ubbcluj.ro\/cip\/wp-content\/uploads\/2021\/11\/2560px-Logo_Universitatea_Babes-Bolyai.svg-2048x590.png 2048w\" sizes=\"(max-width: 768px) 100vw, 768px\" \/>\t\t\t\t\t\t\t\t\t\t\t\t\t\t\t<\/div>\n\t\t\t\t<\/div>\n\t\t\t\t\t<\/div>\n\t\t<\/div>\n\t\t\t\t\t<\/div>\n\t\t<\/section>\n\t\t\t\t<section class=\"elementor-section elementor-top-section elementor-element elementor-element-78214ad4 elementor-section-full_width elementor-section-height-default elementor-section-height-default\" data-id=\"78214ad4\" data-element_type=\"section\" data-e-type=\"section\" data-settings=\"{&quot;background_background&quot;:&quot;classic&quot;}\">\n\t\t\t\t\t\t<div class=\"elementor-container elementor-column-gap-default\">\n\t\t\t\t\t<div class=\"elementor-column elementor-col-100 elementor-top-column elementor-element elementor-element-484ccd58\" data-id=\"484ccd58\" data-element_type=\"column\" data-e-type=\"column\">\n\t\t\t<div class=\"elementor-widget-wrap elementor-element-populated\">\n\t\t\t\t\t\t<div class=\"elementor-element elementor-element-52f514c7 elementor-widget elementor-widget-text-editor\" data-id=\"52f514c7\" data-element_type=\"widget\" data-e-type=\"widget\" data-widget_type=\"text-editor.default\">\n\t\t\t\t<div class=\"elementor-widget-container\">\n\t\t\t\t\t\t\t\t\t<h6>\u00a0<\/h6><h6><strong>PROGRAMUL OPERA\u0162IONAL CAPITAL UMAN<\/strong><\/h6><h6>Axa prioritar\u0103 6 \u2013 Educa\u0163ie \u015fi competen\u0163e<\/h6><h6>Obiectivul tematic 10: Efectuarea de investi\u021bii \u00een domeniul educa\u021biei, al form\u0103rii \u0219i al form\u0103rii profesionale \u00een vederea dob\u00e2ndirii de competen\u021be \u0219i a \u00eenv\u0103\u021b\u0103rii pe tot parcursul vie\u021bii<\/h6><h6>Prioritatea de investi\u021bii 10.iv: Sporirea relevan\u0163ei pe pia\u0163a for\u0163elor de munc\u0103 a educa\u0163iei \u015fi a sistemelor de formare, facilitarea tranzi\u0163iei de la educa\u0163ie la pia\u0163a for\u0163elor de munc\u0103 \u015fi consolidarea form\u0103rii \u015fi a sistemelor de formare profesional\u0103, precum \u015fi a calit\u0103\u0163ii lor, inclusiv prin mecanisme de anticipare a competen\u0163elor, adaptarea programelor de \u00eenv\u0103\u0163\u0103m\u00e2nt \u015fi instituirea \u015fi dezvoltarea unor sisteme de \u00eenv\u0103\u0163are la locul de munc\u0103, inclusiv a unor sisteme de \u00eenv\u0103\u0163are dual\u0103 \u015fi programe de ucenicie<\/h6><h6>Obiectivul specific 6.13 Cre\u0219terea num\u0103rului absolven\u021bilor de \u00eenv\u0103\u021b\u0103m\u00e2nt ter\u021biar universitar \u0219i non universitar care \u00ee\u0219i g\u0103sesc un loc de munc\u0103 urmare a accesului la activit\u0103\u021bi de \u00eenv\u0103\u021bare la un poten\u021bial loc de munc\u0103 \/ cercetare\/ inovare, cu accent pe sectoarele economice cu poten\u021bial competitiv identificate conform SNC \u015fi domeniile de specializare inteligent\u0103 conform SNCDI<\/h6><h6>Titlul proiectului: Calitate \u0219i interdisciplinaritate \u00een practica studen\u021bilor Universit\u0103\u021bii Babe\u0219-Bolyai \u00een management cultural (CIP)<\/h6><h6>Contract nr. POCU\/626\/6\/13\/132253 (COD SMIS 2014+ 132253)<\/h6><h3>\u00a0<\/h3><h3 style=\"text-align: center;\">Apel selec\u021bie grup \u021bint\u0103<\/h3><h3 style=\"text-align: center;\">Proiect: Calitate \u0219i interdisciplinaritate \u00een practica studen\u021bilor Universit\u0103\u021bii Babe\u0219-Bolyai \u00een management cultural (CIP)<\/h3><p>Facultatea de Studii Europene, Facultatea de Teatru \u0219i Film, \u0219i Facultatea de Teologie Ortodox\u0103 (UBB) lanseaz\u0103 apelul de selec\u021bie a grupului \u021bint\u0103 a proiectului CIP, calupul nr. 1 din 3, care cuprinde un num\u0103r de 108 studen\u021bi\/masteranzi.<\/p><p><strong>Scopul <\/strong>proiectului \u00eel reprezint\u0103 facilitarea trecerii de la educa\u021bie la munc\u0103 pentru 324 de studen\u021bi ai Universit\u0103\u021bii Babe\u0219-Bolyai, de la cele trei facult\u0103\u021bi, prin implementarea unui program inovativ de \u00eenv\u0103\u021bare la un poten\u021bial loc de munc\u0103 \u00een domeniul managementului cultural. Durata de implementare este de 24 de luni.<\/p><p><strong>Obiectivele specifice<\/strong> ale proiectului sunt:<\/p><ol><li>Crearea unei re\u021bele de 18 ofertan\u021bi de practic\u0103 din Cluj-Napoca \u00een domeniul managementului cultural, din mediul public \u0219i privat, care prezint\u0103 poten\u021bial competitiv.<\/li><li>Consilierea, orientarea profesional\u0103 \u0219i sensibilizarea a 324 de studen\u021bi ai Facult\u0103\u021bilor de Studii Europene, Teatru \u0219i Film, \u0219i Teologie Ortodox\u0103, \u00een vederea preg\u0103tirii acestora pentru programul de practic\u0103.<\/li><li>Preg\u0103tirea practic\u0103 a celor 324 de studen\u021bi \u00een re\u021beaua de ofertan\u021bi de stagii de practic\u0103, conform planurilor de \u00eenv\u0103\u021b\u0103m\u00e2nt \u0219i competen\u021belor specifice din domeniile vizate.<\/li><li>Preg\u0103tirea celor 324 de studen\u021bi pentru angajare \u00een domeniul managementului cultural, \u00een rela\u021bie cu partenerii de practic\u0103 ai proiectului.<\/li><\/ol><p>Principalele <strong>activit\u0103\u0163i<\/strong> care se vor desf\u0103\u015fura \u00een cadrul proiectului sunt: crearea unei re\u021bele de practic\u0103, derularea de stagii de practic\u0103 la parteneri, oferirea de servicii de consiliere \u015fi orientare profesional\u0103, implementarea unei platfome IT inovatoare, sesiuni de sensibilizare \u00een domeniul competen\u0163elor antreprenoriale, inov\u0103rii, incluziunii sociale \u015fi nediscrimin\u0103rii \u015fi importan\u0163ei acestora \u00een procesul de inovare social\u0103, precum \u0219i organizarea a trei t\u00e2rguri de locuri de munc\u0103.<\/p><p>Activit\u0103\u0163ile proiectului vor fi adaptate la situa\u0163ia actual\u0103 \u015fi se vor desf\u0103\u015fura \u00een sistem hibrid sau online, cu respectarea tuturor m\u0103surilor de siguran\u0163\u0103 sanitar\u0103 \u00een vigoare.<\/p><p>Proiectul este cofinan\u021bat din Fondul Social European prin Programul Opera\u021bional Capital Uman. Valoarea total\u0103 a proiectului este de 4.741.271,58 lei, din care cofinan\u021bare UE 4.030.080,84 lei.<\/p><p><strong>Criteriu de eligibilitate:<\/strong> studen\u021bi sau masteranzi ai celor trei facult\u0103\u021bi, care au \u00een planul de \u00eenv\u0103\u021b\u0103m\u00e2nt pentru anul universitar curent o disciplin\u0103 de practic\u0103.<\/p><p><strong>Criteriu de selec\u021bie: <\/strong>ordinea \u00eenscrierii, cu respectarea egalit\u0103\u021bii de gen (minimum 50% femei).<\/p><p><strong>Exist\u0103 locuri speciale pentru:<\/strong> studen\u021bii cu dizabilit\u0103\u021bi; studen\u021bii apar\u021bin\u00e2nd minorit\u0103\u021bii rome; studen\u021bii cu domiciliul \u00een mediul rural.<\/p><p>To\u021bi membrii grupului \u021bint\u0103 vor fi premia\u021bi la sf\u00e2r\u0219itul proiectului. Premiile vor fi acordate diferen\u021biat, pe baza rezultatelor concursului, astfel: 100 x premiul I (\u00een valoare de 1500 lei), 100 x premiul II (\u00een valoare de 1200 lei), 124 x premiul III (\u00een valoare de 900 lei). 130 de studen\u021bi care \u00ee\u021bi vor g\u0103si un loc de munc\u0103 dup\u0103 finalizarea programului de practic\u0103, vor primi un premiu suplimentar \u00een valoare de 2500 lei.<\/p><p><strong>Distribu\u021bia locurilor \u00eentre cele trei facult\u0103\u021bi este dup\u0103 cum urmeaz\u0103: <\/strong><\/p><p>Facultatea de Studii Europene- 43 locuri<\/p><p>Facultatea de Teatru \u0219i Film- 25 locuri<\/p><p>Facultatea de Teologie Ortodox\u0103- 40 locuri<\/p><p><strong>Calendarul \u00eenscrieriilor: <\/strong><\/p><p>02 februarie \u2013 08 februarie \u2013 depunerea dosarelor candida\u021bilor (adresele de mail pentru fiecare responsabil pe facultate sunt reg\u0103site mai jos)<\/p><p>09 februarie \u2013 10 februarie \u2013 verificarea dosarelor<\/p><p>10 februarie- publicarea rezultatelor, ora 10:00<\/p><p>11 februarie \u0219i 12 februarie \u2013 perioad\u0103 de contesta\u021bii<\/p><p>15 februarie \u2013 solu\u021bionarea contesta\u021biilor \u0219i publicarea unei liste finale, ora 16:00<\/p><p>Procedura de recrutare \u0219i selec\u021bie a grupului \u021bint\u0103 este detaliat\u0103 aici<strong>: <\/strong><a href=\"https:\/\/sites.euro.ubbcluj.ro\/cip\/grup-tinta\/\"><strong>https:\/\/sites.euro.ubbcluj.ro\/cip\/grup-tinta\/<\/strong><\/a><strong> \u00a0iar detalii specifice pentru fiecare facultate \u00een parte sunt disponibile aici: <\/strong><\/p><ul><li><strong>Facultatea de Studii Europene (<a href=\"https:\/\/euro.ubbcluj.ro\/apel-selectie-grup-tinta-calup-1-proiect-cip-132253\/\">https:\/\/euro.ubbcluj.ro\/apel-selectie-grup-tinta-calup-1-proiect-cip-132253<\/a>)<\/strong><\/li><li><strong> Facultatea de Teatru \u0219i Film (<\/strong><a href=\"https:\/\/teatrufilm.ubbcluj.ro\/practica\/\"><strong>https:\/\/teatrufilm.ubbcluj.ro\/practica\/<\/strong><\/a><strong>)\u00a0 <\/strong><\/li><li><strong>Facultatea de Teologie Ortodox\u0103 (<\/strong><a href=\"http:\/\/ot.ubbcluj.ro\/anunt\/studenti\/oportunitati-de-practica-cadrul-unui-proiect-european\"><strong>http:\/\/ot.ubbcluj.ro\/anunt\/studenti\/oportunitati-de-practica-cadrul-unui-proiect-european<\/strong><\/a><strong>)<\/strong><\/li><\/ul><p><strong>Dosarul de \u00eenscriere trebuie s\u0103 con\u021bin\u0103:<\/strong><\/p><p>&#8211; Anexa 8 &#8211; Formular \u00eenregistrare grup \u021bint\u0103;<\/p><p>&#8211; Copie dup\u0103 CI;<\/p><p>&#8211; Cerere \u00eenscriere \u00een GT;<\/p><p>&#8211; Declaratie consim\u021b\u0103m\u00e2nt;<\/p><p>&#8211; Certificat de c\u0103s\u0103torie (dac\u0103 este cazul);<\/p><p>&#8211; Adeverin\u021b\u0103 care atest\u0103 calitatea de categorie dezavantajat\u0103 (categorii prioritare: 1. studen\u021bi cu dizabilit\u0103\u021bi; 2. studen\u021bi apar\u021bin\u00e2nd minorit\u0103\u021bii rome; 3. studen\u021bi cu domiciliul \u00een mediul rural);<\/p><p>&#8211; Declara\u021bie de angajament.<\/p><p><strong>Dosarul de \u00eenscriere se depune \u00een format electronic, semnat si scanat, urm\u00e2nd ca persoanele declarate admise, s\u0103 transmit\u0103 documentele \u00een original la o dat\u0103 comunicat\u0103 ulterior.<\/strong><\/p><p>Dosarele se trimit la adresele urm\u0103toare:<\/p><p>Studen\u021bii Facult\u0103\u021bii de Studii Europene: Dr. Nicoleta Chicina\u0219 (<a href=\"mailto:nicoleta.chicinas@ubbcluj.ro\">nicoleta.chicinas@ubbcluj.ro<\/a>)<\/p><p>Studen\u021bii Facult\u0103\u021bii de Teatru \u0219i Film: lect. univ. dr. Delia Enyedi (<a href=\"mailto:delia.enyedi@gmail.com\">delia.enyedi@gmail.com<\/a>)<\/p><p>Studen\u021bii Facult\u0103\u021bii de Teologie Ortodox\u0103: conf. univ. dr. pr. Mo\u0219 Grigore-Dinu (<a href=\"mailto:grigoredinumos@yahoo.com\">grigoredinumos@yahoo.com<\/a>)<\/p><p><strong>Documente necesare:<\/strong><\/p><ul><li>\u00a0<\/li><li><a href=\"https:\/\/sites.euro.ubbcluj.ro\/cip\/wp-content\/uploads\/2021\/01\/CERERE-inscriere-in-GT.pdf\">CERERE-inscriere-in-GT<\/a><\/li><li><a href=\"https:\/\/sites.euro.ubbcluj.ro\/cip\/wp-content\/uploads\/2021\/01\/Declaratie-de-angajament_GT.pdf\">Declaratie de angajament_GT<\/a><\/li><li><a href=\"https:\/\/sites.euro.ubbcluj.ro\/cip\/wp-content\/uploads\/2021\/01\/declaratie-consimtamant.pdf\">declaratie consimtamant<\/a><\/li><li><a href=\"https:\/\/sites.euro.ubbcluj.ro\/cip\/wp-content\/uploads\/2021\/01\/132253-Anexa-8-Formular-inregistrare-GT.pdf\">Anexa-8-Formular-inregistrare-GT<\/a><\/li><\/ul><p>V\u0103 mul\u021bumim!<\/p><p>Echipa de implementare<\/p>\t\t\t\t\t\t\t\t<\/div>\n\t\t\t\t<\/div>\n\t\t\t\t<div class=\"elementor-element elementor-element-33428535 elementor-widget elementor-widget-spacer\" data-id=\"33428535\" data-element_type=\"widget\" data-e-type=\"widget\" data-widget_type=\"spacer.default\">\n\t\t\t\t<div class=\"elementor-widget-container\">\n\t\t\t\t\t\t\t<div class=\"elementor-spacer\">\n\t\t\t<div class=\"elementor-spacer-inner\"><\/div>\n\t\t<\/div>\n\t\t\t\t\t\t<\/div>\n\t\t\t\t<\/div>\n\t\t\t\t<div class=\"elementor-element elementor-element-471d1329 elementor-widget elementor-widget-heading\" data-id=\"471d1329\" data-element_type=\"widget\" data-e-type=\"widget\" data-widget_type=\"heading.default\">\n\t\t\t\t<div class=\"elementor-widget-container\">\n\t\t\t\t\t<h5 class=\"elementor-heading-title elementor-size-default\">Postat \u00een: 25\/01\/2021<\/h5>\t\t\t\t<\/div>\n\t\t\t\t<\/div>\n\t\t\t\t\t<\/div>\n\t\t<\/div>\n\t\t\t\t\t<\/div>\n\t\t<\/section>\n\t\t\t\t<section class=\"elementor-section elementor-top-section elementor-element elementor-element-639c8d27 elementor-section-full_width elementor-section-height-default elementor-section-height-default\" data-id=\"639c8d27\" data-element_type=\"section\" data-e-type=\"section\" data-settings=\"{&quot;background_background&quot;:&quot;classic&quot;}\">\n\t\t\t\t\t\t\t<div class=\"elementor-background-overlay\"><\/div>\n\t\t\t\t\t\t\t<div class=\"elementor-container elementor-column-gap-default\">\n\t\t\t\t\t<div class=\"elementor-column elementor-col-100 elementor-top-column elementor-element elementor-element-2c9dbc98\" data-id=\"2c9dbc98\" data-element_type=\"column\" data-e-type=\"column\">\n\t\t\t<div class=\"elementor-widget-wrap elementor-element-populated\">\n\t\t\t\t\t\t<div class=\"elementor-element elementor-element-3bfb1f4c elementor-widget elementor-widget-text-editor\" data-id=\"3bfb1f4c\" data-element_type=\"widget\" data-e-type=\"widget\" data-widget_type=\"text-editor.default\">\n\t\t\t\t<div class=\"elementor-widget-container\">\n\t\t\t\t\t\t\t\t\t<div><span style=\"color: #000080;\">FONDUL SOCIAL EUROPEAN<\/span><\/div><div>\u00a0<\/div><p><span lang=\"ro\" style=\"color: #000080;\">Programul Opera\u0163ional Capital Uman 2014-2020<\/span><\/p><p><span lang=\"ro\" style=\"color: #000080;\">Axa prioritar\u0103 6 Educa\u021bie si competen\u021be<\/span><\/p><p><span lang=\"ro\" style=\"color: #000080;\">Cod apel: POCU\/626\/6\/13\/ Cre\u0219terea num\u0103rului absolven\u021bilor de \u00eenv\u0103\u021b\u0103m\u00e2nt ter\u021biar universitar \u0219i non-universitar care \u00ee\u021bi g\u0103sesc un loc de munc\u0103 urmare a accesului la activit\u0103\u021bi de \u00eenv\u0103\u021bare\/ cercetare\/ inovare la un poten\u021bial loc de munc\u0103, cu accent pe sectoarele economice cu poten\u021bial competitiv identificate conform SNC \u0219i domeniile de specializare inteligent\u0103 conform SNCDI<\/span><\/p><p><span lang=\"ro\" style=\"color: #000080;\">Beneficiar: Universitatea Babe\u0219-Bolyai<\/span><\/p><p><span lang=\"ro\" style=\"color: #000080;\">Titlul proiectului: \u201eCalitate \u0219i interdisciplinaritate \u00een practic\u0103 studen\u021bilor Universit\u0103\u021bii Babes-Bolyai \u00een management cultural (CIP)\u201d<\/span><\/p><p><span lang=\"ro\" style=\"color: #000080;\">Contract de finan\u021bare nr. OIPOSDRU NV 11466\/17.09.2020<\/span><\/p><p><span lang=\"ro\" style=\"color: #000080;\">Cod SMIS: 132253<\/span><\/p><p><span style=\"color: #000080;\">Pentru informa\u021bii detaliate despre celelate programe cofinan\u021bate de Uniunea European\u0103, v\u0103 invit\u0103m s\u0103 vizita\u021bi\u00a0<a style=\"color: #000080;\" href=\"http:\/\/www.fonduri-ue.ro\/\" target=\"_blank\" rel=\"noopener noreferrer\" data-auth=\"NotApplicable\" data-linkindex=\"1\">www.fonduri-ue.ro<\/a><\/span><\/p>\t\t\t\t\t\t\t\t<\/div>\n\t\t\t\t<\/div>\n\t\t\t\t\t<\/div>\n\t\t<\/div>\n\t\t\t\t\t<\/div>\n\t\t<\/section>\n\t\t\t\t<\/div>\n\t\t","protected":false},"excerpt":{"rendered":"<p>Apel grup \u021bint\u0103 calup 1 \u00a0 PROGRAMUL OPERA\u0162IONAL CAPITAL UMAN Axa prioritar\u0103 6 \u2013 Educa\u0163ie \u015fi competen\u0163e Obiectivul tematic 10: Efectuarea de investi\u021bii \u00een domeniul educa\u021biei, al form\u0103rii \u0219i al form\u0103rii profesionale \u00een vederea dob\u00e2ndirii de competen\u021be \u0219i a \u00eenv\u0103\u021b\u0103rii pe tot parcursul vie\u021bii Prioritatea de investi\u021bii 10.iv: Sporirea relevan\u0163ei pe pia\u0163a for\u0163elor de munc\u0103&hellip;&nbsp;<a href=\"https:\/\/sites.euro.ubbcluj.ro\/cip\/apel-grup-tinta-calup-1\/\" rel=\"bookmark\">Read More &raquo;<span class=\"screen-reader-text\">Apel grup \u021aint\u0103 calup 1<\/span><\/a><\/p>\n","protected":false},"author":1,"featured_media":0,"parent":0,"menu_order":0,"comment_status":"closed","ping_status":"closed","template":"","meta":{"neve_meta_sidebar":"full-width","neve_meta_container":"full-width","neve_meta_enable_content_width":"on","neve_meta_content_width":100,"neve_meta_title_alignment":"","neve_meta_author_avatar":"","neve_post_elements_order":"","neve_meta_disable_header":"","neve_meta_disable_footer":"","neve_meta_disable_title":"on","footnotes":"","_links_to":"","_links_to_target":""},"class_list":["post-1050","page","type-page","status-publish","hentry"],"_links":{"self":[{"href":"https:\/\/sites.euro.ubbcluj.ro\/cip\/wp-json\/wp\/v2\/pages\/1050","targetHints":{"allow":["GET"]}}],"collection":[{"href":"https:\/\/sites.euro.ubbcluj.ro\/cip\/wp-json\/wp\/v2\/pages"}],"about":[{"href":"https:\/\/sites.euro.ubbcluj.ro\/cip\/wp-json\/wp\/v2\/types\/page"}],"author":[{"embeddable":true,"href":"https:\/\/sites.euro.ubbcluj.ro\/cip\/wp-json\/wp\/v2\/users\/1"}],"replies":[{"embeddable":true,"href":"https:\/\/sites.euro.ubbcluj.ro\/cip\/wp-json\/wp\/v2\/comments?post=1050"}],"version-history":[{"count":0,"href":"https:\/\/sites.euro.ubbcluj.ro\/cip\/wp-json\/wp\/v2\/pages\/1050\/revisions"}],"wp:attachment":[{"href":"https:\/\/sites.euro.ubbcluj.ro\/cip\/wp-json\/wp\/v2\/media?parent=1050"}],"curies":[{"name":"wp","href":"https:\/\/api.w.org\/{rel}","templated":true}]}}