{"id":1077,"date":"2021-10-04T18:33:07","date_gmt":"2021-10-04T18:33:07","guid":{"rendered":"https:\/\/sites.euro.ubbcluj.ro\/cip\/?page_id=1077"},"modified":"2021-11-07T16:50:11","modified_gmt":"2021-11-07T16:50:11","slug":"apel-grup-tinta-calup-2-facultatea-de-teatru","status":"publish","type":"page","link":"https:\/\/sites.euro.ubbcluj.ro\/cip\/apel-grup-tinta-calup-2-facultatea-de-teatru\/","title":{"rendered":"Apel grup \u021aint\u0103 calup 2 &#8211; Facultatea de Teatru"},"content":{"rendered":"\t\t<div data-elementor-type=\"wp-page\" data-elementor-id=\"1077\" class=\"elementor elementor-1077\">\n\t\t\t\t\t\t<section class=\"elementor-section elementor-top-section elementor-element elementor-element-712613b7 elementor-section-height-min-height elementor-section-boxed elementor-section-height-default elementor-section-items-middle\" data-id=\"712613b7\" data-element_type=\"section\" data-e-type=\"section\" data-settings=\"{&quot;background_background&quot;:&quot;gradient&quot;}\">\n\t\t\t\t\t\t\t<div class=\"elementor-background-overlay\"><\/div>\n\t\t\t\t\t\t\t<div class=\"elementor-container elementor-column-gap-default\">\n\t\t\t\t\t<div class=\"elementor-column elementor-col-100 elementor-top-column elementor-element elementor-element-37b15c04\" data-id=\"37b15c04\" data-element_type=\"column\" data-e-type=\"column\">\n\t\t\t<div class=\"elementor-widget-wrap elementor-element-populated\">\n\t\t\t\t\t\t<div class=\"elementor-element elementor-element-1ea91439 elementor-widget elementor-widget-heading\" data-id=\"1ea91439\" data-element_type=\"widget\" data-e-type=\"widget\" data-widget_type=\"heading.default\">\n\t\t\t\t<div class=\"elementor-widget-container\">\n\t\t\t\t\t<h1 class=\"elementor-heading-title elementor-size-default\">Apel grup \u021bint\u0103 calup 2 <br>\nFacultatea de Teatru<\/h1>\t\t\t\t<\/div>\n\t\t\t\t<\/div>\n\t\t\t\t\t<\/div>\n\t\t<\/div>\n\t\t\t\t\t<\/div>\n\t\t<\/section>\n\t\t\t\t<section class=\"elementor-section elementor-top-section elementor-element elementor-element-ba9bfcc elementor-section-boxed elementor-section-height-default elementor-section-height-default\" data-id=\"ba9bfcc\" data-element_type=\"section\" data-e-type=\"section\">\n\t\t\t\t\t\t<div class=\"elementor-container elementor-column-gap-default\">\n\t\t\t\t\t<div class=\"elementor-column elementor-col-50 elementor-top-column elementor-element elementor-element-1c6184a\" data-id=\"1c6184a\" data-element_type=\"column\" data-e-type=\"column\">\n\t\t\t<div class=\"elementor-widget-wrap elementor-element-populated\">\n\t\t\t\t\t\t<div class=\"elementor-element elementor-element-782e8b51 elementor-widget elementor-widget-image\" data-id=\"782e8b51\" data-element_type=\"widget\" data-e-type=\"widget\" data-widget_type=\"image.default\">\n\t\t\t\t<div class=\"elementor-widget-container\">\n\t\t\t\t\t\t\t\t\t\t\t\t\t\t\t<img fetchpriority=\"high\" decoding=\"async\" width=\"300\" height=\"188\" src=\"https:\/\/sites.euro.ubbcluj.ro\/cip\/wp-content\/uploads\/2020\/10\/cropped-logo-pe-fond-transparent-300x188.jpeg\" class=\"attachment-medium size-medium wp-image-85\" alt=\"\" srcset=\"https:\/\/sites.euro.ubbcluj.ro\/cip\/wp-content\/uploads\/2020\/10\/cropped-logo-pe-fond-transparent-300x188.jpeg 300w, https:\/\/sites.euro.ubbcluj.ro\/cip\/wp-content\/uploads\/2020\/10\/cropped-logo-pe-fond-transparent-1024x641.jpeg 1024w, https:\/\/sites.euro.ubbcluj.ro\/cip\/wp-content\/uploads\/2020\/10\/cropped-logo-pe-fond-transparent-768x481.jpeg 768w, https:\/\/sites.euro.ubbcluj.ro\/cip\/wp-content\/uploads\/2020\/10\/cropped-logo-pe-fond-transparent.jpeg 1294w\" sizes=\"(max-width: 300px) 100vw, 300px\" \/>\t\t\t\t\t\t\t\t\t\t\t\t\t\t\t<\/div>\n\t\t\t\t<\/div>\n\t\t\t\t\t<\/div>\n\t\t<\/div>\n\t\t\t\t<div class=\"elementor-column elementor-col-50 elementor-top-column elementor-element elementor-element-7d44b788\" data-id=\"7d44b788\" data-element_type=\"column\" data-e-type=\"column\">\n\t\t\t<div class=\"elementor-widget-wrap elementor-element-populated\">\n\t\t\t\t\t\t<div class=\"elementor-element elementor-element-456947f3 elementor-widget elementor-widget-image\" data-id=\"456947f3\" data-element_type=\"widget\" data-e-type=\"widget\" data-widget_type=\"image.default\">\n\t\t\t\t<div class=\"elementor-widget-container\">\n\t\t\t\t\t\t\t\t\t\t\t\t\t\t\t<img decoding=\"async\" width=\"768\" height=\"221\" src=\"https:\/\/sites.euro.ubbcluj.ro\/cip\/wp-content\/uploads\/2021\/11\/2560px-Logo_Universitatea_Babes-Bolyai.svg-768x221.png\" class=\"attachment-medium_large size-medium_large wp-image-1430\" alt=\"\" srcset=\"https:\/\/sites.euro.ubbcluj.ro\/cip\/wp-content\/uploads\/2021\/11\/2560px-Logo_Universitatea_Babes-Bolyai.svg-768x221.png 768w, https:\/\/sites.euro.ubbcluj.ro\/cip\/wp-content\/uploads\/2021\/11\/2560px-Logo_Universitatea_Babes-Bolyai.svg-300x86.png 300w, https:\/\/sites.euro.ubbcluj.ro\/cip\/wp-content\/uploads\/2021\/11\/2560px-Logo_Universitatea_Babes-Bolyai.svg-1024x295.png 1024w, https:\/\/sites.euro.ubbcluj.ro\/cip\/wp-content\/uploads\/2021\/11\/2560px-Logo_Universitatea_Babes-Bolyai.svg-1536x442.png 1536w, https:\/\/sites.euro.ubbcluj.ro\/cip\/wp-content\/uploads\/2021\/11\/2560px-Logo_Universitatea_Babes-Bolyai.svg-2048x590.png 2048w\" sizes=\"(max-width: 768px) 100vw, 768px\" \/>\t\t\t\t\t\t\t\t\t\t\t\t\t\t\t<\/div>\n\t\t\t\t<\/div>\n\t\t\t\t\t<\/div>\n\t\t<\/div>\n\t\t\t\t\t<\/div>\n\t\t<\/section>\n\t\t\t\t<section class=\"elementor-section elementor-top-section elementor-element elementor-element-78214ad4 elementor-section-full_width elementor-section-height-default elementor-section-height-default\" data-id=\"78214ad4\" data-element_type=\"section\" data-e-type=\"section\" data-settings=\"{&quot;background_background&quot;:&quot;classic&quot;}\">\n\t\t\t\t\t\t<div class=\"elementor-container elementor-column-gap-default\">\n\t\t\t\t\t<div class=\"elementor-column elementor-col-100 elementor-top-column elementor-element elementor-element-484ccd58\" data-id=\"484ccd58\" data-element_type=\"column\" data-e-type=\"column\">\n\t\t\t<div class=\"elementor-widget-wrap elementor-element-populated\">\n\t\t\t\t\t\t<div class=\"elementor-element elementor-element-52f514c7 elementor-widget elementor-widget-text-editor\" data-id=\"52f514c7\" data-element_type=\"widget\" data-e-type=\"widget\" data-widget_type=\"text-editor.default\">\n\t\t\t\t<div class=\"elementor-widget-container\">\n\t\t\t\t\t\t\t\t\t<p><strong>PROGRAMUL OPERA\u0162IONAL CAPITAL UMAN<\/strong><\/p><p><strong>Axa prioritar\u0103 6 \u2013 Educa\u0163ie \u015fi competen\u0163e<\/strong><\/p><p><strong>Obiectivul tematic 10: Efectuarea de investi\u021bii \u00een domeniul educa\u021biei, al form\u0103rii \u0219i al form\u0103rii profesionale \u00een vederea dob\u00e2ndirii de competen\u021be \u0219i a \u00eenv\u0103\u021b\u0103rii pe tot parcursul vie\u021bii<\/strong><\/p><p><strong>Prioritatea de investi\u021bii 10.iv: Sporirea relevan\u0163ei pe pia\u0163a for\u0163elor de munc\u0103 a educa\u0163iei \u015fi a sistemelor de formare, facilitarea tranzi\u0163iei de la educa\u0163ie la pia\u0163a for\u0163elor de munc\u0103 \u015fi consolidarea form\u0103rii \u015fi a sistemelor de formare profesional\u0103, precum \u015fi a calit\u0103\u0163ii lor, inclusiv prin mecanisme de anticipare a competen\u0163elor, adaptarea programelor de \u00eenv\u0103\u0163\u0103m\u00e2nt \u015fi instituirea \u015fi dezvoltarea unor sisteme de \u00eenv\u0103\u0163are la locul de munc\u0103, inclusiv a unor sisteme de \u00eenv\u0103\u0163are dual\u0103 \u015fi programe de ucenicie<\/strong><\/p><p><strong>Obiectivul specific 6.13 Cre\u0219terea num\u0103rului absolven\u021bilor de \u00eenv\u0103\u021b\u0103m\u00e2nt ter\u021biar universitar \u0219i non universitar care \u00ee\u0219i g\u0103sesc un loc de munc\u0103 urmare a accesului la activit\u0103\u021bi de \u00eenv\u0103\u021bare la un poten\u021bial loc de munc\u0103 \/ cercetare\/ inovare, cu accent pe sectoarele economice cu poten\u021bial competitiv identificate conform SNC \u015fi domeniile de specializare inteligent\u0103 conform SNCDI<\/strong><\/p><p><strong>Titlul proiectului: Calitate \u0219i interdisciplinaritate \u00een practica studen\u021bilor Universit\u0103\u021bii Babe\u0219-Bolyai \u00een management cultural (CIP)<\/strong><\/p><p><strong>Contract nr. POCU\/626\/6\/13\/132253 (COD SMIS 2014+ 132253)<\/strong><\/p><p><strong>\u00a0<\/strong><\/p><p><strong>Apel selec\u021bie grup \u021bint\u0103<\/strong><\/p><p><strong>Proiect: Calitate \u0219i interdisciplinaritate \u00een practica studen\u021bilor Universit\u0103\u021bii Babe\u0219-Bolyai \u00een management cultural (CIP)<\/strong><\/p><p>Facultatea de Studii Europene, Facultatea de Teatru \u0219i Film, \u0219i Facultatea de Teologie Ortodox\u0103 (UBB) lanseaz\u0103 apelul de selec\u021bie a grupului \u021bint\u0103 a proiectului CIP, calupul nr. 2 din 3, care cuprinde un num\u0103r de 108 studen\u021bi\/masteranzi.<\/p><p><strong>Scopul\u00a0<\/strong>proiectului \u00eel reprezint\u0103 facilitarea trecerii de la educa\u021bie la munc\u0103 pentru 324 de studen\u021bi ai Universit\u0103\u021bii Babe\u0219-Bolyai, de la cele trei facult\u0103\u021bi, prin implementarea unui program inovativ de \u00eenv\u0103\u021bare la un poten\u021bial loc de munc\u0103 \u00een domeniul managementului cultural. Durata de implementare este de 24 de luni.<\/p><p><strong>Obiectivele specifice<\/strong>\u00a0ale proiectului sunt:<\/p><ol><li>Crearea unei re\u021bele de 18 ofertan\u021bi de practic\u0103 din Cluj-Napoca \u00een domeniul managementului cultural, din mediul public \u0219i privat, care prezint\u0103 poten\u021bial competitiv.<\/li><li>Consilierea, orientarea profesional\u0103 \u0219i sensibilizarea a 324 de studen\u021bi ai Facult\u0103\u021bilor de Studii Europene, Teatru \u0219i Film, \u0219i Teologie Ortodox\u0103, \u00een vederea preg\u0103tirii acestora pentru programul de practic\u0103.<\/li><li>Preg\u0103tirea practic\u0103 a celor 324 de studen\u021bi \u00een re\u021beaua de ofertan\u021bi de stagii de practic\u0103, conform planurilor de \u00eenv\u0103\u021b\u0103m\u00e2nt \u0219i competen\u021belor specifice din domeniile vizate.<\/li><li>Preg\u0103tirea celor 324 de studen\u021bi pentru angajare \u00een domeniul managementului cultural, \u00een rela\u021bie cu partenerii de practic\u0103 ai proiectului.<\/li><\/ol><p>Principalele\u00a0<strong>activit\u0103\u0163i<\/strong>\u00a0care se vor desf\u0103\u015fura \u00een cadrul proiectului sunt: crearea unei re\u021bele de practic\u0103, derularea de stagii de practic\u0103 la parteneri, oferirea de servicii de consiliere \u015fi orientare profesional\u0103, implementarea unei platfome IT inovatoare, sesiuni de sensibilizare \u00een domeniul competen\u0163elor antreprenoriale, inov\u0103rii, incluziunii sociale \u015fi nediscrimin\u0103rii \u015fi importan\u0163ei acestora \u00een procesul de inovare social\u0103, precum \u0219i organizarea a trei t\u00e2rguri de locuri de munc\u0103.<\/p><p><strong>Candida\u021bilor admi\u0219i \u00een proiect este obligatoriu s\u0103 participe la toate activit\u0103\u021bile proiectului: consiliere individual<\/strong><strong>\u0103 <\/strong><strong>\u0219i de grup, sesiuni de sensibilizare privind discriminarea, sesiuni de competen<\/strong><strong>\u021be antreprenoriale, t<\/strong><strong>\u00e2rg de oferte de locuri de munc<\/strong><strong>\u0103. <\/strong><\/p><p><strong>Activitatea de practic\u0103 se desf\u0103\u0219oar\u0103 la urm\u0103toarele parteneri de practic\u0103:<\/strong><\/p><ul><li>Reactor de Crea\u021bie \u0219i Experiment<\/li><li>Teatrul de P\u0103pu\u0219i Puck<\/li><li>V\u00e1r\u00f3terem Projekt<\/li><li>Hola Media<\/li><li>TVR Cluj<\/li><li>Inspectoratul \u0218colar Cluj Napoca<\/li><\/ul><p>To\u021bi membrii grupului \u021bint\u0103 vor fi premia\u021bi la sf\u00e2r\u0219itul proiectului. Premiile vor fi acordate diferen\u021biat, pe baza rezultatelor concursului, astfel: 100 x premiul I (\u00een valoare de 1500 lei), 100 x premiul II (\u00een valoare de 1200 lei), 124 x premiul III (\u00een valoare de 900 lei). 130 de studen\u021bi care \u00ee\u021bi vor g\u0103si un loc de munc\u0103 dup\u0103 finalizarea programului de practic\u0103, vor primi un premiu suplimentar \u00een valoare de 2500 lei.<\/p><p>Activit\u0103\u0163ile proiectului vor fi adaptate la situa\u0163ia actual\u0103 \u015fi se vor desf\u0103\u015fura \u00een sistem hibrid sau online, cu respectarea tuturor m\u0103surilor de siguran\u0163\u0103 sanitar\u0103 \u00een vigoare.<\/p><p>Proiectul este cofinan\u021bat din Fondul Social European prin Programul Opera\u021bional Capital Uman. Valoarea total\u0103 a proiectului este de 4.741.271,58 lei, din care cofinan\u021bare UE 4.030.080,84 lei.<\/p><p><strong>\u00a0<\/strong><\/p><p><strong>Criterii de eligibilitate: <\/strong><\/p><ul><li>Studen\u021bii tuturor specializ\u0103rilor de la Facultatea de Teatru \u0219i Film, liniile de studiu rom\u00e2n\u0103 \u0219i maghiar\u0103, nivel licen\u021b\u0103 \u0219i master, care au \u00een planul de \u00eenv\u0103\u021b\u0103m\u00e2nt disciplina Stagiu de practic\u0103 al anului universitar 2021-2022<\/li><li>Studen\u021bi cu dizabilit\u0103\u021bi\u200b<\/li><li>Studen\u021bi apar\u021bin\u00e2nd minorit\u0103\u021bii rome\u200b<\/li><li>Studen\u021bi cu domiciliul \u00een mediul rural (excep\u021bie Ilfov)\u200b<\/li><li>To\u021bi ceilal\u021bi studen\u021bi, \u00een ordinea \u00eenscrierii, cu condi\u021bia depunerii dosarului complet<\/li><\/ul><p>\u00a0<\/p><p><strong>Liniile de studiu eligibile din cadrul Facult\u0103\u021bii de Teatru \u0219i Film, conform criteriilor enun\u021bate \u00een proiect, sunt: <\/strong><\/p><ul><li>Artele spectacolului \u2013 Actorie, rom\u00e2n\u0103\/maghiar\u0103 (licen\u021b\u0103)<\/li><li>Artele spectacolului- Regie, rom\u00e2n\u0103 (licen\u021b\u0103)<\/li><li>Teatrologie, rom\u00e2n\u0103\/maghiar\u0103 (licen\u021b\u0103)<\/li><li>Cinematografie, Fotografie, Media, rom\u00e2n\u0103\/maghiar\u0103 (licen\u021b\u0103)<\/li><li>Filmologie, rom\u00e2n\u0103 (licen\u021b\u0103)<\/li><li>Management \u0219i antreprenoriat cultural, rom\u00e2n\u0103 (masterat)<\/li><li>Arta scurtmetrajului, maghiar\u0103 (masterat)<\/li><li>Documentary filmmaking, englez\u0103 (masterat)<\/li><li>Digital Interactive Arts, englez\u0103 (masterat)<\/li><\/ul><p><strong>\u00a0<\/strong><\/p><p><strong>Criterii de selec\u021bie<\/strong><\/p><p>Num\u0103r de locuri alocate pentru Facultatea de Teatru \u0219i Film (FTF) \u00een anul universitar 2021-2022: <strong>25<\/strong><\/p><p><strong>Procedura de selec\u021bie:<\/strong> principiul \u2018primul venit\/primul servit\u2019, pe baza unui dosar de \u00eenscriere.\u200b<\/p><p>Dintre studen\u021bii eligibili au prioritate cei care se \u00eencadreaz\u0103 \u00een urm\u0103toarele categorii vulnerabile (apa\u021bin minorit\u0103\u021bii roma, provin din sau au domiciliul \u00een mediul rural, studen\u021bi netradi\u021bionali sau cu cerin\u021be educa\u021bionale speciale), urm\u00e2nd to\u021bi ceilal\u021bi studen\u021bi \u00eenscri\u0219i, cu respectarea egalit\u0103\u021bii de gen. \u00a0Procesul de selec\u021bie respect\u0103 principiile egalit\u0103\u021bii de \u0219anse \u0219i a nediscrimin\u0103rii de orice fel.<\/p><p><strong>Distribu\u021bia locurilor \u00eentre cele trei facult\u0103\u021bi este dup\u0103 cum urmeaz\u0103:<\/strong><\/p><p>Facultatea de Studii Europene &#8211; 43 locuri<\/p><p>Facultatea de Teatru \u0219i Film &#8211; 25 locuri<\/p><p>Facultatea de Teologie Ortodox\u0103 &#8211; 40 locuri<\/p><p><strong>Calendarul \u00eenscrieriilor:<\/strong><\/p><p>12 octombrie \u2013 18 octombrie \u2013 depunerea dosarelor candida\u021bilor (electronic, prin email) \u0219i verificare pe parcurs<\/p><p>19 octombrie \u2013 20 octombrie \u2013 verificarea final\u0103 a dosarelor<\/p><p>20 octombrie &#8211; publicarea rezultatelor, ora 10:00<\/p><p>21 octombrie \u2013 22 octombrie \u2013 perioad\u0103 de contesta\u021bii<\/p><p>26 octombrie \u2013 solu\u021bionarea contesta\u021biilor \u0219i publicarea unei liste finale, ora 16:00<\/p><p>Procedura de recrutare \u0219i selec\u021bie a grupului \u021bint\u0103 este detaliat\u0103 aici<strong>:\u00a0<\/strong><a href=\"https:\/\/sites.euro.ubbcluj.ro\/cip\/grup-tinta\/\"><strong>https:\/\/sites.euro.ubbcluj.ro\/cip\/grup-tinta\/<\/strong><\/a><strong>\u00a0\u00a0<\/strong><\/p><p><strong>\u00a0<\/strong><\/p><p><strong>Dosarul de \u00eenscriere trebuie <\/strong><strong>\u00een mod obligatoriu <\/strong><strong>s\u0103 con\u021bin\u0103<\/strong><strong> urm\u0103toarele documente scanate:<\/strong><\/p><ul><li>Carte de identitate<\/li><li>Certificat de c\u0103s\u0103torie (dac\u0103 este cazul)<\/li><li><a href=\"https:\/\/sites.euro.ubbcluj.ro\/cip\/wp-content\/uploads\/2021\/10\/Cerere-de-inscriere-in-proiect-FT.pdf\">Cerere de \u00eenscriere \u00een proiect, completat\u0103, datat\u0103 \u0219i semnat\u0103<\/a><\/li><li><a href=\"https:\/\/sites.euro.ubbcluj.ro\/cip\/wp-content\/uploads\/2021\/10\/Declaratie-consimtamant-date-cu-caracter-personal-FT.pdf\">Declara\u021bie privind prelucrarea datelor cu caracter personal, completat\u0103, datat\u0103 \u0219i semnat\u0103<\/a><\/li><li><a href=\"https:\/\/sites.euro.ubbcluj.ro\/cip\/wp-content\/uploads\/2021\/10\/Anexa-8-Formular-inregistrare-grup-tinta-FT.pdf\">Formular de \u00eenregistrare grup \u021bint\u0103 (Anexa 8), completat, datat \u0219i semnat<\/a><\/li><li>Dovad\u0103 \u00eencadrare \u00een categorie prioritar\u0103 (adeverin\u021b\u0103 medical\u0103 pentru persoane cu dizabilit\u0103\u021bi, adeverin\u021b\u0103 care s\u0103 ateste c\u0103 respectivul student apar\u021bine etniei roma, alte documente care s\u0103 dovedeasc\u0103 domiciliul \u00een mediul rural, dac\u0103 este cazul, \u00een afara CI)<\/li><li><a href=\"https:\/\/sites.euro.ubbcluj.ro\/cip\/wp-content\/uploads\/2021\/10\/Declaratie-de-angajament-FT.pdf\">Declara\u021bie de angajament, completat\u0103, datat\u0103 \u0219i semnat\u0103<\/a><\/li><\/ul><p><a href=\"https:\/\/sites.euro.ubbcluj.ro\/cip\/wp-content\/uploads\/2021\/10\/MODEL-DE-COMPLETARE-Anexa-8-Formular-inregistrare-grup-tinta-FT.pdf\"><strong>Model completare Anexa 8. (A nu se completa aceas<\/strong><strong>t\u0103 versiune)<\/strong><\/a><\/p><p><strong>Dosarul de \u00eenscriere se depune <\/strong><strong>\u00een perioada <\/strong><strong>12 octombrie<\/strong><strong> \u2013 <\/strong><strong>1<\/strong><strong>8 <\/strong><strong>octombrie<\/strong> <strong>\u00een format electronic, semnat si scanat, urm\u00e2nd ca persoanele declarate admise, s\u0103 transmit\u0103 documentele \u00een original la o dat\u0103 comunicat\u0103 ulterior.<\/strong><\/p><p><strong>Toate dosarele trebuie s\u0103 fie complete, corect \u00eentocmite \u0219i cu semn\u0103tur\u0103 olograf\u0103. <\/strong><\/p><p><strong>\u00a0<\/strong><\/p><p>Dosarele se trimit la adresa urm\u0103toare:<\/p><p><strong>Studen\u021bii Facult\u0103\u021bii de Teatru \u0219i Film:<\/strong> lect. univ. dr. Makkai J\u00falia Anna (<a href=\"mailto:julia.makkai@ubbcluj.ro\">julia.makkai@ubbcluj.ro<\/a>)<\/p><p><strong>\u00cen aten\u021bia candida\u021bilor! <\/strong><\/p><p>Aten\u021bie: V\u0103 rug\u0103m s\u0103 transmite\u021bi dosarele corect \u00eentocmite \u0219i complete, cuprinz\u00e2nd toate formularele men\u021bionate mai sus. Candida\u021bii cu dosarele incomplete ulterior vor fi anun\u021ba\u021bi de c\u0103tre expertul grupului \u021bint\u0103 ca s\u0103-\u0219i completeze dosarul.<\/p><p>V\u0103 mul\u021bumim!<\/p><p>Echipa de implementare<\/p>\t\t\t\t\t\t\t\t<\/div>\n\t\t\t\t<\/div>\n\t\t\t\t<div class=\"elementor-element elementor-element-33428535 elementor-widget elementor-widget-spacer\" data-id=\"33428535\" data-element_type=\"widget\" data-e-type=\"widget\" data-widget_type=\"spacer.default\">\n\t\t\t\t<div class=\"elementor-widget-container\">\n\t\t\t\t\t\t\t<div class=\"elementor-spacer\">\n\t\t\t<div class=\"elementor-spacer-inner\"><\/div>\n\t\t<\/div>\n\t\t\t\t\t\t<\/div>\n\t\t\t\t<\/div>\n\t\t\t\t<div class=\"elementor-element elementor-element-471d1329 elementor-widget elementor-widget-heading\" data-id=\"471d1329\" data-element_type=\"widget\" data-e-type=\"widget\" data-widget_type=\"heading.default\">\n\t\t\t\t<div class=\"elementor-widget-container\">\n\t\t\t\t\t<h5 class=\"elementor-heading-title elementor-size-default\">Postat \u00een: 04\/10\/2021<\/h5>\t\t\t\t<\/div>\n\t\t\t\t<\/div>\n\t\t\t\t\t<\/div>\n\t\t<\/div>\n\t\t\t\t\t<\/div>\n\t\t<\/section>\n\t\t\t\t<section class=\"elementor-section elementor-top-section elementor-element elementor-element-2fdf94d1 elementor-section-full_width elementor-section-height-default elementor-section-height-default\" data-id=\"2fdf94d1\" data-element_type=\"section\" data-e-type=\"section\" data-settings=\"{&quot;background_background&quot;:&quot;classic&quot;}\">\n\t\t\t\t\t\t\t<div class=\"elementor-background-overlay\"><\/div>\n\t\t\t\t\t\t\t<div class=\"elementor-container elementor-column-gap-default\">\n\t\t\t\t\t<div class=\"elementor-column elementor-col-100 elementor-top-column elementor-element elementor-element-6fc71a2a\" data-id=\"6fc71a2a\" data-element_type=\"column\" data-e-type=\"column\">\n\t\t\t<div class=\"elementor-widget-wrap elementor-element-populated\">\n\t\t\t\t\t\t<div class=\"elementor-element elementor-element-3006ac32 elementor-widget elementor-widget-text-editor\" data-id=\"3006ac32\" data-element_type=\"widget\" data-e-type=\"widget\" data-widget_type=\"text-editor.default\">\n\t\t\t\t<div class=\"elementor-widget-container\">\n\t\t\t\t\t\t\t\t\t<div><span style=\"color: #000080;\">FONDUL SOCIAL EUROPEAN<\/span><\/div><div>\u00a0<\/div><p><span lang=\"ro\" style=\"color: #000080;\">Programul Opera\u0163ional Capital Uman 2014-2020<\/span><\/p><p><span lang=\"ro\" style=\"color: #000080;\">Axa prioritar\u0103 6 Educa\u021bie si competen\u021be<\/span><\/p><p><span lang=\"ro\" style=\"color: #000080;\">Cod apel: POCU\/626\/6\/13\/ Cre\u0219terea num\u0103rului absolven\u021bilor de \u00eenv\u0103\u021b\u0103m\u00e2nt ter\u021biar universitar \u0219i non-universitar care \u00ee\u021bi g\u0103sesc un loc de munc\u0103 urmare a accesului la activit\u0103\u021bi de \u00eenv\u0103\u021bare\/ cercetare\/ inovare la un poten\u021bial loc de munc\u0103, cu accent pe sectoarele economice cu poten\u021bial competitiv identificate conform SNC \u0219i domeniile de specializare inteligent\u0103 conform SNCDI<\/span><\/p><p><span lang=\"ro\" style=\"color: #000080;\">Beneficiar: Universitatea Babe\u0219-Bolyai<\/span><\/p><p><span lang=\"ro\" style=\"color: #000080;\">Titlul proiectului: \u201eCalitate \u0219i interdisciplinaritate \u00een practic\u0103 studen\u021bilor Universit\u0103\u021bii Babes-Bolyai \u00een management cultural (CIP)\u201d<\/span><\/p><p><span lang=\"ro\" style=\"color: #000080;\">Contract de finan\u021bare nr. OIPOSDRU NV 11466\/17.09.2020<\/span><\/p><p><span lang=\"ro\" style=\"color: #000080;\">Cod SMIS: 132253<\/span><\/p><p><span style=\"color: #000080;\">Pentru informa\u021bii detaliate despre celelate programe cofinan\u021bate de Uniunea European\u0103, v\u0103 invit\u0103m s\u0103 vizita\u021bi\u00a0<a style=\"color: #000080;\" href=\"http:\/\/www.fonduri-ue.ro\/\" target=\"_blank\" rel=\"noopener noreferrer\" data-auth=\"NotApplicable\" data-linkindex=\"1\">www.fonduri-ue.ro<\/a><\/span><\/p>\t\t\t\t\t\t\t\t<\/div>\n\t\t\t\t<\/div>\n\t\t\t\t\t<\/div>\n\t\t<\/div>\n\t\t\t\t\t<\/div>\n\t\t<\/section>\n\t\t\t\t<\/div>\n\t\t","protected":false},"excerpt":{"rendered":"<p>Apel grup \u021bint\u0103 calup 2 Facultatea de Teatru PROGRAMUL OPERA\u0162IONAL CAPITAL UMAN Axa prioritar\u0103 6 \u2013 Educa\u0163ie \u015fi competen\u0163e Obiectivul tematic 10: Efectuarea de investi\u021bii \u00een domeniul educa\u021biei, al form\u0103rii \u0219i al form\u0103rii profesionale \u00een vederea dob\u00e2ndirii de competen\u021be \u0219i a \u00eenv\u0103\u021b\u0103rii pe tot parcursul vie\u021bii Prioritatea de investi\u021bii 10.iv: Sporirea relevan\u0163ei pe pia\u0163a for\u0163elor&hellip;&nbsp;<a href=\"https:\/\/sites.euro.ubbcluj.ro\/cip\/apel-grup-tinta-calup-2-facultatea-de-teatru\/\" rel=\"bookmark\">Read More &raquo;<span class=\"screen-reader-text\">Apel grup \u021aint\u0103 calup 2 &#8211; Facultatea de Teatru<\/span><\/a><\/p>\n","protected":false},"author":1,"featured_media":0,"parent":0,"menu_order":0,"comment_status":"closed","ping_status":"closed","template":"","meta":{"neve_meta_sidebar":"full-width","neve_meta_container":"full-width","neve_meta_enable_content_width":"on","neve_meta_content_width":100,"neve_meta_title_alignment":"","neve_meta_author_avatar":"","neve_post_elements_order":"","neve_meta_disable_header":"","neve_meta_disable_footer":"","neve_meta_disable_title":"on","footnotes":"","_links_to":"","_links_to_target":""},"class_list":["post-1077","page","type-page","status-publish","hentry"],"_links":{"self":[{"href":"https:\/\/sites.euro.ubbcluj.ro\/cip\/wp-json\/wp\/v2\/pages\/1077","targetHints":{"allow":["GET"]}}],"collection":[{"href":"https:\/\/sites.euro.ubbcluj.ro\/cip\/wp-json\/wp\/v2\/pages"}],"about":[{"href":"https:\/\/sites.euro.ubbcluj.ro\/cip\/wp-json\/wp\/v2\/types\/page"}],"author":[{"embeddable":true,"href":"https:\/\/sites.euro.ubbcluj.ro\/cip\/wp-json\/wp\/v2\/users\/1"}],"replies":[{"embeddable":true,"href":"https:\/\/sites.euro.ubbcluj.ro\/cip\/wp-json\/wp\/v2\/comments?post=1077"}],"version-history":[{"count":0,"href":"https:\/\/sites.euro.ubbcluj.ro\/cip\/wp-json\/wp\/v2\/pages\/1077\/revisions"}],"wp:attachment":[{"href":"https:\/\/sites.euro.ubbcluj.ro\/cip\/wp-json\/wp\/v2\/media?parent=1077"}],"curies":[{"name":"wp","href":"https:\/\/api.w.org\/{rel}","templated":true}]}}