{"id":1107,"date":"2021-10-13T13:24:39","date_gmt":"2021-10-13T13:24:39","guid":{"rendered":"https:\/\/sites.euro.ubbcluj.ro\/cip\/?page_id=1107"},"modified":"2021-10-13T13:28:43","modified_gmt":"2021-10-13T13:28:43","slug":"apel-grup-tinta-calup-2-facultatea-de-teologie-ortodoxa","status":"publish","type":"page","link":"https:\/\/sites.euro.ubbcluj.ro\/cip\/apel-grup-tinta-calup-2-facultatea-de-teologie-ortodoxa\/","title":{"rendered":"Apel grup \u021aint\u0103 calup 2 &#8211; Facultatea de Teologie Ortodox\u0103"},"content":{"rendered":"\t\t<div data-elementor-type=\"wp-page\" data-elementor-id=\"1107\" class=\"elementor elementor-1107\">\n\t\t\t\t\t\t<section class=\"elementor-section elementor-top-section elementor-element elementor-element-712613b7 elementor-section-height-min-height elementor-section-boxed elementor-section-height-default elementor-section-items-middle\" data-id=\"712613b7\" data-element_type=\"section\" data-e-type=\"section\" data-settings=\"{&quot;background_background&quot;:&quot;gradient&quot;}\">\n\t\t\t\t\t\t\t<div class=\"elementor-background-overlay\"><\/div>\n\t\t\t\t\t\t\t<div class=\"elementor-container elementor-column-gap-default\">\n\t\t\t\t\t<div class=\"elementor-column elementor-col-100 elementor-top-column elementor-element elementor-element-37b15c04\" data-id=\"37b15c04\" data-element_type=\"column\" data-e-type=\"column\">\n\t\t\t<div class=\"elementor-widget-wrap elementor-element-populated\">\n\t\t\t\t\t\t<div class=\"elementor-element elementor-element-1ea91439 elementor-widget elementor-widget-heading\" data-id=\"1ea91439\" data-element_type=\"widget\" data-e-type=\"widget\" data-widget_type=\"heading.default\">\n\t\t\t\t<div class=\"elementor-widget-container\">\n\t\t\t\t\t<h1 class=\"elementor-heading-title elementor-size-default\">Apel grup \u021bint\u0103 calup 2 <br>\nFacultatea de Teologie Ordotod\u0103<\/h1>\t\t\t\t<\/div>\n\t\t\t\t<\/div>\n\t\t\t\t\t<\/div>\n\t\t<\/div>\n\t\t\t\t\t<\/div>\n\t\t<\/section>\n\t\t\t\t<section class=\"elementor-section elementor-top-section elementor-element elementor-element-681305f2 elementor-section-full_width elementor-section-height-default elementor-section-height-default\" data-id=\"681305f2\" data-element_type=\"section\" data-e-type=\"section\" data-settings=\"{&quot;background_background&quot;:&quot;classic&quot;}\">\n\t\t\t\t\t\t<div class=\"elementor-container elementor-column-gap-wider\">\n\t\t\t\t\t<div class=\"elementor-column elementor-col-25 elementor-top-column elementor-element elementor-element-3df1599e\" data-id=\"3df1599e\" data-element_type=\"column\" data-e-type=\"column\">\n\t\t\t<div class=\"elementor-widget-wrap elementor-element-populated\">\n\t\t\t\t\t\t<div class=\"elementor-element elementor-element-7da06ad1 elementor-widget elementor-widget-image\" data-id=\"7da06ad1\" data-element_type=\"widget\" data-e-type=\"widget\" data-widget_type=\"image.default\">\n\t\t\t\t<div class=\"elementor-widget-container\">\n\t\t\t\t\t\t\t\t\t\t\t\t\t\t\t<img fetchpriority=\"high\" decoding=\"async\" width=\"427\" height=\"226\" src=\"https:\/\/sites.euro.ubbcluj.ro\/cip\/wp-content\/uploads\/2020\/12\/ue-cip.png\" class=\"attachment-full size-full wp-image-245\" alt=\"\" srcset=\"https:\/\/sites.euro.ubbcluj.ro\/cip\/wp-content\/uploads\/2020\/12\/ue-cip.png 427w, https:\/\/sites.euro.ubbcluj.ro\/cip\/wp-content\/uploads\/2020\/12\/ue-cip-300x159.png 300w\" sizes=\"(max-width: 427px) 100vw, 427px\" \/>\t\t\t\t\t\t\t\t\t\t\t\t\t\t\t<\/div>\n\t\t\t\t<\/div>\n\t\t\t\t\t<\/div>\n\t\t<\/div>\n\t\t\t\t<div class=\"elementor-column elementor-col-25 elementor-top-column elementor-element elementor-element-43efec63\" data-id=\"43efec63\" data-element_type=\"column\" data-e-type=\"column\">\n\t\t\t<div class=\"elementor-widget-wrap elementor-element-populated\">\n\t\t\t\t\t\t<div class=\"elementor-element elementor-element-28c4a731 elementor-widget elementor-widget-image\" data-id=\"28c4a731\" data-element_type=\"widget\" data-e-type=\"widget\" data-widget_type=\"image.default\">\n\t\t\t\t<div class=\"elementor-widget-container\">\n\t\t\t\t\t\t\t\t\t\t\t\t\t\t\t<img decoding=\"async\" width=\"171\" height=\"170\" src=\"https:\/\/sites.euro.ubbcluj.ro\/cip\/wp-content\/uploads\/2020\/10\/GR.jpg\" class=\"attachment-medium size-medium wp-image-90\" alt=\"\" srcset=\"https:\/\/sites.euro.ubbcluj.ro\/cip\/wp-content\/uploads\/2020\/10\/GR.jpg 171w, https:\/\/sites.euro.ubbcluj.ro\/cip\/wp-content\/uploads\/2020\/10\/GR-150x150.jpg 150w\" sizes=\"(max-width: 171px) 100vw, 171px\" \/>\t\t\t\t\t\t\t\t\t\t\t\t\t\t\t<\/div>\n\t\t\t\t<\/div>\n\t\t\t\t\t<\/div>\n\t\t<\/div>\n\t\t\t\t<div class=\"elementor-column elementor-col-25 elementor-top-column elementor-element elementor-element-22bddd3f\" data-id=\"22bddd3f\" data-element_type=\"column\" data-e-type=\"column\">\n\t\t\t<div class=\"elementor-widget-wrap elementor-element-populated\">\n\t\t\t\t\t\t<div class=\"elementor-element elementor-element-11f83c1 elementor-widget elementor-widget-image\" data-id=\"11f83c1\" data-element_type=\"widget\" data-e-type=\"widget\" data-widget_type=\"image.default\">\n\t\t\t\t<div class=\"elementor-widget-container\">\n\t\t\t\t\t\t\t\t\t\t\t\t\t\t\t<img decoding=\"async\" width=\"249\" height=\"137\" src=\"https:\/\/sites.euro.ubbcluj.ro\/cip\/wp-content\/uploads\/2020\/10\/POCU.png\" class=\"attachment-medium size-medium wp-image-91\" alt=\"\" \/>\t\t\t\t\t\t\t\t\t\t\t\t\t\t\t<\/div>\n\t\t\t\t<\/div>\n\t\t\t\t\t<\/div>\n\t\t<\/div>\n\t\t\t\t<div class=\"elementor-column elementor-col-25 elementor-top-column elementor-element elementor-element-51c938cc\" data-id=\"51c938cc\" data-element_type=\"column\" data-e-type=\"column\">\n\t\t\t<div class=\"elementor-widget-wrap elementor-element-populated\">\n\t\t\t\t\t\t<div class=\"elementor-element elementor-element-39ebfee elementor-widget elementor-widget-image\" data-id=\"39ebfee\" data-element_type=\"widget\" data-e-type=\"widget\" data-widget_type=\"image.default\">\n\t\t\t\t<div class=\"elementor-widget-container\">\n\t\t\t\t\t\t\t\t\t\t\t\t\t\t\t<img loading=\"lazy\" decoding=\"async\" width=\"150\" height=\"150\" src=\"https:\/\/sites.euro.ubbcluj.ro\/cip\/wp-content\/uploads\/2020\/10\/POCU-RO.png\" class=\"attachment-medium size-medium wp-image-92\" alt=\"\" \/>\t\t\t\t\t\t\t\t\t\t\t\t\t\t\t<\/div>\n\t\t\t\t<\/div>\n\t\t\t\t\t<\/div>\n\t\t<\/div>\n\t\t\t\t\t<\/div>\n\t\t<\/section>\n\t\t\t\t<section class=\"elementor-section elementor-top-section elementor-element elementor-element-78214ad4 elementor-section-full_width elementor-section-height-default elementor-section-height-default\" data-id=\"78214ad4\" data-element_type=\"section\" data-e-type=\"section\" data-settings=\"{&quot;background_background&quot;:&quot;classic&quot;}\">\n\t\t\t\t\t\t<div class=\"elementor-container elementor-column-gap-default\">\n\t\t\t\t\t<div class=\"elementor-column elementor-col-100 elementor-top-column elementor-element elementor-element-484ccd58\" data-id=\"484ccd58\" data-element_type=\"column\" data-e-type=\"column\">\n\t\t\t<div class=\"elementor-widget-wrap elementor-element-populated\">\n\t\t\t\t\t\t<div class=\"elementor-element elementor-element-52f514c7 elementor-widget elementor-widget-text-editor\" data-id=\"52f514c7\" data-element_type=\"widget\" data-e-type=\"widget\" data-widget_type=\"text-editor.default\">\n\t\t\t\t<div class=\"elementor-widget-container\">\n\t\t\t\t\t\t\t\t\t<p><strong>PROGRAMUL OPERA\u0162IONAL CAPITAL UMAN<\/strong><\/p><p><strong>Axa prioritar\u0103 6 \u2013 Educa\u0163ie \u015fi competen\u0163e<\/strong><\/p><p><strong>Obiectivul tematic 10<\/strong>: Efectuarea de investi\u021bii \u00een domeniul educa\u021biei, al form\u0103rii \u0219i al form\u0103rii profesionale \u00een vederea dob\u00e2ndirii de competen\u021be \u0219i a \u00eenv\u0103\u021b\u0103rii pe tot parcursul vie\u021bii<\/p><p><strong>Prioritatea de investi\u021bii 10.IV<\/strong>: Sporirea relevan\u0163ei pe pia\u0163a for\u0163elor de munc\u0103 a educa\u0163iei \u015fi a sistemelor de formare, facilitarea tranzi\u0163iei de la educa\u0163ie la pia\u0163a for\u0163elor de munc\u0103 \u015fi consolidarea form\u0103rii \u015fi a sistemelor de formare profesional\u0103, precum \u015fi a calit\u0103\u0163ii lor, inclusiv prin mecanisme de anticipare a competen\u0163elor, adaptarea programelor de \u00eenv\u0103\u0163\u0103m\u00e2nt \u015fi instituirea \u015fi dezvoltarea unor sisteme de \u00eenv\u0103\u0163are la locul de munc\u0103, inclusiv a unor sisteme de \u00eenv\u0103\u0163are dual\u0103 \u015fi programe de ucenicie<\/p><p><strong>Obiectivul specific 6.13<\/strong>: Cre\u0219terea num\u0103rului absolven\u021bilor de \u00eenv\u0103\u021b\u0103m\u00e2nt ter\u021biar universitar \u0219i non universitar care \u00ee\u0219i g\u0103sesc un loc de munc\u0103 urmare a accesului la activit\u0103\u021bi de \u00eenv\u0103\u021bare la un poten\u021bial loc de munc\u0103 \/ cercetare\/ inovare, cu accent pe sectoarele economice cu poten\u021bial competitiv identificate conform SNC \u015fi domeniile de specializare inteligent\u0103 conform SNCDI<\/p><p><strong>Titlul proiectului<\/strong>: Calitate \u0219i interdisciplinaritate \u00een practica studen\u021bilor Universit\u0103\u021bii Babe\u0219-Bolyai \u00een management cultural (CIP)<\/p><p><strong>Contract nr<\/strong>. POCU\/626\/6\/13\/132253 (COD SMIS 2014+ 132253)<\/p><p><strong>\u00a0<\/strong><\/p><p><strong>Apel selec\u021bie grup \u021bint\u0103<\/strong><\/p><p><strong>Proiect: Calitate \u0219i interdisciplinaritate \u00een practica studen\u021bilor Universit\u0103\u021bii Babe\u0219-Bolyai \u00een management cultural (CIP)<\/strong><\/p><p><strong>\u00a0<\/strong><\/p><p>Facultatea de Studii Europene, Facultatea de Teatru \u0219i Film, \u0219i Facultatea de Teologie Ortodox\u0103 (UBB) lanseaz\u0103 apelul de selec\u021bie a grupului \u021bint\u0103 a proiectului CIP, calupul nr. 2 din 3, care cuprinde un num\u0103r de 108 studen\u021bi\/masteranzi.<\/p><p><strong>Scopul\u00a0<\/strong>proiectului \u00eel reprezint\u0103 facilitarea trecerii de la educa\u021bie la munc\u0103 pentru 324 de studen\u021bi ai Universit\u0103\u021bii Babe\u0219-Bolyai, de la cele trei facult\u0103\u021bi, prin implementarea unui program inovativ de \u00eenv\u0103\u021bare la un poten\u021bial loc de munc\u0103 \u00een domeniul managementului cultural. Durata de implementare este de 24 de luni.<\/p><p><strong>Obiectivele specifice<\/strong>\u00a0ale proiectului sunt:<\/p><ol><li>Crearea unei re\u021bele de 18 ofertan\u021bi de practic\u0103 din Cluj-Napoca \u00een domeniul managementului cultural, din mediul public \u0219i privat, care prezint\u0103 poten\u021bial competitiv.<\/li><li>Consilierea, orientarea profesional\u0103 \u0219i sensibilizarea a 324 de studen\u021bi ai Facult\u0103\u021bilor de Studii Europene, Teatru \u0219i Film \u0219i Teologie Ortodox\u0103, \u00een vederea preg\u0103tirii acestora pentru programul de practic\u0103.<\/li><li>Preg\u0103tirea practic\u0103 a celor 324 de studen\u021bi \u00een re\u021beaua de ofertan\u021bi de stagii de practic\u0103, conform planurilor de \u00eenv\u0103\u021b\u0103m\u00e2nt \u0219i competen\u021belor specifice din domeniile vizate.<\/li><li>Preg\u0103tirea celor 324 de studen\u021bi pentru angajare \u00een domeniul managementului cultural, \u00een rela\u021bie cu partenerii de practic\u0103 ai proiectului.<\/li><\/ol><p>\u00a0<\/p><p>Principalele\u00a0<strong>activit\u0103\u0163i<\/strong>\u00a0care se vor desf\u0103\u015fura \u00een cadrul proiectului sunt: crearea unei re\u021bele de practic\u0103, derularea de stagii de practic\u0103 la parteneri, oferirea de servicii de consiliere \u015fi orientare profesional\u0103, implementarea unei platfome IT inovatoare, sesiuni de sensibilizare \u00een domeniul competen\u0163elor antreprenoriale, inov\u0103rii, incluziunii sociale \u015fi nediscrimin\u0103rii \u015fi importan\u0163ei acestora \u00een procesul de inovare social\u0103, precum \u0219i organizarea a trei t\u00e2rguri de locuri de munc\u0103.<\/p><p>Activit\u0103\u0163ile proiectului vor fi adaptate la situa\u0163ia actual\u0103 \u015fi se vor desf\u0103\u015fura \u00een sistem hibrid sau online, cu respectarea tuturor m\u0103surilor de siguran\u0163\u0103 sanitar\u0103 \u00een vigoare.<\/p><p>Proiectul este cofinan\u021bat din Fondul Social European prin Programul Opera\u021bional Capital Uman. Valoarea total\u0103 a proiectului este de 4.741.271,58 lei, din care cofinan\u021bare UE 4.030.080,84 lei.<\/p><p><strong>Criteriu de eligibilitate:<\/strong>\u00a0studen\u021bi sau masteranzi ai Facult\u0103\u021bii de Teologie Ortodox\u0103, care au \u00een planul de \u00eenv\u0103\u021b\u0103m\u00e2nt pentru anul universitar curent o disciplin\u0103 de practic\u0103; studen\u021bii sau masteranzii<\/p><p><strong>Criteriu de selec\u021bie:\u00a0<\/strong>ordinea \u00eenscrierii, cu urm\u0103toarele <strong>criterii prioritare<\/strong>: 1. Studen\u021bi cu dizabilit\u0103\u021bi; 2. Studen\u021bi apar\u021bin\u00e2nd minorit\u0103\u021bii rome; 3. Studen\u021bi cu domiciliul \u00een mediul rural.<\/p><p>To\u021bi membrii grupurilor \u021bint\u0103 de la cele trei facult\u0103\u021bi cuprinse \u00een program (pe parcursul celor 3 semestre) vor fi premia\u021bi la sf\u00e2r\u0219itul proiectului. Premiile vor fi acordate diferen\u021biat, pe baza rezultatelor concursului, astfel: 100 x premiul I (\u00een valoare de 1500 lei), 100 x premiul II (\u00een valoare de 1200 lei), 124 x premiul III (\u00een valoare de 900 lei). 130 de studen\u021bi care \u00ee\u0219i vor g\u0103si un loc de munc\u0103 dup\u0103 finalizarea programului de practic\u0103, vor primi un premiu suplimentar \u00een valoare de 2500 lei.<\/p><p><strong>Distribu\u021bia locurilor \u00eentre cele trei facult\u0103\u021bi, pentru calupul 2 de practic\u0103, este dup\u0103 cum urmeaz\u0103:<\/strong><\/p><p>Facultatea de Studii Europene &#8211; 43 locuri<\/p><p>Facultatea de Teatru \u0219i Film &#8211; 25 locuri<\/p><p>Facultatea de Teologie Ortodox\u0103 &#8211; 40 locuri<\/p><p><strong>Calendarul \u00eenscrierilor:<\/strong><\/p><p>11 octombrie \u2013 workshop prezentare de proiecte pentru calupul 2 de practic\u0103 (va avea loc pe platforma Zoom, \u00een sala Pr. conf. univ. dr. SONEA CRISTIAN, ora 19:00);<\/p><p>19 \u2013 26 octombrie \u2013 depunerea dosarelor candida\u021bilor (\u00een format electronic, prin email) \u0219i verificarea acestora pe parcurs;<\/p><p>27 \u2013 28 octombrie \u2013 verificarea final\u0103 a dosarelor;<\/p><p>29 octombrie &#8211; publicarea rezultatelor provizorii;<\/p><p>29 \u2013 30 octombrie \u2013 perioad\u0103 de contesta\u021bii; pot fi depuse p\u00e2n\u0103 la ora 16:00<\/p><p>1 noiembrie \u2013 solu\u021bionarea contesta\u021biilor \u0219i publicarea listei finale, ora 16:00.<\/p><p>Procedura de recrutare \u0219i selec\u021bie a grupului \u021bint\u0103 este detaliat\u0103 aici<strong>:\u00a0<\/strong><a href=\"https:\/\/sites.euro.ubbcluj.ro\/cip\/grup-tinta\/\"><strong>https:\/\/sites.euro.ubbcluj.ro\/cip\/grup-tinta\/<\/strong><\/a><\/p><p><strong>\u00a0<\/strong><\/p><p><strong>Dosarul de \u00eenscriere trebuie s\u0103 con\u021bin\u0103, \u00een mod obligatoriu, urm\u0103toarele documente scanate:<\/strong><\/p><ul><li>Carte de identitate<\/li><li>Certificat de c\u0103s\u0103torie (dac\u0103 este cazul)<\/li><li>Cerere de \u00eenscriere \u00een proiect, completat\u0103, datat\u0103 \u0219i semnat\u0103<\/li><li>Declara\u021bie privind prelucrarea datelor cu caracter personal, completat\u0103, datat\u0103 \u0219i semnat\u0103<\/li><li>Formular de \u00eenregistrare grup \u021bint\u0103 (Anexa 8), completat, datat \u0219i semnat<\/li><li>Dovad\u0103 \u00eencadrare \u00een categorie prioritar\u0103 (adeverin\u021b\u0103 medical\u0103 pentru persoane cu dizabilit\u0103\u021bi, adeverin\u021b\u0103 care s\u0103 ateste c\u0103 respectivul student apar\u021bine etniei roma, alte documente care s\u0103 dovedeasc\u0103 domiciliul \u00een mediul rural, dac\u0103 este cazul, \u00een afara CI)<\/li><li>Declara\u021bie de angajament, completat\u0103, datat\u0103 \u0219i semnat\u0103<\/li><\/ul><p><strong>\u00a0<\/strong><\/p><p><strong>Dosarul de \u00eenscriere se depune \u00een perioada <\/strong>19 octombrie \u2013 26 octombrie <strong>\u00een format electronic, semnat si scanat, urm\u00e2nd ca persoanele declarate admise, s\u0103 transmit\u0103 documentele \u00een original la o dat\u0103 comunicat\u0103 ulterior.<\/strong><\/p><p>Dosarele se trimit la adresa urm\u0103toare: pr. lect. univ. dr. Cosmin Cosmu\u021ba (<a href=\"mailto:cosmin.cosmuta@ubbcluj.ro\">cosmin.cosmuta@ubbcluj.ro<\/a>), expert grup \u021bint\u0103<\/p><p>\u00a0<\/p><p><strong>\u00cen aten\u021bia candida\u021bilor! <\/strong><\/p><p>V\u0103 rug\u0103m s\u0103 transmite\u021bi dosarele corect \u00eentocmite \u0219i complete, cuprinz\u00e2nd toate formularele men\u021bionate mai sus. Candida\u021bii cu formulare incorect completate, \u00a0vor fi anun\u021ba\u021bi ulterior de c\u0103tre expertul grupului \u021bint\u0103 s\u0103-\u0219i completeze corect piesele dosarului.<\/p><p>Studen\u021bii admi\u0219i \u00een program vor avea obliga\u021bia s\u0103 participe \u0219i la activit\u0103\u021bi de consiliere, sesiuni transversale de sensibilizare \u0219i sesiuni transversale de competen\u021be antreprenoriale.<\/p><p><strong>Institu\u021bii ofertante de practic\u0103 pentru Facultatea de Teologie Ortodox\u0103<\/strong>:<\/p><ul><li>Asocia\u021bia <em>Prietenia ecumenic\u0103 din Rom\u00e2nia<\/em> \u2013 APER \u2013 (Cluj-Napoca)<\/li><li>Parohia <em>Sf\u00e2ntul Apostol Andrei<\/em> (Cluj-Napoca)<\/li><li>Radio <em>Rena\u0219terea<\/em> (Cluj-Napoca)<\/li><li>Centrul de \u00eengrijiri paliative <em>Sf\u00e2ntul Nectarie<\/em> (Cluj-Napoca)<\/li><li>C. <em>Zaredarte<\/em> SRL (Cluj-Napoca)<\/li><li>C. <em>Corami Funzione<\/em> SRL (Gherla)<\/li><\/ul><p>\u00a0<\/p><p>Formularele pentru dosarul de \u00eenscriere pot fi desc\u0103rcate de aici:<\/p><ul><li><a href=\"https:\/\/sites.euro.ubbcluj.ro\/cip\/wp-content\/uploads\/2021\/10\/Cerere-efectuare-practica-in-avans.doc\">Cerere-efectuare-practic\u0103-\u00een-avans<\/a><\/li><li><a href=\"https:\/\/sites.euro.ubbcluj.ro\/cip\/wp-content\/uploads\/2021\/10\/CERERE-inscriere-in-GT.docx\">CERERE-\u00eenscriere-\u00een-GT<\/a><\/li><li><a href=\"https:\/\/sites.euro.ubbcluj.ro\/cip\/wp-content\/uploads\/2021\/10\/Declaratie-consimtamant-1.docx\">Declara\u021bie-consim\u021b\u0103m\u00e2nt-1<\/a><\/li><li><a href=\"https:\/\/sites.euro.ubbcluj.ro\/cip\/wp-content\/uploads\/2021\/10\/Declaratie-de-angajament_GT-1.docx\">Declara\u021bie-de-angajament_GT-1<\/a><\/li><li><a href=\"https:\/\/sites.euro.ubbcluj.ro\/cip\/wp-content\/uploads\/2021\/10\/Anexa-8-Formular-inregistrare-GT.docx\">Anexa-8-Formular-inregistrare-GT<\/a><\/li><\/ul><p>\u00a0<\/p><p>V\u0103 mul\u021bumim!<\/p><p>Echipa de implementare<\/p><p>\u00a0<\/p>\t\t\t\t\t\t\t\t<\/div>\n\t\t\t\t<\/div>\n\t\t\t\t<div class=\"elementor-element elementor-element-33428535 elementor-widget elementor-widget-spacer\" data-id=\"33428535\" data-element_type=\"widget\" data-e-type=\"widget\" data-widget_type=\"spacer.default\">\n\t\t\t\t<div class=\"elementor-widget-container\">\n\t\t\t\t\t\t\t<div class=\"elementor-spacer\">\n\t\t\t<div class=\"elementor-spacer-inner\"><\/div>\n\t\t<\/div>\n\t\t\t\t\t\t<\/div>\n\t\t\t\t<\/div>\n\t\t\t\t<div class=\"elementor-element elementor-element-471d1329 elementor-widget elementor-widget-heading\" data-id=\"471d1329\" data-element_type=\"widget\" data-e-type=\"widget\" data-widget_type=\"heading.default\">\n\t\t\t\t<div class=\"elementor-widget-container\">\n\t\t\t\t\t<h5 class=\"elementor-heading-title elementor-size-default\">Postat \u00een: 12\/10\/2021<\/h5>\t\t\t\t<\/div>\n\t\t\t\t<\/div>\n\t\t\t\t\t<\/div>\n\t\t<\/div>\n\t\t\t\t\t<\/div>\n\t\t<\/section>\n\t\t\t\t<\/div>\n\t\t","protected":false},"excerpt":{"rendered":"<p>Apel grup \u021bint\u0103 calup 2 Facultatea de Teologie Ordotod\u0103 PROGRAMUL OPERA\u0162IONAL CAPITAL UMAN Axa prioritar\u0103 6 \u2013 Educa\u0163ie \u015fi competen\u0163e Obiectivul tematic 10: Efectuarea de investi\u021bii \u00een domeniul educa\u021biei, al form\u0103rii \u0219i al form\u0103rii profesionale \u00een vederea dob\u00e2ndirii de competen\u021be \u0219i a \u00eenv\u0103\u021b\u0103rii pe tot parcursul vie\u021bii Prioritatea de investi\u021bii 10.IV: Sporirea relevan\u0163ei pe pia\u0163a&hellip;&nbsp;<a href=\"https:\/\/sites.euro.ubbcluj.ro\/cip\/apel-grup-tinta-calup-2-facultatea-de-teologie-ortodoxa\/\" rel=\"bookmark\">Read More &raquo;<span class=\"screen-reader-text\">Apel grup \u021aint\u0103 calup 2 &#8211; Facultatea de Teologie Ortodox\u0103<\/span><\/a><\/p>\n","protected":false},"author":1,"featured_media":0,"parent":0,"menu_order":0,"comment_status":"closed","ping_status":"closed","template":"","meta":{"neve_meta_sidebar":"full-width","neve_meta_container":"full-width","neve_meta_enable_content_width":"on","neve_meta_content_width":100,"neve_meta_title_alignment":"","neve_meta_author_avatar":"","neve_post_elements_order":"","neve_meta_disable_header":"","neve_meta_disable_footer":"","neve_meta_disable_title":"on","footnotes":"","_links_to":"","_links_to_target":""},"class_list":["post-1107","page","type-page","status-publish","hentry"],"_links":{"self":[{"href":"https:\/\/sites.euro.ubbcluj.ro\/cip\/wp-json\/wp\/v2\/pages\/1107","targetHints":{"allow":["GET"]}}],"collection":[{"href":"https:\/\/sites.euro.ubbcluj.ro\/cip\/wp-json\/wp\/v2\/pages"}],"about":[{"href":"https:\/\/sites.euro.ubbcluj.ro\/cip\/wp-json\/wp\/v2\/types\/page"}],"author":[{"embeddable":true,"href":"https:\/\/sites.euro.ubbcluj.ro\/cip\/wp-json\/wp\/v2\/users\/1"}],"replies":[{"embeddable":true,"href":"https:\/\/sites.euro.ubbcluj.ro\/cip\/wp-json\/wp\/v2\/comments?post=1107"}],"version-history":[{"count":0,"href":"https:\/\/sites.euro.ubbcluj.ro\/cip\/wp-json\/wp\/v2\/pages\/1107\/revisions"}],"wp:attachment":[{"href":"https:\/\/sites.euro.ubbcluj.ro\/cip\/wp-json\/wp\/v2\/media?parent=1107"}],"curies":[{"name":"wp","href":"https:\/\/api.w.org\/{rel}","templated":true}]}}