{"id":132,"date":"2020-10-26T11:44:28","date_gmt":"2020-10-26T11:44:28","guid":{"rendered":"http:\/\/sites.euro.ubbcluj.ro\/cip\/?page_id=132"},"modified":"2021-11-08T10:04:36","modified_gmt":"2021-11-08T10:04:36","slug":"obiective","status":"publish","type":"page","link":"https:\/\/sites.euro.ubbcluj.ro\/cip\/obiective\/","title":{"rendered":"Obiective"},"content":{"rendered":"\t\t<div data-elementor-type=\"wp-page\" data-elementor-id=\"132\" class=\"elementor elementor-132\">\n\t\t\t\t\t\t<section class=\"elementor-section elementor-top-section elementor-element elementor-element-37743176 elementor-section-height-min-height elementor-section-full_width elementor-section-height-default elementor-section-items-middle\" data-id=\"37743176\" data-element_type=\"section\" data-e-type=\"section\" data-settings=\"{&quot;background_background&quot;:&quot;gradient&quot;}\">\n\t\t\t\t\t\t\t<div class=\"elementor-background-overlay\"><\/div>\n\t\t\t\t\t\t\t<div class=\"elementor-container elementor-column-gap-default\">\n\t\t\t\t\t<div class=\"elementor-column elementor-col-100 elementor-top-column elementor-element elementor-element-6e9ac670\" data-id=\"6e9ac670\" data-element_type=\"column\" data-e-type=\"column\">\n\t\t\t<div class=\"elementor-widget-wrap elementor-element-populated\">\n\t\t\t\t\t\t<div class=\"elementor-element elementor-element-e5826ad elementor-widget elementor-widget-heading\" data-id=\"e5826ad\" data-element_type=\"widget\" data-e-type=\"widget\" data-widget_type=\"heading.default\">\n\t\t\t\t<div class=\"elementor-widget-container\">\n\t\t\t\t\t<h1 class=\"elementor-heading-title elementor-size-default\">Obiective<\/h1>\t\t\t\t<\/div>\n\t\t\t\t<\/div>\n\t\t\t\t\t<\/div>\n\t\t<\/div>\n\t\t\t\t\t<\/div>\n\t\t<\/section>\n\t\t\t\t<section class=\"elementor-section elementor-top-section elementor-element elementor-element-4653be59 elementor-section-boxed elementor-section-height-default elementor-section-height-default\" data-id=\"4653be59\" data-element_type=\"section\" data-e-type=\"section\">\n\t\t\t\t\t\t<div class=\"elementor-container elementor-column-gap-default\">\n\t\t\t\t\t<div class=\"elementor-column elementor-col-50 elementor-top-column elementor-element elementor-element-767b0b4e\" data-id=\"767b0b4e\" data-element_type=\"column\" data-e-type=\"column\">\n\t\t\t<div class=\"elementor-widget-wrap elementor-element-populated\">\n\t\t\t\t\t\t<div class=\"elementor-element elementor-element-55992a5f elementor-widget elementor-widget-image\" data-id=\"55992a5f\" data-element_type=\"widget\" data-e-type=\"widget\" data-widget_type=\"image.default\">\n\t\t\t\t<div class=\"elementor-widget-container\">\n\t\t\t\t\t\t\t\t\t\t\t\t\t\t\t<img fetchpriority=\"high\" decoding=\"async\" width=\"300\" height=\"188\" src=\"https:\/\/sites.euro.ubbcluj.ro\/cip\/wp-content\/uploads\/2020\/10\/cropped-logo-pe-fond-transparent-300x188.jpeg\" class=\"attachment-medium size-medium wp-image-85\" alt=\"\" srcset=\"https:\/\/sites.euro.ubbcluj.ro\/cip\/wp-content\/uploads\/2020\/10\/cropped-logo-pe-fond-transparent-300x188.jpeg 300w, https:\/\/sites.euro.ubbcluj.ro\/cip\/wp-content\/uploads\/2020\/10\/cropped-logo-pe-fond-transparent-1024x641.jpeg 1024w, https:\/\/sites.euro.ubbcluj.ro\/cip\/wp-content\/uploads\/2020\/10\/cropped-logo-pe-fond-transparent-768x481.jpeg 768w, https:\/\/sites.euro.ubbcluj.ro\/cip\/wp-content\/uploads\/2020\/10\/cropped-logo-pe-fond-transparent.jpeg 1294w\" sizes=\"(max-width: 300px) 100vw, 300px\" \/>\t\t\t\t\t\t\t\t\t\t\t\t\t\t\t<\/div>\n\t\t\t\t<\/div>\n\t\t\t\t\t<\/div>\n\t\t<\/div>\n\t\t\t\t<div class=\"elementor-column elementor-col-50 elementor-top-column elementor-element elementor-element-6d29a449\" data-id=\"6d29a449\" data-element_type=\"column\" data-e-type=\"column\">\n\t\t\t<div class=\"elementor-widget-wrap elementor-element-populated\">\n\t\t\t\t\t\t<div class=\"elementor-element elementor-element-479e4f0b elementor-widget elementor-widget-image\" data-id=\"479e4f0b\" data-element_type=\"widget\" data-e-type=\"widget\" data-widget_type=\"image.default\">\n\t\t\t\t<div class=\"elementor-widget-container\">\n\t\t\t\t\t\t\t\t\t\t\t\t\t\t\t<img decoding=\"async\" width=\"768\" height=\"221\" src=\"https:\/\/sites.euro.ubbcluj.ro\/cip\/wp-content\/uploads\/2021\/11\/2560px-Logo_Universitatea_Babes-Bolyai.svg-768x221.png\" class=\"attachment-medium_large size-medium_large wp-image-1430\" alt=\"\" srcset=\"https:\/\/sites.euro.ubbcluj.ro\/cip\/wp-content\/uploads\/2021\/11\/2560px-Logo_Universitatea_Babes-Bolyai.svg-768x221.png 768w, https:\/\/sites.euro.ubbcluj.ro\/cip\/wp-content\/uploads\/2021\/11\/2560px-Logo_Universitatea_Babes-Bolyai.svg-300x86.png 300w, https:\/\/sites.euro.ubbcluj.ro\/cip\/wp-content\/uploads\/2021\/11\/2560px-Logo_Universitatea_Babes-Bolyai.svg-1024x295.png 1024w, https:\/\/sites.euro.ubbcluj.ro\/cip\/wp-content\/uploads\/2021\/11\/2560px-Logo_Universitatea_Babes-Bolyai.svg-1536x442.png 1536w, https:\/\/sites.euro.ubbcluj.ro\/cip\/wp-content\/uploads\/2021\/11\/2560px-Logo_Universitatea_Babes-Bolyai.svg-2048x590.png 2048w\" sizes=\"(max-width: 768px) 100vw, 768px\" \/>\t\t\t\t\t\t\t\t\t\t\t\t\t\t\t<\/div>\n\t\t\t\t<\/div>\n\t\t\t\t\t<\/div>\n\t\t<\/div>\n\t\t\t\t\t<\/div>\n\t\t<\/section>\n\t\t\t\t<section class=\"elementor-section elementor-top-section elementor-element elementor-element-564767a7 elementor-section-full_width elementor-section-height-default elementor-section-height-default\" data-id=\"564767a7\" data-element_type=\"section\" data-e-type=\"section\" data-settings=\"{&quot;background_background&quot;:&quot;classic&quot;}\">\n\t\t\t\t\t\t<div class=\"elementor-container elementor-column-gap-default\">\n\t\t\t\t\t<div class=\"elementor-column elementor-col-100 elementor-top-column elementor-element elementor-element-ab134b9\" data-id=\"ab134b9\" data-element_type=\"column\" data-e-type=\"column\">\n\t\t\t<div class=\"elementor-widget-wrap elementor-element-populated\">\n\t\t\t\t\t\t<div class=\"elementor-element elementor-element-287e7dc elementor-widget__width-inherit elementor-widget elementor-widget-heading\" data-id=\"287e7dc\" data-element_type=\"widget\" data-e-type=\"widget\" data-widget_type=\"heading.default\">\n\t\t\t\t<div class=\"elementor-widget-container\">\n\t\t\t\t\t<h3 class=\"elementor-heading-title elementor-size-default\">Obiectivul general al proiectului\/Scopul proiectului<\/h3>\t\t\t\t<\/div>\n\t\t\t\t<\/div>\n\t\t\t\t<section class=\"elementor-section elementor-inner-section elementor-element elementor-element-9790897 elementor-section-boxed elementor-section-height-default elementor-section-height-default\" data-id=\"9790897\" data-element_type=\"section\" data-e-type=\"section\">\n\t\t\t\t\t\t<div class=\"elementor-container elementor-column-gap-default\">\n\t\t\t\t\t<div class=\"elementor-column elementor-col-100 elementor-inner-column elementor-element elementor-element-1a06664\" data-id=\"1a06664\" data-element_type=\"column\" data-e-type=\"column\">\n\t\t\t<div class=\"elementor-widget-wrap\">\n\t\t\t\t\t\t\t<\/div>\n\t\t<\/div>\n\t\t\t\t\t<\/div>\n\t\t<\/section>\n\t\t\t\t<div class=\"elementor-element elementor-element-9896d11 elementor-widget elementor-widget-text-editor\" data-id=\"9896d11\" data-element_type=\"widget\" data-e-type=\"widget\" data-widget_type=\"text-editor.default\">\n\t\t\t\t<div class=\"elementor-widget-container\">\n\t\t\t\t\t\t\t\t\t<p style=\"text-align: justify;\">Obiectivul general al proiectului \u00eel reprezint\u0103 facilitarea trecerii de la educa\u021bie la munc\u0103 pentru 324 de studen\u021bi ai Universit\u0103\u021bii Babe\u0219-Bolyai, de la Facult\u0103\u021bile de Studii Europene, Teatru \u0219i Film, \u0219i Teologie Ortodox\u0103, prin implementarea unui program inovativ de inv\u0103\u021bare la un poten\u021bial loc de munc\u0103 \u00een domeniul managementului cultural. Proiectul contribuie la atingerea obiectivelor AP6, OT10, PI 10 IV, OS 6.13 ale POCU, prin implicarea unui grup \u021binta eligibil format din 324 de studen\u021bi, nivel licen\u021b\u0103 \u0219i master, \u00eentr-un program comprehensiv de practic\u0103 bazat pe inovare social\u0103 \u0219i pe entit\u0103\u021bi-gazd\u0103 ale stagiilor de practic\u0103 \u00een cazul c\u0103rora se identific\u0103 un potential competitiv. Prin urmarirea logicii recrutare grup \u021bint\u0103 \u2013 consiliere \u0219i orientare profesional\u0103, sensibilizare pe tema nediscrimin\u0103rii \u0219i antreprenoriatului \u2013 efectuarea stagiului de practic\u0103 \u00een conformitate cu planurile de \u00eenv\u0103\u021b\u0103m\u00e2nt \u2013 facilitarea accesului la un loc de munc\u0103, grupul \u021bint\u0103 ales conform priorit\u0103\u021bilor programului de finantare \u00ee\u0219i va dezvolta competen\u021bele specifice solicitate pe pia\u021ba muncii \u0219i va lua o op\u021biune important\u0103 pentru angajare. Pe termen lung, materialele de practic\u0103, platforma IT de informare coordonat\u0103 \u0219i schimb de bune practici, laboratorul \u0219i re\u021beaua de practic\u0103 vor ramane \u00een patrimoniul celor trei facult\u0103\u021bi participante \u0219i vor reprezenta etalonul pentru efectuarea programului obligatoriu de practic\u0103. Platforma IT va fi \u00een continuare actualizat\u0103 cu anun\u021buri privind oportunit\u0103\u021bi de practic\u0103 \u0219i locuri de munc\u0103 \u00een re\u021beaua extins\u0103 de parteneri \u0219i va fi accesibil\u0103 tuturor studen\u021bilor celor trei facult\u0103\u021bi.<\/p>\t\t\t\t\t\t\t\t<\/div>\n\t\t\t\t<\/div>\n\t\t\t\t<div class=\"elementor-element elementor-element-f1738fe elementor-widget elementor-widget-heading\" data-id=\"f1738fe\" data-element_type=\"widget\" data-e-type=\"widget\" data-widget_type=\"heading.default\">\n\t\t\t\t<div class=\"elementor-widget-container\">\n\t\t\t\t\t<h3 class=\"elementor-heading-title elementor-size-default\">Obiectivele specifice ale proiectului<\/h3>\t\t\t\t<\/div>\n\t\t\t\t<\/div>\n\t\t\t\t<div class=\"elementor-element elementor-element-c5842b8 elementor-widget elementor-widget-text-editor\" data-id=\"c5842b8\" data-element_type=\"widget\" data-e-type=\"widget\" data-widget_type=\"text-editor.default\">\n\t\t\t\t<div class=\"elementor-widget-container\">\n\t\t\t\t\t\t\t\t\t<ul><li style=\"text-align: justify;\">OSP1 Crearea unei re\u021bele de 18 ofertan\u021bi de practic\u0103 \u00een domeniul managementului cultural, din sfera privat\u0103 \u0219i cea public\u0103, care prezint\u0103 poten\u021bial competitiv, \u00een localitatea Cluj-Napoca. Obiectivul va fi atins prin implementarea activit\u0103\u021bii 2, Constituirea \u0219i gestionarea re\u021belei \u0219i infrastructurii de practic\u0103 \u00een domeniul managementului cultural. Rezultatul vizat este crearea unei re\u021bele de practic\u0103 func\u021bionale, cu 18 entit\u0103\u021bi (firme, institu\u021bii publice, ONG-uri) cu personalitate juridic\u0103, din Cluj-Napoca, active \u00een domeniul serviciilor pliate pe competentele \u0219i profilurile liniilor de studii ale celor trei Facult\u0103\u021bi incluse \u00een proiect.<\/li><li style=\"text-align: justify;\">OSP2 Consilierea, orientarea profesional\u0103 \u0219i sensibilizarea a 324 de studen\u021bi ai Facult\u0103\u021bilor de Studii Europene, Teatru \u0219i Film, \u0219i Teologie Ortodox\u0103, ale UBB, \u00een vederea preg\u0103tirii acestora pentru programul de practic\u0103. Recrutarea grupului \u021bint\u0103, conform activit\u0103\u021bii 3 (Recrutarea, selec\u021bia, men\u021binerea \u0219i consilierea grupului \u021bint\u0103), gestionat\u0103 de coordonatorii \u0219i supervizorii de practic\u0103, se va face pe baz\u0103 eligibilit\u0103\u021bii studen\u021bilor \u0219i prioritiz\u0103rii \u00een concordan\u021b\u0103 cu recomand\u0103rile ghidului solicitantului. Principiul pe baz\u0103 c\u0103ruia se aloc\u0103 locurile\/facultate este \u201eprimul-venit\u2013primul-servit\u201d dintre studen\u021bii eligibili, cu urmatoarele categorii prioritare:<\/li><\/ul><p style=\"text-align: justify;\">1.studen\u021bi cu dizabilit\u0103\u021bi;<\/p><p style=\"text-align: justify;\">2.studen\u021bi apar\u021bin\u00e2nd minorit\u0103\u021bii rome;<\/p><p style=\"text-align: justify;\">3.studen\u021bi cu domiciliul \u00een mediul rural;<\/p><p style=\"text-align: justify;\">4. to\u021bi ceilal\u021bi studen\u021bi, \u00een ordinea \u00eenscrierii pe lista (depunerii dosarului complet).<\/p><p style=\"text-align: justify;\">Prin activitatea 3, se va derula un program comprehensiv de testare, consiliere \u0219i orientare profesional\u0103 individual\u0103 \u0219i de grup, un workshop de formare a studen\u021bilor \u00een managementul carierei \u0219i va distribui studen\u021bii, \u00een func\u021bie de competen\u021be, la entit\u0103\u021bile-gazd\u0103. Evaluarea serviciului de consiliere \u0219i orientare profesional\u0103 a studen\u021bilor va duce la preg\u0103tirea ghidului de bune practici de c\u0103tre consilieri, ghid distribuit grupului \u021bint\u0103, precum \u0219i online. Prin activitatea 4, exper\u021bii vor asigura sensibilizarea grupului \u021bint\u0103 \u00een privin\u021ba nediscrimin\u0103rii, ca element de inovare social\u0103, implement\u00e2nd un program transversal de sensibilizare, finalizat cu o evaluare a fiecarui participant din grupul \u021bint\u0103, precum \u0219i \u00een privin\u021ba competen\u021belor antreprenoriale, printr-o serie de sesiuni transversale cu aplicabilitate practic\u0103 \u00een domeniile de specializare ale studen\u021bilor.<\/p><ul><li style=\"text-align: justify;\">OSP3 Preg\u0103tirea practic\u0103 a celor 324 de studen\u021bi \u00een re\u021beaua de ofertan\u021bi de stagii de practic\u0103, conform planurilor de \u00eenv\u0103\u021b\u0103m\u00e2nt \u0219i competen\u021belor specifice din domeniile vizate. Fiecare participant eligibil va avea un numar de 70-90 de ore de practic\u0103 efectuate \u00een cadrul proiectului, la una din cele 18 entit\u0103\u021bi-gazd\u0103, conform exigen\u021belor din planul de \u00eenv\u0103\u021b\u0103m\u00e2nt, privind durata stagiului \u0219i competen\u021bele obligatorii vizate, cu obligativitatea ca stagiul s\u0103 se \u00eencadreze \u00een domeniul managementului cultural<\/li><li style=\"text-align: justify;\">OSP4 Preg\u0103tirea celor 324 de studen\u021bi pentru angajare pe pia\u021ba muncii \u00een domeniul managementului cultural, \u00een rela\u021bie cu poten\u021biali angajatori. Prin activitatea 2.2, Implementarea platformei IT de informare coordonat\u0103 \u0219i schimb de bune practici, \u00een laboratorul de practic\u0103 \u2013 element de inovare social\u0103, coordonatorii, supervizorii, exper\u021bii \u0219i tutorii de practic\u0103 (datorit\u0103 achizi\u021biei platformei) vor dezvolta o platform\u0103 de informare coordonat\u0103 \u00een vederea cre\u0103rii unui flux de informa\u021bii cu poten\u021bialii angajatori, ofertan\u021bii de practic\u0103 \u0219i al\u021bi factori interesa\u021bi. Platforma va fi accesibil\u0103 pe baz\u0103 de cheie de acces de c\u0103tre to\u021bi studen\u021bii inclu\u0219i \u00een grupul \u021bint\u0103 \u0219i va fi actualizat\u0103 \u00een mod constant. Ea va promova bunele practici acumulate \u00een proiect, schimbul de informa\u021bii cu al\u021bi actori relevan\u021bi din domeniul practicii \u00een servicii din sfera socio-uman\u0103 \u0219i a inov\u0103rii sociale.<\/li><\/ul>\t\t\t\t\t\t\t\t<\/div>\n\t\t\t\t<\/div>\n\t\t\t\t\t<\/div>\n\t\t<\/div>\n\t\t\t\t\t<\/div>\n\t\t<\/section>\n\t\t\t\t<section class=\"elementor-section elementor-top-section elementor-element elementor-element-3ca45810 elementor-section-full_width elementor-section-height-default elementor-section-height-default\" data-id=\"3ca45810\" data-element_type=\"section\" data-e-type=\"section\" data-settings=\"{&quot;background_background&quot;:&quot;classic&quot;}\">\n\t\t\t\t\t\t\t<div class=\"elementor-background-overlay\"><\/div>\n\t\t\t\t\t\t\t<div class=\"elementor-container elementor-column-gap-default\">\n\t\t\t\t\t<div class=\"elementor-column elementor-col-100 elementor-top-column elementor-element elementor-element-5e318ec\" data-id=\"5e318ec\" data-element_type=\"column\" data-e-type=\"column\">\n\t\t\t<div class=\"elementor-widget-wrap elementor-element-populated\">\n\t\t\t\t\t\t<div class=\"elementor-element elementor-element-df3f8f2 elementor-widget elementor-widget-text-editor\" data-id=\"df3f8f2\" data-element_type=\"widget\" data-e-type=\"widget\" data-widget_type=\"text-editor.default\">\n\t\t\t\t<div class=\"elementor-widget-container\">\n\t\t\t\t\t\t\t\t\t<div><span style=\"color: #ffffff;\">FONDUL SOCIAL EUROPEAN<\/span><\/div><div>\u00a0<\/div><p><span lang=\"ro\" style=\"color: #ffffff;\">Programul Opera\u0163ional Capital Uman 2014-2020<\/span><\/p><p><span lang=\"ro\" style=\"color: #ffffff;\">Axa prioritar\u0103 6 Educa\u021bie si competen\u021be<\/span><\/p><p><span lang=\"ro\" style=\"color: #ffffff;\">Cod apel: POCU\/626\/6\/13\/ Cre\u0219terea num\u0103rului absolven\u021bilor de \u00eenv\u0103\u021b\u0103m\u00e2nt ter\u021biar universitar \u0219i non-universitar care \u00ee\u021bi g\u0103sesc un loc de munc\u0103 urmare a accesului la activit\u0103\u021bi de \u00eenv\u0103\u021bare\/ cercetare\/ inovare la un poten\u021bial loc de munc\u0103, cu accent pe sectoarele economice cu poten\u021bial competitiv identificate conform SNC \u0219i domeniile de specializare inteligent\u0103 conform SNCDI<\/span><\/p><p><span lang=\"ro\" style=\"color: #ffffff;\">Beneficiar: Universitatea Babe\u0219-Bolyai<\/span><\/p><p><span lang=\"ro\" style=\"color: #ffffff;\">Titlul proiectului: \u201eCalitate \u0219i interdisciplinaritate \u00een practic\u0103 studen\u021bilor Universit\u0103\u021bii Babes-Bolyai \u00een management cultural (CIP)\u201d<\/span><\/p><p><span lang=\"ro\" style=\"color: #ffffff;\">Contract de finan\u021bare nr. OIPOSDRU NV 11466\/17.09.2020<\/span><\/p><p><span lang=\"ro\" style=\"color: #ffffff;\">Cod SMIS: 132253<\/span><\/p><p><span style=\"color: #ffffff;\">Pentru informa\u021bii detaliate despre celelate programe cofinan\u021bate de Uniunea European\u0103, v\u0103 invit\u0103m s\u0103 vizita\u021bi\u00a0<a style=\"color: #ffffff;\" href=\"http:\/\/www.fonduri-ue.ro\/\" target=\"_blank\" rel=\"noopener noreferrer\" data-auth=\"NotApplicable\" data-linkindex=\"1\">www.fonduri-ue.ro<\/a><\/span><\/p>\t\t\t\t\t\t\t\t<\/div>\n\t\t\t\t<\/div>\n\t\t\t\t\t<\/div>\n\t\t<\/div>\n\t\t\t\t\t<\/div>\n\t\t<\/section>\n\t\t\t\t<\/div>\n\t\t","protected":false},"excerpt":{"rendered":"<p>Obiective Obiectivul general al proiectului\/Scopul proiectului Obiectivul general al proiectului \u00eel reprezint\u0103 facilitarea trecerii de la educa\u021bie la munc\u0103 pentru 324 de studen\u021bi ai Universit\u0103\u021bii Babe\u0219-Bolyai, de la Facult\u0103\u021bile de Studii Europene, Teatru \u0219i Film, \u0219i Teologie Ortodox\u0103, prin implementarea unui program inovativ de inv\u0103\u021bare la un poten\u021bial loc de munc\u0103 \u00een domeniul managementului cultural.&hellip;&nbsp;<a href=\"https:\/\/sites.euro.ubbcluj.ro\/cip\/obiective\/\" rel=\"bookmark\">Read More &raquo;<span class=\"screen-reader-text\">Obiective<\/span><\/a><\/p>\n","protected":false},"author":1,"featured_media":0,"parent":0,"menu_order":0,"comment_status":"closed","ping_status":"closed","template":"","meta":{"neve_meta_sidebar":"full-width","neve_meta_container":"full-width","neve_meta_enable_content_width":"on","neve_meta_content_width":100,"neve_meta_title_alignment":"","neve_meta_author_avatar":"","neve_post_elements_order":"","neve_meta_disable_header":"","neve_meta_disable_footer":"","neve_meta_disable_title":"on","footnotes":"","_links_to":"","_links_to_target":""},"class_list":["post-132","page","type-page","status-publish","hentry"],"_links":{"self":[{"href":"https:\/\/sites.euro.ubbcluj.ro\/cip\/wp-json\/wp\/v2\/pages\/132","targetHints":{"allow":["GET"]}}],"collection":[{"href":"https:\/\/sites.euro.ubbcluj.ro\/cip\/wp-json\/wp\/v2\/pages"}],"about":[{"href":"https:\/\/sites.euro.ubbcluj.ro\/cip\/wp-json\/wp\/v2\/types\/page"}],"author":[{"embeddable":true,"href":"https:\/\/sites.euro.ubbcluj.ro\/cip\/wp-json\/wp\/v2\/users\/1"}],"replies":[{"embeddable":true,"href":"https:\/\/sites.euro.ubbcluj.ro\/cip\/wp-json\/wp\/v2\/comments?post=132"}],"version-history":[{"count":0,"href":"https:\/\/sites.euro.ubbcluj.ro\/cip\/wp-json\/wp\/v2\/pages\/132\/revisions"}],"wp:attachment":[{"href":"https:\/\/sites.euro.ubbcluj.ro\/cip\/wp-json\/wp\/v2\/media?parent=132"}],"curies":[{"name":"wp","href":"https:\/\/api.w.org\/{rel}","templated":true}]}}