{"id":147,"date":"2020-10-26T12:17:18","date_gmt":"2020-10-26T12:17:18","guid":{"rendered":"http:\/\/sites.euro.ubbcluj.ro\/cip\/?page_id=147"},"modified":"2021-11-08T10:06:22","modified_gmt":"2021-11-08T10:06:22","slug":"indicatori","status":"publish","type":"page","link":"https:\/\/sites.euro.ubbcluj.ro\/cip\/indicatori\/","title":{"rendered":"Indicatori"},"content":{"rendered":"\t\t<div data-elementor-type=\"wp-page\" data-elementor-id=\"147\" class=\"elementor elementor-147\">\n\t\t\t\t\t\t<section class=\"elementor-section elementor-top-section elementor-element elementor-element-4fcfda32 elementor-section-height-min-height elementor-section-boxed elementor-section-height-default elementor-section-items-middle\" data-id=\"4fcfda32\" data-element_type=\"section\" data-e-type=\"section\" data-settings=\"{&quot;background_background&quot;:&quot;gradient&quot;}\">\n\t\t\t\t\t\t\t<div class=\"elementor-background-overlay\"><\/div>\n\t\t\t\t\t\t\t<div class=\"elementor-container elementor-column-gap-default\">\n\t\t\t\t\t<div class=\"elementor-column elementor-col-100 elementor-top-column elementor-element elementor-element-21fef47c\" data-id=\"21fef47c\" data-element_type=\"column\" data-e-type=\"column\">\n\t\t\t<div class=\"elementor-widget-wrap elementor-element-populated\">\n\t\t\t\t\t\t<div class=\"elementor-element elementor-element-20462cc elementor-widget elementor-widget-heading\" data-id=\"20462cc\" data-element_type=\"widget\" data-e-type=\"widget\" data-widget_type=\"heading.default\">\n\t\t\t\t<div class=\"elementor-widget-container\">\n\t\t\t\t\t<h1 class=\"elementor-heading-title elementor-size-default\">Indicatori<\/h1>\t\t\t\t<\/div>\n\t\t\t\t<\/div>\n\t\t\t\t\t<\/div>\n\t\t<\/div>\n\t\t\t\t\t<\/div>\n\t\t<\/section>\n\t\t\t\t<section class=\"elementor-section elementor-top-section elementor-element elementor-element-42af0e1a elementor-section-boxed elementor-section-height-default elementor-section-height-default\" data-id=\"42af0e1a\" data-element_type=\"section\" data-e-type=\"section\">\n\t\t\t\t\t\t<div class=\"elementor-container elementor-column-gap-default\">\n\t\t\t\t\t<div class=\"elementor-column elementor-col-50 elementor-top-column elementor-element elementor-element-262350d2\" data-id=\"262350d2\" data-element_type=\"column\" data-e-type=\"column\">\n\t\t\t<div class=\"elementor-widget-wrap elementor-element-populated\">\n\t\t\t\t\t\t<div class=\"elementor-element elementor-element-1855d680 elementor-widget elementor-widget-image\" data-id=\"1855d680\" data-element_type=\"widget\" data-e-type=\"widget\" data-widget_type=\"image.default\">\n\t\t\t\t<div class=\"elementor-widget-container\">\n\t\t\t\t\t\t\t\t\t\t\t\t\t\t\t<img fetchpriority=\"high\" decoding=\"async\" width=\"300\" height=\"188\" src=\"https:\/\/sites.euro.ubbcluj.ro\/cip\/wp-content\/uploads\/2020\/10\/cropped-logo-pe-fond-transparent-300x188.jpeg\" class=\"attachment-medium size-medium wp-image-85\" alt=\"\" srcset=\"https:\/\/sites.euro.ubbcluj.ro\/cip\/wp-content\/uploads\/2020\/10\/cropped-logo-pe-fond-transparent-300x188.jpeg 300w, https:\/\/sites.euro.ubbcluj.ro\/cip\/wp-content\/uploads\/2020\/10\/cropped-logo-pe-fond-transparent-1024x641.jpeg 1024w, https:\/\/sites.euro.ubbcluj.ro\/cip\/wp-content\/uploads\/2020\/10\/cropped-logo-pe-fond-transparent-768x481.jpeg 768w, https:\/\/sites.euro.ubbcluj.ro\/cip\/wp-content\/uploads\/2020\/10\/cropped-logo-pe-fond-transparent.jpeg 1294w\" sizes=\"(max-width: 300px) 100vw, 300px\" \/>\t\t\t\t\t\t\t\t\t\t\t\t\t\t\t<\/div>\n\t\t\t\t<\/div>\n\t\t\t\t\t<\/div>\n\t\t<\/div>\n\t\t\t\t<div class=\"elementor-column elementor-col-50 elementor-top-column elementor-element elementor-element-133bf9be\" data-id=\"133bf9be\" data-element_type=\"column\" data-e-type=\"column\">\n\t\t\t<div class=\"elementor-widget-wrap elementor-element-populated\">\n\t\t\t\t\t\t<div class=\"elementor-element elementor-element-4c2ffaa9 elementor-widget elementor-widget-image\" data-id=\"4c2ffaa9\" data-element_type=\"widget\" data-e-type=\"widget\" data-widget_type=\"image.default\">\n\t\t\t\t<div class=\"elementor-widget-container\">\n\t\t\t\t\t\t\t\t\t\t\t\t\t\t\t<img decoding=\"async\" width=\"768\" height=\"221\" src=\"https:\/\/sites.euro.ubbcluj.ro\/cip\/wp-content\/uploads\/2021\/11\/2560px-Logo_Universitatea_Babes-Bolyai.svg-768x221.png\" class=\"attachment-medium_large size-medium_large wp-image-1430\" alt=\"\" srcset=\"https:\/\/sites.euro.ubbcluj.ro\/cip\/wp-content\/uploads\/2021\/11\/2560px-Logo_Universitatea_Babes-Bolyai.svg-768x221.png 768w, https:\/\/sites.euro.ubbcluj.ro\/cip\/wp-content\/uploads\/2021\/11\/2560px-Logo_Universitatea_Babes-Bolyai.svg-300x86.png 300w, https:\/\/sites.euro.ubbcluj.ro\/cip\/wp-content\/uploads\/2021\/11\/2560px-Logo_Universitatea_Babes-Bolyai.svg-1024x295.png 1024w, https:\/\/sites.euro.ubbcluj.ro\/cip\/wp-content\/uploads\/2021\/11\/2560px-Logo_Universitatea_Babes-Bolyai.svg-1536x442.png 1536w, https:\/\/sites.euro.ubbcluj.ro\/cip\/wp-content\/uploads\/2021\/11\/2560px-Logo_Universitatea_Babes-Bolyai.svg-2048x590.png 2048w\" sizes=\"(max-width: 768px) 100vw, 768px\" \/>\t\t\t\t\t\t\t\t\t\t\t\t\t\t\t<\/div>\n\t\t\t\t<\/div>\n\t\t\t\t\t<\/div>\n\t\t<\/div>\n\t\t\t\t\t<\/div>\n\t\t<\/section>\n\t\t\t\t<section class=\"elementor-section elementor-top-section elementor-element elementor-element-0d70103 elementor-section-full_width elementor-section-height-default elementor-section-height-default\" data-id=\"0d70103\" data-element_type=\"section\" data-e-type=\"section\">\n\t\t\t\t\t\t<div class=\"elementor-container elementor-column-gap-default\">\n\t\t\t\t\t<div class=\"elementor-column elementor-col-100 elementor-top-column elementor-element elementor-element-e8918cf\" data-id=\"e8918cf\" data-element_type=\"column\" data-e-type=\"column\">\n\t\t\t<div class=\"elementor-widget-wrap elementor-element-populated\">\n\t\t\t\t\t\t<div class=\"elementor-element elementor-element-0f5b68d elementor-widget elementor-widget-spacer\" data-id=\"0f5b68d\" data-element_type=\"widget\" data-e-type=\"widget\" data-widget_type=\"spacer.default\">\n\t\t\t\t<div class=\"elementor-widget-container\">\n\t\t\t\t\t\t\t<div class=\"elementor-spacer\">\n\t\t\t<div class=\"elementor-spacer-inner\"><\/div>\n\t\t<\/div>\n\t\t\t\t\t\t<\/div>\n\t\t\t\t<\/div>\n\t\t\t\t<div class=\"elementor-element elementor-element-7ae91f3 elementor-widget elementor-widget-heading\" data-id=\"7ae91f3\" data-element_type=\"widget\" data-e-type=\"widget\" data-widget_type=\"heading.default\">\n\t\t\t\t<div class=\"elementor-widget-container\">\n\t\t\t\t\t<h3 class=\"elementor-heading-title elementor-size-default\">Indicatori prestabili\u021bi de rezultat<\/h3>\t\t\t\t<\/div>\n\t\t\t\t<\/div>\n\t\t\t\t\t<\/div>\n\t\t<\/div>\n\t\t\t\t\t<\/div>\n\t\t<\/section>\n\t\t\t\t<section class=\"elementor-section elementor-top-section elementor-element elementor-element-bae075e elementor-section-full_width elementor-section-height-default elementor-section-height-default\" data-id=\"bae075e\" data-element_type=\"section\" data-e-type=\"section\">\n\t\t\t\t\t\t<div class=\"elementor-container elementor-column-gap-default\">\n\t\t\t\t\t<div class=\"elementor-column elementor-col-100 elementor-top-column elementor-element elementor-element-23ace7f\" data-id=\"23ace7f\" data-element_type=\"column\" data-e-type=\"column\">\n\t\t\t<div class=\"elementor-widget-wrap elementor-element-populated\">\n\t\t\t\t\t\t<section class=\"elementor-section elementor-inner-section elementor-element elementor-element-ed2730e elementor-section-full_width elementor-section-height-default elementor-section-height-default\" data-id=\"ed2730e\" data-element_type=\"section\" data-e-type=\"section\">\n\t\t\t\t\t\t<div class=\"elementor-container elementor-column-gap-default\">\n\t\t\t\t\t<div class=\"elementor-column elementor-col-100 elementor-inner-column elementor-element elementor-element-dbb00b5\" data-id=\"dbb00b5\" data-element_type=\"column\" data-e-type=\"column\">\n\t\t\t<div class=\"elementor-widget-wrap elementor-element-populated\">\n\t\t\t\t\t\t<div class=\"elementor-element elementor-element-917e137 elementor-widget elementor-widget-image\" data-id=\"917e137\" data-element_type=\"widget\" data-e-type=\"widget\" data-widget_type=\"image.default\">\n\t\t\t\t<div class=\"elementor-widget-container\">\n\t\t\t\t\t\t\t\t\t\t\t\t\t\t\t<img decoding=\"async\" width=\"1448\" height=\"555\" src=\"https:\/\/sites.euro.ubbcluj.ro\/cip\/wp-content\/uploads\/2021\/01\/indicatori1.1.png\" class=\"attachment-full size-full wp-image-613\" alt=\"\" srcset=\"https:\/\/sites.euro.ubbcluj.ro\/cip\/wp-content\/uploads\/2021\/01\/indicatori1.1.png 1448w, https:\/\/sites.euro.ubbcluj.ro\/cip\/wp-content\/uploads\/2021\/01\/indicatori1.1-300x115.png 300w, https:\/\/sites.euro.ubbcluj.ro\/cip\/wp-content\/uploads\/2021\/01\/indicatori1.1-1024x392.png 1024w, https:\/\/sites.euro.ubbcluj.ro\/cip\/wp-content\/uploads\/2021\/01\/indicatori1.1-768x294.png 768w\" sizes=\"(max-width: 1448px) 100vw, 1448px\" \/>\t\t\t\t\t\t\t\t\t\t\t\t\t\t\t<\/div>\n\t\t\t\t<\/div>\n\t\t\t\t<div class=\"elementor-element elementor-element-bc9c78a elementor-widget elementor-widget-spacer\" data-id=\"bc9c78a\" data-element_type=\"widget\" data-e-type=\"widget\" data-widget_type=\"spacer.default\">\n\t\t\t\t<div class=\"elementor-widget-container\">\n\t\t\t\t\t\t\t<div class=\"elementor-spacer\">\n\t\t\t<div class=\"elementor-spacer-inner\"><\/div>\n\t\t<\/div>\n\t\t\t\t\t\t<\/div>\n\t\t\t\t<\/div>\n\t\t\t\t\t<\/div>\n\t\t<\/div>\n\t\t\t\t\t<\/div>\n\t\t<\/section>\n\t\t\t\t<div class=\"elementor-element elementor-element-cbbffe1 elementor-widget elementor-widget-heading\" data-id=\"cbbffe1\" data-element_type=\"widget\" data-e-type=\"widget\" data-widget_type=\"heading.default\">\n\t\t\t\t<div class=\"elementor-widget-container\">\n\t\t\t\t\t<h3 class=\"elementor-heading-title elementor-size-default\">Indicatori prestabili\u021bi de realizare<\/h3>\t\t\t\t<\/div>\n\t\t\t\t<\/div>\n\t\t\t\t\t<\/div>\n\t\t<\/div>\n\t\t\t\t\t<\/div>\n\t\t<\/section>\n\t\t\t\t<section class=\"elementor-section elementor-top-section elementor-element elementor-element-ab26372 elementor-section-full_width elementor-section-height-default elementor-section-height-default\" data-id=\"ab26372\" data-element_type=\"section\" data-e-type=\"section\">\n\t\t\t\t\t\t<div class=\"elementor-container elementor-column-gap-default\">\n\t\t\t\t\t<div class=\"elementor-column elementor-col-100 elementor-top-column elementor-element elementor-element-e047bbd\" data-id=\"e047bbd\" data-element_type=\"column\" data-e-type=\"column\">\n\t\t\t<div class=\"elementor-widget-wrap elementor-element-populated\">\n\t\t\t\t\t\t<div class=\"elementor-element elementor-element-ee0fb94 elementor-widget elementor-widget-image\" data-id=\"ee0fb94\" data-element_type=\"widget\" data-e-type=\"widget\" data-widget_type=\"image.default\">\n\t\t\t\t<div class=\"elementor-widget-container\">\n\t\t\t\t\t\t\t\t\t\t\t\t\t\t\t<img loading=\"lazy\" decoding=\"async\" width=\"1440\" height=\"191\" src=\"https:\/\/sites.euro.ubbcluj.ro\/cip\/wp-content\/uploads\/2021\/01\/indicatori2.1-1.png\" class=\"attachment-full size-full wp-image-614\" alt=\"\" srcset=\"https:\/\/sites.euro.ubbcluj.ro\/cip\/wp-content\/uploads\/2021\/01\/indicatori2.1-1.png 1440w, https:\/\/sites.euro.ubbcluj.ro\/cip\/wp-content\/uploads\/2021\/01\/indicatori2.1-1-300x40.png 300w, https:\/\/sites.euro.ubbcluj.ro\/cip\/wp-content\/uploads\/2021\/01\/indicatori2.1-1-1024x136.png 1024w, https:\/\/sites.euro.ubbcluj.ro\/cip\/wp-content\/uploads\/2021\/01\/indicatori2.1-1-768x102.png 768w\" sizes=\"(max-width: 1440px) 100vw, 1440px\" \/>\t\t\t\t\t\t\t\t\t\t\t\t\t\t\t<\/div>\n\t\t\t\t<\/div>\n\t\t\t\t\t<\/div>\n\t\t<\/div>\n\t\t\t\t\t<\/div>\n\t\t<\/section>\n\t\t\t\t<section class=\"elementor-section elementor-top-section elementor-element elementor-element-74833abe elementor-section-full_width elementor-section-height-default elementor-section-height-default\" data-id=\"74833abe\" data-element_type=\"section\" data-e-type=\"section\" data-settings=\"{&quot;background_background&quot;:&quot;classic&quot;}\">\n\t\t\t\t\t\t\t<div class=\"elementor-background-overlay\"><\/div>\n\t\t\t\t\t\t\t<div class=\"elementor-container elementor-column-gap-default\">\n\t\t\t\t\t<div class=\"elementor-column elementor-col-100 elementor-top-column elementor-element elementor-element-d5ef148\" data-id=\"d5ef148\" data-element_type=\"column\" data-e-type=\"column\">\n\t\t\t<div class=\"elementor-widget-wrap elementor-element-populated\">\n\t\t\t\t\t\t<div class=\"elementor-element elementor-element-13ce40d1 elementor-widget elementor-widget-text-editor\" data-id=\"13ce40d1\" data-element_type=\"widget\" data-e-type=\"widget\" data-widget_type=\"text-editor.default\">\n\t\t\t\t<div class=\"elementor-widget-container\">\n\t\t\t\t\t\t\t\t\t<div><span style=\"color: #ffffff;\">FONDUL SOCIAL EUROPEAN<\/span><\/div><div>\u00a0<\/div><p><span lang=\"ro\" style=\"color: #ffffff;\">Programul Opera\u0163ional Capital Uman 2014-2020<\/span><\/p><p><span lang=\"ro\" style=\"color: #ffffff;\">Axa prioritar\u0103 6 Educa\u021bie si competen\u021be<\/span><\/p><p><span lang=\"ro\" style=\"color: #ffffff;\">Cod apel: POCU\/626\/6\/13\/ Cre\u0219terea num\u0103rului absolven\u021bilor de \u00eenv\u0103\u021b\u0103m\u00e2nt ter\u021biar universitar \u0219i non-universitar care \u00ee\u021bi g\u0103sesc un loc de munc\u0103 urmare a accesului la activit\u0103\u021bi de \u00eenv\u0103\u021bare\/ cercetare\/ inovare la un poten\u021bial loc de munc\u0103, cu accent pe sectoarele economice cu poten\u021bial competitiv identificate conform SNC \u0219i domeniile de specializare inteligent\u0103 conform SNCDI<\/span><\/p><p><span lang=\"ro\" style=\"color: #ffffff;\">Beneficiar: Universitatea Babe\u0219-Bolyai<\/span><\/p><p><span lang=\"ro\" style=\"color: #ffffff;\">Titlul proiectului: \u201eCalitate \u0219i interdisciplinaritate \u00een practic\u0103 studen\u021bilor Universit\u0103\u021bii Babes-Bolyai \u00een management cultural (CIP)\u201d<\/span><\/p><p><span lang=\"ro\" style=\"color: #ffffff;\">Contract de finan\u021bare nr. OIPOSDRU NV 11466\/17.09.2020<\/span><\/p><p><span lang=\"ro\" style=\"color: #ffffff;\">Cod SMIS: 132253<\/span><\/p><p><span style=\"color: #ffffff;\">Pentru informa\u021bii detaliate despre celelate programe cofinan\u021bate de Uniunea European\u0103, v\u0103 invit\u0103m s\u0103 vizita\u021bi\u00a0<a style=\"color: #ffffff;\" href=\"http:\/\/www.fonduri-ue.ro\/\" target=\"_blank\" rel=\"noopener noreferrer\" data-auth=\"NotApplicable\" data-linkindex=\"1\">www.fonduri-ue.ro<\/a><\/span><\/p>\t\t\t\t\t\t\t\t<\/div>\n\t\t\t\t<\/div>\n\t\t\t\t\t<\/div>\n\t\t<\/div>\n\t\t\t\t\t<\/div>\n\t\t<\/section>\n\t\t\t\t<\/div>\n\t\t","protected":false},"excerpt":{"rendered":"<p>Indicatori Indicatori prestabili\u021bi de rezultat Indicatori prestabili\u021bi de realizare FONDUL SOCIAL EUROPEAN\u00a0 Programul Opera\u0163ional Capital Uman 2014-2020 Axa prioritar\u0103 6 Educa\u021bie si competen\u021be Cod apel: POCU\/626\/6\/13\/ Cre\u0219terea num\u0103rului absolven\u021bilor de \u00eenv\u0103\u021b\u0103m\u00e2nt ter\u021biar universitar \u0219i non-universitar care \u00ee\u021bi g\u0103sesc un loc de munc\u0103 urmare a accesului la activit\u0103\u021bi de \u00eenv\u0103\u021bare\/ cercetare\/ inovare la un poten\u021bial loc&hellip;&nbsp;<a href=\"https:\/\/sites.euro.ubbcluj.ro\/cip\/indicatori\/\" rel=\"bookmark\">Read More &raquo;<span class=\"screen-reader-text\">Indicatori<\/span><\/a><\/p>\n","protected":false},"author":1,"featured_media":0,"parent":0,"menu_order":0,"comment_status":"closed","ping_status":"closed","template":"","meta":{"neve_meta_sidebar":"full-width","neve_meta_container":"full-width","neve_meta_enable_content_width":"on","neve_meta_content_width":100,"neve_meta_title_alignment":"","neve_meta_author_avatar":"","neve_post_elements_order":"","neve_meta_disable_header":"","neve_meta_disable_footer":"","neve_meta_disable_title":"on","footnotes":"","_links_to":"","_links_to_target":""},"class_list":["post-147","page","type-page","status-publish","hentry"],"_links":{"self":[{"href":"https:\/\/sites.euro.ubbcluj.ro\/cip\/wp-json\/wp\/v2\/pages\/147","targetHints":{"allow":["GET"]}}],"collection":[{"href":"https:\/\/sites.euro.ubbcluj.ro\/cip\/wp-json\/wp\/v2\/pages"}],"about":[{"href":"https:\/\/sites.euro.ubbcluj.ro\/cip\/wp-json\/wp\/v2\/types\/page"}],"author":[{"embeddable":true,"href":"https:\/\/sites.euro.ubbcluj.ro\/cip\/wp-json\/wp\/v2\/users\/1"}],"replies":[{"embeddable":true,"href":"https:\/\/sites.euro.ubbcluj.ro\/cip\/wp-json\/wp\/v2\/comments?post=147"}],"version-history":[{"count":0,"href":"https:\/\/sites.euro.ubbcluj.ro\/cip\/wp-json\/wp\/v2\/pages\/147\/revisions"}],"wp:attachment":[{"href":"https:\/\/sites.euro.ubbcluj.ro\/cip\/wp-json\/wp\/v2\/media?parent=147"}],"curies":[{"name":"wp","href":"https:\/\/api.w.org\/{rel}","templated":true}]}}