{"id":20,"date":"2020-04-13T09:56:13","date_gmt":"2020-04-13T09:56:13","guid":{"rendered":"https:\/\/demosites.io\/doctor\/?page_id=20"},"modified":"2021-11-08T10:03:45","modified_gmt":"2021-11-08T10:03:45","slug":"facultati-partenere","status":"publish","type":"page","link":"https:\/\/sites.euro.ubbcluj.ro\/cip\/facultati-partenere\/","title":{"rendered":"Facult\u0103\u021bi partenere"},"content":{"rendered":"\t\t<div data-elementor-type=\"wp-page\" data-elementor-id=\"20\" class=\"elementor elementor-20\">\n\t\t\t\t\t\t<section class=\"elementor-section elementor-top-section elementor-element elementor-element-26516b58 elementor-section-height-min-height elementor-section-full_width elementor-section-height-default elementor-section-items-middle\" data-id=\"26516b58\" data-element_type=\"section\" data-e-type=\"section\" data-settings=\"{&quot;background_background&quot;:&quot;gradient&quot;}\">\n\t\t\t\t\t\t\t<div class=\"elementor-background-overlay\"><\/div>\n\t\t\t\t\t\t\t<div class=\"elementor-container elementor-column-gap-default\">\n\t\t\t\t\t<div class=\"elementor-column elementor-col-100 elementor-top-column elementor-element elementor-element-4aad97f8\" data-id=\"4aad97f8\" data-element_type=\"column\" data-e-type=\"column\">\n\t\t\t<div class=\"elementor-widget-wrap elementor-element-populated\">\n\t\t\t\t\t\t<div class=\"elementor-element elementor-element-d4f8454 elementor-widget elementor-widget-heading\" data-id=\"d4f8454\" data-element_type=\"widget\" data-e-type=\"widget\" data-widget_type=\"heading.default\">\n\t\t\t\t<div class=\"elementor-widget-container\">\n\t\t\t\t\t<h1 class=\"elementor-heading-title elementor-size-default\">Facult\u0103\u021bi partenere<\/h1>\t\t\t\t<\/div>\n\t\t\t\t<\/div>\n\t\t\t\t\t<\/div>\n\t\t<\/div>\n\t\t\t\t\t<\/div>\n\t\t<\/section>\n\t\t\t\t<section class=\"elementor-section elementor-top-section elementor-element elementor-element-1466d33c elementor-section-boxed elementor-section-height-default elementor-section-height-default\" data-id=\"1466d33c\" data-element_type=\"section\" data-e-type=\"section\">\n\t\t\t\t\t\t<div class=\"elementor-container elementor-column-gap-default\">\n\t\t\t\t\t<div class=\"elementor-column elementor-col-50 elementor-top-column elementor-element elementor-element-563486fa\" data-id=\"563486fa\" data-element_type=\"column\" data-e-type=\"column\">\n\t\t\t<div class=\"elementor-widget-wrap elementor-element-populated\">\n\t\t\t\t\t\t<div class=\"elementor-element elementor-element-7d0657cb elementor-widget elementor-widget-image\" data-id=\"7d0657cb\" data-element_type=\"widget\" data-e-type=\"widget\" data-widget_type=\"image.default\">\n\t\t\t\t<div class=\"elementor-widget-container\">\n\t\t\t\t\t\t\t\t\t\t\t\t\t\t\t<img fetchpriority=\"high\" decoding=\"async\" width=\"300\" height=\"188\" src=\"https:\/\/sites.euro.ubbcluj.ro\/cip\/wp-content\/uploads\/2020\/10\/cropped-logo-pe-fond-transparent-300x188.jpeg\" class=\"attachment-medium size-medium wp-image-85\" alt=\"\" srcset=\"https:\/\/sites.euro.ubbcluj.ro\/cip\/wp-content\/uploads\/2020\/10\/cropped-logo-pe-fond-transparent-300x188.jpeg 300w, https:\/\/sites.euro.ubbcluj.ro\/cip\/wp-content\/uploads\/2020\/10\/cropped-logo-pe-fond-transparent-1024x641.jpeg 1024w, https:\/\/sites.euro.ubbcluj.ro\/cip\/wp-content\/uploads\/2020\/10\/cropped-logo-pe-fond-transparent-768x481.jpeg 768w, https:\/\/sites.euro.ubbcluj.ro\/cip\/wp-content\/uploads\/2020\/10\/cropped-logo-pe-fond-transparent.jpeg 1294w\" sizes=\"(max-width: 300px) 100vw, 300px\" \/>\t\t\t\t\t\t\t\t\t\t\t\t\t\t\t<\/div>\n\t\t\t\t<\/div>\n\t\t\t\t\t<\/div>\n\t\t<\/div>\n\t\t\t\t<div class=\"elementor-column elementor-col-50 elementor-top-column elementor-element elementor-element-300add02\" data-id=\"300add02\" data-element_type=\"column\" data-e-type=\"column\">\n\t\t\t<div class=\"elementor-widget-wrap elementor-element-populated\">\n\t\t\t\t\t\t<div class=\"elementor-element elementor-element-269d8f86 elementor-widget elementor-widget-image\" data-id=\"269d8f86\" data-element_type=\"widget\" data-e-type=\"widget\" data-widget_type=\"image.default\">\n\t\t\t\t<div class=\"elementor-widget-container\">\n\t\t\t\t\t\t\t\t\t\t\t\t\t\t\t<img decoding=\"async\" width=\"768\" height=\"221\" src=\"https:\/\/sites.euro.ubbcluj.ro\/cip\/wp-content\/uploads\/2021\/11\/2560px-Logo_Universitatea_Babes-Bolyai.svg-768x221.png\" class=\"attachment-medium_large size-medium_large wp-image-1430\" alt=\"\" srcset=\"https:\/\/sites.euro.ubbcluj.ro\/cip\/wp-content\/uploads\/2021\/11\/2560px-Logo_Universitatea_Babes-Bolyai.svg-768x221.png 768w, https:\/\/sites.euro.ubbcluj.ro\/cip\/wp-content\/uploads\/2021\/11\/2560px-Logo_Universitatea_Babes-Bolyai.svg-300x86.png 300w, https:\/\/sites.euro.ubbcluj.ro\/cip\/wp-content\/uploads\/2021\/11\/2560px-Logo_Universitatea_Babes-Bolyai.svg-1024x295.png 1024w, https:\/\/sites.euro.ubbcluj.ro\/cip\/wp-content\/uploads\/2021\/11\/2560px-Logo_Universitatea_Babes-Bolyai.svg-1536x442.png 1536w, https:\/\/sites.euro.ubbcluj.ro\/cip\/wp-content\/uploads\/2021\/11\/2560px-Logo_Universitatea_Babes-Bolyai.svg-2048x590.png 2048w\" sizes=\"(max-width: 768px) 100vw, 768px\" \/>\t\t\t\t\t\t\t\t\t\t\t\t\t\t\t<\/div>\n\t\t\t\t<\/div>\n\t\t\t\t\t<\/div>\n\t\t<\/div>\n\t\t\t\t\t<\/div>\n\t\t<\/section>\n\t\t\t\t<section class=\"elementor-section elementor-top-section elementor-element elementor-element-7dcc192 elementor-section-boxed elementor-section-height-default elementor-section-height-default\" data-id=\"7dcc192\" data-element_type=\"section\" data-e-type=\"section\" data-settings=\"{&quot;background_background&quot;:&quot;classic&quot;}\">\n\t\t\t\t\t\t<div class=\"elementor-container elementor-column-gap-default\">\n\t\t\t\t\t<div class=\"elementor-column elementor-col-100 elementor-top-column elementor-element elementor-element-65792c0\" data-id=\"65792c0\" data-element_type=\"column\" data-e-type=\"column\">\n\t\t\t<div class=\"elementor-widget-wrap elementor-element-populated\">\n\t\t\t\t\t\t<section class=\"elementor-section elementor-inner-section elementor-element elementor-element-42caa6b elementor-section-boxed elementor-section-height-default elementor-section-height-default\" data-id=\"42caa6b\" data-element_type=\"section\" data-e-type=\"section\">\n\t\t\t\t\t\t<div class=\"elementor-container elementor-column-gap-default\">\n\t\t\t\t\t<div class=\"elementor-column elementor-col-100 elementor-inner-column elementor-element elementor-element-668e9ea\" data-id=\"668e9ea\" data-element_type=\"column\" data-e-type=\"column\" data-settings=\"{&quot;background_background&quot;:&quot;classic&quot;}\">\n\t\t\t<div class=\"elementor-widget-wrap elementor-element-populated\">\n\t\t\t\t\t\t<div class=\"elementor-element elementor-element-fb27883 elementor-widget elementor-widget-image\" data-id=\"fb27883\" data-element_type=\"widget\" data-e-type=\"widget\" data-widget_type=\"image.default\">\n\t\t\t\t<div class=\"elementor-widget-container\">\n\t\t\t\t\t\t\t\t\t\t\t\t\t\t\t<img decoding=\"async\" src=\"https:\/\/sites.euro.ubbcluj.ro\/cip\/wp-content\/uploads\/elementor\/thumbs\/sigla_FSE_cu_scris_color-ozuk8268bu5ucagf0u6q58r4ymax6pp2cvyhy02evk.png\" title=\"sigla_FSE_cu_scris_color\" alt=\"sigla_FSE_cu_scris_color\" loading=\"lazy\" \/>\t\t\t\t\t\t\t\t\t\t\t\t\t\t\t<\/div>\n\t\t\t\t<\/div>\n\t\t\t\t<div class=\"elementor-element elementor-element-bd69524 elementor-position-inline-start elementor-view-default elementor-mobile-position-block-start elementor-widget elementor-widget-icon-box\" data-id=\"bd69524\" data-element_type=\"widget\" data-e-type=\"widget\" data-widget_type=\"icon-box.default\">\n\t\t\t\t<div class=\"elementor-widget-container\">\n\t\t\t\t\t\t\t<div class=\"elementor-icon-box-wrapper\">\n\n\t\t\t\t\t\t<div class=\"elementor-icon-box-icon\">\n\t\t\t\t<a href=\"#\" class=\"elementor-icon\" tabindex=\"-1\" aria-label=\"Facultatea de Studii Europene\">\n\t\t\t\t<i aria-hidden=\"true\" class=\"fas fa-university\"><\/i>\t\t\t\t<\/a>\n\t\t\t<\/div>\n\t\t\t\n\t\t\t\t\t\t<div class=\"elementor-icon-box-content\">\n\n\t\t\t\t\t\t\t\t\t<h3 class=\"elementor-icon-box-title\">\n\t\t\t\t\t\t<a href=\"#\" >\n\t\t\t\t\t\t\tFacultatea de Studii Europene\t\t\t\t\t\t<\/a>\n\t\t\t\t\t<\/h3>\n\t\t\t\t\n\t\t\t\t\t\t\t\t\t<p class=\"elementor-icon-box-description\">\n\t\t\t\t\t\tFacultatea de Studii Europene este o structur\u0103 academic\u0103 \u00een cadrul Universit\u0103\u0163ii Babe\u0219-Bolyai din Cluj-Napoca. Facultatea de Studii Europene acord\u0103 diploma de stat pentru licen\u021bierea \u00een rela\u0163ii interna\u0163ionale \u015fi studii europene, domeniul rela\u021bii interna\u021bionale \u015fi studii europene, \u00een limbile rom\u00e2n\u0103, german\u0103 \u0219i englez\u0103, \u00een diploma\u021bie \u00een afaceri, domeniul rela\u021bii interna\u021bionale \u0219i studii europene, \u00een limba rom\u00e2n\u0103, \u00een specializarea management, domeniul management, \u00een limba rom\u00e2n\u0103, \u0219i \u00een administra\u021bie european\u0103 , domeniul \u0219tiin\u021be administrative, \u00een limba rom\u00e2n\u0103\t\t\t\t\t<\/p>\n\t\t\t\t\n\t\t\t<\/div>\n\t\t\t\n\t\t<\/div>\n\t\t\t\t\t\t<\/div>\n\t\t\t\t<\/div>\n\t\t\t\t<div class=\"elementor-element elementor-element-7b46407 elementor-widget elementor-widget-heading\" data-id=\"7b46407\" data-element_type=\"widget\" data-e-type=\"widget\" data-widget_type=\"heading.default\">\n\t\t\t\t<div class=\"elementor-widget-container\">\n\t\t\t\t\t<span class=\"elementor-heading-title elementor-size-default\"><a href=\"http:\/\/euro.ubbcluj.ro\">Mai multe detalii..<\/a><\/span>\t\t\t\t<\/div>\n\t\t\t\t<\/div>\n\t\t\t\t\t<\/div>\n\t\t<\/div>\n\t\t\t\t\t<\/div>\n\t\t<\/section>\n\t\t\t\t\t<\/div>\n\t\t<\/div>\n\t\t\t\t\t<\/div>\n\t\t<\/section>\n\t\t\t\t<section class=\"elementor-section elementor-top-section elementor-element elementor-element-acc5b4f elementor-section-boxed elementor-section-height-default elementor-section-height-default\" data-id=\"acc5b4f\" data-element_type=\"section\" data-e-type=\"section\" data-settings=\"{&quot;background_background&quot;:&quot;classic&quot;}\">\n\t\t\t\t\t\t<div class=\"elementor-container elementor-column-gap-default\">\n\t\t\t\t\t<div class=\"elementor-column elementor-col-100 elementor-top-column elementor-element elementor-element-f27b7cc\" data-id=\"f27b7cc\" data-element_type=\"column\" data-e-type=\"column\">\n\t\t\t<div class=\"elementor-widget-wrap elementor-element-populated\">\n\t\t\t\t\t\t<div class=\"elementor-element elementor-element-77296a7 elementor-widget elementor-widget-image\" data-id=\"77296a7\" data-element_type=\"widget\" data-e-type=\"widget\" data-widget_type=\"image.default\">\n\t\t\t\t<div class=\"elementor-widget-container\">\n\t\t\t\t\t\t\t\t\t\t\t\t\t\t\t<img decoding=\"async\" width=\"800\" height=\"135\" src=\"https:\/\/sites.euro.ubbcluj.ro\/cip\/wp-content\/uploads\/2020\/12\/Logo_FTT_white_3-800x135-1.png\" class=\"attachment-neve-blog size-neve-blog wp-image-275\" alt=\"\" srcset=\"https:\/\/sites.euro.ubbcluj.ro\/cip\/wp-content\/uploads\/2020\/12\/Logo_FTT_white_3-800x135-1.png 800w, https:\/\/sites.euro.ubbcluj.ro\/cip\/wp-content\/uploads\/2020\/12\/Logo_FTT_white_3-800x135-1-300x51.png 300w, https:\/\/sites.euro.ubbcluj.ro\/cip\/wp-content\/uploads\/2020\/12\/Logo_FTT_white_3-800x135-1-768x130.png 768w\" sizes=\"(max-width: 800px) 100vw, 800px\" \/>\t\t\t\t\t\t\t\t\t\t\t\t\t\t\t<\/div>\n\t\t\t\t<\/div>\n\t\t\t\t<section class=\"elementor-section elementor-inner-section elementor-element elementor-element-22f5573 elementor-section-boxed elementor-section-height-default elementor-section-height-default\" data-id=\"22f5573\" data-element_type=\"section\" data-e-type=\"section\">\n\t\t\t\t\t\t<div class=\"elementor-container elementor-column-gap-default\">\n\t\t\t\t\t<div class=\"elementor-column elementor-col-100 elementor-inner-column elementor-element elementor-element-e5cdd3a\" data-id=\"e5cdd3a\" data-element_type=\"column\" data-e-type=\"column\" data-settings=\"{&quot;background_background&quot;:&quot;classic&quot;}\">\n\t\t\t<div class=\"elementor-widget-wrap elementor-element-populated\">\n\t\t\t\t\t\t<div class=\"elementor-element elementor-element-7704bab elementor-position-inline-start elementor-view-default elementor-mobile-position-block-start elementor-widget elementor-widget-icon-box\" data-id=\"7704bab\" data-element_type=\"widget\" data-e-type=\"widget\" data-widget_type=\"icon-box.default\">\n\t\t\t\t<div class=\"elementor-widget-container\">\n\t\t\t\t\t\t\t<div class=\"elementor-icon-box-wrapper\">\n\n\t\t\t\t\t\t<div class=\"elementor-icon-box-icon\">\n\t\t\t\t<a href=\"#\" class=\"elementor-icon\" tabindex=\"-1\" aria-label=\"Facultatea de Teatru \u0219i Film\">\n\t\t\t\t<i aria-hidden=\"true\" class=\"fas fa-university\"><\/i>\t\t\t\t<\/a>\n\t\t\t<\/div>\n\t\t\t\n\t\t\t\t\t\t<div class=\"elementor-icon-box-content\">\n\n\t\t\t\t\t\t\t\t\t<h3 class=\"elementor-icon-box-title\">\n\t\t\t\t\t\t<a href=\"#\" >\n\t\t\t\t\t\t\tFacultatea de Teatru \u0219i Film\t\t\t\t\t\t<\/a>\n\t\t\t\t\t<\/h3>\n\t\t\t\t\n\t\t\t\t\t\t\t\t\t<p class=\"elementor-icon-box-description\">\n\t\t\t\t\t\tFacultatea de Teatru \u015fi Film are o misiune didactic\u0103, dar \u015fi de cercetare \u015ftiin\u0163ific\u0103 \u0219i crea\u021bie artistic\u0103, particularizate la domeniile artistice oferite: Teatru \u0219i Artele Spectacolului \u0219i Cinematografie \u0219i Media. Misiunea central\u0103 a facult\u0103\u021bii este aceea de a forma profesion\u0219ti la cel mai \u00eenalt nivel \u00een artele spectacolului \u0219i ale filmului, capabili s\u0103 profeseze \u00eentr-un context cultural tot mai dinamic  \u0219i globalizat, at\u00e2t \u00een institu\u021bii culturale subven\u021bionate, na\u021bionale \u0219i interna\u021bionale, c\u00e2t \u0219i \u00een cadrul unor companii independente. Facultatea \u00ee\u0219i propune formarea unei g\u00e2ndiri imaginative \u0219i creative, dezvoltarea abilit\u0103\u021bilor performative, a capacit\u0103\u021bilor de utilizare a tehnicilor media clasice, dar \u0219i a celor experimentale \u0219i alternative, \u00een vederea realiz\u0103rii unor produse artistice novatoare. \t\t\t\t\t<\/p>\n\t\t\t\t\n\t\t\t<\/div>\n\t\t\t\n\t\t<\/div>\n\t\t\t\t\t\t<\/div>\n\t\t\t\t<\/div>\n\t\t\t\t<div class=\"elementor-element elementor-element-a076ade elementor-widget elementor-widget-heading\" data-id=\"a076ade\" data-element_type=\"widget\" data-e-type=\"widget\" data-widget_type=\"heading.default\">\n\t\t\t\t<div class=\"elementor-widget-container\">\n\t\t\t\t\t<span class=\"elementor-heading-title elementor-size-default\"><a href=\"https:\/\/teatrufilm.ubbcluj.ro\/\">Mai multe detalii...<\/a><\/span>\t\t\t\t<\/div>\n\t\t\t\t<\/div>\n\t\t\t\t\t<\/div>\n\t\t<\/div>\n\t\t\t\t\t<\/div>\n\t\t<\/section>\n\t\t\t\t\t<\/div>\n\t\t<\/div>\n\t\t\t\t\t<\/div>\n\t\t<\/section>\n\t\t\t\t<section class=\"elementor-section elementor-top-section elementor-element elementor-element-357a785 elementor-section-boxed elementor-section-height-default elementor-section-height-default\" data-id=\"357a785\" data-element_type=\"section\" data-e-type=\"section\" data-settings=\"{&quot;background_background&quot;:&quot;classic&quot;}\">\n\t\t\t\t\t\t<div class=\"elementor-container elementor-column-gap-default\">\n\t\t\t\t\t<div class=\"elementor-column elementor-col-100 elementor-top-column elementor-element elementor-element-916fb5b\" data-id=\"916fb5b\" data-element_type=\"column\" data-e-type=\"column\">\n\t\t\t<div class=\"elementor-widget-wrap elementor-element-populated\">\n\t\t\t\t\t\t<section class=\"elementor-section elementor-inner-section elementor-element elementor-element-b1698c2 elementor-section-boxed elementor-section-height-default elementor-section-height-default\" data-id=\"b1698c2\" data-element_type=\"section\" data-e-type=\"section\">\n\t\t\t\t\t\t<div class=\"elementor-container elementor-column-gap-default\">\n\t\t\t\t\t<div class=\"elementor-column elementor-col-100 elementor-inner-column elementor-element elementor-element-d19095e\" data-id=\"d19095e\" data-element_type=\"column\" data-e-type=\"column\" data-settings=\"{&quot;background_background&quot;:&quot;classic&quot;}\">\n\t\t\t<div class=\"elementor-widget-wrap elementor-element-populated\">\n\t\t\t\t\t\t<div class=\"elementor-element elementor-element-01b9b4c elementor-widget elementor-widget-image\" data-id=\"01b9b4c\" data-element_type=\"widget\" data-e-type=\"widget\" data-widget_type=\"image.default\">\n\t\t\t\t<div class=\"elementor-widget-container\">\n\t\t\t\t\t\t\t\t\t\t\t\t\t\t\t<img loading=\"lazy\" decoding=\"async\" width=\"200\" height=\"200\" src=\"https:\/\/sites.euro.ubbcluj.ro\/cip\/wp-content\/uploads\/2020\/12\/logo_ot.png\" class=\"attachment-medium_large size-medium_large wp-image-277\" alt=\"\" srcset=\"https:\/\/sites.euro.ubbcluj.ro\/cip\/wp-content\/uploads\/2020\/12\/logo_ot.png 200w, https:\/\/sites.euro.ubbcluj.ro\/cip\/wp-content\/uploads\/2020\/12\/logo_ot-150x150.png 150w\" sizes=\"(max-width: 200px) 100vw, 200px\" \/>\t\t\t\t\t\t\t\t\t\t\t\t\t\t\t<\/div>\n\t\t\t\t<\/div>\n\t\t\t\t<div class=\"elementor-element elementor-element-24a2d3e elementor-view-default elementor-position-block-start elementor-mobile-position-block-start elementor-widget elementor-widget-icon-box\" data-id=\"24a2d3e\" data-element_type=\"widget\" data-e-type=\"widget\" data-widget_type=\"icon-box.default\">\n\t\t\t\t<div class=\"elementor-widget-container\">\n\t\t\t\t\t\t\t<div class=\"elementor-icon-box-wrapper\">\n\n\t\t\t\t\t\t<div class=\"elementor-icon-box-icon\">\n\t\t\t\t<a href=\"#\" class=\"elementor-icon\" tabindex=\"-1\" aria-label=\"Facultatea de Teologie Ortodox\u0103 Cluj-Napoca\">\n\t\t\t\t<i aria-hidden=\"true\" class=\"fas fa-university\"><\/i>\t\t\t\t<\/a>\n\t\t\t<\/div>\n\t\t\t\n\t\t\t\t\t\t<div class=\"elementor-icon-box-content\">\n\n\t\t\t\t\t\t\t\t\t<h3 class=\"elementor-icon-box-title\">\n\t\t\t\t\t\t<a href=\"#\" >\n\t\t\t\t\t\t\tFacultatea de Teologie Ortodox\u0103 Cluj-Napoca\t\t\t\t\t\t<\/a>\n\t\t\t\t\t<\/h3>\n\t\t\t\t\n\t\t\t\t\t\t\t\t\t<p class=\"elementor-icon-box-description\">\n\t\t\t\t\t\tFacultatea de Teologie Ortodox\u0103 din Cluj-Napoca este un centru de educa\u021bie \u0219i formare teologic\u0103 ce are la baz\u0103 Tradi\u0163ia apostolic\u0103 a Bisericii de R\u0103s\u0103rit. Aceasta are con\u015f\u0163iin\u0163a necesit\u0103\u0163ii experien\u0163ei duhovnice\u015fti \u00een toate domeniile existen\u0163ei umane, fapt pentru care \u00eencurajeaz\u0103 o teologie vie \u015fi un mod dinamic de argumen\u0163ie teologic\u0103, prin care s\u0103 se descopere noi sensuri ale Adev\u0103rului neschimbat \u015fi unic, \u00eentr-o \u00eencercare de face accesibil con\u0163inutul Revela\u0163iei omului contemporan.\nFacultatea de Teologie Ortodox\u0103 din Cluj-Napoca \u00ee\u015fi are \u00eenceputurile \u00een anul 1924, prin \u00eenfiin\u0163area Institutului Teologic Ortodox din Cluj-Napoca, de c\u0103tre episcopul Nicolae Ivan (1921-1936). Dup\u0103 o istorie fr\u0103m\u00e2ntat\u0103, \u00een care activitatea institutului a fost chiar sistat\u0103 (\u00eentre 1952-1990), potrivit protocoalelor \u00eencheiate \u00eentre Ministerul \u00cenv\u0103\u0163\u0103m\u00e2ntului \u015fi Patriarhia Rom\u00e2n\u0103, \u00eencep\u00e2nd din anul universitar 1992-1993, Institutul Teologic din Cluj re\u00eenfiin\u021bat \u00een 1990 a fost integrat \u00een Universitatea \u201eBabe\u015f-Bolyai\u201d primind numele de Facultatea de Teologie Ortodox\u0103 Cluj-Napoca.\n\t\t\t\t\t<\/p>\n\t\t\t\t\n\t\t\t<\/div>\n\t\t\t\n\t\t<\/div>\n\t\t\t\t\t\t<\/div>\n\t\t\t\t<\/div>\n\t\t\t\t<div class=\"elementor-element elementor-element-e36f038 elementor-widget elementor-widget-heading\" data-id=\"e36f038\" data-element_type=\"widget\" data-e-type=\"widget\" data-widget_type=\"heading.default\">\n\t\t\t\t<div class=\"elementor-widget-container\">\n\t\t\t\t\t<span class=\"elementor-heading-title elementor-size-default\"><a href=\"http:\/\/ot.ubbcluj.ro\/\">Mai multe detalii..<\/a><\/span>\t\t\t\t<\/div>\n\t\t\t\t<\/div>\n\t\t\t\t\t<\/div>\n\t\t<\/div>\n\t\t\t\t\t<\/div>\n\t\t<\/section>\n\t\t\t\t\t<\/div>\n\t\t<\/div>\n\t\t\t\t\t<\/div>\n\t\t<\/section>\n\t\t\t\t<section class=\"elementor-section elementor-top-section elementor-element elementor-element-2283a58a elementor-section-full_width elementor-section-height-default elementor-section-height-default\" data-id=\"2283a58a\" data-element_type=\"section\" data-e-type=\"section\" data-settings=\"{&quot;background_background&quot;:&quot;classic&quot;}\">\n\t\t\t\t\t\t\t<div class=\"elementor-background-overlay\"><\/div>\n\t\t\t\t\t\t\t<div class=\"elementor-container elementor-column-gap-default\">\n\t\t\t\t\t<div class=\"elementor-column elementor-col-100 elementor-top-column elementor-element elementor-element-5827fb\" data-id=\"5827fb\" data-element_type=\"column\" data-e-type=\"column\">\n\t\t\t<div class=\"elementor-widget-wrap elementor-element-populated\">\n\t\t\t\t\t\t<div class=\"elementor-element elementor-element-267a933d elementor-widget elementor-widget-text-editor\" data-id=\"267a933d\" data-element_type=\"widget\" data-e-type=\"widget\" data-widget_type=\"text-editor.default\">\n\t\t\t\t<div class=\"elementor-widget-container\">\n\t\t\t\t\t\t\t\t\t<div><span style=\"color: #ffffff;\">FONDUL SOCIAL EUROPEAN<\/span><\/div><div>\u00a0<\/div><p><span lang=\"ro\" style=\"color: #ffffff;\">Programul Opera\u0163ional Capital Uman 2014-2020<\/span><\/p><p><span lang=\"ro\" style=\"color: #ffffff;\">Axa prioritar\u0103 6 Educa\u021bie si competen\u021be<\/span><\/p><p><span lang=\"ro\" style=\"color: #ffffff;\">Cod apel: POCU\/626\/6\/13\/ Cre\u0219terea num\u0103rului absolven\u021bilor de \u00eenv\u0103\u021b\u0103m\u00e2nt ter\u021biar universitar \u0219i non-universitar care \u00ee\u021bi g\u0103sesc un loc de munc\u0103 urmare a accesului la activit\u0103\u021bi de \u00eenv\u0103\u021bare\/ cercetare\/ inovare la un poten\u021bial loc de munc\u0103, cu accent pe sectoarele economice cu poten\u021bial competitiv identificate conform SNC \u0219i domeniile de specializare inteligent\u0103 conform SNCDI<\/span><\/p><p><span lang=\"ro\" style=\"color: #ffffff;\">Beneficiar: Universitatea Babe\u0219-Bolyai<\/span><\/p><p><span lang=\"ro\" style=\"color: #ffffff;\">Titlul proiectului: \u201eCalitate \u0219i interdisciplinaritate \u00een practic\u0103 studen\u021bilor Universit\u0103\u021bii Babes-Bolyai \u00een management cultural (CIP)\u201d<\/span><\/p><p><span lang=\"ro\" style=\"color: #ffffff;\">Contract de finan\u021bare nr. OIPOSDRU NV 11466\/17.09.2020<\/span><\/p><p><span lang=\"ro\" style=\"color: #ffffff;\">Cod SMIS: 132253<\/span><\/p><p><span style=\"color: #ffffff;\">Pentru informa\u021bii detaliate despre celelate programe cofinan\u021bate de Uniunea European\u0103, v\u0103 invit\u0103m s\u0103 vizita\u021bi\u00a0<a style=\"color: #ffffff;\" href=\"http:\/\/www.fonduri-ue.ro\/\" target=\"_blank\" rel=\"noopener noreferrer\" data-auth=\"NotApplicable\" data-linkindex=\"1\">www.fonduri-ue.ro<\/a><\/span><\/p>\t\t\t\t\t\t\t\t<\/div>\n\t\t\t\t<\/div>\n\t\t\t\t\t<\/div>\n\t\t<\/div>\n\t\t\t\t\t<\/div>\n\t\t<\/section>\n\t\t\t\t<\/div>\n\t\t","protected":false},"excerpt":{"rendered":"<p>Facult\u0103\u021bi partenere Facultatea de Studii Europene Facultatea de Studii Europene este o structur\u0103 academic\u0103 \u00een cadrul Universit\u0103\u0163ii Babe\u0219-Bolyai din Cluj-Napoca. Facultatea de Studii Europene acord\u0103 diploma de stat pentru licen\u021bierea \u00een rela\u0163ii interna\u0163ionale \u015fi studii europene, domeniul rela\u021bii interna\u021bionale \u015fi studii europene, \u00een limbile rom\u00e2n\u0103, german\u0103 \u0219i englez\u0103, \u00een diploma\u021bie \u00een afaceri, domeniul rela\u021bii interna\u021bionale&hellip;&nbsp;<a href=\"https:\/\/sites.euro.ubbcluj.ro\/cip\/facultati-partenere\/\" rel=\"bookmark\">Read More &raquo;<span class=\"screen-reader-text\">Facult\u0103\u021bi partenere<\/span><\/a><\/p>\n","protected":false},"author":1,"featured_media":0,"parent":0,"menu_order":0,"comment_status":"closed","ping_status":"closed","template":"","meta":{"neve_meta_sidebar":"full-width","neve_meta_container":"full-width","neve_meta_enable_content_width":"on","neve_meta_content_width":100,"neve_meta_title_alignment":"","neve_meta_author_avatar":"","neve_post_elements_order":"","neve_meta_disable_header":"","neve_meta_disable_footer":"","neve_meta_disable_title":"on","footnotes":"","_links_to":"","_links_to_target":""},"class_list":["post-20","page","type-page","status-publish","hentry"],"_links":{"self":[{"href":"https:\/\/sites.euro.ubbcluj.ro\/cip\/wp-json\/wp\/v2\/pages\/20","targetHints":{"allow":["GET"]}}],"collection":[{"href":"https:\/\/sites.euro.ubbcluj.ro\/cip\/wp-json\/wp\/v2\/pages"}],"about":[{"href":"https:\/\/sites.euro.ubbcluj.ro\/cip\/wp-json\/wp\/v2\/types\/page"}],"author":[{"embeddable":true,"href":"https:\/\/sites.euro.ubbcluj.ro\/cip\/wp-json\/wp\/v2\/users\/1"}],"replies":[{"embeddable":true,"href":"https:\/\/sites.euro.ubbcluj.ro\/cip\/wp-json\/wp\/v2\/comments?post=20"}],"version-history":[{"count":0,"href":"https:\/\/sites.euro.ubbcluj.ro\/cip\/wp-json\/wp\/v2\/pages\/20\/revisions"}],"wp:attachment":[{"href":"https:\/\/sites.euro.ubbcluj.ro\/cip\/wp-json\/wp\/v2\/media?parent=20"}],"curies":[{"name":"wp","href":"https:\/\/api.w.org\/{rel}","templated":true}]}}