{"id":388,"date":"2020-12-16T15:36:29","date_gmt":"2020-12-16T15:36:29","guid":{"rendered":"http:\/\/sites.euro.ubbcluj.ro\/cip\/?page_id=388"},"modified":"2021-11-08T10:11:55","modified_gmt":"2021-11-08T10:11:55","slug":"grantt-cip","status":"publish","type":"page","link":"https:\/\/sites.euro.ubbcluj.ro\/cip\/grantt-cip\/","title":{"rendered":"Grantt CIP"},"content":{"rendered":"\t\t<div data-elementor-type=\"wp-page\" data-elementor-id=\"388\" class=\"elementor elementor-388\">\n\t\t\t\t\t\t<section class=\"elementor-section elementor-top-section elementor-element elementor-element-66e47323 elementor-section-height-min-height elementor-section-boxed elementor-section-height-default elementor-section-items-middle\" data-id=\"66e47323\" data-element_type=\"section\" data-e-type=\"section\" data-settings=\"{&quot;background_background&quot;:&quot;gradient&quot;}\">\n\t\t\t\t\t\t\t<div class=\"elementor-background-overlay\"><\/div>\n\t\t\t\t\t\t\t<div class=\"elementor-container elementor-column-gap-default\">\n\t\t\t\t\t<div class=\"elementor-column elementor-col-100 elementor-top-column elementor-element elementor-element-707c14f1\" data-id=\"707c14f1\" data-element_type=\"column\" data-e-type=\"column\">\n\t\t\t<div class=\"elementor-widget-wrap elementor-element-populated\">\n\t\t\t\t\t\t<div class=\"elementor-element elementor-element-43b9eeda elementor-widget elementor-widget-heading\" data-id=\"43b9eeda\" data-element_type=\"widget\" data-e-type=\"widget\" data-widget_type=\"heading.default\">\n\t\t\t\t<div class=\"elementor-widget-container\">\n\t\t\t\t\t<h1 class=\"elementor-heading-title elementor-size-default\">Diagrama Gantt <\/h1>\t\t\t\t<\/div>\n\t\t\t\t<\/div>\n\t\t\t\t\t<\/div>\n\t\t<\/div>\n\t\t\t\t\t<\/div>\n\t\t<\/section>\n\t\t\t\t<section class=\"elementor-section elementor-top-section elementor-element elementor-element-3135ec0a elementor-section-boxed elementor-section-height-default elementor-section-height-default\" data-id=\"3135ec0a\" data-element_type=\"section\" data-e-type=\"section\">\n\t\t\t\t\t\t<div class=\"elementor-container elementor-column-gap-default\">\n\t\t\t\t\t<div class=\"elementor-column elementor-col-50 elementor-top-column elementor-element elementor-element-2e6cd14f\" data-id=\"2e6cd14f\" data-element_type=\"column\" data-e-type=\"column\">\n\t\t\t<div class=\"elementor-widget-wrap elementor-element-populated\">\n\t\t\t\t\t\t<div class=\"elementor-element elementor-element-5ecb41ed elementor-widget elementor-widget-image\" data-id=\"5ecb41ed\" data-element_type=\"widget\" data-e-type=\"widget\" data-widget_type=\"image.default\">\n\t\t\t\t<div class=\"elementor-widget-container\">\n\t\t\t\t\t\t\t\t\t\t\t\t\t\t\t<img fetchpriority=\"high\" decoding=\"async\" width=\"300\" height=\"188\" src=\"https:\/\/sites.euro.ubbcluj.ro\/cip\/wp-content\/uploads\/2020\/10\/cropped-logo-pe-fond-transparent-300x188.jpeg\" class=\"attachment-medium size-medium wp-image-85\" alt=\"\" srcset=\"https:\/\/sites.euro.ubbcluj.ro\/cip\/wp-content\/uploads\/2020\/10\/cropped-logo-pe-fond-transparent-300x188.jpeg 300w, https:\/\/sites.euro.ubbcluj.ro\/cip\/wp-content\/uploads\/2020\/10\/cropped-logo-pe-fond-transparent-1024x641.jpeg 1024w, https:\/\/sites.euro.ubbcluj.ro\/cip\/wp-content\/uploads\/2020\/10\/cropped-logo-pe-fond-transparent-768x481.jpeg 768w, https:\/\/sites.euro.ubbcluj.ro\/cip\/wp-content\/uploads\/2020\/10\/cropped-logo-pe-fond-transparent.jpeg 1294w\" sizes=\"(max-width: 300px) 100vw, 300px\" \/>\t\t\t\t\t\t\t\t\t\t\t\t\t\t\t<\/div>\n\t\t\t\t<\/div>\n\t\t\t\t\t<\/div>\n\t\t<\/div>\n\t\t\t\t<div class=\"elementor-column elementor-col-50 elementor-top-column elementor-element elementor-element-650f5fad\" data-id=\"650f5fad\" data-element_type=\"column\" data-e-type=\"column\">\n\t\t\t<div class=\"elementor-widget-wrap elementor-element-populated\">\n\t\t\t\t\t\t<div class=\"elementor-element elementor-element-edcc85a elementor-widget elementor-widget-image\" data-id=\"edcc85a\" data-element_type=\"widget\" data-e-type=\"widget\" data-widget_type=\"image.default\">\n\t\t\t\t<div class=\"elementor-widget-container\">\n\t\t\t\t\t\t\t\t\t\t\t\t\t\t\t<img decoding=\"async\" width=\"768\" height=\"221\" src=\"https:\/\/sites.euro.ubbcluj.ro\/cip\/wp-content\/uploads\/2021\/11\/2560px-Logo_Universitatea_Babes-Bolyai.svg-768x221.png\" class=\"attachment-medium_large size-medium_large wp-image-1430\" alt=\"\" srcset=\"https:\/\/sites.euro.ubbcluj.ro\/cip\/wp-content\/uploads\/2021\/11\/2560px-Logo_Universitatea_Babes-Bolyai.svg-768x221.png 768w, https:\/\/sites.euro.ubbcluj.ro\/cip\/wp-content\/uploads\/2021\/11\/2560px-Logo_Universitatea_Babes-Bolyai.svg-300x86.png 300w, https:\/\/sites.euro.ubbcluj.ro\/cip\/wp-content\/uploads\/2021\/11\/2560px-Logo_Universitatea_Babes-Bolyai.svg-1024x295.png 1024w, https:\/\/sites.euro.ubbcluj.ro\/cip\/wp-content\/uploads\/2021\/11\/2560px-Logo_Universitatea_Babes-Bolyai.svg-1536x442.png 1536w, https:\/\/sites.euro.ubbcluj.ro\/cip\/wp-content\/uploads\/2021\/11\/2560px-Logo_Universitatea_Babes-Bolyai.svg-2048x590.png 2048w\" sizes=\"(max-width: 768px) 100vw, 768px\" \/>\t\t\t\t\t\t\t\t\t\t\t\t\t\t\t<\/div>\n\t\t\t\t<\/div>\n\t\t\t\t\t<\/div>\n\t\t<\/div>\n\t\t\t\t\t<\/div>\n\t\t<\/section>\n\t\t\t\t<section class=\"elementor-section elementor-top-section elementor-element elementor-element-6c1370a elementor-section-full_width elementor-section-height-default elementor-section-height-default\" data-id=\"6c1370a\" data-element_type=\"section\" data-e-type=\"section\">\n\t\t\t\t\t\t<div class=\"elementor-container elementor-column-gap-default\">\n\t\t\t\t\t<div class=\"elementor-column elementor-col-100 elementor-top-column elementor-element elementor-element-87a7b47\" data-id=\"87a7b47\" data-element_type=\"column\" data-e-type=\"column\">\n\t\t\t<div class=\"elementor-widget-wrap elementor-element-populated\">\n\t\t\t\t\t\t<div class=\"elementor-element elementor-element-2794299 elementor-widget elementor-widget-image\" data-id=\"2794299\" data-element_type=\"widget\" data-e-type=\"widget\" data-widget_type=\"image.default\">\n\t\t\t\t<div class=\"elementor-widget-container\">\n\t\t\t\t\t\t\t\t\t\t\t\t\t\t\t<img decoding=\"async\" src=\"https:\/\/sites.euro.ubbcluj.ro\/cip\/wp-content\/uploads\/2020\/12\/Gantt-CIP.png\" title=\"\" alt=\"\" loading=\"lazy\" \/>\t\t\t\t\t\t\t\t\t\t\t\t\t\t\t<\/div>\n\t\t\t\t<\/div>\n\t\t\t\t\t<\/div>\n\t\t<\/div>\n\t\t\t\t\t<\/div>\n\t\t<\/section>\n\t\t\t\t<section class=\"elementor-section elementor-top-section elementor-element elementor-element-76c0af72 elementor-section-full_width elementor-section-height-default elementor-section-height-default\" data-id=\"76c0af72\" data-element_type=\"section\" data-e-type=\"section\" data-settings=\"{&quot;background_background&quot;:&quot;classic&quot;}\">\n\t\t\t\t\t\t\t<div class=\"elementor-background-overlay\"><\/div>\n\t\t\t\t\t\t\t<div class=\"elementor-container elementor-column-gap-default\">\n\t\t\t\t\t<div class=\"elementor-column elementor-col-100 elementor-top-column elementor-element elementor-element-20993d46\" data-id=\"20993d46\" data-element_type=\"column\" data-e-type=\"column\">\n\t\t\t<div class=\"elementor-widget-wrap elementor-element-populated\">\n\t\t\t\t\t\t<div class=\"elementor-element elementor-element-6c885f58 elementor-widget elementor-widget-text-editor\" data-id=\"6c885f58\" data-element_type=\"widget\" data-e-type=\"widget\" data-widget_type=\"text-editor.default\">\n\t\t\t\t<div class=\"elementor-widget-container\">\n\t\t\t\t\t\t\t\t\t<div><span style=\"color: #ffffff;\">FONDUL SOCIAL EUROPEAN<\/span><\/div><div>\u00a0<\/div><p><span lang=\"ro\" style=\"color: #ffffff;\">Programul Opera\u0163ional Capital Uman 2014-2020<\/span><\/p><p><span lang=\"ro\" style=\"color: #ffffff;\">Axa prioritar\u0103 6 Educa\u021bie si competen\u021be<\/span><\/p><p><span lang=\"ro\" style=\"color: #ffffff;\">Cod apel: POCU\/626\/6\/13\/ Cre\u0219terea num\u0103rului absolven\u021bilor de \u00eenv\u0103\u021b\u0103m\u00e2nt ter\u021biar universitar \u0219i non-universitar care \u00ee\u021bi g\u0103sesc un loc de munc\u0103 urmare a accesului la activit\u0103\u021bi de \u00eenv\u0103\u021bare\/ cercetare\/ inovare la un poten\u021bial loc de munc\u0103, cu accent pe sectoarele economice cu poten\u021bial competitiv identificate conform SNC \u0219i domeniile de specializare inteligent\u0103 conform SNCDI<\/span><\/p><p><span lang=\"ro\" style=\"color: #ffffff;\">Beneficiar: Universitatea Babe\u0219-Bolyai<\/span><\/p><p><span lang=\"ro\" style=\"color: #ffffff;\">Titlul proiectului: \u201eCalitate \u0219i interdisciplinaritate \u00een practic\u0103 studen\u021bilor Universit\u0103\u021bii Babes-Bolyai \u00een management cultural (CIP)\u201d<\/span><\/p><p><span lang=\"ro\" style=\"color: #ffffff;\">Contract de finan\u021bare nr. OIPOSDRU NV 11466\/17.09.2020<\/span><\/p><p><span lang=\"ro\" style=\"color: #ffffff;\">Cod SMIS: 132253<\/span><\/p><p><span style=\"color: #ffffff;\">Pentru informa\u021bii detaliate despre celelate programe cofinan\u021bate de Uniunea European\u0103, v\u0103 invit\u0103m s\u0103 vizita\u021bi\u00a0<a style=\"color: #ffffff;\" href=\"http:\/\/www.fonduri-ue.ro\/\" target=\"_blank\" rel=\"noopener noreferrer\" data-auth=\"NotApplicable\" data-linkindex=\"1\">www.fonduri-ue.ro<\/a><\/span><\/p>\t\t\t\t\t\t\t\t<\/div>\n\t\t\t\t<\/div>\n\t\t\t\t\t<\/div>\n\t\t<\/div>\n\t\t\t\t\t<\/div>\n\t\t<\/section>\n\t\t\t\t<\/div>\n\t\t","protected":false},"excerpt":{"rendered":"<p>Diagrama Gantt FONDUL SOCIAL EUROPEAN\u00a0 Programul Opera\u0163ional Capital Uman 2014-2020 Axa prioritar\u0103 6 Educa\u021bie si competen\u021be Cod apel: POCU\/626\/6\/13\/ Cre\u0219terea num\u0103rului absolven\u021bilor de \u00eenv\u0103\u021b\u0103m\u00e2nt ter\u021biar universitar \u0219i non-universitar care \u00ee\u021bi g\u0103sesc un loc de munc\u0103 urmare a accesului la activit\u0103\u021bi de \u00eenv\u0103\u021bare\/ cercetare\/ inovare la un poten\u021bial loc de munc\u0103, cu accent pe sectoarele economice&hellip;&nbsp;<a href=\"https:\/\/sites.euro.ubbcluj.ro\/cip\/grantt-cip\/\" rel=\"bookmark\">Read More &raquo;<span class=\"screen-reader-text\">Grantt CIP<\/span><\/a><\/p>\n","protected":false},"author":1,"featured_media":0,"parent":0,"menu_order":0,"comment_status":"closed","ping_status":"closed","template":"","meta":{"neve_meta_sidebar":"full-width","neve_meta_container":"full-width","neve_meta_enable_content_width":"on","neve_meta_content_width":100,"neve_meta_title_alignment":"","neve_meta_author_avatar":"","neve_post_elements_order":"","neve_meta_disable_header":"","neve_meta_disable_footer":"","neve_meta_disable_title":"on","footnotes":"","_links_to":"","_links_to_target":""},"class_list":["post-388","page","type-page","status-publish","hentry"],"_links":{"self":[{"href":"https:\/\/sites.euro.ubbcluj.ro\/cip\/wp-json\/wp\/v2\/pages\/388","targetHints":{"allow":["GET"]}}],"collection":[{"href":"https:\/\/sites.euro.ubbcluj.ro\/cip\/wp-json\/wp\/v2\/pages"}],"about":[{"href":"https:\/\/sites.euro.ubbcluj.ro\/cip\/wp-json\/wp\/v2\/types\/page"}],"author":[{"embeddable":true,"href":"https:\/\/sites.euro.ubbcluj.ro\/cip\/wp-json\/wp\/v2\/users\/1"}],"replies":[{"embeddable":true,"href":"https:\/\/sites.euro.ubbcluj.ro\/cip\/wp-json\/wp\/v2\/comments?post=388"}],"version-history":[{"count":0,"href":"https:\/\/sites.euro.ubbcluj.ro\/cip\/wp-json\/wp\/v2\/pages\/388\/revisions"}],"wp:attachment":[{"href":"https:\/\/sites.euro.ubbcluj.ro\/cip\/wp-json\/wp\/v2\/media?parent=388"}],"curies":[{"name":"wp","href":"https:\/\/api.w.org\/{rel}","templated":true}]}}