{"id":107,"date":"2016-09-12T10:50:41","date_gmt":"2016-09-12T10:50:41","guid":{"rendered":"http:\/\/sites.euro.ubbcluj.ro\/diece2016\/?page_id=107"},"modified":"2016-09-12T10:50:41","modified_gmt":"2016-09-12T10:50:41","slug":"programme","status":"publish","type":"page","link":"https:\/\/sites.euro.ubbcluj.ro\/diece2016\/index.php\/programme\/","title":{"rendered":"Programme"},"content":{"rendered":"<p>&nbsp;<\/p>\n<p><strong>Thursday, April 14 \/ jeudi, le 14 avril<\/strong><\/p>\n<p>8.30-9.00 Registration \/ Enregistrement<\/p>\n<p>9.00-9.30 Welcome speeches \/ Discours inauguraux:<\/p>\n<p>Moderator\u00a0: Prof. Dr. Nicolae P\u0103un, Dean of the Faculty of European Studies<\/p>\n<ul>\n<li>Dr. Ioan-Aurel Pop, Rector of Babe\u015f-Bolyai University Cluj, Member of the Romanian Academy<\/li>\n<li>Dr. Sylvain Schirmann, University of Strasbourg<\/li>\n<li>Mark Donfried, Executive Director of the Institute for Cultural Diplomacy Berlin<\/li>\n<li>Representative of the Presidency of Romania \/ Repr\u00e9sentant de l\u2019Administration pr\u00e9sidentielle de Roumanie<\/li>\n<\/ul>\n<p>&nbsp;<\/p>\n<p>9.30-13.30 Opening panel \/ Panel inaugural: <strong><em>1989: The End of Europe\u2019s Division. A New Europe through Integration \/ 1989\u00a0: La fin de la division en Europe. Une nouvelle Europe par l\u2019int\u00e9gration<\/em><\/strong><\/p>\n<p>Chair \/ Pr\u00e9side: Prof. Dr. Ioan-Aurel Pop, Member of the Romanian Academy \/ Membre de la Academie Roumaine<\/p>\n<p>Proposed keynote speakers \/ Keynote speakers propos\u00e9s :<\/p>\n<ul>\n<li>Dr. Marie-Th\u00e9r\u00e8se BITSCH, Professor Emeritus, University of Strasbourg, Jean Monnet Chair<\/li>\n<li>Dr. Dr.h.c. Wilfried LOTH, Professor Emeritus, University of Duisburg Essen: <em>Entre angoisse et confiance: Comment la guerre froide a \u00e9t\u00e9 vaincue<\/em><\/li>\n<\/ul>\n<p>&nbsp;<\/p>\n<p>11.00-11.30 Coffee break \/ Pause-caf\u00e9<\/p>\n<p>&nbsp;<\/p>\n<ul>\n<li>Dr. Dr.h.c. G\u00e9rard BOSSUAT, Professor Emeritus, Universit\u00e9 de Cergy-Pontoise<\/li>\n<li>Reader Dr. Michael O\u2019NEILL, Nottingham Trent University, Jean Monnet Chair<\/li>\n<li>Dr. Dr.h.c. Antonio VARSORI, Chairman of the European Union Liaison Committee of Historians, University of Padua<\/li>\n<\/ul>\n<p>&nbsp;<\/p>\n<p>13.30-15.00 Lunch \/ D\u00e9jeuner<\/p>\n<p>&nbsp;<\/p>\n<p>15.00-18.00 Panel: <strong><em>Challenges to European Reconciliation: National Populism in Eastern and Central Europe \/ Provocations de la r\u00e9conciliation europ\u00e9enne\u00a0: le populisme national en Europe centrale et orientale<\/em><\/strong><\/p>\n<p>Chair \/ Pr\u00e9side:<\/p>\n<p>Contributors \/ Contributeurs:<\/p>\n<p>&nbsp;<\/p>\n<p>15.00-18.00 Panel: <strong><em>Communities and Borders in Eastern European Euro-region \/ Communaut\u00e9s et fronti\u00e8res dans l\u2019Euro-r\u00e9gion est-europ\u00e9enne<\/em><\/strong><\/p>\n<p>Chair \/ Pr\u00e9side:<\/p>\n<p>Contributors \/ Contributeurs:<\/p>\n<p>&nbsp;<\/p>\n<p>18.30 Cocktail<\/p>\n<p>&nbsp;<\/p>\n<p><strong>\u00a0<\/strong><\/p>\n<p><strong>Friday, April 15 \/ vendredi, le 15 avril<\/strong><\/p>\n<p>&nbsp;<\/p>\n<p>9.30-12.30 Panel: <strong><em>Franco-German Reconciliation, a Model \/ La r\u00e9conciliation franco-allemande, un mod\u00e8le <\/em><\/strong><\/p>\n<p>Chair \/ Pr\u00e9side: Prof. Dr. Marie-Th\u00e9r\u00e8se BITSCH<\/p>\n<p>Contributors \/ Contributeurs: \u00b7\u00a0\u00a0\u00a0\u00a0\u00a0\u00a0\u00a0\u00a0 Prof. Dr. Sylvain SCHIRMANN: Probl\u00e9matique g\u00e9n\u00e9rale \u00b7\u00a0\u00a0\u00a0\u00a0\u00a0\u00a0\u00a0\u00a0 Martial LIBERA: La coop\u00e9ration entre les Chambres de commerce fran\u00e7aises et allemandes\u00a0 \u00b7\u00a0\u00a0\u00a0\u00a0\u00a0\u00a0\u00a0\u00a0 Jean-Christophe MEYER: Sport et r\u00e9conciliation franco-allemande\u00a0 \u00b7\u00a0\u00a0\u00a0\u00a0\u00a0\u00a0\u00a0\u00a0 Corinne DEFRANCE: Les jumelages, vecteurs de la r\u00e9conciliation\u00a0\u00a0 \u00b7\u00a0\u00a0\u00a0\u00a0\u00a0\u00a0\u00a0\u00a0 Marion ABALLEA: Diplomates et rapprochement franco-allemand \u00b7\u00a0\u00a0\u00a0\u00a0\u00a0\u00a0\u00a0\u00a0 Birte WASSENBERG: La coop\u00e9ration transfrontali\u00e8re franco-allemande<\/p>\n<p>&nbsp;<\/p>\n<p>9.30-12.30 Panel: <strong><em>Governance and National (Re)Constructions at the Borders of Europe \/ Gouvernace et (re)constructions nationales aux fronti\u00e8res de l\u2019Europe<\/em><\/strong><\/p>\n<p>Chair \/ Pr\u00e9side:<\/p>\n<p>Contributors \/ Contributeurs:<\/p>\n<p>&nbsp;<\/p>\n<p>13.00-15.00 Lunch \/ D\u00e9jeuner<\/p>\n<p>&nbsp;<\/p>\n<p>15.00-18.00 Panel: <strong><em>Teaching National History without Hard Feelings? \/ Enseigner l\u2019histoire nationale sans ressentiments?<\/em><\/strong><\/p>\n<p>Chair \/ Pr\u00e9side:<\/p>\n<p>Contributors \/ Contributeurs:<\/p>\n<p>&nbsp;<\/p>\n<p>15.00-18.00 <strong><em>PhD Students\u2019 Panel \/ Panel pour les doctorants<\/em><\/strong><\/p>\n<p>Chair \/ Pr\u00e9side:<\/p>\n<p>Contributors \/ Contributeurs:<\/p>\n<p>&nbsp;<\/p>\n<p>18.00 <strong><em>Final remarks \/ Remarques finales<\/em><\/strong><\/p>\n<ul>\n<li>Dr. Vasile Pu\u015fca\u015f, former Minister of European Affairs of Romania and Chief Negotiator with the European Union<\/li>\n<\/ul>\n","protected":false},"excerpt":{"rendered":"<p>&nbsp; Thursday, April 14 \/ jeudi, le 14 avril 8.30-9.00 Registration \/ Enregistrement 9.00-9.30 Welcome speeches \/ Discours inauguraux: Moderator\u00a0: Prof. Dr. Nicolae P\u0103un, Dean of the Faculty of European Studies Dr. Ioan-Aurel Pop, Rector of Babe\u015f-Bolyai University Cluj, Member &hellip; <a href=\"https:\/\/sites.euro.ubbcluj.ro\/diece2016\/index.php\/programme\/\">Continue reading <span class=\"meta-nav\">&rarr;<\/span><\/a><\/p>\n","protected":false},"author":1,"featured_media":0,"parent":0,"menu_order":0,"comment_status":"closed","ping_status":"closed","template":"","meta":{"footnotes":""},"class_list":["post-107","page","type-page","status-publish","hentry"],"_links":{"self":[{"href":"https:\/\/sites.euro.ubbcluj.ro\/diece2016\/index.php\/wp-json\/wp\/v2\/pages\/107","targetHints":{"allow":["GET"]}}],"collection":[{"href":"https:\/\/sites.euro.ubbcluj.ro\/diece2016\/index.php\/wp-json\/wp\/v2\/pages"}],"about":[{"href":"https:\/\/sites.euro.ubbcluj.ro\/diece2016\/index.php\/wp-json\/wp\/v2\/types\/page"}],"author":[{"embeddable":true,"href":"https:\/\/sites.euro.ubbcluj.ro\/diece2016\/index.php\/wp-json\/wp\/v2\/users\/1"}],"replies":[{"embeddable":true,"href":"https:\/\/sites.euro.ubbcluj.ro\/diece2016\/index.php\/wp-json\/wp\/v2\/comments?post=107"}],"version-history":[{"count":2,"href":"https:\/\/sites.euro.ubbcluj.ro\/diece2016\/index.php\/wp-json\/wp\/v2\/pages\/107\/revisions"}],"predecessor-version":[{"id":109,"href":"https:\/\/sites.euro.ubbcluj.ro\/diece2016\/index.php\/wp-json\/wp\/v2\/pages\/107\/revisions\/109"}],"wp:attachment":[{"href":"https:\/\/sites.euro.ubbcluj.ro\/diece2016\/index.php\/wp-json\/wp\/v2\/media?parent=107"}],"curies":[{"name":"wp","href":"https:\/\/api.w.org\/{rel}","templated":true}]}}