{"id":123,"date":"2017-02-02T12:17:17","date_gmt":"2017-02-02T12:17:17","guid":{"rendered":"http:\/\/sites.euro.ubbcluj.ro\/diece2017\/?page_id=123"},"modified":"2017-10-01T05:24:58","modified_gmt":"2017-10-01T05:24:58","slug":"scientific-committee","status":"publish","type":"page","link":"https:\/\/sites.euro.ubbcluj.ro\/diece2017\/index.php\/scientific-committee\/","title":{"rendered":"Scientific Committee"},"content":{"rendered":"<blockquote>\n<h3><strong><em>Scientific committee<\/em><\/strong><\/h3>\n<\/blockquote>\n<ul>\n<li>Prof. Dr. Nicolae P\u0102UN, Babe\u0219-Bolyai University (Jean Monnet Chair)<\/li>\n<li>Prof. Dr. Francesco GUIDA, GUIDA, Universit\u00e0 degli Studi di Roma Tre<\/li>\n<li>Conf. Dr. Yves PALAU, Universit\u00e9 Paris-Est Cr\u00e9teil<\/li>\n<li>Prof. Dr. Dr.h.c. Antonio VARSORI, University of Padua, (Jean Monnet Chair)<\/li>\n<li>Prof. Dr. Dr.h.c. Wilfried LOTH, University of Duisburg-Essen (Jean Monnet Chair)<\/li>\n<li>Prof. Dr. Dr.h.c. G\u00e9rard BOSSUAT, University of Cergy-Pontoise (Jean Monnet Chair)<\/li>\n<li>Prof. Dr. Vasile PU\u0218CA\u0218, Babe\u0219-Bolyai University<\/li>\n<li>Conf. Dr. Valentin NAUMESCU, Babe\u0219-Bolyai University<\/li>\n<\/ul>\n<p>&nbsp;<\/p>\n<hr \/>\n<blockquote>\n<h3><strong><em>Organization Committee<\/em><\/strong><\/h3>\n<\/blockquote>\n<p>&nbsp;<\/p>\n<ul>\n<li>Prof. Dr. Nicolae P\u0102UN, Babe\u0219-Bolyai University (Jean Monnet Chair)<\/li>\n<li>Prof. Dr. Francesco GUIDA, GUIDA, Universit\u00e0 degli Studi di Roma Tre<\/li>\n<li>Prof. Dr. Vasile PU\u0218CA\u0218, Babe\u0219-Bolyai University<\/li>\n<li>Conf. Dr. Sergiu MI\u0218COIU, Babe\u0219-Bolyai University<\/li>\n<li>Conf. Dr. Adrian CORP\u0102DEAN, Babe\u0219-Bolyai University<\/li>\n<li>Researcher Dr. Oana POIAN\u0102, Babe\u0219-Bolyai University<\/li>\n<\/ul>\n","protected":false},"excerpt":{"rendered":"<p>Scientific committee Prof. Dr. Nicolae P\u0102UN, Babe\u0219-Bolyai University (Jean Monnet Chair) Prof. Dr. Francesco GUIDA, GUIDA, Universit\u00e0 degli Studi di Roma Tre Conf. Dr. Yves PALAU, Universit\u00e9 Paris-Est Cr\u00e9teil Prof. Dr. Dr.h.c. Antonio VARSORI, University of Padua, (Jean Monnet Chair) Prof. Dr. Dr.h.c. Wilfried LOTH, University of Duisburg-Essen (Jean Monnet Chair) Prof. Dr. Dr.h.c. G\u00e9rard &#8230; <a title=\"Scientific Committee\" class=\"read-more\" href=\"https:\/\/sites.euro.ubbcluj.ro\/diece2017\/index.php\/scientific-committee\/\">Read more<\/a><\/p>\n","protected":false},"author":1,"featured_media":0,"parent":0,"menu_order":0,"comment_status":"closed","ping_status":"closed","template":"","meta":{"footnotes":""},"class_list":["post-123","page","type-page","status-publish"],"_links":{"self":[{"href":"https:\/\/sites.euro.ubbcluj.ro\/diece2017\/index.php\/wp-json\/wp\/v2\/pages\/123","targetHints":{"allow":["GET"]}}],"collection":[{"href":"https:\/\/sites.euro.ubbcluj.ro\/diece2017\/index.php\/wp-json\/wp\/v2\/pages"}],"about":[{"href":"https:\/\/sites.euro.ubbcluj.ro\/diece2017\/index.php\/wp-json\/wp\/v2\/types\/page"}],"author":[{"embeddable":true,"href":"https:\/\/sites.euro.ubbcluj.ro\/diece2017\/index.php\/wp-json\/wp\/v2\/users\/1"}],"replies":[{"embeddable":true,"href":"https:\/\/sites.euro.ubbcluj.ro\/diece2017\/index.php\/wp-json\/wp\/v2\/comments?post=123"}],"version-history":[{"count":8,"href":"https:\/\/sites.euro.ubbcluj.ro\/diece2017\/index.php\/wp-json\/wp\/v2\/pages\/123\/revisions"}],"predecessor-version":[{"id":258,"href":"https:\/\/sites.euro.ubbcluj.ro\/diece2017\/index.php\/wp-json\/wp\/v2\/pages\/123\/revisions\/258"}],"wp:attachment":[{"href":"https:\/\/sites.euro.ubbcluj.ro\/diece2017\/index.php\/wp-json\/wp\/v2\/media?parent=123"}],"curies":[{"name":"wp","href":"https:\/\/api.w.org\/{rel}","templated":true}]}}