{"id":2,"date":"2018-10-25T14:38:08","date_gmt":"2018-10-25T14:38:08","guid":{"rendered":"http:\/\/sites.euro.ubbcluj.ro\/diece2018\/?page_id=2"},"modified":"2018-11-01T09:06:55","modified_gmt":"2018-11-01T09:06:55","slug":"sample-page","status":"publish","type":"page","link":"https:\/\/sites.euro.ubbcluj.ro\/diece2018\/index.php\/sample-page\/","title":{"rendered":"Programme"},"content":{"rendered":"<p><img loading=\"lazy\" decoding=\"async\" class=\"size-full wp-image-35 aligncenter\" src=\"http:\/\/sites.euro.ubbcluj.ro\/diece2018\/wp-content\/uploads\/2018\/06\/header_prog.jpg\" alt=\"\" width=\"760\" height=\"153\" srcset=\"https:\/\/sites.euro.ubbcluj.ro\/diece2018\/wp-content\/uploads\/2018\/06\/header_prog.jpg 760w, https:\/\/sites.euro.ubbcluj.ro\/diece2018\/wp-content\/uploads\/2018\/06\/header_prog-300x60.jpg 300w\" sizes=\"auto, (max-width: 760px) 100vw, 760px\" \/><\/p>\n<p>&nbsp;<\/p>\n<h3 style=\"text-align: center;\"><span style=\"color: #800000;\"><strong>Disintegration and Integration in East-Central Europe<\/strong><\/span><\/h3>\n<h3 style=\"text-align: center;\"><span style=\"color: #800000;\"><strong>Special edition: Totalitarian reverberations in East-Central Europe.<\/strong><\/span><\/h3>\n<h3 style=\"text-align: center;\"><span style=\"color: #800000;\"><strong>26-28 October 2018, Faculty of European Studies, Cluj-Napoca<\/strong><\/span><\/h3>\n<p>&nbsp;<\/p>\n<p>[su_box title= &#8220;Friday 26 October &#8221; color= &#8220;#303030&#8243; style=&#8221;glass&#8221; radius=&#8221;0&#8243;]<\/p>\n<p><strong>\u00a0<\/strong><\/p>\n<p><span style=\"color: #800000;\"><strong>9.30 \u2013 10.00 Opening speeches <\/strong><\/span><\/p>\n<ul style=\"list-style-type: square;\">\n<li><strong>Prof. Dr. Nicolae P\u0103un<\/strong> (Faculty of European Studies, Babe\u0219-Bolyai University) \u2013 <em>La Facult\u00e9 d&#8217;\u00e9tudes europ\u00e9ennes et ses recherches sur l&#8217;Europe centrale-orientale<\/em><\/li>\n<li><strong>Dr. Beata G\u00f3rka Winter<\/strong> (Centre for Europe University of Warsaw) &#8211; <em>The Centre for Europe: European<\/em><em> development within an interdisciplinary framework<\/em><\/li>\n<li><strong>Mihaela Bidilic\u0103<\/strong> (Ra\u021biu Centre for Democracy) \u2013 <em>Ra\u021biu Centre for Democracy: Relevance for Post-communist Romania<\/em><\/li>\n<\/ul>\n<p><strong>\u00a0<\/strong><span style=\"color: #800000;\"><strong>10.00 \u2013 10.30 Keynote Speech<\/strong><\/span><\/p>\n<ul style=\"list-style-type: square;\">\n<li><strong>Prof. em. Dr. Dr. h. c. mult. Reinhard Meyers<\/strong> (University of M\u00fcnster) &#8211; <em>Totalitarianism: antinomies and contradictions of a concept<\/em><\/li>\n<\/ul>\n<p><strong>\u00a0<\/strong><span style=\"color: #800000;\"><strong>11.00 \u2013 11.30 <\/strong>\u2013 <strong>Coffee break<\/strong><\/span><\/p>\n<p><strong>\u00a0<\/strong><span style=\"color: #800000;\"><strong>11.30 \u2013 13.00 \u2013 Narratives, Histories and Memories of Central and Eastern European Totalitarian Regimes <\/strong><\/span><\/p>\n<p>Moderator: <strong>Laura Her\u021ba (<\/strong>Faculty of European Studies, Babe\u0219-Bolyai University<strong>)<\/strong><\/p>\n<ul style=\"list-style-type: square;\">\n<li><strong>Cristian Manolachi<\/strong> (Faculty of History and Philosophy, Babe\u0219-Bolyai University and City Hall, Cluj-Napoca) &#8211; <em>Social and economic discrepancies in Romanian interwar society &#8211; a Perfect Storm for the Rise of the Far Right<\/em><\/li>\n<li><strong>Roxana Stoenescu<\/strong> (Faculty of European Studies, Babe\u0219-Bolyai University) &#8211; <em>From Dictatorship to National Communism<\/em><\/li>\n<li><strong>Antonela Gyongy<\/strong> (Faculty of European Studies, Babe\u0219-Bolyai University) &#8211; <em>Representations of the Communist Resistance in the Romanian Cinema<\/em><\/li>\n<li><strong>Iulia Ghidiu<\/strong> (Faculty of European Studies, Babe\u0219-Bolyai University) &#8211; <em>Communist and Post-communist Mythology of Salvation. Case study: Romania<\/em><\/li>\n<\/ul>\n<p><strong>\u00a0<\/strong><span style=\"color: #800000;\"><strong>13.00 \u2013 15.00 Lunch \u2013 Pyramid Restaurant<\/strong><\/span><\/p>\n<p><span style=\"color: #800000;\"><strong>15.00 \u2013 16.30 \u2013 <\/strong><strong>Contemporary Radicalism, Populism and Extremism in East-Central Europe<\/strong><\/span><\/p>\n<p>Moderator: <strong>Valentin Naumescu<\/strong> (Faculty of European Studies, Babe\u0219-Bolyai University)<\/p>\n<ul style=\"list-style-type: square;\">\n<li><strong>Vincent Henry<\/strong> (Universit\u00e9 Paris-Est), <strong>Sergiu Mi\u0219coiu<\/strong>, (Professeur des universit\u00e9s, Universit\u00e9 Babe\u0219-Bolyai) &#8211; \u00a0<em>La gouvernance europ\u00e9enne et ses al\u00e9as<\/em><\/li>\n<li><strong>Martin Brusis<\/strong> (Faculty of European Studies, Babe\u0219-Bolyai University and Ludwig-Maximilian University Munich) &#8211; <em>Can Responsiveness Substitute Accountability? Lessons from the Central and East European Laboratory of Populist Democracy<\/em><\/li>\n<li><strong>Mihnea Stoica<\/strong> (Faculty of Political, Administrative and Communication Sciences, Babe\u0219-Bolyai University) &#8211; <em>Voting for the Populist Radical Right in Eastern Europe. A Comparative Analysis<\/em><\/li>\n<li><strong>Raluca Moldovan<\/strong> (Faculty of European Studies, Babe\u0219-Bolyai University) &#8211; <em>The Rise of Contemporary Extreme Right in Europe and the Future of the EU<\/em><\/li>\n<\/ul>\n<p><strong>\u00a0<\/strong><span style=\"color: #800000;\"><strong>16.30 \u2013 17.00 \u2013 Coffee break<\/strong><\/span><\/p>\n<p><span style=\"color: #800000;\"><strong>\u00a0<\/strong><strong>17.00 \u2013 18.30 \u2013 Post-communist Transition in East-Central Europe<\/strong><\/span><\/p>\n<p>Moderator:<strong> Oana Poian\u0103<\/strong> (Faculty of European Studies, Babe\u0219-Bolyai University)<\/p>\n<ul style=\"list-style-type: square;\">\n<li><strong>Valentin Naumescu<\/strong> (Faculty of European Studies, Babe\u0219-Bolyai University) &#8211; <em>The Illiberal and \u201csovereigntist\u201d Approaches in East-Central Europe and the Risk of the EU division<\/em><\/li>\n<li><strong>Paula Mure\u0219an<\/strong> (Faculty of European Studies, Babe\u0219-Bolyai University) &#8211; <em>Le discours de l\u2019extr\u00eame droite en Roumanie apr\u00e8s 1989. <\/em><em>La Nouvelle Droite<\/em><\/li>\n<li><strong>Ovidiu Vaida<\/strong> (Faculty of European Studies, Babe\u0219-Bolyai University)<strong> &#8211; <\/strong><em>From Democracy to Illiberalism: The Case of Central and Eastern European Countries two Decades after the Dissolution of Communism<\/em><\/li>\n<li><strong>Liviu \u021a\u00eer\u0103u<\/strong> (Faculty of European Studies, Babe\u0219-Bolyai University)<strong> &#8211; <\/strong><em>Why Romania is European or not in the post-communist era<\/em><\/li>\n<li><strong>Alina Andreica<\/strong> (Faculty of European Studies, Babe\u0219-Bolyai University) &#8211; <em>Civic Organizations in New Media. Case Study on Ra\u021biu Center for Democracy\u00a0<\/em>[\/su_box]<\/li>\n<\/ul>\n<p>[su_box title= &#8220;Saturday 27 October &#8221; color= &#8220;#303030&#8243; style=&#8221;glass&#8221; radius=&#8221;0&#8243;]<\/p>\n<p><span style=\"color: #800000;\"><strong>10.00 \u2013 13.00 Room Robert Schuman \u2013 From exile to European integration<\/strong><\/span><\/p>\n<p>Moderators:<strong> Adrian Corp\u0103dean, Ana Pantea<\/strong> (Faculty of European Studies, Babe\u0219-Bolyai University)<\/p>\n<ul style=\"list-style-type: square;\">\n<li><strong>R\u0103zvan Samir Avram<\/strong> (Faculty of European Studies, Babe\u0219-Bolyai University) &#8211; <em>Populism in Western Europe post-Lisbon. Study cases: United Kingdom and France<\/em><\/li>\n<li><strong>Sandu Zsolt-Szilveszter<\/strong> (Faculty of European Studies, Babe\u0219-Bolyai University) &#8211; <em>European Union between Unilateralism and Multilateralism. A Glance over the Rise of European Populist Extremism<\/em><\/li>\n<li><strong>Assel Zholbaryssova<\/strong> (Faculty of European Studies, Babe\u0219-Bolyai University) &#8211; <em>US policy in Central Asia: opportunities and prospects<\/em><\/li>\n<li><strong>Andreea Stretea<\/strong> (Faculty of European Studies, Babe\u0219-Bolyai University) &#8211; <em>Between Communism and Europeanization. Romania and its White Collar Division face the EU<\/em><\/li>\n<li><strong>Maria Ioana Rus<\/strong> (Faculty of European Studies, Babe\u0219-Bolyai University) &#8211;<em> Romania\u2019s process of development and modernization on the agenda of high-level Romanian-Italian meetings (The XX-XXI centuries)<\/em><\/li>\n<li><strong>Kimberly Sok<\/strong> (Universit\u00e9 Paris Est Cr\u00e9teil) &#8211; <em>L&#8217;\u00e9puration de la Lib\u00e9ration en France<\/em><\/li>\n<li><strong>Xuejia Che<\/strong>, <strong>Xinyu Xu, Qian Liu<\/strong> (Zhejiang University of Science and Technology) &#8211; <em>Four New Inventions of China<\/em><\/li>\n<li><strong>Xueqi Zhao<\/strong>, <strong>Yuhan Zhang,<\/strong> Chu Liu (Zhejiang University of Science and Technology) &#8211; <em>Alipay<\/em><\/li>\n<li><strong>Yuan Shen<\/strong>, <strong>Xuechun Liu, Yiting Wang<\/strong> (Zhejiang University of Science and Technology) &#8211; <em>Double Festival<\/em><\/li>\n<li><strong>Gaudenzio Falcone, Ferdinando Cecere<\/strong> (Universit\u00e0 degli Studi della Campania \u201cLuigi Vanvitelli\u201d), <em>The Reasons why the Extremists won in Italy<\/em><\/li>\n<li><strong>Julie Sperduto<\/strong> (Universit\u00e9 Paris Est Cr\u00e9teil) &#8211; <em>Les\u00a0p\u00e9riodiques\u00a0fran\u00e7ais comme\u00a0h\u00e9ritage des violences\u00a0dans l&#8217;entre-deux-guerres<\/em><\/li>\n<li><strong>\u0218tefan Martinescu<\/strong> (&#8220;Lucian Blaga&#8221; Central University Library) \u2013 <em>Le syst\u00e8me p\u00e9nitencier en Roumanie durant la p\u00e9riode communiste<\/em><\/li>\n<li><strong>Andreea Bianca Urs<\/strong> (Faculty of European Studies, Babe\u0219-Bolyai University) &#8211; <em>La perception de l&#8217;UE en Europe centrale-orientale<\/em><\/li>\n<\/ul>\n<p><span style=\"color: #800000;\"><strong>\u00a0<\/strong><strong>10.00 \u2013 13.00 Room ICE (European Research Institute) \u2013<\/strong> <strong>From totalitarianism to democracy<\/strong><\/span><\/p>\n<p>Moderators: <strong>Raluca Moldovan and Ovidiu Vaida<\/strong> (Faculty of European Studies, Babe\u0219-Bolyai University)<\/p>\n<ul style=\"list-style-type: square;\">\n<li><strong>Kristina Heckel<\/strong> (Faculty of European Studies, Babe\u0219-Bolyai University) &#8211; <em>Europe\u2019s Illiberal States: Hungary and Poland turning away from democratic values<\/em><\/li>\n<li><strong>Anda Ghilescu<\/strong> (Faculty of European Studies, Babe\u0219-Bolyai University) &#8211; <em>Populism and the Psychological Crowd: Understanding the Appeal of the Populist Discourse in a Post-Communist Society <\/em><\/li>\n<li><strong>Simona S\u00eerbu<\/strong> (Faculty of European Studies, Babe\u0219-Bolyai University) &#8211; <em>Stages of Euroscepticism in the European Union<\/em><\/li>\n<li><strong>Cristian Mure\u0219an<\/strong> (Faculty of European Studies, Babe\u0219-Bolyai University) &#8211; <em>Kosovo&#8217;s Status from Tito to Milo\u0161evi\u0107<\/em><\/li>\n<li><strong>Cristina Zgureanu<\/strong> (Faculty of European Studies, Babe\u0219-Bolyai University) &#8211; <em>Totalitarian Societies in Dystopian Literature<\/em><\/li>\n<li><strong>\u0218tefania Cozma<\/strong>, (Faculty of European Studies, Babe\u0219-Bolyai University) &#8211; <em>The Rise of Populism: Romania, Hungary, and the Republic of Moldova<\/em><\/li>\n<li><strong>Dorina Vasilache<\/strong> (Faculty of European Studies, Babe\u0219-Bolyai University) &#8211; \u00a0<em>L&#8217;h\u00e9ritage de Staline apr\u00e8s la chute de l&#8217;Union sovi\u00e9tique en Russie<\/em><\/li>\n<li><strong>Raisa Tofan<\/strong> (Faculty of European Studies, Babe\u0219-Bolyai University) &#8211; <em>The influence of the Ukrainian conflict on public opinion in the Republic of Moldova through the local mass media<\/em><\/li>\n<li><strong>Mihai Cotorobai<\/strong> (Faculty of European Studies, Babe\u0219-Bolyai University) &#8211; <em>The Just War: development of the concept and its relevance today<\/em><\/li>\n<li><strong>Oana C\u0103l\u0103\u021bean<\/strong> (Faculty of European Studies, Babe\u0219-Bolyai University) &#8211; <em>The Kurdish Issue: a Milestone for the Democratisation of Iraq<\/em><\/li>\n<li><strong>Constantin Pl\u0103m\u0103deal\u0103<\/strong> (Faculty of European Studies, Babe\u0219-Bolyai University) &#8211; <em>The industrialization under the soviet regime<\/em><\/li>\n<li><strong>Balog Zsuzsanna<\/strong> (Faculty of European Studies, Babe\u0219-Bolyai University) &#8211; <em>Minorities in the European Union<\/em><\/li>\n<li><strong>Nagy-Tam\u00e1s Norbert<\/strong> (Faculty of European Studies, Babe\u0219-Bolyai University) &#8211; <em>Hungary&#8217;s Position within the European Union regarding the Immigration Issue\u00a0<\/em>[\/su_box]<\/li>\n<\/ul>\n<p>[su_box title= &#8220;Sunday 28 October &#8221; color= &#8220;#303030&#8243; style=&#8221;glass&#8221; radius=&#8221;0&#8243;]<\/p>\n<p><strong><span style=\"color: #800000;\">11.00 \u2013 14.00 &#8211; Guided tour to Ra\u021biu Centre for Democracy (Turda) and to the Museum of History (Turda)<\/span><\/strong><\/p>\n<p>Closing session: Indrei Ra\u021biu (Ra\u021biu Centre for Democracy) \u2013 <em>Ion Ra\u021biu\u2019s Exile Experience and the Struggle against Romanian Communism <\/em><em>\u00a0<\/em>[\/su_box]<\/p>\n","protected":false},"excerpt":{"rendered":"<p>&nbsp; Disintegration and Integration in East-Central Europe Special edition: Totalitarian reverberations in East-Central Europe. 26-28 October 2018, Faculty of European Studies, Cluj-Napoca &nbsp; [su_box title= &#8220;Friday 26 October &#8221; color= &#8220;#303030&#8243; style=&#8221;glass&#8221; radius=&#8221;0&#8243;] \u00a0 9.30 \u2013 10.00 Opening speeches Prof. Dr. Nicolae P\u0103un (Faculty of European Studies, Babe\u0219-Bolyai University) \u2013 La Facult\u00e9 d&#8217;\u00e9tudes europ\u00e9ennes et ses recherches sur l&#8217;Europe centrale-orientale Dr. Beata G\u00f3rka Winter (Centre for Europe University of Warsaw) &#8211; The Centre for Europe:&hellip; <\/p>\n","protected":false},"author":1,"featured_media":0,"parent":0,"menu_order":0,"comment_status":"closed","ping_status":"open","template":"","meta":{"footnotes":""},"class_list":["post-2","page","type-page","status-publish","hentry"],"_links":{"self":[{"href":"https:\/\/sites.euro.ubbcluj.ro\/diece2018\/index.php\/wp-json\/wp\/v2\/pages\/2","targetHints":{"allow":["GET"]}}],"collection":[{"href":"https:\/\/sites.euro.ubbcluj.ro\/diece2018\/index.php\/wp-json\/wp\/v2\/pages"}],"about":[{"href":"https:\/\/sites.euro.ubbcluj.ro\/diece2018\/index.php\/wp-json\/wp\/v2\/types\/page"}],"author":[{"embeddable":true,"href":"https:\/\/sites.euro.ubbcluj.ro\/diece2018\/index.php\/wp-json\/wp\/v2\/users\/1"}],"replies":[{"embeddable":true,"href":"https:\/\/sites.euro.ubbcluj.ro\/diece2018\/index.php\/wp-json\/wp\/v2\/comments?post=2"}],"version-history":[{"count":9,"href":"https:\/\/sites.euro.ubbcluj.ro\/diece2018\/index.php\/wp-json\/wp\/v2\/pages\/2\/revisions"}],"predecessor-version":[{"id":104,"href":"https:\/\/sites.euro.ubbcluj.ro\/diece2018\/index.php\/wp-json\/wp\/v2\/pages\/2\/revisions\/104"}],"wp:attachment":[{"href":"https:\/\/sites.euro.ubbcluj.ro\/diece2018\/index.php\/wp-json\/wp\/v2\/media?parent=2"}],"curies":[{"name":"wp","href":"https:\/\/api.w.org\/{rel}","templated":true}]}}