{"id":51,"date":"2018-06-15T05:33:03","date_gmt":"2018-06-15T05:33:03","guid":{"rendered":"http:\/\/sites.euro.ubbcluj.ro\/diece2018\/?page_id=51"},"modified":"2018-11-01T09:35:46","modified_gmt":"2018-11-01T09:35:46","slug":"list-of-contributors","status":"publish","type":"page","link":"https:\/\/sites.euro.ubbcluj.ro\/diece2018\/index.php\/list-of-contributors\/","title":{"rendered":"List of Contributors"},"content":{"rendered":"<blockquote>\n<h2 style=\"text-align: center;\"><span style=\"font-size: 14pt;\"><strong>FI\u0218A PARTICIPAN\u021aILOR<\/strong><\/span><\/h2>\n<\/blockquote>\n<p>&nbsp;<\/p>\n<p>La conferin\u021ba interna\u021bional\u0103 \u201eReverbera\u021bii totalitare \u00een Europa Central\u0103 \u0219i de Est\u201d (edi\u021bie special\u0103 Dezintegrare \u015fi Integrare \u00een Europa Central\u0103 \u015fi de Est &#8211; DIECE) organizat\u0103 de c\u0103tre Universitatea \u201eBabe\u0219-Bolyai\u201d Cluj-Napoca, Facultatea de Studii Europene. Conferin\u021ba se desf\u0103\u0219ar\u0103 la sediul Facult\u0103\u021bii de Studii Europene (Strada Emmanuel de Martonne nr. 1,Cluj-Napoca) \u00een perioada 26-28 Octombrie 2018.<\/p>\n<blockquote>\n<h2 style=\"text-align: center;\"><span style=\"font-size: 14pt;\"><strong>\u00a0<\/strong><strong>SHEET OF PARTICIPANTS <\/strong><\/span><\/h2>\n<\/blockquote>\n<p>&nbsp;<\/p>\n<p>At the international conference \u201cTotalitarian reverberations in East-Central Europe\u201d (Special edition Disintegration and Integration in Central East Europe &#8211; DIECE), organized by \u2019\u2019Babe\u0219-Bolyai\u201d University Cluj-Napoca, Faculty of European Studies. The conference takes place at the Faculty of European Studies (Emmanuel de Martonne Street, no. 1, Cluj-Napoca) 26th-28<sup>th<\/sup> of October 2018.<\/p>\n<p>[su_table responsive=&#8221;yes&#8221;]<\/p>\n<table width=\"917\">\n<tbody>\n<tr>\n<td width=\"47\"><strong>Nr. Crt.<\/strong><\/td>\n<td colspan=\"2\" width=\"170\"><strong>Numele \u015fi prenumele<\/strong><\/p>\n<p><strong>Name and surname<\/strong><\/td>\n<td width=\"302\"><strong>Afilierea\/ Titlul \u015ftiin\u0163ific<\/strong><\/p>\n<p><strong>Affiliation\/ Scientific title<\/strong><\/td>\n<td width=\"246\"><strong>E-mail<\/strong><\/td>\n<td width=\"151\"><strong>Semn\u0103tura<\/strong><\/p>\n<p><strong>Signature<\/strong><\/td>\n<\/tr>\n<tr>\n<td width=\"47\">1.<\/td>\n<td width=\"168\">Andreica, Alina<\/td>\n<td colspan=\"2\" width=\"304\">Conf. dr. Faculty of European Studies, Babe\u0219-Bolyai University, Romania<\/td>\n<td width=\"246\">alina.andreica@ubbcluj.ro<\/td>\n<td width=\"151\"><\/td>\n<\/tr>\n<tr>\n<td width=\"47\">2.<\/td>\n<td width=\"168\">Avram, R\u0103zvan Samir<\/td>\n<td colspan=\"2\" width=\"304\">PhD candidate Faculty of European Studies, Babe\u0219-Bolyai University, Romania<\/td>\n<td width=\"246\">avramrazvan94@yahoo.com<\/td>\n<td width=\"151\"><\/td>\n<\/tr>\n<tr>\n<td width=\"47\">3.<\/td>\n<td width=\"168\">Balog, Zsuzsanna<\/td>\n<td colspan=\"2\" width=\"304\">MA student, Faculty of European Studies, Babe\u0219-Bolyai University, Romania<\/td>\n<td width=\"246\">zsuzsannabalog99@gmail.com<\/td>\n<td width=\"151\"><\/td>\n<\/tr>\n<tr>\n<td width=\"47\">4.<\/td>\n<td width=\"168\">Bidilic\u0103, Mihaela<\/td>\n<td colspan=\"2\" width=\"304\">Ra\u021biu Centre for Democracy, Romania<\/p>\n<p>&nbsp;<\/td>\n<td width=\"246\">mihaelabidilica@gmail.com<\/td>\n<td width=\"151\"><\/td>\n<\/tr>\n<tr>\n<td width=\"47\">5.<\/td>\n<td width=\"168\">Brusis, Martin<\/td>\n<td colspan=\"2\" width=\"304\">Conf. dr. Faculty of European Studies, Babe\u0219-Bolyai University and Ludwig-Maximilian University Munich, Germany<\/p>\n<p>&nbsp;<\/td>\n<td width=\"246\">brusis@daad.ro<\/td>\n<td width=\"151\"><\/td>\n<\/tr>\n<tr>\n<td width=\"47\">6.<\/td>\n<td width=\"168\">C\u0103l\u0103\u021bean, Oana<\/td>\n<td colspan=\"2\" width=\"304\">MA student, Faculty of European Studies, Babe\u0219-Bolyai University, Romania<\/td>\n<td width=\"246\">oana_96cl@yahoo.com<\/td>\n<td width=\"151\"><\/td>\n<\/tr>\n<tr>\n<td width=\"47\">7.<\/td>\n<td width=\"168\">Cecere, Ferdinando<\/td>\n<td colspan=\"2\" width=\"304\">MA student, Universit\u00e0 degli Studi della Campania \u201cLuigi Vanvitelli\u201d, Italy<\/td>\n<td width=\"246\">ferdinando.cecere93@gmail.com<\/td>\n<td width=\"151\"><\/td>\n<\/tr>\n<tr>\n<td width=\"47\">8.<\/td>\n<td width=\"168\">Chu, Liu<\/td>\n<td colspan=\"2\" width=\"304\">MA student, Zhejiang University of Science and Technology, China<\/td>\n<td width=\"246\">964161780@qq.com<\/td>\n<td width=\"151\"><\/td>\n<\/tr>\n<tr>\n<td width=\"47\">9.<\/td>\n<td width=\"168\">Corp\u0103dean, Adrian<\/td>\n<td colspan=\"2\" width=\"304\">Conf. dr. Faculty of European Studies, Babe\u0219-Bolyai University, Romania<\/td>\n<td width=\"246\">adi_corpadean@yahoo.com<\/td>\n<td width=\"151\"><\/td>\n<\/tr>\n<tr>\n<td width=\"47\">10.<\/td>\n<td width=\"168\">Cotorobai, Mihai<\/td>\n<td colspan=\"2\" width=\"304\">MA student, Faculty of European Studies, Babe\u0219-Bolyai University, Romania<\/td>\n<td width=\"246\">mihai.cotorobai96@gmail.com<\/td>\n<td width=\"151\"><\/td>\n<\/tr>\n<tr>\n<td width=\"47\">11.<\/td>\n<td width=\"168\">Cozma, \u0218tefania<\/td>\n<td colspan=\"2\" width=\"304\">MA student, Faculty of European Studies, Babe\u0219-Bolyai University, Romania<\/td>\n<td width=\"246\">stefaniacozma2@gmail.com<\/td>\n<td width=\"151\"><\/td>\n<\/tr>\n<tr>\n<td width=\"47\">12.<\/td>\n<td width=\"168\">Falcone, Gaudenzio<\/td>\n<td colspan=\"2\" width=\"304\">MA student, Universit\u00e0 degli Studi della Campania \u201cLuigi Vanvitelli\u201d, Italy<\/td>\n<td width=\"246\">gaudenziofalcone1996@gmail.com<\/td>\n<td width=\"151\"><\/td>\n<\/tr>\n<tr>\n<td width=\"47\">13.<\/td>\n<td width=\"168\">Ghidiu, Iulia<\/td>\n<td colspan=\"2\" width=\"304\">PhD candidate, Faculty of European Studies, Babe\u0219-Bolyai University Romania<\/p>\n<p>&nbsp;<\/td>\n<td width=\"246\">iulia_anamaria_g@yahoo.com<\/td>\n<td width=\"151\"><\/td>\n<\/tr>\n<tr>\n<td width=\"47\">14.<\/td>\n<td width=\"168\">Ghilescu, Anda<\/td>\n<td colspan=\"2\" width=\"304\">MA student, Faculty of European Studies, Babe\u0219-Bolyai University, Romania<\/td>\n<td width=\"246\">andaghilescu@gmail.com<\/td>\n<td width=\"151\"><\/td>\n<\/tr>\n<tr>\n<td width=\"47\">15.<\/td>\n<td width=\"168\">Gyongy, Antonela<\/td>\n<td colspan=\"2\" width=\"304\">Dr. Faculty of European Studies, Babe\u0219-Bolyai University Romania<\/p>\n<p>&nbsp;<\/td>\n<td width=\"246\">gy_antonela@yahoo.com<\/td>\n<td width=\"151\"><\/td>\n<\/tr>\n<tr>\n<td width=\"47\">16.<\/td>\n<td width=\"168\">Heckel, Kristina<\/td>\n<td colspan=\"2\" width=\"304\">MA student, Faculty of European Studies, Babe\u0219-Bolyai University, Romania<\/td>\n<td width=\"246\">kristinaheckel10@gmail.com<\/td>\n<td width=\"151\"><\/td>\n<\/tr>\n<tr>\n<td width=\"47\">17.<\/td>\n<td width=\"168\">Henry, Vincent<\/td>\n<td colspan=\"2\" width=\"304\">PhD candidate, Universit\u00e9 Paris-Est, France<\/p>\n<p>&nbsp;<\/td>\n<td width=\"246\">vincent_henry0@hotmail.com<\/td>\n<td width=\"151\"><\/td>\n<\/tr>\n<tr>\n<td width=\"47\">18.<\/td>\n<td width=\"168\">Her\u021ba, Laura Maria<\/td>\n<td colspan=\"2\" width=\"304\">Conf. dr. Faculty of European Studies, Babe\u0219-Bolyai University, Romania<\/td>\n<td width=\"246\">laura.herta@ubbcluj.ro<\/td>\n<td width=\"151\"><\/td>\n<\/tr>\n<tr>\n<td width=\"47\">19.<\/td>\n<td width=\"168\">Manolachi, Cristian<\/p>\n<p>&nbsp;<\/td>\n<td colspan=\"2\" width=\"304\">Dr. Faculty of History and Philosophy, Babes-Bolyai University and City Hall, Cluj-Napoca<\/p>\n<p>&nbsp;<\/td>\n<td width=\"246\">cristian_manolachi@yahoo.com<\/p>\n<p>&nbsp;<\/td>\n<td width=\"151\"><\/td>\n<\/tr>\n<tr>\n<td width=\"47\">20.<\/td>\n<td width=\"168\">Martinescu, \u0218tefan<\/td>\n<td colspan=\"2\" width=\"304\">&#8220;Lucian Blaga&#8221; Central University Library<\/td>\n<td width=\"246\">martinescu_st@yahoo.com<\/td>\n<td width=\"151\"><\/td>\n<\/tr>\n<tr>\n<td width=\"47\">21.<\/td>\n<td width=\"168\">Meyers, Reinhard<\/td>\n<td colspan=\"2\" width=\"304\">Prof. em. Dr. Dr. h. c. mult. (University of M\u00fcnster)<\/p>\n<p>&nbsp;<\/td>\n<td width=\"246\">meyersr@uni-muenster.de<\/td>\n<td width=\"151\"><\/td>\n<\/tr>\n<tr>\n<td width=\"47\">22.<\/td>\n<td width=\"168\">Mi\u0219coiu, Sergiu<\/td>\n<td colspan=\"2\" width=\"304\">Prof. dr. Faculty of European Studies, Babe\u0219-Bolyai University Romania<\/p>\n<p>&nbsp;<\/td>\n<td width=\"246\">miscoiu@yahoo.com<\/td>\n<td width=\"151\"><\/td>\n<\/tr>\n<tr>\n<td width=\"47\">23.<\/td>\n<td width=\"168\">Moldovan, Raluca<\/td>\n<td colspan=\"2\" width=\"304\">Lect. dr. Faculty of European Studies, Babe\u0219-Bolyai University, Romania<\/td>\n<td width=\"246\">ralu_moldovan@yahoo.com<\/td>\n<td width=\"151\"><\/td>\n<\/tr>\n<tr>\n<td width=\"47\">24.<\/td>\n<td width=\"168\">Mure\u0219an, Cristian<\/td>\n<td colspan=\"2\" width=\"304\">MA student, Faculty of European Studies, Babe\u0219-Bolyai University, Romania<\/td>\n<td width=\"246\">cristianmuresan96@gmail.com<\/td>\n<td width=\"151\"><\/td>\n<\/tr>\n<tr>\n<td width=\"47\">25.<\/td>\n<td width=\"168\">Mure\u0219an, Paula<\/td>\n<td colspan=\"2\" width=\"304\">Lect. dr. Faculty of European Studies, Babe\u0219-Bolyai University, Romania<\/p>\n<p>&nbsp;<\/td>\n<td width=\"246\">muresanap@yahoo.com<\/td>\n<td width=\"151\"><\/td>\n<\/tr>\n<tr>\n<td width=\"47\">26.<\/td>\n<td width=\"168\">Nagy-Tam\u00e1s, Norbert<\/td>\n<td colspan=\"2\" width=\"304\">MA student, Faculty of European Studies, Babe\u0219-Bolyai University, Romania<\/td>\n<td width=\"246\">ntnorbi@yahoo.com<\/td>\n<td width=\"151\"><\/td>\n<\/tr>\n<tr>\n<td width=\"47\">27.<\/td>\n<td width=\"168\">Naumescu, Valentin<\/td>\n<td colspan=\"2\" width=\"304\">Conf. dr. Faculty of European Studies, Babe\u0219- Bolyai University, Romania<\/p>\n<p>&nbsp;<\/td>\n<td width=\"246\">vnaumescu@yahoo.com<\/td>\n<td width=\"151\"><\/td>\n<\/tr>\n<tr>\n<td width=\"47\">28.<\/td>\n<td width=\"168\">Pantea, Ana<\/td>\n<td colspan=\"2\" width=\"304\">Lect. dr. Faculty of European Studies, Babe\u0219-Bolyai University, Romania<\/p>\n<p>&nbsp;<\/td>\n<td width=\"246\">anapantea@yahoo.com<\/td>\n<td width=\"151\"><\/td>\n<\/tr>\n<tr>\n<td width=\"47\">29.<\/td>\n<td width=\"168\">P\u0103un, Nicolae<\/td>\n<td colspan=\"2\" width=\"304\">Professor, PhD, Babe\u015f-Bolyai University, Faculty of European Studies, Cluj-Napoca, Romania<\/td>\n<td width=\"246\">nicolae.paun@ubbcluj.ro<\/td>\n<td width=\"151\"><\/td>\n<\/tr>\n<tr>\n<td width=\"47\">30.<\/td>\n<td width=\"168\">Pl\u0103m\u0103deal\u0103, Constantin<\/td>\n<td colspan=\"2\" width=\"304\">MA student, Faculty of European Studies, Babe\u0219-Bolyai University, Romania<\/td>\n<td width=\"246\">constantinp91@mail.ru<\/td>\n<td width=\"151\"><\/td>\n<\/tr>\n<tr>\n<td width=\"47\">31.<\/td>\n<td width=\"168\">Poian\u0103, Oana<\/td>\n<td colspan=\"2\" width=\"304\">Dr. Researcher, Institute for European Research, Faculty of European Studies, Romania<\/p>\n<p>&nbsp;<\/td>\n<td width=\"246\">poiana.oana@ubbcluj.ro<\/td>\n<td width=\"151\"><\/td>\n<\/tr>\n<tr>\n<td width=\"47\">32.<\/td>\n<td width=\"168\">Qian, Liu<\/td>\n<td colspan=\"2\" width=\"304\">MA student, Zhejiang University of Science and Technology, China<\/td>\n<td width=\"246\">1286293030@qq.com<\/td>\n<td width=\"151\"><\/td>\n<\/tr>\n<tr>\n<td width=\"47\">33.<\/td>\n<td width=\"168\">Ra\u021biu, Indrei<\/td>\n<td colspan=\"2\" width=\"304\">Ra\u021biu Centre for Democracy, Romania<\/p>\n<p>&nbsp;<\/td>\n<td width=\"246\">indrei.ratiu@ratiudemocracycenter.org<\/p>\n<p>&nbsp;<\/td>\n<td width=\"151\"><\/td>\n<\/tr>\n<tr>\n<td width=\"47\">34.<\/td>\n<td width=\"168\">Rus, Maria Ioana<\/td>\n<td colspan=\"2\" width=\"304\">PhD candidate Faculty of European Studies, Babe\u0219-Bolyai University, Romania<\/td>\n<td width=\"246\">mariaioanarus931@gmail.com<\/p>\n<p>&nbsp;<\/td>\n<td width=\"151\"><\/td>\n<\/tr>\n<tr>\n<td width=\"47\">35.<\/td>\n<td width=\"168\">Sandu, Zsolt-Szilveszter<\/td>\n<td colspan=\"2\" width=\"304\">PhD candidate Faculty of European Studies, Babe\u0219-Bolyai University, Romania<\/td>\n<td width=\"246\">sandu.szilveszter@gmail.com<\/td>\n<td width=\"151\"><\/td>\n<\/tr>\n<tr>\n<td width=\"47\">36.<\/td>\n<td width=\"168\">S\u00eerbu, Simona<\/td>\n<td colspan=\"2\" width=\"304\">MA student, Faculty of European Studies, Babe\u0219-Bolyai University, Romania<\/td>\n<td width=\"246\">simona_sirbu19@yahoo.com<\/td>\n<td width=\"151\"><\/td>\n<\/tr>\n<tr>\n<td width=\"47\">37.<\/td>\n<td width=\"168\">Sok, Kimberly<\/td>\n<td colspan=\"2\" width=\"304\">Universit\u00e9 Paris Est Cr\u00e9teil<\/p>\n<p>&nbsp;<\/td>\n<td width=\"246\">s.kiimberley@gmail.com<\/td>\n<td width=\"151\"><\/td>\n<\/tr>\n<tr>\n<td width=\"47\">38.<\/td>\n<td width=\"168\">Sperduto, Julie<\/td>\n<td colspan=\"2\" width=\"304\">Universit\u00e9 Paris Est Cr\u00e9teil, France<\/p>\n<p>&nbsp;<\/td>\n<td width=\"246\">juli44360@gmail.com<\/td>\n<td width=\"151\"><\/td>\n<\/tr>\n<tr>\n<td width=\"47\">39.<\/td>\n<td width=\"168\">\u00a0Stoenescu, Roxana<\/td>\n<td colspan=\"2\" width=\"304\">Dr. Faculty of European Studies, Babe\u0219-Bolyai University Romania<\/p>\n<p>&nbsp;<\/td>\n<td width=\"246\">lenasvincent@yahoo.com<\/td>\n<td width=\"151\"><\/td>\n<\/tr>\n<tr>\n<td width=\"47\">40.<\/td>\n<td width=\"168\">Stoica, Mihnea<\/td>\n<td colspan=\"2\" width=\"304\">Lect. dr., Faculty of Political, Administrative and Communication Sciences, Babe\u0219-Bolyai University, Romania<\/td>\n<td width=\"246\">stoica@fspac.ro<\/p>\n<p>&nbsp;<\/td>\n<td width=\"151\"><\/td>\n<\/tr>\n<tr>\n<td width=\"47\">41.<\/td>\n<td width=\"168\">Stretea, Andreea<\/td>\n<td colspan=\"2\" width=\"304\">PhD candidate Faculty of European Studies, Babe\u0219-Bolyai University, Romania<\/td>\n<td width=\"246\">andreea_stretea@yahoo.com<\/td>\n<td width=\"151\"><\/td>\n<\/tr>\n<tr>\n<td width=\"47\">42.<\/td>\n<td width=\"168\">\u021a\u00eer\u0103u, Liviu<\/td>\n<td colspan=\"2\" width=\"304\">Conf. dr. Faculty of European Studies, Babe\u0219-Bolyai University, Romania<\/td>\n<td width=\"246\">ltirau@yahoo.com<\/td>\n<td width=\"151\"><\/td>\n<\/tr>\n<tr>\n<td width=\"47\">43.<\/td>\n<td width=\"168\">Tofan, Raisa<\/td>\n<td colspan=\"2\" width=\"304\">MA student, Faculty of European Studies, Babe\u0219-Bolyai University, Romania<\/td>\n<td width=\"246\">raiatofan@yahoo.com<\/td>\n<td width=\"151\"><\/td>\n<\/tr>\n<tr>\n<td width=\"47\">44.<\/td>\n<td width=\"168\">Urs, Andreea Bianca<\/td>\n<td colspan=\"2\" width=\"304\">MA student, Faculty of European Studies, Babe\u0219-Bolyai University, Romania<\/td>\n<td width=\"246\">andreea_bianca46@yahoo.com<\/td>\n<td width=\"151\"><\/td>\n<\/tr>\n<tr>\n<td width=\"47\">45.<\/td>\n<td width=\"168\">Vaida, Ovidiu<\/td>\n<td colspan=\"2\" width=\"304\">Lect. dr. Faculty of European Studies, Babe\u0219-Bolyai University, Romania<\/p>\n<p>&nbsp;<\/td>\n<td width=\"246\">ovidiuvaida@yahoo.com<\/td>\n<td width=\"151\"><\/td>\n<\/tr>\n<tr>\n<td width=\"47\">46.<\/td>\n<td width=\"168\">Vasilache, Dorina<\/td>\n<td colspan=\"2\" width=\"304\">MA student, Faculty of European Studies, Babe\u0219-Bolyai University, Romania<\/td>\n<td width=\"246\">dorina.vasilache17@gmail.com<\/td>\n<td width=\"151\"><\/td>\n<\/tr>\n<tr>\n<td width=\"47\">47.<\/td>\n<td width=\"168\">Winter, Beata G\u00f3rka<\/td>\n<td colspan=\"2\" width=\"304\">Dr., Centre for Europe University of Warsaw, Poland<\/td>\n<td width=\"246\">beatajgwinter@gmail.com<\/p>\n<p>&nbsp;<\/td>\n<td width=\"151\"><\/td>\n<\/tr>\n<tr>\n<td width=\"47\">48.<\/td>\n<td width=\"168\">Xinyu, Xu<\/td>\n<td colspan=\"2\" width=\"304\">MA student, Zhejiang University of Science and Technology, China<\/td>\n<td width=\"246\">504941025@qq.com<\/td>\n<td width=\"151\"><\/td>\n<\/tr>\n<tr>\n<td width=\"47\">49.<\/td>\n<td width=\"168\">Xuechun, Liu<\/td>\n<td colspan=\"2\" width=\"304\">MA student, Zhejiang University of Science and Technology, China<\/td>\n<td width=\"246\">617853144@qq.com<\/td>\n<td width=\"151\"><\/td>\n<\/tr>\n<tr>\n<td width=\"47\">50.<\/td>\n<td width=\"168\">Xuejia, Che<\/td>\n<td colspan=\"2\" width=\"304\">MA student, Zhejiang University of Science and Technology, China<\/td>\n<td width=\"246\">3388423379@qq.com<\/td>\n<td width=\"151\"><\/td>\n<\/tr>\n<tr>\n<td width=\"47\">51.<\/td>\n<td width=\"168\">Xueqi, Zhao<\/td>\n<td colspan=\"2\" width=\"304\">MA student, Zhejiang University of Science and Technology, China<\/td>\n<td width=\"246\">634632629@qq.com<\/td>\n<td width=\"151\"><\/td>\n<\/tr>\n<tr>\n<td width=\"47\">52.<\/td>\n<td width=\"168\">Yiting, Wang<\/td>\n<td colspan=\"2\" width=\"304\">MA student, Zhejiang University of Science and Technology, China<\/td>\n<td width=\"246\">1197369492@qq.com<\/td>\n<td width=\"151\"><\/td>\n<\/tr>\n<tr>\n<td width=\"47\">53.<\/td>\n<td width=\"168\">Yuan, Shen<\/td>\n<td colspan=\"2\" width=\"304\">MA student, Zhejiang University of Science and Technology, China<\/td>\n<td width=\"246\">875788269@qq.com<\/td>\n<td width=\"151\"><\/td>\n<\/tr>\n<tr>\n<td width=\"47\">54.<\/td>\n<td width=\"168\">Yuhan, Zhang<\/td>\n<td colspan=\"2\" width=\"304\">MA student, Zhejiang University of Science and Technology, China<\/td>\n<td width=\"246\">903363732@qq.com<\/td>\n<td width=\"151\"><\/td>\n<\/tr>\n<tr>\n<td width=\"47\">55.<\/td>\n<td width=\"168\">Zgureanu, Cristina<\/td>\n<td colspan=\"2\" width=\"304\">MA student, Faculty of European Studies, Babe\u0219-Bolyai University, Romania<\/td>\n<td width=\"246\">zgureanucristina99@gmail.com<\/td>\n<td width=\"151\"><\/td>\n<\/tr>\n<tr>\n<td width=\"47\">56.<\/td>\n<td width=\"168\">Zholbaryssova, Assel<\/td>\n<td colspan=\"2\" width=\"304\">PhD candidate Faculty of European Studies, Babe\u0219-Bolyai University, Romania<\/td>\n<td width=\"246\">asel___92@mail.ru<\/td>\n<td width=\"151\"><\/td>\n<\/tr>\n<\/tbody>\n<\/table>\n<p>&nbsp;<\/p>\n<p>[\/su_table]<\/p>\n<p style=\"text-align: center;\"><span style=\"font-size: 14pt;\"><strong>Pre\u015fedinte al Comitetului de Organizare<\/strong><\/span><\/p>\n<p style=\"text-align: center;\"><span style=\"font-size: 14pt;\"><strong>President of the Organizing Committee<\/strong><\/span><\/p>\n<p style=\"text-align: center;\"><span style=\"font-size: 14pt;\"><strong>Conf. Univ. Dr. Laura Her\u021ba<\/strong><\/span><\/p>\n<p style=\"text-align: left;\">\n","protected":false},"excerpt":{"rendered":"<p>FI\u0218A PARTICIPAN\u021aILOR &nbsp; La conferin\u021ba interna\u021bional\u0103 \u201eReverbera\u021bii totalitare \u00een Europa Central\u0103 \u0219i de Est\u201d (edi\u021bie special\u0103 Dezintegrare \u015fi Integrare \u00een Europa Central\u0103 \u015fi de Est &#8211; DIECE) organizat\u0103 de c\u0103tre Universitatea \u201eBabe\u0219-Bolyai\u201d Cluj-Napoca, Facultatea de Studii Europene. Conferin\u021ba se desf\u0103\u0219ar\u0103 la sediul Facult\u0103\u021bii de Studii Europene (Strada Emmanuel de Martonne nr. 1,Cluj-Napoca) \u00een perioada 26-28 Octombrie 2018. \u00a0SHEET OF PARTICIPANTS &nbsp; At the international conference \u201cTotalitarian reverberations in East-Central Europe\u201d (Special edition Disintegration and Integration&hellip; <\/p>\n","protected":false},"author":1,"featured_media":0,"parent":0,"menu_order":0,"comment_status":"closed","ping_status":"closed","template":"","meta":{"footnotes":""},"class_list":["post-51","page","type-page","status-publish","hentry"],"_links":{"self":[{"href":"https:\/\/sites.euro.ubbcluj.ro\/diece2018\/index.php\/wp-json\/wp\/v2\/pages\/51","targetHints":{"allow":["GET"]}}],"collection":[{"href":"https:\/\/sites.euro.ubbcluj.ro\/diece2018\/index.php\/wp-json\/wp\/v2\/pages"}],"about":[{"href":"https:\/\/sites.euro.ubbcluj.ro\/diece2018\/index.php\/wp-json\/wp\/v2\/types\/page"}],"author":[{"embeddable":true,"href":"https:\/\/sites.euro.ubbcluj.ro\/diece2018\/index.php\/wp-json\/wp\/v2\/users\/1"}],"replies":[{"embeddable":true,"href":"https:\/\/sites.euro.ubbcluj.ro\/diece2018\/index.php\/wp-json\/wp\/v2\/comments?post=51"}],"version-history":[{"count":3,"href":"https:\/\/sites.euro.ubbcluj.ro\/diece2018\/index.php\/wp-json\/wp\/v2\/pages\/51\/revisions"}],"predecessor-version":[{"id":106,"href":"https:\/\/sites.euro.ubbcluj.ro\/diece2018\/index.php\/wp-json\/wp\/v2\/pages\/51\/revisions\/106"}],"wp:attachment":[{"href":"https:\/\/sites.euro.ubbcluj.ro\/diece2018\/index.php\/wp-json\/wp\/v2\/media?parent=51"}],"curies":[{"name":"wp","href":"https:\/\/api.w.org\/{rel}","templated":true}]}}