{"id":53,"date":"2018-06-15T05:33:41","date_gmt":"2018-06-15T05:33:41","guid":{"rendered":"http:\/\/sites.euro.ubbcluj.ro\/diece2018\/?page_id=53"},"modified":"2018-06-22T11:30:10","modified_gmt":"2018-06-22T11:30:10","slug":"scientific-committee","status":"publish","type":"page","link":"https:\/\/sites.euro.ubbcluj.ro\/diece2018\/index.php\/scientific-committee\/","title":{"rendered":"Scientific Committee"},"content":{"rendered":"<h2><span style=\"color: #800000;\"><strong>Comitetul stiintific:<\/strong><\/span><\/h2>\n<p><span style=\"font-size: 14pt;\"><strong>\u00a0<\/strong><\/span><\/p>\n<ul>\n<li><span style=\"font-size: 14pt;\">Univ. Dr. Nicolae P\u0102UN, Decanul Facult\u0103\u021bii de Studii Europene, Universitatea Babes-Bolyai, Profesor Jean Monnet AD PERSONAM, Membru al grupului de lucru al istoricilor de pe l\u00e2ng\u0103 Comisia European\u0103<\/span><\/li>\n<li><span style=\"font-size: 14pt;\">Dr. Dr. h.c. Wilfried LOTH, Facult\u00e4t f\u00fcr Geisteswissenschaften-Historisches Institut, Universitatea Duisburg-Essen<\/span><\/li>\n<li><span style=\"font-size: 14pt;\">em. Dr. Dr. h. c. G\u00e9rard BOSSUAT, Profesor emerit, Departamentul de Istorie, Universitatea Cergy-Pontoise<\/span><\/li>\n<li><span style=\"font-size: 14pt;\">Univ. Dr. Vasile PU\u0218CA\u0218, Departamentul de Studii Europene \u0219i Guvernan\u021b\u0103, Facultatea de Studii Europene, f<em>ost ministru al Integr\u0103rii Europene \u0219i negociator-\u0219ef al Rom\u00e2niei cu Uniunea European\u0103<\/em><\/span><\/li>\n<\/ul>\n","protected":false},"excerpt":{"rendered":"<p>Comitetul stiintific: \u00a0 Univ. Dr. Nicolae P\u0102UN, Decanul Facult\u0103\u021bii de Studii Europene, Universitatea Babes-Bolyai, Profesor Jean Monnet AD PERSONAM, Membru al grupului de lucru al istoricilor de pe l\u00e2ng\u0103 Comisia European\u0103 Dr. Dr. h.c. Wilfried LOTH, Facult\u00e4t f\u00fcr Geisteswissenschaften-Historisches Institut, Universitatea Duisburg-Essen em. Dr. Dr. h. c. G\u00e9rard BOSSUAT, Profesor emerit, Departamentul de Istorie, Universitatea Cergy-Pontoise Univ. Dr. Vasile PU\u0218CA\u0218, Departamentul de Studii Europene \u0219i Guvernan\u021b\u0103, Facultatea de Studii Europene, fost ministru al Integr\u0103rii Europene&hellip; <\/p>\n","protected":false},"author":1,"featured_media":0,"parent":0,"menu_order":0,"comment_status":"closed","ping_status":"closed","template":"","meta":{"footnotes":""},"class_list":["post-53","page","type-page","status-publish","hentry"],"_links":{"self":[{"href":"https:\/\/sites.euro.ubbcluj.ro\/diece2018\/index.php\/wp-json\/wp\/v2\/pages\/53","targetHints":{"allow":["GET"]}}],"collection":[{"href":"https:\/\/sites.euro.ubbcluj.ro\/diece2018\/index.php\/wp-json\/wp\/v2\/pages"}],"about":[{"href":"https:\/\/sites.euro.ubbcluj.ro\/diece2018\/index.php\/wp-json\/wp\/v2\/types\/page"}],"author":[{"embeddable":true,"href":"https:\/\/sites.euro.ubbcluj.ro\/diece2018\/index.php\/wp-json\/wp\/v2\/users\/1"}],"replies":[{"embeddable":true,"href":"https:\/\/sites.euro.ubbcluj.ro\/diece2018\/index.php\/wp-json\/wp\/v2\/comments?post=53"}],"version-history":[{"count":4,"href":"https:\/\/sites.euro.ubbcluj.ro\/diece2018\/index.php\/wp-json\/wp\/v2\/pages\/53\/revisions"}],"predecessor-version":[{"id":97,"href":"https:\/\/sites.euro.ubbcluj.ro\/diece2018\/index.php\/wp-json\/wp\/v2\/pages\/53\/revisions\/97"}],"wp:attachment":[{"href":"https:\/\/sites.euro.ubbcluj.ro\/diece2018\/index.php\/wp-json\/wp\/v2\/media?parent=53"}],"curies":[{"name":"wp","href":"https:\/\/api.w.org\/{rel}","templated":true}]}}