{"id":107,"date":"2018-10-18T10:44:48","date_gmt":"2018-10-18T10:44:48","guid":{"rendered":"http:\/\/sites.euro.ubbcluj.ro\/diece2019\/?page_id=107"},"modified":"2019-03-15T10:11:44","modified_gmt":"2019-03-15T10:11:44","slug":"programme","status":"publish","type":"page","link":"https:\/\/sites.euro.ubbcluj.ro\/diece2019\/index.php\/programme\/","title":{"rendered":"Programme"},"content":{"rendered":"<span style=\"font-family: georgia, palatino, serif; font-size: 12pt;\"><img loading=\"lazy\" decoding=\"async\" class=\"size-full wp-image-243 aligncenter\" src=\"http:\/\/sites.euro.ubbcluj.ro\/diece2019\/wp-content\/uploads\/2019\/02\/header-diece2019.jpg\" alt=\"\" width=\"721\" height=\"151\" srcset=\"https:\/\/sites.euro.ubbcluj.ro\/diece2019\/wp-content\/uploads\/2019\/02\/header-diece2019.jpg 721w, https:\/\/sites.euro.ubbcluj.ro\/diece2019\/wp-content\/uploads\/2019\/02\/header-diece2019-300x63.jpg 300w\" sizes=\"auto, (max-width: 721px) 100vw, 721px\" \/><\/span>\r\n<h1 style=\"text-align: center;\"><span style=\"font-family: georgia, palatino, serif; font-size: 18pt;\"><strong>Managing Diversity in the Process of European Integration <\/strong><\/span><\/h1>\r\n<h1 style=\"text-align: center;\"><span style=\"font-family: georgia, palatino, serif; font-size: 14pt;\"><strong>Cluj-Napoca<\/strong><\/span><\/h1>\r\n<p style=\"text-align: center;\"><span style=\"font-family: georgia, palatino, serif; font-size: 14pt;\"><strong>21-22 March 2019<\/strong><\/span><\/p>\r\n<span style=\"font-family: georgia, palatino, serif; font-size: 18pt; background-color: #f2f2f2;\"><strong>\u00a0Thursday, March 21\u00a0 \u00a0 \u00a0 <\/strong><\/span>\r\n\r\n<span style=\"font-family: georgia, palatino, serif; font-size: 12pt;\">8.30-9.00 Registration<\/span>\r\n\r\n<span style=\"font-family: georgia, palatino, serif; font-size: 12pt;\">9.00-10.30 Welcome speech \/ Keynote speeches<\/span>\r\n\r\n<span style=\"font-family: georgia, palatino, serif; font-size: 12pt;\">Venue: Room Jean Monnet<\/span>\r\n\r\n<span style=\"font-family: georgia, palatino, serif; font-size: 12pt;\">Moderator: Prof. Dr. Nicolae P\u0102UN, Dean of the Faculty of European Studies\u00a0<\/span>\r\n\r\n<span style=\"font-family: georgia, palatino, serif; font-size: 12pt;\">Welcome speech:<\/span>\r\n<ul>\r\n \t<li><span style=\"font-family: georgia, palatino, serif; font-size: 12pt;\">Prof. Dr. Ioan-Aurel POP, Rector of Babe\u015f-Bolyai University Cluj, President of the Romanian Academy<\/span><\/li>\r\n<\/ul>\r\n<span style=\"font-family: georgia, palatino, serif; font-size: 12pt;\">Keynote speeches:<\/span>\r\n<ul>\r\n \t<li><span style=\"font-family: georgia, palatino, serif; font-size: 12pt;\">Prof. Dr. Rostane MEHDI, Director of IEP-Aix-en-Provence, Marseille: <strong><em>L&#8217;Europe Centrale-Orientale, \u00e9picentre d&#8217;une crise totale et essentielle?<\/em><\/strong><\/span><\/li>\r\n<\/ul>\r\n<span style=\"font-family: georgia, palatino, serif; font-size: 12pt;\"><strong>\u00a0<\/strong>10.30-11.00 Coffee break\u00a0<\/span>\r\n<blockquote>\r\n<h4><span style=\"color: #800000; font-family: georgia, palatino, serif; font-size: 14pt;\"><strong>Panel 1:<\/strong> <strong>The international economic crisis. Long-term implications for the EU project<\/strong><\/span><\/h4>\r\n<\/blockquote>\r\n<span style=\"font-family: georgia, palatino, serif; font-size: 12pt;\">Venue: Room Jean Monnet<\/span>\r\n\r\n<span style=\"font-family: georgia, palatino, serif; font-size: 12pt;\">Chair: Assoc. Prof. Dr. Mircea Teodor MANIU, Faculty of European Studies, Babe\u015f-Bolyai University Cluj<\/span>\r\n\r\n<span style=\"font-family: georgia, palatino, serif; font-size: 12pt;\">Discussant: Lect. Dr. Hora\u0163iu Sorin DAN, Faculty of European Studies, Babe\u015f-Bolyai University Cluj<\/span>\r\n<ul>\r\n \t<li>\u00a0<span style=\"font-family: georgia, palatino, serif; font-size: 12pt;\">11.00\u00a0\u00a0 Assoc. Prof. Dr. T\u00fcnde RISK\u00d3 CSAP\u00d3N\u00c9, Assoc. Prof. Dr. Zsolt CSAP\u00d3, University of Debrecen: <strong><em>Attracting, retaining and motivating employees through CSR programmes<\/em><\/strong><\/span><\/li>\r\n \t<li><span style=\"font-family: georgia, palatino, serif; font-size: 12pt;\">11.20\u00a0\u00a0 Assoc. Prof. Dr. L\u00e1szl\u00f3 ERDEY, Vice-Dean, Faculty of Economics and Business, University of Debrecen: <strong><em>Changes in the patterns of world trade? Consequences for the EU integration and Central Europe<\/em><\/strong><\/span><\/li>\r\n \t<li><span style=\"font-family: georgia, palatino, serif; font-size: 12pt;\">11.40\u00a0\u00a0 Assist. Lect. \u00c1d\u00e1m M\u00c1RKUS, Faculty of Economics and Business, University of Debrecen: <strong><em>Trade creating and diverting effects of the eastern enlargement of the European Union<\/em><\/strong><\/span><\/li>\r\n \t<li><span style=\"font-family: georgia, palatino, serif; font-size: 12pt;\">12.00\u00a0\u00a0 Assoc. Prof. Dr. Nicoleta Dorina RACOL\u021aA-PAINA, Faculty of European Studies, Babe\u015f-Bolyai University Cluj: <strong><em>Social Entrepreneurship Across the European Union \u2013 the environmental factors perspective<\/em><\/strong><\/span><\/li>\r\n \t<li><span style=\"font-family: georgia, palatino, serif; font-size: 12pt;\">12.20\u00a0\u00a0 Assoc. Prof. Dr. L\u00e1szl\u00f3 ERDEY, Assist. Lect. S\u00e1ndor NAGY, Assist. Lect. Eszter T\u00d3TH, Senior Lect. Dr. Tibor T\u0150K\u00c9S, Faculty of Economics and Business, University of Debrecen: <strong><em>The European integration and the importance of the geo-economic evolution from the end of the communist regime until now<\/em><\/strong><\/span><\/li>\r\n \t<li><span style=\"font-family: georgia, palatino, serif; font-size: 12pt;\">12.40\u00a0\u00a0 Assist. Lect. Eszter T\u00d3TH, Senior Lect. Dr. Zsuzsanna TR\u00d3N, Faculty of Economics and Business, University of Debrecen:\u00a0 <strong><em>Any help in enlargement? Development of the outmost regions as potential examples to follow<\/em><\/strong><\/span><\/li>\r\n \t<li><span style=\"font-family: georgia, palatino, serif; font-size: 12pt;\">13.00\u00a0\u00a0 Conclusions<\/span><\/li>\r\n<\/ul>\r\n<span style=\"font-family: georgia, palatino, serif; font-size: 12pt;\">13.30-15.00 Lunch \u2013 Restaurant \u201cPiramida\u201d<\/span>\r\n<blockquote>\r\n<h4><span style=\"color: #800000; font-family: georgia, palatino, serif; font-size: 14pt;\"><strong>Panel 2<\/strong>: <strong>Overcoming the crisis amid populism, radicalism and extremism<\/strong><\/span><\/h4>\r\n<\/blockquote>\r\n<span style=\"font-family: georgia, palatino, serif; font-size: 12pt;\">Venue: Room Jean Monnet<\/span>\r\n\r\n<span style=\"font-family: georgia, palatino, serif; font-size: 12pt;\">Chair: Prof. Prof. Dr. Sergiu MI\u015eCOIU, Faculty of European Studies, Babe\u015f-Bolyai University Cluj<\/span>\r\n\r\n<span style=\"font-family: georgia, palatino, serif; font-size: 12pt;\">Discussant: Assoc. Prof. Dr. Diana-Gabriela REIANU, Faculty of European Studies, Babe\u015f-Bolyai University Cluj<\/span>\r\n<ul>\r\n \t<li><span style=\"font-family: georgia, palatino, serif; font-size: 12pt;\">\u00a015.00\u00a0\u00a0 Assoc. Prof. Dr. Margit CSIPK\u00c9S, Assist. Lect. S\u00e1ndor NAGY, Faculty of Economics and Business, University of Debrecen: <strong><em>Populism research at the University of Debrecen<\/em><\/strong><\/span><\/li>\r\n \t<li><span style=\"font-family: georgia, palatino, serif; font-size: 12pt;\">15.20\u00a0\u00a0 Dr. Vladimir GON\u0114C, Slovak Academy of Sciences, Bratislava: <strong><em>Slovak and Czech politics and societies between the Europeanism and the populist<\/em><\/strong><\/span><\/li>\r\n \t<li><span style=\"font-family: georgia, palatino, serif; font-size: 12pt;\">15.40\u00a0\u00a0 Drd. Stefan MORAR, University of Montreal: <strong><em>Nationalizing Transnistria: a horizontal approach to nation-building<\/em><\/strong><\/span><\/li>\r\n \t<li><span style=\"font-family: georgia, palatino, serif; font-size: 12pt;\">16.00\u00a0\u00a0 Lect. Dr. Paula-Antonela MURE\u015eAN, Faculty of European Studies, Babe\u015f-Bolyai University Cluj: <strong><em>Les \u00e9lections europ\u00e9ennes 2014-2019. Analyse du discours-Marine Le Pen<\/em><\/strong><\/span><\/li>\r\n \t<li><span style=\"font-family: georgia, palatino, serif; font-size: 12pt;\">16.20\u00a0\u00a0 Assist. Lect. S\u00e1ndor NAGY, Dr. Margit CSIPK\u00c9S, Faculty of Economics and Business, University of Debrecen: <strong><em>Populism and information war<\/em><\/strong><\/span><\/li>\r\n \t<li><span style=\"font-family: georgia, palatino, serif; font-size: 12pt;\">16.40\u00a0\u00a0 Lect. Dr. Mihnea STOICA, Faculty of Political, Administrative and Communications Sciences, Babe\u015f-Bolyai University Cluj:\u00a0 <strong><em>All Work and No Play? Populist Leadership Selection Mechanisms within the Europe of Nations and Freedom (ENF) Group in the European Parliament<\/em><\/strong><\/span><\/li>\r\n \t<li><span style=\"font-family: georgia, palatino, serif; font-size: 12pt;\">17.00\u00a0\u00a0 Dr. Orith RISHPI, Israel:\u00a0 <strong><em>Quality local governance and gender equality in the global world \u2013 accelerating<\/em><\/strong><\/span><\/li>\r\n \t<li><span style=\"font-family: georgia, palatino, serif; font-size: 12pt;\">17.20\u00a0\u00a0 Conclusions<\/span><\/li>\r\n<\/ul>\r\n<span style=\"font-size: 12pt; font-family: georgia, palatino, serif;\">18.00 Cocktail offered by Acad. Prof. Dr. Ioan-Aurel POP, Rector of Babe\u015f-Bolyai University Cluj, President of the Romanian Academy<\/span>\r\n\r\n<span style=\"font-family: georgia, palatino, serif; font-size: 12pt;\">Venue: Restaurant \u201cPiramida\u201d<\/span>\r\n\r\n<span style=\"font-family: georgia, palatino, serif; font-size: 18pt; background-color: #f2f2f2;\"><strong>\u00a0<\/strong><strong> Friday, March 22\u00a0\u00a0<\/strong><\/span>\r\n<blockquote>\r\n<h4><span style=\"color: #800000; font-family: georgia, palatino, serif; font-size: 14pt;\"><strong>Panel 3:<\/strong> <strong>Quests to re-launch the European project and the prospects of enlargement<\/strong><\/span><\/h4>\r\n<\/blockquote>\r\n<span style=\"font-family: georgia, palatino, serif; font-size: 12pt;\">Venue: Room Jean Monnet<\/span>\r\n\r\n<span style=\"font-family: georgia, palatino, serif; font-size: 12pt;\">Chair: Prof. Dr. Michael GEHLER, University of Hildesheim<\/span>\r\n\r\n<span style=\"font-family: georgia, palatino, serif; font-size: 12pt;\">Discussant: Prof. Dr. Dr.h.c. Wichard WOYKE, Professor Emeritus, Westf\u00e4lische Wilhelms-Universit\u00e4t M\u00fcnster<\/span>\r\n<ul>\r\n \t<li><span style=\"font-family: georgia, palatino, serif; font-size: 12pt;\">9.00\u00a0\u00a0\u00a0\u00a0 Lect. Dr. Hora\u0163iu Sorin DAN, Assoc. Prof. Dr. Mircea Teodor MANIU, Faculty of European Studies, Babe\u015f-Bolyai University Cluj: <strong><em>Territorial development\u00a0in today\u2019s Romania: the strenuous quest for a European patterned regionalization<\/em><\/strong><\/span><\/li>\r\n \t<li><span style=\"font-family: georgia, palatino, serif; font-size: 12pt;\">9.20\u00a0\u00a0\u00a0\u00a0 Lect. Dr. Dorin-Mircea DOBRA, Faculty of European Studies, Babe\u015f-Bolyai University Cluj: <strong><em>European model \u2013 between embracement and adjustment (Central and Eastern European shades)<\/em><\/strong><\/span><\/li>\r\n \t<li><span style=\"font-family: georgia, palatino, serif; font-size: 12pt;\">9.40\u00a0\u00a0\u00a0\u00a0 Assoc. Prof. Dr. Laura HER\u0162A, Faculty of European Studies, Babe\u015f-Bolyai University Cluj: <strong><em>The European Union and Western Balkans \u2013 Complex prospects of enlargement<\/em><\/strong><\/span><\/li>\r\n \t<li><span style=\"font-family: georgia, palatino, serif; font-size: 12pt;\">10.00\u00a0\u00a0 Prof. Dr. Werner M\u00dcLLER-PELZER, Professor Emeritus, University of Dortmund: <strong><em>The Regeneration of the European Model of Civilization<\/em><\/strong><\/span><\/li>\r\n \t<li><span style=\"font-family: georgia, palatino, serif; font-size: 12pt;\"><strong><em>\u00a0<\/em><\/strong>10.30-11.00\u00a0\u00a0\u00a0\u00a0 Coffee break<\/span><\/li>\r\n \t<li><span style=\"font-family: georgia, palatino, serif; font-size: 12pt;\">11.00\u00a0\u00a0 Dr. Jacques C. BAZEN, Saxion University of Applied Sciences, Enschede, Assoc. Prof. Dr. Florin S. DUMA, Faculty of European Studies, Babe\u015f-Bolyai University Cluj: <strong><em>Role of international educational projects in supporting European integration in the context of Romania<\/em><\/strong><\/span><\/li>\r\n \t<li><span style=\"font-family: georgia, palatino, serif; font-size: 12pt;\">11.20\u00a0 Dr. Oana POIANA, Faculty of European Studies, Babe\u015f-Bolyai University Cluj:<strong><em>The Three Seas Initiative between economic interconnection and geopolitical delineation<\/em><\/strong><\/span><\/li>\r\n \t<li><span style=\"font-family: georgia, palatino, serif; font-size: 12pt;\">11.40\u00a0\u00a0 Assit. Lect. Dr. Elena RUSU, Faculty of European Studies, Babe\u015f-Bolyai University Cluj: <strong><em>Juncker&#8217;s silence on enlargement &#8211; discourse analysis<\/em><\/strong><\/span><\/li>\r\n \t<li><span style=\"font-family: georgia, palatino, serif; font-size: 12pt;\">12.00\u00a0\u00a0 Assist. Prof. Dr. Ewa SZCZEPANKIEWICZ-RUDZKA, Jagiellonian University, Krakow: <strong><em>L\u2019influence normative de l&#8217;Union Europ\u00e9enne en M\u00e9diterran\u00e9e: l\u2019approche critique<\/em><\/strong><\/span><\/li>\r\n \t<li><span style=\"font-family: georgia, palatino, serif; font-size: 12pt;\">12.20\u00a0\u00a0 Conclusions<\/span><\/li>\r\n<\/ul>\r\n<span style=\"font-family: georgia, palatino, serif; font-size: 12pt;\">12.45-14.30\u00a0\u00a0\u00a0\u00a0 Lunch in the \u201cClub\u201d of Babe\u015f-Bolyai University<\/span>\r\n<blockquote>\r\n<h4><span style=\"color: #800000; font-family: georgia, palatino, serif; font-size: 14pt;\"><strong>\u00a0<\/strong><strong>Panel 4: Europe, where to?<\/strong><\/span><\/h4>\r\n<\/blockquote>\r\n<span style=\"font-family: georgia, palatino, serif; font-size: 12pt;\">Venue: Room Jean Monnet<\/span>\r\n\r\n<span style=\"font-family: georgia, palatino, serif; font-size: 12pt;\">Chair: Prof. Dr. Sylvain Schirmann, Universit\u00e9 de Strasbourg<\/span>\r\n\r\n<span style=\"font-family: georgia, palatino, serif; font-size: 12pt;\">Discussant: Assoc. Prof. Dr. Laura HER\u0162A, Faculty of European Studies, Babe\u015f-Bolyai University Cluj<\/span>\r\n<ul>\r\n \t<li><span style=\"font-family: georgia, palatino, serif; font-size: 12pt;\"><strong>\u00a0<\/strong>14.30\u00a0\u00a0 Assoc. Prof. Dr. Anna SKOLIMOWSKA, Cardinal Stefan Wyszynski University, Warsaw: <strong><em>Perception of the European Union\u2019s role as a normative actor among neighbouring countries<\/em><\/strong><\/span><\/li>\r\n \t<li><span style=\"font-family: georgia, palatino, serif; font-size: 12pt;\">14.50\u00a0\u00a0 Assoc. Prof. Dr. Georgiana CICEO, Faculty of European Studies, Babe\u015f-Bolyai University Cluj: <strong><em>The principle of subsidiarity and the need to reconcile EU and local action: fresh perspectives on an old debate<\/em><\/strong><\/span><\/li>\r\n \t<li><span style=\"font-family: georgia, palatino, serif; font-size: 12pt;\"><strong><em>\u00a0<\/em><\/strong>15.10\u00a0 Lect. Dr. Anjo G. HARRYVAN, Prof. Dr. Jan van der HARST, University of Groningen: <strong><em>The Netherlands and the objections to Romania\u2019s Schengen entry, 2011-2018<\/em><\/strong><\/span><\/li>\r\n \t<li><span style=\"font-family: georgia, palatino, serif; font-size: 12pt;\">15.30\u00a0\u00a0 Assoc. Prof. Dr. Valentin NAUMESCU, Faculty of European Studies, Babe\u015f-Bolyai University Cluj: <strong><em>Towards a \u201csovereign\u201d EU but without security guarantees?<\/em><\/strong><\/span><\/li>\r\n \t<li><span style=\"font-family: georgia, palatino, serif; font-size: 12pt;\">15.50\u00a0\u00a0 Assoc. Prof. Dr. Fruzsina SIG\u00c9R, Faculty of Economics and Business, University of Debrecen: <strong><em>GR\u00d6XIT: The case of Greenland with the European Community<\/em><\/strong><\/span><\/li>\r\n \t<li><span style=\"font-family: georgia, palatino, serif; font-size: 12pt;\">16.10\u00a0\u00a0 Lect. Dr. Ovidiu VAIDA, Simona S\u00ceRBU, Faculty of European Studies, Babe\u015f-Bolyai University Cluj: <strong><em>Eurosceptics in the European Union before the 2019 EP election: recent year\u2019s developments and some predictions<\/em><\/strong><\/span><\/li>\r\n \t<li><span style=\"font-family: georgia, palatino, serif; font-size: 12pt;\">16.30 \u00a0 Conclusions<\/span><\/li>\r\n \t<li><span style=\"font-family: georgia, palatino, serif; font-size: 12pt;\">16.45\u00a0\u00a0 Coffee break<\/span><\/li>\r\n<\/ul>\r\n<span style=\"font-family: georgia, palatino, serif; font-size: 12pt;\"><strong>\u00a0<\/strong>17.00<strong> \u00a0 Final remarks<\/strong><\/span>\r\n\r\n<span style=\"font-family: georgia, palatino, serif; font-size: 12pt;\">Venue: Room Jean Monnet<\/span>\r\n<ul>\r\n \t<li><span style=\"font-family: georgia, palatino, serif; font-size: 12pt;\">Dr. Rostane MEHDI, Director of IEP-Aix-en-Provence, Marseille<\/span><\/li>\r\n \t<li><span style=\"font-family: georgia, palatino, serif; font-size: 12pt;\">Dr. Michael GEHLER, University of Hildesheim<\/span><\/li>\r\n \t<li><span style=\"font-family: georgia, palatino, serif; font-size: 12pt;\">Prof. Dr. L\u00e1szl\u00f3 ERDEY, Vice-Dean, Faculty of Economics and Business, University of Debrecen<\/span><\/li>\r\n \t<li><span style=\"font-family: georgia, palatino, serif; font-size: 12pt;\">Dr. Nicolae P\u0102UN, Dean of the Faculty of European Studies<\/span><\/li>\r\n<\/ul>\r\n<blockquote>\r\n<h4><span style=\"color: #800000; font-family: georgia, palatino, serif; font-size: 14pt;\"><strong>\u00a0<\/strong><strong>PhD Students\u2019 Workshop: <em>Progress Reports<\/em> <\/strong><\/span><\/h4>\r\n<\/blockquote>\r\n<span style=\"font-family: georgia, palatino, serif; font-size: 12pt;\">Venue: Room ICE<\/span>\r\n\r\n<span style=\"font-family: georgia, palatino, serif; font-size: 12pt;\">Chair: Prof. Dr. Ovidiu PECICAN, Faculty of European Studies, Babe\u015f-Bolyai University Cluj<\/span>\r\n\r\n<span style=\"font-family: georgia, palatino, serif; font-size: 12pt;\">Discussant: Prof. Dr. Dr.h.c. Reinhard MEYERS, Professor Emeritus, Westf\u00e4lische Wilhelms-Universit\u00e4t M\u00fcnster<\/span>\r\n<ul>\r\n \t<li><span style=\"font-family: georgia, palatino, serif; font-size: 12pt;\"><strong>\u00a0<\/strong>14.30\u00a0\u00a0 Drd. Arnon BAREKET:<strong> <em>Artificial intelligence for predicting stock market indices<\/em><\/strong><\/span><\/li>\r\n \t<li><span style=\"font-family: georgia, palatino, serif; font-size: 12pt;\">14.50 \u00a0 Drd. Bianca BOSOANC\u0102: <strong><em>European Union and United Kingdom relations after post-Brexit<\/em><\/strong><\/span><\/li>\r\n \t<li><span style=\"font-family: georgia, palatino, serif; font-size: 12pt;\">15.10\u00a0\u00a0 Drd. Eyal BUVILSKI: <strong><em>Intercultural economic diplomacy and cross-cultural encounters in Central Africa after the discovery of natural resources &#8211; the case of Equatorial Guinea<\/em><\/strong><\/span><\/li>\r\n \t<li><span style=\"font-family: georgia, palatino, serif; font-size: 12pt;\">15.30\u00a0\u00a0 Drd. Ioana CONSTANTIN-BERCEAN: <strong><em>European Union between its wounded homefront and a new geopolitical dilemma \u2013 case study: the Iranian nuclear file<\/em><\/strong><\/span><\/li>\r\n \t<li><span style=\"font-family: georgia, palatino, serif; font-size: 12pt;\">15.50\u00a0\u00a0 Drd. Guy DEMARAY: <strong><em>Cooperation between the central authority and the local authority in the development of national economic policy and municipal economic policy to strengthen small and medium-sized business: between EU policy and Israel<\/em><\/strong><\/span><\/li>\r\n \t<li><span style=\"font-family: georgia, palatino, serif; font-size: 12pt;\">16.10\u00a0\u00a0 Drd. Dana DANIEL HOROWITZ: <strong><em>Globalization influencing the assimilation of ICT in education<\/em><\/strong><\/span><\/li>\r\n \t<li><span style=\"font-family: georgia, palatino, serif; font-size: 12pt;\">16.30\u00a0\u00a0 Coffee break<\/span><\/li>\r\n \t<li><span style=\"font-family: georgia, palatino, serif; font-size: 12pt;\">16.50\u00a0\u00a0 Drd. Yaron KLEIN: <strong><em>Municipal policy regarding the gap between urban\u00a0 development and the \u2018blue lung\u2019. \u00a0The case of Tel-Aviv Yafo in a globalized era<\/em><\/strong><\/span><\/li>\r\n \t<li><span style=\"font-family: georgia, palatino, serif; font-size: 12pt;\">17.10\u00a0\u00a0 Drd. Maria Ioana RUS: <strong><em>A historiography of Romanian-Italian diplomatic relations between 1933-1940<\/em><\/strong><\/span><\/li>\r\n \t<li><span style=\"font-family: georgia, palatino, serif; font-size: 12pt;\">17.30 \u00a0 Drd. Emilia Nicoleta SCHIOP: <strong><em>Turkey between the European Union and the Eurasian Union<\/em><\/strong><\/span><\/li>\r\n \t<li><span style=\"font-family: georgia, palatino, serif; font-size: 12pt;\">17.50\u00a0\u00a0 Drd. Yaacov VIDAL:<strong> <em>What Do Managers Think? \u2013 Exposure to Damage from the CV Fraud Phenomenon in the process of screening and recruiting Applicants for work<\/em><\/strong><\/span><\/li>\r\n \t<li><span style=\"font-family: georgia, palatino, serif; font-size: 12pt;\">18.10 \u00a0 Drd. F\u0103nel \u015eUTEU: <strong><em>\u201cHieroglyphic history\u201d (1705) of Dimitrie Cantemir: the historiographical paradigm<\/em><\/strong><\/span><\/li>\r\n \t<li><span style=\"font-family: georgia, palatino, serif; font-size: 12pt;\">18.30\u00a0\u00a0 Conclusions<\/span><\/li>\r\n<\/ul>\r\n<span style=\"font-family: georgia, palatino, serif; font-size: 12pt;\"> 19.00\u00a0\u00a0 Concert<\/span>\r\n\r\n<span style=\"font-family: georgia, palatino, serif; font-size: 12pt;\">Venue: Philharmonic Concert Hall<\/span>\r\n\r\n<span style=\"font-family: georgia, palatino, serif; font-size: 12pt;\">Programme:<\/span>\r\n\r\n<span style=\"font-family: georgia, palatino, serif; font-size: 12pt;\"><strong>\u00a0<\/strong><strong>Ingmar Beck<\/strong> <em>conductor<\/em><\/span>\r\n<span style=\"font-family: georgia, palatino, serif; font-size: 12pt;\"><strong>Daniel Petric\u0103 Ciobanu<\/strong> <em>piano<\/em><\/span>\r\n\r\n<span style=\"font-family: georgia, palatino, serif; font-size: 12pt;\"><strong>R\u0103zvan Metea:<\/strong>\u00a0 Ballet suite <em>\u00cenvierea<\/em><\/span>\r\n<span style=\"font-family: georgia, palatino, serif; font-size: 12pt;\"><strong>Ludwig van Beethoven: <\/strong>Concerto no. 4 for the piano, in sol major, op. 58<strong>Johannes Brahms:<\/strong> Symphony no. 1 in do minor, op. 68<\/span>\r\n\r\n&nbsp;\r\n\r\n<!-- \/wp:post-content -->","protected":false},"excerpt":{"rendered":"<p>Managing Diversity in the Process of European Integration Cluj-Napoca 21-22 March 2019 \u00a0Thursday, March 21\u00a0 \u00a0 \u00a0 8.30-9.00 Registration 9.00-10.30 &hellip; <a href=\"https:\/\/sites.euro.ubbcluj.ro\/diece2019\/index.php\/programme\/\" class=\"more-link\"><span class=\"more-button\">Continue reading &gt;<span class=\"screen-reader-text\">Programme<\/span><\/span><\/a><\/p>\n","protected":false},"author":1,"featured_media":0,"parent":0,"menu_order":0,"comment_status":"closed","ping_status":"closed","template":"","meta":{"footnotes":"","_links_to":"","_links_to_target":""},"class_list":["post-107","page","type-page","status-publish","hentry"],"_links":{"self":[{"href":"https:\/\/sites.euro.ubbcluj.ro\/diece2019\/index.php\/wp-json\/wp\/v2\/pages\/107","targetHints":{"allow":["GET"]}}],"collection":[{"href":"https:\/\/sites.euro.ubbcluj.ro\/diece2019\/index.php\/wp-json\/wp\/v2\/pages"}],"about":[{"href":"https:\/\/sites.euro.ubbcluj.ro\/diece2019\/index.php\/wp-json\/wp\/v2\/types\/page"}],"author":[{"embeddable":true,"href":"https:\/\/sites.euro.ubbcluj.ro\/diece2019\/index.php\/wp-json\/wp\/v2\/users\/1"}],"replies":[{"embeddable":true,"href":"https:\/\/sites.euro.ubbcluj.ro\/diece2019\/index.php\/wp-json\/wp\/v2\/comments?post=107"}],"version-history":[{"count":29,"href":"https:\/\/sites.euro.ubbcluj.ro\/diece2019\/index.php\/wp-json\/wp\/v2\/pages\/107\/revisions"}],"predecessor-version":[{"id":276,"href":"https:\/\/sites.euro.ubbcluj.ro\/diece2019\/index.php\/wp-json\/wp\/v2\/pages\/107\/revisions\/276"}],"wp:attachment":[{"href":"https:\/\/sites.euro.ubbcluj.ro\/diece2019\/index.php\/wp-json\/wp\/v2\/media?parent=107"}],"curies":[{"name":"wp","href":"https:\/\/api.w.org\/{rel}","templated":true}]}}