{"id":82,"date":"2017-03-23T10:07:16","date_gmt":"2017-03-23T10:07:16","guid":{"rendered":"http:\/\/sites.euro.ubbcluj.ro\/id\/?page_id=82"},"modified":"2017-03-27T07:03:10","modified_gmt":"2017-03-27T07:03:10","slug":"studenti","status":"publish","type":"page","link":"https:\/\/sites.euro.ubbcluj.ro\/id\/?page_id=82","title":{"rendered":"Studen\u0163i"},"content":{"rendered":"<div class=\"su-accordion su-u-trim\"><\/div>\n<div class=\"su-spoiler su-spoiler-style-default su-spoiler-icon-plus su-spoiler-closed\" data-scroll-offset=\"0\" data-anchor-in-url=\"no\"><div class=\"su-spoiler-title\" tabindex=\"0\" role=\"button\"><span class=\"su-spoiler-icon\"><\/span><strong>Regulamente pentru studenti<\/strong><\/div><div class=\"su-spoiler-content su-u-clearfix su-u-trim\">\n<p><a href=\"http:\/\/www.ubbcluj.ro\/ro\/studenti\/invatamant\/regulamente\">Regulamente<\/a><\/p>\n<p><a href=\"http:\/\/www.ubbcluj.ro\/ro\/studenti\/burse\/regulament_burse\">Regulament burse<\/a><\/p>\n<p><a href=\"http:\/\/cci.ubbcluj.ro\/\">Mobilitati<\/a><\/p>\n<p><a href=\"http:\/\/www.ubbcluj.ro\/ro\/studenti\/campus\/spatii_cazare\">Campus<\/a><\/p>\n<p><a href=\"http:\/\/bsd.centre.ubbcluj.ro\/en\/\">Studen\u021bi cu dizabilit\u0103\u021bi<\/a><\/p>\n<p><a href=\"http:\/\/www.ubbcluj.ro\/ro\/studenti\/viata_studenteasca\/tabere\">Via\u0163a Studen\u0163easc\u0103<\/a>\u00a0<\/div><\/div>\n","protected":false},"excerpt":{"rendered":"","protected":false},"author":1,"featured_media":0,"parent":0,"menu_order":0,"comment_status":"closed","ping_status":"closed","template":"","meta":{"neve_meta_sidebar":"","neve_meta_container":"","neve_meta_enable_content_width":"","neve_meta_content_width":0,"neve_meta_title_alignment":"","neve_meta_author_avatar":"","neve_post_elements_order":"","neve_meta_disable_header":"","neve_meta_disable_footer":"","neve_meta_disable_title":"","footnotes":"","_links_to":"","_links_to_target":""},"class_list":["post-82","page","type-page","status-publish","hentry"],"yoast_head":"<!-- This site is optimized with the Yoast SEO plugin v27.5 - https:\/\/yoast.com\/product\/yoast-seo-wordpress\/ -->\n<title>Studen\u0163i - INV\u0102\u021a\u0102M\u00c2NT LA DISTAN\u021a\u0102<\/title>\n<meta name=\"robots\" content=\"index, follow, max-snippet:-1, max-image-preview:large, max-video-preview:-1\" \/>\n<link rel=\"canonical\" href=\"https:\/\/sites.euro.ubbcluj.ro\/id\/?page_id=82\" \/>\n<meta property=\"og:locale\" content=\"en_US\" \/>\n<meta property=\"og:type\" content=\"article\" \/>\n<meta property=\"og:title\" content=\"Studen\u0163i - INV\u0102\u021a\u0102M\u00c2NT LA DISTAN\u021a\u0102\" \/>\n<meta property=\"og:url\" content=\"https:\/\/sites.euro.ubbcluj.ro\/id\/?page_id=82\" \/>\n<meta property=\"og:site_name\" content=\"INV\u0102\u021a\u0102M\u00c2NT LA DISTAN\u021a\u0102\" \/>\n<meta property=\"article:modified_time\" content=\"2017-03-27T07:03:10+00:00\" \/>\n<meta name=\"twitter:card\" content=\"summary_large_image\" \/>\n<script type=\"application\/ld+json\" class=\"yoast-schema-graph\">{\"@context\":\"https:\\\/\\\/schema.org\",\"@graph\":[{\"@type\":\"WebPage\",\"@id\":\"https:\\\/\\\/sites.euro.ubbcluj.ro\\\/id\\\/?page_id=82\",\"url\":\"https:\\\/\\\/sites.euro.ubbcluj.ro\\\/id\\\/?page_id=82\",\"name\":\"Studen\u0163i - INV\u0102\u021a\u0102M\u00c2NT LA DISTAN\u021a\u0102\",\"isPartOf\":{\"@id\":\"https:\\\/\\\/sites.euro.ubbcluj.ro\\\/id\\\/#website\"},\"datePublished\":\"2017-03-23T10:07:16+00:00\",\"dateModified\":\"2017-03-27T07:03:10+00:00\",\"breadcrumb\":{\"@id\":\"https:\\\/\\\/sites.euro.ubbcluj.ro\\\/id\\\/?page_id=82#breadcrumb\"},\"inLanguage\":\"en-US\",\"potentialAction\":[{\"@type\":\"ReadAction\",\"target\":[\"https:\\\/\\\/sites.euro.ubbcluj.ro\\\/id\\\/?page_id=82\"]}]},{\"@type\":\"BreadcrumbList\",\"@id\":\"https:\\\/\\\/sites.euro.ubbcluj.ro\\\/id\\\/?page_id=82#breadcrumb\",\"itemListElement\":[{\"@type\":\"ListItem\",\"position\":1,\"name\":\"Home\",\"item\":\"https:\\\/\\\/sites.euro.ubbcluj.ro\\\/id\\\/\"},{\"@type\":\"ListItem\",\"position\":2,\"name\":\"Studen\u0163i\"}]},{\"@type\":\"WebSite\",\"@id\":\"https:\\\/\\\/sites.euro.ubbcluj.ro\\\/id\\\/#website\",\"url\":\"https:\\\/\\\/sites.euro.ubbcluj.ro\\\/id\\\/\",\"name\":\"INV\u0102\u021a\u0102M\u00c2NT LA DISTAN\u021a\u0102\",\"description\":\"FACULTATE A DE STUDII EUROPENE\",\"publisher\":{\"@id\":\"https:\\\/\\\/sites.euro.ubbcluj.ro\\\/id\\\/#organization\"},\"potentialAction\":[{\"@type\":\"SearchAction\",\"target\":{\"@type\":\"EntryPoint\",\"urlTemplate\":\"https:\\\/\\\/sites.euro.ubbcluj.ro\\\/id\\\/?s={search_term_string}\"},\"query-input\":{\"@type\":\"PropertyValueSpecification\",\"valueRequired\":true,\"valueName\":\"search_term_string\"}}],\"inLanguage\":\"en-US\"},{\"@type\":\"Organization\",\"@id\":\"https:\\\/\\\/sites.euro.ubbcluj.ro\\\/id\\\/#organization\",\"name\":\"\u00cenv\u0103\u021b\u0103m\u00e2nt la distan\u021b\u0103 - Facultatea de Studii Europene\",\"url\":\"https:\\\/\\\/sites.euro.ubbcluj.ro\\\/id\\\/\",\"logo\":{\"@type\":\"ImageObject\",\"inLanguage\":\"en-US\",\"@id\":\"https:\\\/\\\/sites.euro.ubbcluj.ro\\\/id\\\/#\\\/schema\\\/logo\\\/image\\\/\",\"url\":\"https:\\\/\\\/sites.euro.ubbcluj.ro\\\/id\\\/wp-content\\\/uploads\\\/2017\\\/03\\\/sigla_FSE_cu_scris_color.png\",\"contentUrl\":\"https:\\\/\\\/sites.euro.ubbcluj.ro\\\/id\\\/wp-content\\\/uploads\\\/2017\\\/03\\\/sigla_FSE_cu_scris_color.png\",\"width\":413,\"height\":113,\"caption\":\"\u00cenv\u0103\u021b\u0103m\u00e2nt la distan\u021b\u0103 - Facultatea de Studii Europene\"},\"image\":{\"@id\":\"https:\\\/\\\/sites.euro.ubbcluj.ro\\\/id\\\/#\\\/schema\\\/logo\\\/image\\\/\"}}]}<\/script>\n<!-- \/ Yoast SEO plugin. -->","yoast_head_json":{"title":"Studen\u0163i - INV\u0102\u021a\u0102M\u00c2NT LA DISTAN\u021a\u0102","robots":{"index":"index","follow":"follow","max-snippet":"max-snippet:-1","max-image-preview":"max-image-preview:large","max-video-preview":"max-video-preview:-1"},"canonical":"https:\/\/sites.euro.ubbcluj.ro\/id\/?page_id=82","og_locale":"en_US","og_type":"article","og_title":"Studen\u0163i - INV\u0102\u021a\u0102M\u00c2NT LA DISTAN\u021a\u0102","og_url":"https:\/\/sites.euro.ubbcluj.ro\/id\/?page_id=82","og_site_name":"INV\u0102\u021a\u0102M\u00c2NT LA DISTAN\u021a\u0102","article_modified_time":"2017-03-27T07:03:10+00:00","twitter_card":"summary_large_image","schema":{"@context":"https:\/\/schema.org","@graph":[{"@type":"WebPage","@id":"https:\/\/sites.euro.ubbcluj.ro\/id\/?page_id=82","url":"https:\/\/sites.euro.ubbcluj.ro\/id\/?page_id=82","name":"Studen\u0163i - INV\u0102\u021a\u0102M\u00c2NT LA DISTAN\u021a\u0102","isPartOf":{"@id":"https:\/\/sites.euro.ubbcluj.ro\/id\/#website"},"datePublished":"2017-03-23T10:07:16+00:00","dateModified":"2017-03-27T07:03:10+00:00","breadcrumb":{"@id":"https:\/\/sites.euro.ubbcluj.ro\/id\/?page_id=82#breadcrumb"},"inLanguage":"en-US","potentialAction":[{"@type":"ReadAction","target":["https:\/\/sites.euro.ubbcluj.ro\/id\/?page_id=82"]}]},{"@type":"BreadcrumbList","@id":"https:\/\/sites.euro.ubbcluj.ro\/id\/?page_id=82#breadcrumb","itemListElement":[{"@type":"ListItem","position":1,"name":"Home","item":"https:\/\/sites.euro.ubbcluj.ro\/id\/"},{"@type":"ListItem","position":2,"name":"Studen\u0163i"}]},{"@type":"WebSite","@id":"https:\/\/sites.euro.ubbcluj.ro\/id\/#website","url":"https:\/\/sites.euro.ubbcluj.ro\/id\/","name":"INV\u0102\u021a\u0102M\u00c2NT LA DISTAN\u021a\u0102","description":"FACULTATE A DE STUDII EUROPENE","publisher":{"@id":"https:\/\/sites.euro.ubbcluj.ro\/id\/#organization"},"potentialAction":[{"@type":"SearchAction","target":{"@type":"EntryPoint","urlTemplate":"https:\/\/sites.euro.ubbcluj.ro\/id\/?s={search_term_string}"},"query-input":{"@type":"PropertyValueSpecification","valueRequired":true,"valueName":"search_term_string"}}],"inLanguage":"en-US"},{"@type":"Organization","@id":"https:\/\/sites.euro.ubbcluj.ro\/id\/#organization","name":"\u00cenv\u0103\u021b\u0103m\u00e2nt la distan\u021b\u0103 - Facultatea de Studii Europene","url":"https:\/\/sites.euro.ubbcluj.ro\/id\/","logo":{"@type":"ImageObject","inLanguage":"en-US","@id":"https:\/\/sites.euro.ubbcluj.ro\/id\/#\/schema\/logo\/image\/","url":"https:\/\/sites.euro.ubbcluj.ro\/id\/wp-content\/uploads\/2017\/03\/sigla_FSE_cu_scris_color.png","contentUrl":"https:\/\/sites.euro.ubbcluj.ro\/id\/wp-content\/uploads\/2017\/03\/sigla_FSE_cu_scris_color.png","width":413,"height":113,"caption":"\u00cenv\u0103\u021b\u0103m\u00e2nt la distan\u021b\u0103 - Facultatea de Studii Europene"},"image":{"@id":"https:\/\/sites.euro.ubbcluj.ro\/id\/#\/schema\/logo\/image\/"}}]}},"_links":{"self":[{"href":"https:\/\/sites.euro.ubbcluj.ro\/id\/index.php?rest_route=\/wp\/v2\/pages\/82","targetHints":{"allow":["GET"]}}],"collection":[{"href":"https:\/\/sites.euro.ubbcluj.ro\/id\/index.php?rest_route=\/wp\/v2\/pages"}],"about":[{"href":"https:\/\/sites.euro.ubbcluj.ro\/id\/index.php?rest_route=\/wp\/v2\/types\/page"}],"author":[{"embeddable":true,"href":"https:\/\/sites.euro.ubbcluj.ro\/id\/index.php?rest_route=\/wp\/v2\/users\/1"}],"replies":[{"embeddable":true,"href":"https:\/\/sites.euro.ubbcluj.ro\/id\/index.php?rest_route=%2Fwp%2Fv2%2Fcomments&post=82"}],"version-history":[{"count":0,"href":"https:\/\/sites.euro.ubbcluj.ro\/id\/index.php?rest_route=\/wp\/v2\/pages\/82\/revisions"}],"wp:attachment":[{"href":"https:\/\/sites.euro.ubbcluj.ro\/id\/index.php?rest_route=%2Fwp%2Fv2%2Fmedia&parent=82"}],"curies":[{"name":"wp","href":"https:\/\/api.w.org\/{rel}","templated":true}]}}