{"id":1016,"date":"2022-04-29T09:21:10","date_gmt":"2022-04-29T06:21:10","guid":{"rendered":"https:\/\/sites.euro.ubbcluj.ro\/irisa\/?page_id=1016"},"modified":"2022-05-24T16:03:28","modified_gmt":"2022-05-24T13:03:28","slug":"star-ubb-fellowships","status":"publish","type":"page","link":"https:\/\/sites.euro.ubbcluj.ro\/irisa\/star-ubb-fellowships\/","title":{"rendered":"Star UBB Fellowships"},"content":{"rendered":"\t\t<div data-elementor-type=\"wp-page\" data-elementor-id=\"1016\" class=\"elementor elementor-1016\">\n\t\t\t\t\t\t<section class=\"elementor-section elementor-top-section elementor-element elementor-element-763746a elementor-section-boxed elementor-section-height-default elementor-section-height-default\" data-id=\"763746a\" data-element_type=\"section\" data-e-type=\"section\">\n\t\t\t\t\t\t<div class=\"elementor-container elementor-column-gap-default\">\n\t\t\t\t\t<div class=\"elementor-column elementor-col-100 elementor-top-column elementor-element elementor-element-36aadcb\" data-id=\"36aadcb\" data-element_type=\"column\" data-e-type=\"column\">\n\t\t\t<div class=\"elementor-widget-wrap elementor-element-populated\">\n\t\t\t\t\t\t<div class=\"elementor-element elementor-element-9605713 elementor-widget elementor-widget-text-editor\" data-id=\"9605713\" data-element_type=\"widget\" data-e-type=\"widget\" data-widget_type=\"text-editor.default\">\n\t\t\t\t<div class=\"elementor-widget-container\">\n\t\t\t\t\t\t\t\t\t<p style=\"text-align: justify;\">Star-UBB Fellowship Program Project 33PFE\/2018 implementat \u00een cadrul IRISA, Perioada de desf\u0103\u0219urare: 1.2.2019-1.6.2019, Titlu proiect: \u201cImpact of green behaviour of Generation Z in developing sustainable and competitive business strategies. Approach of European Retailers\u201d, Tip fellowship: Excelen\u021b\u0103 \u00een activit\u0103\u021bile de CDI, Beneficiar: membru IRISA prof. univ. dr. Dabija Dan Cristian.<\/p><p style=\"text-align: justify;\">\u00a0Star-UBB Fellowship Program Project 33PFE\/2018 implementat \u00een cadrul IRISA, Perioada de desf\u0103\u0219urare: 1.2.2019-1.6.2019, Titlu proiect: \u201eAnaliza cost-beneficiu asupra folosirii vehiculelor electrice\u201d, Tip fellowship: Excelen\u021b\u0103 \u00een activit\u0103\u021bile de CDI, Beneficiar: membru IRISA conf. univ. dr. P\u0103un Drago\u0219.<\/p><p style=\"text-align: justify;\">Star-UBB Fellowship Program Project 33PFE\/2018 implementat \u00een cadrul ICE, Perioada de desf\u0103\u0219urare: 1.9.2020-31.10.2020, Titlu proiect: \u201cStudents Perception regarding the sustainable strategy of the Babe\u0219-Bolyai University: A holistic approach from the strategic development of European Universities\u201d, Tip fellowship: Excelen\u021b\u0103 \u00een activit\u0103\u021bile de CDI, Beneficiar: membru IRISA prof. univ. dr. Dabija Dan Cristian.<\/p><p style=\"text-align: justify;\">\u00a0Star-UBB Fellowship Program Project 33PFE\/2018 implementat \u00een cadrul ICE, Perioada de desf\u0103\u0219urare: 1.9.2020-31.10.2020, Titlu proiect: \u201cCriminalitatea economico-financiar\u0103 \u00een economia digital\u0103\u201d, Tip fellowship: Excelen\u021b\u0103 \u00een activit\u0103\u021bile de CDI, Beneficiar: membru IRISA prof. univ. dr. Achim Monica.<\/p>\t\t\t\t\t\t\t\t<\/div>\n\t\t\t\t<\/div>\n\t\t\t\t\t<\/div>\n\t\t<\/div>\n\t\t\t\t\t<\/div>\n\t\t<\/section>\n\t\t\t\t<\/div>\n\t\t","protected":false},"excerpt":{"rendered":"<p>Star-UBB Fellowship Program Project 33PFE\/2018 implementat \u00een cadrul IRISA, Perioada de desf\u0103\u0219urare: 1.2.2019-1.6.2019, Titlu proiect: \u201cImpact of green behaviour of Generation Z in developing sustainable and competitive business strategies. Approach of European Retailers\u201d, Tip fellowship: Excelen\u021b\u0103 \u00een activit\u0103\u021bile de CDI, Beneficiar: membru IRISA prof. univ. dr. Dabija Dan Cristian. \u00a0Star-UBB Fellowship Program Project 33PFE\/2018 implementat&#8230;<\/p>\n","protected":false},"author":1,"featured_media":0,"parent":0,"menu_order":0,"comment_status":"closed","ping_status":"closed","template":"","meta":{"_kadence_starter_templates_imported_post":false,"_kad_post_transparent":"","_kad_post_title":"default","_kad_post_layout":"default","_kad_post_sidebar_id":"","_kad_post_content_style":"default","_kad_post_vertical_padding":"default","_kad_post_feature":"default","_kad_post_feature_position":"","_kad_post_header":false,"_kad_post_footer":false,"footnotes":"","_links_to":"","_links_to_target":""},"class_list":["post-1016","page","type-page","status-publish","hentry"],"yoast_head":"<!-- This site is optimized with the Yoast SEO plugin v27.3 - https:\/\/yoast.com\/product\/yoast-seo-wordpress\/ -->\n<title>Star UBB Fellowships - Institutul de Rela\u021bii Interna\u021bionale \u0219i Studii de Arie<\/title>\n<meta name=\"robots\" content=\"index, follow, max-snippet:-1, max-image-preview:large, max-video-preview:-1\" \/>\n<link rel=\"canonical\" href=\"https:\/\/sites.euro.ubbcluj.ro\/irisa\/star-ubb-fellowships\/\" \/>\n<meta property=\"og:locale\" content=\"en_US\" \/>\n<meta property=\"og:type\" content=\"article\" \/>\n<meta property=\"og:title\" content=\"Star UBB Fellowships - Institutul de Rela\u021bii Interna\u021bionale \u0219i Studii de Arie\" \/>\n<meta property=\"og:description\" content=\"Star-UBB Fellowship Program Project 33PFE\/2018 implementat \u00een cadrul IRISA, Perioada de desf\u0103\u0219urare: 1.2.2019-1.6.2019, Titlu proiect: \u201cImpact of green behaviour of Generation Z in developing sustainable and competitive business strategies. Approach of European Retailers\u201d, Tip fellowship: Excelen\u021b\u0103 \u00een activit\u0103\u021bile de CDI, Beneficiar: membru IRISA prof. univ. dr. Dabija Dan Cristian. \u00a0Star-UBB Fellowship Program Project 33PFE\/2018 implementat...\" \/>\n<meta property=\"og:url\" content=\"https:\/\/sites.euro.ubbcluj.ro\/irisa\/star-ubb-fellowships\/\" \/>\n<meta property=\"og:site_name\" content=\"Institutul de Rela\u021bii Interna\u021bionale \u0219i Studii de Arie\" \/>\n<meta property=\"article:modified_time\" content=\"2022-05-24T13:03:28+00:00\" \/>\n<meta name=\"twitter:card\" content=\"summary_large_image\" \/>\n<meta name=\"twitter:label1\" content=\"Est. reading time\" \/>\n\t<meta name=\"twitter:data1\" content=\"1 minute\" \/>\n<script type=\"application\/ld+json\" class=\"yoast-schema-graph\">{\"@context\":\"https:\\\/\\\/schema.org\",\"@graph\":[{\"@type\":\"WebPage\",\"@id\":\"https:\\\/\\\/sites.euro.ubbcluj.ro\\\/irisa\\\/star-ubb-fellowships\\\/\",\"url\":\"https:\\\/\\\/sites.euro.ubbcluj.ro\\\/irisa\\\/star-ubb-fellowships\\\/\",\"name\":\"Star UBB Fellowships - Institutul de Rela\u021bii Interna\u021bionale \u0219i Studii de Arie\",\"isPartOf\":{\"@id\":\"https:\\\/\\\/sites.euro.ubbcluj.ro\\\/irisa\\\/#website\"},\"datePublished\":\"2022-04-29T06:21:10+00:00\",\"dateModified\":\"2022-05-24T13:03:28+00:00\",\"breadcrumb\":{\"@id\":\"https:\\\/\\\/sites.euro.ubbcluj.ro\\\/irisa\\\/star-ubb-fellowships\\\/#breadcrumb\"},\"inLanguage\":\"en-US\",\"potentialAction\":[{\"@type\":\"ReadAction\",\"target\":[\"https:\\\/\\\/sites.euro.ubbcluj.ro\\\/irisa\\\/star-ubb-fellowships\\\/\"]}]},{\"@type\":\"BreadcrumbList\",\"@id\":\"https:\\\/\\\/sites.euro.ubbcluj.ro\\\/irisa\\\/star-ubb-fellowships\\\/#breadcrumb\",\"itemListElement\":[{\"@type\":\"ListItem\",\"position\":1,\"name\":\"Home\",\"item\":\"https:\\\/\\\/sites.euro.ubbcluj.ro\\\/irisa\\\/\"},{\"@type\":\"ListItem\",\"position\":2,\"name\":\"Star UBB Fellowships\"}]},{\"@type\":\"WebSite\",\"@id\":\"https:\\\/\\\/sites.euro.ubbcluj.ro\\\/irisa\\\/#website\",\"url\":\"https:\\\/\\\/sites.euro.ubbcluj.ro\\\/irisa\\\/\",\"name\":\"Institutul de Rela\u021bii Interna\u021bionale \u0219i Studii de Arie\",\"description\":\"Facultatea de Studii Europene\",\"publisher\":{\"@id\":\"https:\\\/\\\/sites.euro.ubbcluj.ro\\\/irisa\\\/#organization\"},\"potentialAction\":[{\"@type\":\"SearchAction\",\"target\":{\"@type\":\"EntryPoint\",\"urlTemplate\":\"https:\\\/\\\/sites.euro.ubbcluj.ro\\\/irisa\\\/?s={search_term_string}\"},\"query-input\":{\"@type\":\"PropertyValueSpecification\",\"valueRequired\":true,\"valueName\":\"search_term_string\"}}],\"inLanguage\":\"en-US\"},{\"@type\":\"Organization\",\"@id\":\"https:\\\/\\\/sites.euro.ubbcluj.ro\\\/irisa\\\/#organization\",\"name\":\"Institutul de Rela\u021bii Interna\u021bionale \u0219i Studii de Arie\",\"url\":\"https:\\\/\\\/sites.euro.ubbcluj.ro\\\/irisa\\\/\",\"logo\":{\"@type\":\"ImageObject\",\"inLanguage\":\"en-US\",\"@id\":\"https:\\\/\\\/sites.euro.ubbcluj.ro\\\/irisa\\\/#\\\/schema\\\/logo\\\/image\\\/\",\"url\":\"https:\\\/\\\/sites.euro.ubbcluj.ro\\\/irisa\\\/wp-content\\\/uploads\\\/2022\\\/05\\\/cropped-IIRAS.png\",\"contentUrl\":\"https:\\\/\\\/sites.euro.ubbcluj.ro\\\/irisa\\\/wp-content\\\/uploads\\\/2022\\\/05\\\/cropped-IIRAS.png\",\"width\":1244,\"height\":1154,\"caption\":\"Institutul de Rela\u021bii Interna\u021bionale \u0219i Studii de Arie\"},\"image\":{\"@id\":\"https:\\\/\\\/sites.euro.ubbcluj.ro\\\/irisa\\\/#\\\/schema\\\/logo\\\/image\\\/\"}}]}<\/script>\n<!-- \/ Yoast SEO plugin. -->","yoast_head_json":{"title":"Star UBB Fellowships - Institutul de Rela\u021bii Interna\u021bionale \u0219i Studii de Arie","robots":{"index":"index","follow":"follow","max-snippet":"max-snippet:-1","max-image-preview":"max-image-preview:large","max-video-preview":"max-video-preview:-1"},"canonical":"https:\/\/sites.euro.ubbcluj.ro\/irisa\/star-ubb-fellowships\/","og_locale":"en_US","og_type":"article","og_title":"Star UBB Fellowships - Institutul de Rela\u021bii Interna\u021bionale \u0219i Studii de Arie","og_description":"Star-UBB Fellowship Program Project 33PFE\/2018 implementat \u00een cadrul IRISA, Perioada de desf\u0103\u0219urare: 1.2.2019-1.6.2019, Titlu proiect: \u201cImpact of green behaviour of Generation Z in developing sustainable and competitive business strategies. Approach of European Retailers\u201d, Tip fellowship: Excelen\u021b\u0103 \u00een activit\u0103\u021bile de CDI, Beneficiar: membru IRISA prof. univ. dr. Dabija Dan Cristian. \u00a0Star-UBB Fellowship Program Project 33PFE\/2018 implementat...","og_url":"https:\/\/sites.euro.ubbcluj.ro\/irisa\/star-ubb-fellowships\/","og_site_name":"Institutul de Rela\u021bii Interna\u021bionale \u0219i Studii de Arie","article_modified_time":"2022-05-24T13:03:28+00:00","twitter_card":"summary_large_image","twitter_misc":{"Est. reading time":"1 minute"},"schema":{"@context":"https:\/\/schema.org","@graph":[{"@type":"WebPage","@id":"https:\/\/sites.euro.ubbcluj.ro\/irisa\/star-ubb-fellowships\/","url":"https:\/\/sites.euro.ubbcluj.ro\/irisa\/star-ubb-fellowships\/","name":"Star UBB Fellowships - Institutul de Rela\u021bii Interna\u021bionale \u0219i Studii de Arie","isPartOf":{"@id":"https:\/\/sites.euro.ubbcluj.ro\/irisa\/#website"},"datePublished":"2022-04-29T06:21:10+00:00","dateModified":"2022-05-24T13:03:28+00:00","breadcrumb":{"@id":"https:\/\/sites.euro.ubbcluj.ro\/irisa\/star-ubb-fellowships\/#breadcrumb"},"inLanguage":"en-US","potentialAction":[{"@type":"ReadAction","target":["https:\/\/sites.euro.ubbcluj.ro\/irisa\/star-ubb-fellowships\/"]}]},{"@type":"BreadcrumbList","@id":"https:\/\/sites.euro.ubbcluj.ro\/irisa\/star-ubb-fellowships\/#breadcrumb","itemListElement":[{"@type":"ListItem","position":1,"name":"Home","item":"https:\/\/sites.euro.ubbcluj.ro\/irisa\/"},{"@type":"ListItem","position":2,"name":"Star UBB Fellowships"}]},{"@type":"WebSite","@id":"https:\/\/sites.euro.ubbcluj.ro\/irisa\/#website","url":"https:\/\/sites.euro.ubbcluj.ro\/irisa\/","name":"Institutul de Rela\u021bii Interna\u021bionale \u0219i Studii de Arie","description":"Facultatea de Studii Europene","publisher":{"@id":"https:\/\/sites.euro.ubbcluj.ro\/irisa\/#organization"},"potentialAction":[{"@type":"SearchAction","target":{"@type":"EntryPoint","urlTemplate":"https:\/\/sites.euro.ubbcluj.ro\/irisa\/?s={search_term_string}"},"query-input":{"@type":"PropertyValueSpecification","valueRequired":true,"valueName":"search_term_string"}}],"inLanguage":"en-US"},{"@type":"Organization","@id":"https:\/\/sites.euro.ubbcluj.ro\/irisa\/#organization","name":"Institutul de Rela\u021bii Interna\u021bionale \u0219i Studii de Arie","url":"https:\/\/sites.euro.ubbcluj.ro\/irisa\/","logo":{"@type":"ImageObject","inLanguage":"en-US","@id":"https:\/\/sites.euro.ubbcluj.ro\/irisa\/#\/schema\/logo\/image\/","url":"https:\/\/sites.euro.ubbcluj.ro\/irisa\/wp-content\/uploads\/2022\/05\/cropped-IIRAS.png","contentUrl":"https:\/\/sites.euro.ubbcluj.ro\/irisa\/wp-content\/uploads\/2022\/05\/cropped-IIRAS.png","width":1244,"height":1154,"caption":"Institutul de Rela\u021bii Interna\u021bionale \u0219i Studii de Arie"},"image":{"@id":"https:\/\/sites.euro.ubbcluj.ro\/irisa\/#\/schema\/logo\/image\/"}}]}},"_links":{"self":[{"href":"https:\/\/sites.euro.ubbcluj.ro\/irisa\/wp-json\/wp\/v2\/pages\/1016","targetHints":{"allow":["GET"]}}],"collection":[{"href":"https:\/\/sites.euro.ubbcluj.ro\/irisa\/wp-json\/wp\/v2\/pages"}],"about":[{"href":"https:\/\/sites.euro.ubbcluj.ro\/irisa\/wp-json\/wp\/v2\/types\/page"}],"author":[{"embeddable":true,"href":"https:\/\/sites.euro.ubbcluj.ro\/irisa\/wp-json\/wp\/v2\/users\/1"}],"replies":[{"embeddable":true,"href":"https:\/\/sites.euro.ubbcluj.ro\/irisa\/wp-json\/wp\/v2\/comments?post=1016"}],"version-history":[{"count":0,"href":"https:\/\/sites.euro.ubbcluj.ro\/irisa\/wp-json\/wp\/v2\/pages\/1016\/revisions"}],"wp:attachment":[{"href":"https:\/\/sites.euro.ubbcluj.ro\/irisa\/wp-json\/wp\/v2\/media?parent=1016"}],"curies":[{"name":"wp","href":"https:\/\/api.w.org\/{rel}","templated":true}]}}