{"id":1217,"date":"2022-05-23T16:37:02","date_gmt":"2022-05-23T13:37:02","guid":{"rendered":"https:\/\/sites.euro.ubbcluj.ro\/irisa\/?page_id=1217"},"modified":"2022-05-24T15:02:48","modified_gmt":"2022-05-24T12:02:48","slug":"misiune-si-obiective","status":"publish","type":"page","link":"https:\/\/sites.euro.ubbcluj.ro\/irisa\/misiune-si-obiective\/","title":{"rendered":"Misiune \u0219i obiective"},"content":{"rendered":"\t\t<div data-elementor-type=\"wp-page\" data-elementor-id=\"1217\" class=\"elementor elementor-1217\">\n\t\t\t\t\t\t<section class=\"elementor-section elementor-top-section elementor-element elementor-element-4b32e92 elementor-section-boxed elementor-section-height-default elementor-section-height-default\" data-id=\"4b32e92\" data-element_type=\"section\" data-e-type=\"section\">\n\t\t\t\t\t\t<div class=\"elementor-container elementor-column-gap-default\">\n\t\t\t\t\t<div class=\"elementor-column elementor-col-100 elementor-top-column elementor-element elementor-element-8ca124a\" data-id=\"8ca124a\" data-element_type=\"column\" data-e-type=\"column\">\n\t\t\t<div class=\"elementor-widget-wrap elementor-element-populated\">\n\t\t\t\t\t\t<div class=\"elementor-element elementor-element-acf73d2 elementor-widget elementor-widget-text-editor\" data-id=\"acf73d2\" data-element_type=\"widget\" data-e-type=\"widget\" data-widget_type=\"text-editor.default\">\n\t\t\t\t<div class=\"elementor-widget-container\">\n\t\t\t\t\t\t\t\t\t<p>IRISA este o institu\u021bie public\u0103 de cercetare care efectueaz\u0103 cercetare academic\u0103 fundamental\u0103 avansat\u0103 \u00een domeniul rela\u021biilor interna\u021bionale \u0219i a studiilor de arie. IRISA face parte din infrastructura strategic\u0103 de cercetare a Universit\u0103\u0163ii Babes-Bolyai (Platforma-r UBB) \u015fi este inclus \u00een reteaua distribuit\u0103 a unit\u0103\u0163ilor de excelen\u0163\u0103 ale Institutului de Studii Avansate \u00een \u015etiin\u0163\u0103 \u015fi Tehnologie (STAR-UBB). Institutul func\u021bioneaz\u0103 \u00een cadrul Facult\u0103\u021bii de Studii Europene reunind un num\u0103r semnificativ de cercet\u0103tori, cadre didactice, studen\u021bi doctoranzi din cadrul UBB, din \u021bar\u0103 dar \u0219i din str\u0103in\u0103tate. Membrii institutului sunt aronda\u021bi celor 8 grupuri de cercetare \u00een jurul c\u0103rora Institutul \u00ee\u0219i desf\u0103\u0219oara activitatea.\u00a0<\/p><p><strong>Misiune\u00a0<\/strong><\/p><p>Misiunea IRISA este aceea de a contribui la ob\u021binerea excelen\u021bei \u00een cercetare \u00een domeniul rela\u021biilor interna\u021bionale \u0219i a studiilor de arie prin crearea unui mediu academico-\u0219tiin\u021bific performant care s\u0103 permit\u0103 realizarea unor activit\u0103\u021bi \u0219i proiecte de cercetare recunoscute la nivel na\u021bional \u0219i interna\u021bional. \u00a0<\/p><p><strong>Obiective \u00a0<\/strong><\/p><ul><li>Realizarea unei cercet\u0103ri avansate \u00een domeniul rela\u0163iilor interna\u0163ionale \u0219i a studiilor de arie. \u00a0<\/li><li>Diseminarea \u0219i valorificarea expertizei membrilor IRISA prin editarea de volume individuale \u015fi colective, organizarea de evenimente \u0219tiin\u021bifice la nivel na\u0163ional \u015fi interna\u0163ional, publicarea de articole \u00een revistele proprii \u015fi \u00een alte reviste de specialitate din \u0163ar\u0103 \u015fi din str\u0103in\u0103tate, inclusiv articole \u015fi lu\u0103ri de pozi\u0163ie \u00een presa scris\u0103 \u015fi audio-vizual\u0103 cu privire la evolu\u0163iile proceselor globale.\u00a0<\/li><li>Cre\u0219terea gradului de informare asupra principalelor problematici din domeniul rela\u021biilor interna\u021bionale \u0219i a studiilor de arie at\u00e2t \u00een r\u00e2ndul profesioni\u0219tilor din mediul academic, c\u00e2t \u0219i pentru publicul larg \u0219i practica diplomatic\u0103 interna\u021bional\u0103.\u00a0<\/li><\/ul>\t\t\t\t\t\t\t\t<\/div>\n\t\t\t\t<\/div>\n\t\t\t\t\t<\/div>\n\t\t<\/div>\n\t\t\t\t\t<\/div>\n\t\t<\/section>\n\t\t\t\t<\/div>\n\t\t","protected":false},"excerpt":{"rendered":"<p>IRISA este o institu\u021bie public\u0103 de cercetare care efectueaz\u0103 cercetare academic\u0103 fundamental\u0103 avansat\u0103 \u00een domeniul rela\u021biilor interna\u021bionale \u0219i a studiilor de arie. IRISA face parte din infrastructura strategic\u0103 de cercetare a Universit\u0103\u0163ii Babes-Bolyai (Platforma-r UBB) \u015fi este inclus \u00een reteaua distribuit\u0103 a unit\u0103\u0163ilor de excelen\u0163\u0103 ale Institutului de Studii Avansate \u00een \u015etiin\u0163\u0103 \u015fi Tehnologie (STAR-UBB)&#8230;.<\/p>\n","protected":false},"author":1,"featured_media":0,"parent":0,"menu_order":0,"comment_status":"closed","ping_status":"closed","template":"","meta":{"_kadence_starter_templates_imported_post":false,"_kad_post_transparent":"","_kad_post_title":"default","_kad_post_layout":"default","_kad_post_sidebar_id":"","_kad_post_content_style":"default","_kad_post_vertical_padding":"default","_kad_post_feature":"hide","_kad_post_feature_position":"","_kad_post_header":false,"_kad_post_footer":false,"footnotes":"","_links_to":"","_links_to_target":""},"class_list":["post-1217","page","type-page","status-publish","hentry"],"yoast_head":"<!-- This site is optimized with the Yoast SEO plugin v27.4 - https:\/\/yoast.com\/product\/yoast-seo-wordpress\/ -->\n<title>Misiune \u0219i obiective - Institutul de Rela\u021bii Interna\u021bionale \u0219i Studii de Arie<\/title>\n<meta name=\"robots\" content=\"index, follow, max-snippet:-1, max-image-preview:large, max-video-preview:-1\" \/>\n<link rel=\"canonical\" href=\"https:\/\/sites.euro.ubbcluj.ro\/irisa\/misiune-si-obiective\/\" \/>\n<meta property=\"og:locale\" content=\"en_US\" \/>\n<meta property=\"og:type\" content=\"article\" \/>\n<meta property=\"og:title\" content=\"Misiune \u0219i obiective - Institutul de Rela\u021bii Interna\u021bionale \u0219i Studii de Arie\" \/>\n<meta property=\"og:description\" content=\"IRISA este o institu\u021bie public\u0103 de cercetare care efectueaz\u0103 cercetare academic\u0103 fundamental\u0103 avansat\u0103 \u00een domeniul rela\u021biilor interna\u021bionale \u0219i a studiilor de arie. IRISA face parte din infrastructura strategic\u0103 de cercetare a Universit\u0103\u0163ii Babes-Bolyai (Platforma-r UBB) \u015fi este inclus \u00een reteaua distribuit\u0103 a unit\u0103\u0163ilor de excelen\u0163\u0103 ale Institutului de Studii Avansate \u00een \u015etiin\u0163\u0103 \u015fi Tehnologie (STAR-UBB)....\" \/>\n<meta property=\"og:url\" content=\"https:\/\/sites.euro.ubbcluj.ro\/irisa\/misiune-si-obiective\/\" \/>\n<meta property=\"og:site_name\" content=\"Institutul de Rela\u021bii Interna\u021bionale \u0219i Studii de Arie\" \/>\n<meta property=\"article:modified_time\" content=\"2022-05-24T12:02:48+00:00\" \/>\n<meta name=\"twitter:card\" content=\"summary_large_image\" \/>\n<meta name=\"twitter:label1\" content=\"Est. reading time\" \/>\n\t<meta name=\"twitter:data1\" content=\"2 minutes\" \/>\n<script type=\"application\/ld+json\" class=\"yoast-schema-graph\">{\"@context\":\"https:\\\/\\\/schema.org\",\"@graph\":[{\"@type\":\"WebPage\",\"@id\":\"https:\\\/\\\/sites.euro.ubbcluj.ro\\\/irisa\\\/misiune-si-obiective\\\/\",\"url\":\"https:\\\/\\\/sites.euro.ubbcluj.ro\\\/irisa\\\/misiune-si-obiective\\\/\",\"name\":\"Misiune \u0219i obiective - Institutul de Rela\u021bii Interna\u021bionale \u0219i Studii de Arie\",\"isPartOf\":{\"@id\":\"https:\\\/\\\/sites.euro.ubbcluj.ro\\\/irisa\\\/#website\"},\"datePublished\":\"2022-05-23T13:37:02+00:00\",\"dateModified\":\"2022-05-24T12:02:48+00:00\",\"breadcrumb\":{\"@id\":\"https:\\\/\\\/sites.euro.ubbcluj.ro\\\/irisa\\\/misiune-si-obiective\\\/#breadcrumb\"},\"inLanguage\":\"en-US\",\"potentialAction\":[{\"@type\":\"ReadAction\",\"target\":[\"https:\\\/\\\/sites.euro.ubbcluj.ro\\\/irisa\\\/misiune-si-obiective\\\/\"]}]},{\"@type\":\"BreadcrumbList\",\"@id\":\"https:\\\/\\\/sites.euro.ubbcluj.ro\\\/irisa\\\/misiune-si-obiective\\\/#breadcrumb\",\"itemListElement\":[{\"@type\":\"ListItem\",\"position\":1,\"name\":\"Home\",\"item\":\"https:\\\/\\\/sites.euro.ubbcluj.ro\\\/irisa\\\/\"},{\"@type\":\"ListItem\",\"position\":2,\"name\":\"Misiune \u0219i obiective\"}]},{\"@type\":\"WebSite\",\"@id\":\"https:\\\/\\\/sites.euro.ubbcluj.ro\\\/irisa\\\/#website\",\"url\":\"https:\\\/\\\/sites.euro.ubbcluj.ro\\\/irisa\\\/\",\"name\":\"Institutul de Rela\u021bii Interna\u021bionale \u0219i Studii de Arie\",\"description\":\"Facultatea de Studii Europene\",\"publisher\":{\"@id\":\"https:\\\/\\\/sites.euro.ubbcluj.ro\\\/irisa\\\/#organization\"},\"potentialAction\":[{\"@type\":\"SearchAction\",\"target\":{\"@type\":\"EntryPoint\",\"urlTemplate\":\"https:\\\/\\\/sites.euro.ubbcluj.ro\\\/irisa\\\/?s={search_term_string}\"},\"query-input\":{\"@type\":\"PropertyValueSpecification\",\"valueRequired\":true,\"valueName\":\"search_term_string\"}}],\"inLanguage\":\"en-US\"},{\"@type\":\"Organization\",\"@id\":\"https:\\\/\\\/sites.euro.ubbcluj.ro\\\/irisa\\\/#organization\",\"name\":\"Institutul de Rela\u021bii Interna\u021bionale \u0219i Studii de Arie\",\"url\":\"https:\\\/\\\/sites.euro.ubbcluj.ro\\\/irisa\\\/\",\"logo\":{\"@type\":\"ImageObject\",\"inLanguage\":\"en-US\",\"@id\":\"https:\\\/\\\/sites.euro.ubbcluj.ro\\\/irisa\\\/#\\\/schema\\\/logo\\\/image\\\/\",\"url\":\"https:\\\/\\\/sites.euro.ubbcluj.ro\\\/irisa\\\/wp-content\\\/uploads\\\/2022\\\/05\\\/cropped-IIRAS.png\",\"contentUrl\":\"https:\\\/\\\/sites.euro.ubbcluj.ro\\\/irisa\\\/wp-content\\\/uploads\\\/2022\\\/05\\\/cropped-IIRAS.png\",\"width\":1244,\"height\":1154,\"caption\":\"Institutul de Rela\u021bii Interna\u021bionale \u0219i Studii de Arie\"},\"image\":{\"@id\":\"https:\\\/\\\/sites.euro.ubbcluj.ro\\\/irisa\\\/#\\\/schema\\\/logo\\\/image\\\/\"}}]}<\/script>\n<!-- \/ Yoast SEO plugin. -->","yoast_head_json":{"title":"Misiune \u0219i obiective - Institutul de Rela\u021bii Interna\u021bionale \u0219i Studii de Arie","robots":{"index":"index","follow":"follow","max-snippet":"max-snippet:-1","max-image-preview":"max-image-preview:large","max-video-preview":"max-video-preview:-1"},"canonical":"https:\/\/sites.euro.ubbcluj.ro\/irisa\/misiune-si-obiective\/","og_locale":"en_US","og_type":"article","og_title":"Misiune \u0219i obiective - Institutul de Rela\u021bii Interna\u021bionale \u0219i Studii de Arie","og_description":"IRISA este o institu\u021bie public\u0103 de cercetare care efectueaz\u0103 cercetare academic\u0103 fundamental\u0103 avansat\u0103 \u00een domeniul rela\u021biilor interna\u021bionale \u0219i a studiilor de arie. IRISA face parte din infrastructura strategic\u0103 de cercetare a Universit\u0103\u0163ii Babes-Bolyai (Platforma-r UBB) \u015fi este inclus \u00een reteaua distribuit\u0103 a unit\u0103\u0163ilor de excelen\u0163\u0103 ale Institutului de Studii Avansate \u00een \u015etiin\u0163\u0103 \u015fi Tehnologie (STAR-UBB)....","og_url":"https:\/\/sites.euro.ubbcluj.ro\/irisa\/misiune-si-obiective\/","og_site_name":"Institutul de Rela\u021bii Interna\u021bionale \u0219i Studii de Arie","article_modified_time":"2022-05-24T12:02:48+00:00","twitter_card":"summary_large_image","twitter_misc":{"Est. reading time":"2 minutes"},"schema":{"@context":"https:\/\/schema.org","@graph":[{"@type":"WebPage","@id":"https:\/\/sites.euro.ubbcluj.ro\/irisa\/misiune-si-obiective\/","url":"https:\/\/sites.euro.ubbcluj.ro\/irisa\/misiune-si-obiective\/","name":"Misiune \u0219i obiective - Institutul de Rela\u021bii Interna\u021bionale \u0219i Studii de Arie","isPartOf":{"@id":"https:\/\/sites.euro.ubbcluj.ro\/irisa\/#website"},"datePublished":"2022-05-23T13:37:02+00:00","dateModified":"2022-05-24T12:02:48+00:00","breadcrumb":{"@id":"https:\/\/sites.euro.ubbcluj.ro\/irisa\/misiune-si-obiective\/#breadcrumb"},"inLanguage":"en-US","potentialAction":[{"@type":"ReadAction","target":["https:\/\/sites.euro.ubbcluj.ro\/irisa\/misiune-si-obiective\/"]}]},{"@type":"BreadcrumbList","@id":"https:\/\/sites.euro.ubbcluj.ro\/irisa\/misiune-si-obiective\/#breadcrumb","itemListElement":[{"@type":"ListItem","position":1,"name":"Home","item":"https:\/\/sites.euro.ubbcluj.ro\/irisa\/"},{"@type":"ListItem","position":2,"name":"Misiune \u0219i obiective"}]},{"@type":"WebSite","@id":"https:\/\/sites.euro.ubbcluj.ro\/irisa\/#website","url":"https:\/\/sites.euro.ubbcluj.ro\/irisa\/","name":"Institutul de Rela\u021bii Interna\u021bionale \u0219i Studii de Arie","description":"Facultatea de Studii Europene","publisher":{"@id":"https:\/\/sites.euro.ubbcluj.ro\/irisa\/#organization"},"potentialAction":[{"@type":"SearchAction","target":{"@type":"EntryPoint","urlTemplate":"https:\/\/sites.euro.ubbcluj.ro\/irisa\/?s={search_term_string}"},"query-input":{"@type":"PropertyValueSpecification","valueRequired":true,"valueName":"search_term_string"}}],"inLanguage":"en-US"},{"@type":"Organization","@id":"https:\/\/sites.euro.ubbcluj.ro\/irisa\/#organization","name":"Institutul de Rela\u021bii Interna\u021bionale \u0219i Studii de Arie","url":"https:\/\/sites.euro.ubbcluj.ro\/irisa\/","logo":{"@type":"ImageObject","inLanguage":"en-US","@id":"https:\/\/sites.euro.ubbcluj.ro\/irisa\/#\/schema\/logo\/image\/","url":"https:\/\/sites.euro.ubbcluj.ro\/irisa\/wp-content\/uploads\/2022\/05\/cropped-IIRAS.png","contentUrl":"https:\/\/sites.euro.ubbcluj.ro\/irisa\/wp-content\/uploads\/2022\/05\/cropped-IIRAS.png","width":1244,"height":1154,"caption":"Institutul de Rela\u021bii Interna\u021bionale \u0219i Studii de Arie"},"image":{"@id":"https:\/\/sites.euro.ubbcluj.ro\/irisa\/#\/schema\/logo\/image\/"}}]}},"_links":{"self":[{"href":"https:\/\/sites.euro.ubbcluj.ro\/irisa\/wp-json\/wp\/v2\/pages\/1217","targetHints":{"allow":["GET"]}}],"collection":[{"href":"https:\/\/sites.euro.ubbcluj.ro\/irisa\/wp-json\/wp\/v2\/pages"}],"about":[{"href":"https:\/\/sites.euro.ubbcluj.ro\/irisa\/wp-json\/wp\/v2\/types\/page"}],"author":[{"embeddable":true,"href":"https:\/\/sites.euro.ubbcluj.ro\/irisa\/wp-json\/wp\/v2\/users\/1"}],"replies":[{"embeddable":true,"href":"https:\/\/sites.euro.ubbcluj.ro\/irisa\/wp-json\/wp\/v2\/comments?post=1217"}],"version-history":[{"count":0,"href":"https:\/\/sites.euro.ubbcluj.ro\/irisa\/wp-json\/wp\/v2\/pages\/1217\/revisions"}],"wp:attachment":[{"href":"https:\/\/sites.euro.ubbcluj.ro\/irisa\/wp-json\/wp\/v2\/media?parent=1217"}],"curies":[{"name":"wp","href":"https:\/\/api.w.org\/{rel}","templated":true}]}}