{"id":34,"date":"2022-03-29T07:39:32","date_gmt":"2022-03-29T07:39:32","guid":{"rendered":"https:\/\/sites.euro.ubbcluj.ro\/irisa\/?page_id=34"},"modified":"2022-05-23T16:35:00","modified_gmt":"2022-05-23T13:35:00","slug":"scurt-istoric","status":"publish","type":"page","link":"https:\/\/sites.euro.ubbcluj.ro\/irisa\/scurt-istoric\/","title":{"rendered":"Scurt istoric"},"content":{"rendered":"\t\t<div data-elementor-type=\"wp-page\" data-elementor-id=\"34\" class=\"elementor elementor-34\">\n\t\t\t\t\t\t<section class=\"elementor-section elementor-top-section elementor-element elementor-element-fb402af elementor-section-boxed elementor-section-height-default elementor-section-height-default\" data-id=\"fb402af\" data-element_type=\"section\" data-e-type=\"section\">\n\t\t\t\t\t\t<div class=\"elementor-container elementor-column-gap-default\">\n\t\t\t\t\t<div class=\"elementor-column elementor-col-100 elementor-top-column elementor-element elementor-element-6498143\" data-id=\"6498143\" data-element_type=\"column\" data-e-type=\"column\">\n\t\t\t<div class=\"elementor-widget-wrap elementor-element-populated\">\n\t\t\t\t\t\t<div class=\"elementor-element elementor-element-0961bdf elementor-widget elementor-widget-text-editor\" data-id=\"0961bdf\" data-element_type=\"widget\" data-e-type=\"widget\" data-widget_type=\"text-editor.default\">\n\t\t\t\t<div class=\"elementor-widget-container\">\n\t\t\t\t\t\t\t\t\t<p style=\"text-align: justify;\"><span lang=\"ro\">IRISA a fost \u00eenfiin\u021bat \u00een anul 2003 sub denumirea de Institutul de Cercet\u0103ri Europene (ICE)\u00a0\u00a0iar \u00een 2016 a fost reacreditat ca o unitate de cercetare-dezvoltare \u015fi inovare de excelen\u0163\u0103, \u00een cadrul Facult\u0103\u0163ii de Studii Europene. Activitate \u015ftiin\u0163ific\u0103 a Institutului s-a desf\u0103\u0219urat prin intermediul\u00a0\u00a0numeroaselor granturi \u015ftiin\u0163ifice na\u0163ionale \u015fi interna\u0163ionale \u0219i a studiilor realizate \u00een domeniul rela\u021biilor interna\u021bionale \u0219i a studiilor europene.\u00a0<\/span><\/p><p style=\"text-align: justify;\"><span lang=\"ro\">\u00cencep\u00e2nd cu 2012, \u00een cadrul Institutului func\u0163ioneaz\u0103 o unitate de cercetare proprie institutului \u00een jurul celor 2 pozi\u0163ii de cercet\u0103tor \u015ftiin\u0163ific \u0219i o bibliotec\u0103 cu un num\u0103r impresionant de volume, cu dot\u0103ri specifice cercet\u0103rii avansate. \u00cen 2011 Comisia European\u0103 a donat Institutului\/Facult\u0103\u0163ii \u00eentreaga arhiv\u0103 a Comitetul Regiunilor, aceasta fiind singura arhiv\u0103 de acest gen din \u021bar\u0103.\u00a0<\/span><strong>\u00cencep\u00e2nd cu 2020, arhiva DG-Regio a fost inclus\u0103 \u00een platforma rUBB a elementelor de infrastructur\u0103 strategic\u0103 de cercetare.<\/strong>\u00a0<span lang=\"ro\">Institutul editeaz\u0103 \u00eempreun\u0103 cu Facultatea de Studii Europene revistele: On-line Journal Modelling the New Europe, Synergies Roumanie, Studia Europaea toate 3 fiind cotate \u00een baze de date interna\u0163ionale\u00a0<\/span><\/p><p style=\"text-align: justify;\"><span lang=\"ro\">La \u00eenceputul anului 2022, Institutul de Cercetari Europene a fost restructurat \u0219i a primit denumirea de Institutul de Rela\u021bii Interna\u021bionale \u0219i Studii de Arie (IRISA). Schimbarea numelui face parte dintr-un proces mai amplu de rebranding, care coincide cu o reorientare strategic\u0103 \u0219i revigorare a resurselor IRISA. \u00a0<\/span><\/p>\t\t\t\t\t\t\t\t<\/div>\n\t\t\t\t<\/div>\n\t\t\t\t\t<\/div>\n\t\t<\/div>\n\t\t\t\t\t<\/div>\n\t\t<\/section>\n\t\t\t\t<\/div>\n\t\t","protected":false},"excerpt":{"rendered":"<p>IRISA a fost \u00eenfiin\u021bat \u00een anul 2003 sub denumirea de Institutul de Cercet\u0103ri Europene (ICE)\u00a0\u00a0iar \u00een 2016 a fost reacreditat ca o unitate de cercetare-dezvoltare \u015fi inovare de excelen\u0163\u0103, \u00een cadrul Facult\u0103\u0163ii de Studii Europene. Activitate \u015ftiin\u0163ific\u0103 a Institutului s-a desf\u0103\u0219urat prin intermediul\u00a0\u00a0numeroaselor granturi \u015ftiin\u0163ifice na\u0163ionale \u015fi interna\u0163ionale \u0219i a studiilor realizate \u00een domeniul rela\u021biilor&#8230;<\/p>\n","protected":false},"author":1,"featured_media":0,"parent":0,"menu_order":0,"comment_status":"closed","ping_status":"closed","template":"","meta":{"_kadence_starter_templates_imported_post":false,"_kad_post_transparent":"default","_kad_post_title":"default","_kad_post_layout":"default","_kad_post_sidebar_id":"","_kad_post_content_style":"default","_kad_post_vertical_padding":"default","_kad_post_feature":"","_kad_post_feature_position":"","_kad_post_header":false,"_kad_post_footer":false,"footnotes":"","_links_to":"","_links_to_target":""},"class_list":["post-34","page","type-page","status-publish","hentry"],"yoast_head":"<!-- This site is optimized with the Yoast SEO plugin v27.3 - https:\/\/yoast.com\/product\/yoast-seo-wordpress\/ -->\n<title>Scurt istoric - Institutul de Rela\u021bii Interna\u021bionale \u0219i Studii de Arie<\/title>\n<meta name=\"robots\" content=\"index, follow, max-snippet:-1, max-image-preview:large, max-video-preview:-1\" \/>\n<link rel=\"canonical\" href=\"https:\/\/sites.euro.ubbcluj.ro\/irisa\/scurt-istoric\/\" \/>\n<meta property=\"og:locale\" content=\"en_US\" \/>\n<meta property=\"og:type\" content=\"article\" \/>\n<meta property=\"og:title\" content=\"Scurt istoric - Institutul de Rela\u021bii Interna\u021bionale \u0219i Studii de Arie\" \/>\n<meta property=\"og:description\" content=\"IRISA a fost \u00eenfiin\u021bat \u00een anul 2003 sub denumirea de Institutul de Cercet\u0103ri Europene (ICE)\u00a0\u00a0iar \u00een 2016 a fost reacreditat ca o unitate de cercetare-dezvoltare \u015fi inovare de excelen\u0163\u0103, \u00een cadrul Facult\u0103\u0163ii de Studii Europene. Activitate \u015ftiin\u0163ific\u0103 a Institutului s-a desf\u0103\u0219urat prin intermediul\u00a0\u00a0numeroaselor granturi \u015ftiin\u0163ifice na\u0163ionale \u015fi interna\u0163ionale \u0219i a studiilor realizate \u00een domeniul rela\u021biilor...\" \/>\n<meta property=\"og:url\" content=\"https:\/\/sites.euro.ubbcluj.ro\/irisa\/scurt-istoric\/\" \/>\n<meta property=\"og:site_name\" content=\"Institutul de Rela\u021bii Interna\u021bionale \u0219i Studii de Arie\" \/>\n<meta property=\"article:modified_time\" content=\"2022-05-23T13:35:00+00:00\" \/>\n<meta name=\"twitter:card\" content=\"summary_large_image\" \/>\n<meta name=\"twitter:label1\" content=\"Est. reading time\" \/>\n\t<meta name=\"twitter:data1\" content=\"2 minutes\" \/>\n<script type=\"application\/ld+json\" class=\"yoast-schema-graph\">{\"@context\":\"https:\\\/\\\/schema.org\",\"@graph\":[{\"@type\":\"WebPage\",\"@id\":\"https:\\\/\\\/sites.euro.ubbcluj.ro\\\/irisa\\\/scurt-istoric\\\/\",\"url\":\"https:\\\/\\\/sites.euro.ubbcluj.ro\\\/irisa\\\/scurt-istoric\\\/\",\"name\":\"Scurt istoric - Institutul de Rela\u021bii Interna\u021bionale \u0219i Studii de Arie\",\"isPartOf\":{\"@id\":\"https:\\\/\\\/sites.euro.ubbcluj.ro\\\/irisa\\\/#website\"},\"datePublished\":\"2022-03-29T07:39:32+00:00\",\"dateModified\":\"2022-05-23T13:35:00+00:00\",\"breadcrumb\":{\"@id\":\"https:\\\/\\\/sites.euro.ubbcluj.ro\\\/irisa\\\/scurt-istoric\\\/#breadcrumb\"},\"inLanguage\":\"en-US\",\"potentialAction\":[{\"@type\":\"ReadAction\",\"target\":[\"https:\\\/\\\/sites.euro.ubbcluj.ro\\\/irisa\\\/scurt-istoric\\\/\"]}]},{\"@type\":\"BreadcrumbList\",\"@id\":\"https:\\\/\\\/sites.euro.ubbcluj.ro\\\/irisa\\\/scurt-istoric\\\/#breadcrumb\",\"itemListElement\":[{\"@type\":\"ListItem\",\"position\":1,\"name\":\"Home\",\"item\":\"https:\\\/\\\/sites.euro.ubbcluj.ro\\\/irisa\\\/\"},{\"@type\":\"ListItem\",\"position\":2,\"name\":\"Scurt istoric\"}]},{\"@type\":\"WebSite\",\"@id\":\"https:\\\/\\\/sites.euro.ubbcluj.ro\\\/irisa\\\/#website\",\"url\":\"https:\\\/\\\/sites.euro.ubbcluj.ro\\\/irisa\\\/\",\"name\":\"Institutul de Rela\u021bii Interna\u021bionale \u0219i Studii de Arie\",\"description\":\"Facultatea de Studii Europene\",\"publisher\":{\"@id\":\"https:\\\/\\\/sites.euro.ubbcluj.ro\\\/irisa\\\/#organization\"},\"potentialAction\":[{\"@type\":\"SearchAction\",\"target\":{\"@type\":\"EntryPoint\",\"urlTemplate\":\"https:\\\/\\\/sites.euro.ubbcluj.ro\\\/irisa\\\/?s={search_term_string}\"},\"query-input\":{\"@type\":\"PropertyValueSpecification\",\"valueRequired\":true,\"valueName\":\"search_term_string\"}}],\"inLanguage\":\"en-US\"},{\"@type\":\"Organization\",\"@id\":\"https:\\\/\\\/sites.euro.ubbcluj.ro\\\/irisa\\\/#organization\",\"name\":\"Institutul de Rela\u021bii Interna\u021bionale \u0219i Studii de Arie\",\"url\":\"https:\\\/\\\/sites.euro.ubbcluj.ro\\\/irisa\\\/\",\"logo\":{\"@type\":\"ImageObject\",\"inLanguage\":\"en-US\",\"@id\":\"https:\\\/\\\/sites.euro.ubbcluj.ro\\\/irisa\\\/#\\\/schema\\\/logo\\\/image\\\/\",\"url\":\"https:\\\/\\\/sites.euro.ubbcluj.ro\\\/irisa\\\/wp-content\\\/uploads\\\/2022\\\/05\\\/cropped-IIRAS.png\",\"contentUrl\":\"https:\\\/\\\/sites.euro.ubbcluj.ro\\\/irisa\\\/wp-content\\\/uploads\\\/2022\\\/05\\\/cropped-IIRAS.png\",\"width\":1244,\"height\":1154,\"caption\":\"Institutul de Rela\u021bii Interna\u021bionale \u0219i Studii de Arie\"},\"image\":{\"@id\":\"https:\\\/\\\/sites.euro.ubbcluj.ro\\\/irisa\\\/#\\\/schema\\\/logo\\\/image\\\/\"}}]}<\/script>\n<!-- \/ Yoast SEO plugin. -->","yoast_head_json":{"title":"Scurt istoric - Institutul de Rela\u021bii Interna\u021bionale \u0219i Studii de Arie","robots":{"index":"index","follow":"follow","max-snippet":"max-snippet:-1","max-image-preview":"max-image-preview:large","max-video-preview":"max-video-preview:-1"},"canonical":"https:\/\/sites.euro.ubbcluj.ro\/irisa\/scurt-istoric\/","og_locale":"en_US","og_type":"article","og_title":"Scurt istoric - Institutul de Rela\u021bii Interna\u021bionale \u0219i Studii de Arie","og_description":"IRISA a fost \u00eenfiin\u021bat \u00een anul 2003 sub denumirea de Institutul de Cercet\u0103ri Europene (ICE)\u00a0\u00a0iar \u00een 2016 a fost reacreditat ca o unitate de cercetare-dezvoltare \u015fi inovare de excelen\u0163\u0103, \u00een cadrul Facult\u0103\u0163ii de Studii Europene. Activitate \u015ftiin\u0163ific\u0103 a Institutului s-a desf\u0103\u0219urat prin intermediul\u00a0\u00a0numeroaselor granturi \u015ftiin\u0163ifice na\u0163ionale \u015fi interna\u0163ionale \u0219i a studiilor realizate \u00een domeniul rela\u021biilor...","og_url":"https:\/\/sites.euro.ubbcluj.ro\/irisa\/scurt-istoric\/","og_site_name":"Institutul de Rela\u021bii Interna\u021bionale \u0219i Studii de Arie","article_modified_time":"2022-05-23T13:35:00+00:00","twitter_card":"summary_large_image","twitter_misc":{"Est. reading time":"2 minutes"},"schema":{"@context":"https:\/\/schema.org","@graph":[{"@type":"WebPage","@id":"https:\/\/sites.euro.ubbcluj.ro\/irisa\/scurt-istoric\/","url":"https:\/\/sites.euro.ubbcluj.ro\/irisa\/scurt-istoric\/","name":"Scurt istoric - Institutul de Rela\u021bii Interna\u021bionale \u0219i Studii de Arie","isPartOf":{"@id":"https:\/\/sites.euro.ubbcluj.ro\/irisa\/#website"},"datePublished":"2022-03-29T07:39:32+00:00","dateModified":"2022-05-23T13:35:00+00:00","breadcrumb":{"@id":"https:\/\/sites.euro.ubbcluj.ro\/irisa\/scurt-istoric\/#breadcrumb"},"inLanguage":"en-US","potentialAction":[{"@type":"ReadAction","target":["https:\/\/sites.euro.ubbcluj.ro\/irisa\/scurt-istoric\/"]}]},{"@type":"BreadcrumbList","@id":"https:\/\/sites.euro.ubbcluj.ro\/irisa\/scurt-istoric\/#breadcrumb","itemListElement":[{"@type":"ListItem","position":1,"name":"Home","item":"https:\/\/sites.euro.ubbcluj.ro\/irisa\/"},{"@type":"ListItem","position":2,"name":"Scurt istoric"}]},{"@type":"WebSite","@id":"https:\/\/sites.euro.ubbcluj.ro\/irisa\/#website","url":"https:\/\/sites.euro.ubbcluj.ro\/irisa\/","name":"Institutul de Rela\u021bii Interna\u021bionale \u0219i Studii de Arie","description":"Facultatea de Studii Europene","publisher":{"@id":"https:\/\/sites.euro.ubbcluj.ro\/irisa\/#organization"},"potentialAction":[{"@type":"SearchAction","target":{"@type":"EntryPoint","urlTemplate":"https:\/\/sites.euro.ubbcluj.ro\/irisa\/?s={search_term_string}"},"query-input":{"@type":"PropertyValueSpecification","valueRequired":true,"valueName":"search_term_string"}}],"inLanguage":"en-US"},{"@type":"Organization","@id":"https:\/\/sites.euro.ubbcluj.ro\/irisa\/#organization","name":"Institutul de Rela\u021bii Interna\u021bionale \u0219i Studii de Arie","url":"https:\/\/sites.euro.ubbcluj.ro\/irisa\/","logo":{"@type":"ImageObject","inLanguage":"en-US","@id":"https:\/\/sites.euro.ubbcluj.ro\/irisa\/#\/schema\/logo\/image\/","url":"https:\/\/sites.euro.ubbcluj.ro\/irisa\/wp-content\/uploads\/2022\/05\/cropped-IIRAS.png","contentUrl":"https:\/\/sites.euro.ubbcluj.ro\/irisa\/wp-content\/uploads\/2022\/05\/cropped-IIRAS.png","width":1244,"height":1154,"caption":"Institutul de Rela\u021bii Interna\u021bionale \u0219i Studii de Arie"},"image":{"@id":"https:\/\/sites.euro.ubbcluj.ro\/irisa\/#\/schema\/logo\/image\/"}}]}},"_links":{"self":[{"href":"https:\/\/sites.euro.ubbcluj.ro\/irisa\/wp-json\/wp\/v2\/pages\/34","targetHints":{"allow":["GET"]}}],"collection":[{"href":"https:\/\/sites.euro.ubbcluj.ro\/irisa\/wp-json\/wp\/v2\/pages"}],"about":[{"href":"https:\/\/sites.euro.ubbcluj.ro\/irisa\/wp-json\/wp\/v2\/types\/page"}],"author":[{"embeddable":true,"href":"https:\/\/sites.euro.ubbcluj.ro\/irisa\/wp-json\/wp\/v2\/users\/1"}],"replies":[{"embeddable":true,"href":"https:\/\/sites.euro.ubbcluj.ro\/irisa\/wp-json\/wp\/v2\/comments?post=34"}],"version-history":[{"count":0,"href":"https:\/\/sites.euro.ubbcluj.ro\/irisa\/wp-json\/wp\/v2\/pages\/34\/revisions"}],"wp:attachment":[{"href":"https:\/\/sites.euro.ubbcluj.ro\/irisa\/wp-json\/wp\/v2\/media?parent=34"}],"curies":[{"name":"wp","href":"https:\/\/api.w.org\/{rel}","templated":true}]}}