{"id":348,"date":"2022-04-04T20:36:41","date_gmt":"2022-04-04T20:36:41","guid":{"rendered":"https:\/\/sites.euro.ubbcluj.ro\/irisa\/?page_id=348"},"modified":"2022-05-24T15:09:17","modified_gmt":"2022-05-24T12:09:17","slug":"arhiva-dg-regio","status":"publish","type":"page","link":"https:\/\/sites.euro.ubbcluj.ro\/irisa\/arhiva-dg-regio\/","title":{"rendered":"Arhiva DG REGIO"},"content":{"rendered":"\t\t<div data-elementor-type=\"wp-page\" data-elementor-id=\"348\" class=\"elementor elementor-348\">\n\t\t\t\t\t\t<section class=\"elementor-section elementor-top-section elementor-element elementor-element-291c1226 elementor-section-boxed elementor-section-height-default elementor-section-height-default\" data-id=\"291c1226\" data-element_type=\"section\" data-e-type=\"section\" data-settings=\"{&quot;background_background&quot;:&quot;classic&quot;}\">\n\t\t\t\t\t\t<div class=\"elementor-container elementor-column-gap-default\">\n\t\t\t\t\t<div class=\"elementor-column elementor-col-100 elementor-top-column elementor-element elementor-element-351d0619 elementor-invisible\" data-id=\"351d0619\" data-element_type=\"column\" data-e-type=\"column\" data-settings=\"{&quot;animation&quot;:&quot;fadeIn&quot;}\">\n\t\t\t<div class=\"elementor-widget-wrap elementor-element-populated\">\n\t\t\t\t\t\t<div class=\"elementor-element elementor-element-23941251 elementor-widget-divider--view-line elementor-invisible elementor-widget elementor-widget-divider\" data-id=\"23941251\" data-element_type=\"widget\" data-e-type=\"widget\" data-settings=\"{&quot;_animation&quot;:&quot;fadeInUp&quot;}\" data-widget_type=\"divider.default\">\n\t\t\t\t<div class=\"elementor-widget-container\">\n\t\t\t\t\t\t\t<div class=\"elementor-divider\">\n\t\t\t<span class=\"elementor-divider-separator\">\n\t\t\t\t\t\t<\/span>\n\t\t<\/div>\n\t\t\t\t\t\t<\/div>\n\t\t\t\t<\/div>\n\t\t\t\t<div class=\"elementor-element elementor-element-42c6ef84 elementor-invisible elementor-widget elementor-widget-text-editor\" data-id=\"42c6ef84\" data-element_type=\"widget\" data-e-type=\"widget\" data-settings=\"{&quot;_animation&quot;:&quot;fadeIn&quot;}\" data-widget_type=\"text-editor.default\">\n\t\t\t\t<div class=\"elementor-widget-container\">\n\t\t\t\t\t\t\t\t\t<div style=\"text-align: justify;\">Arhiva DIGI REGIO a fost donat\u0103 <span style=\"font-family: var(--global-body-font-family);\">Institutului de Rela\u021bii Interna\u021bionale \u0219i Studii de Arie <\/span>\u00een anul 2011 \u00eempreun\u0103 cu echipamentul aferent (dou\u0103 scannere de microfi\u0219e dotate cu un panou de control ce permite ajustarea parametrilor de scanare a microfi\u0219elor \u015fi imprimarea acestora). Fiind unic\u0103 la nivel regional dar \u0219i pentru zona excomunist\u0103, aceasta con\u021bine peste 10.000 de documente ale Comitetului European al Regiunilor \u00een limbile de circula\u021bie UE ce sunt disponibile spre consultare at\u00e2t cercet\u0103torilor din \u021bar\u0103, c\u00e2t \u0219i celor din strain\u0103tate.<\/div><div style=\"text-align: justify;\"><strong>\u00cencep\u00e2nd cu 2020, arhiva DG-Regio a fost inclus\u0103 \u00een platforma rUBB a elementelor de infrastructur\u0103 strategic\u0103 de cercetare.<\/strong><\/div><div style=\"text-align: justify;\"><p>Arhiva DIGI REGIO este gestionat\u0103 de c\u0103tre <span style=\"font-family: var(--global-body-font-family);\">Institutul de Rela\u021bii Interna\u021bionale \u0219i Studii de Arie <\/span><span style=\"font-family: var(--global-body-font-family);\">beneficiind de un spa\u021biu dedicat \u00een cadrul Facult\u0103\u0163ii de Studii Europene, Strada Emmanuel de Martonne nr. 1, etajul 2, Cluj Napoca. Documentele pot fi consultate zilnic \u00eentre orele 10.00\u201316.00. Pentru program\u0103ri va rug\u0103m s\u0103 trimite\u021bi un email la adresa: researchinstitute.euro@ubbcluj.ro<\/span><\/p><\/div><div style=\"text-align: justify;\">Personal de specialitate: cercet\u0103tor \u015ftiin\u0163ific dr. Oana Poian\u0103<\/div>\t\t\t\t\t\t\t\t<\/div>\n\t\t\t\t<\/div>\n\t\t\t\t\t<\/div>\n\t\t<\/div>\n\t\t\t\t\t<\/div>\n\t\t<\/section>\n\t\t\t\t<section class=\"elementor-section elementor-inner-section elementor-element elementor-element-5b67f2f9 elementor-section-boxed elementor-section-height-default elementor-section-height-default\" data-id=\"5b67f2f9\" data-element_type=\"section\" data-e-type=\"section\" data-settings=\"{&quot;background_background&quot;:&quot;classic&quot;}\">\n\t\t\t\t\t\t<div class=\"elementor-container elementor-column-gap-default\">\n\t\t\t\t\t<div class=\"elementor-column elementor-col-25 elementor-inner-column elementor-element elementor-element-60bae0bc elementor-invisible\" data-id=\"60bae0bc\" data-element_type=\"column\" data-e-type=\"column\" data-settings=\"{&quot;animation&quot;:&quot;fadeIn&quot;,&quot;animation_delay&quot;:450}\">\n\t\t\t<div class=\"elementor-widget-wrap elementor-element-populated\">\n\t\t\t\t\t\t<div class=\"elementor-element elementor-element-35129101 elementor-widget elementor-widget-image\" data-id=\"35129101\" data-element_type=\"widget\" data-e-type=\"widget\" data-widget_type=\"image.default\">\n\t\t\t\t<div class=\"elementor-widget-container\">\n\t\t\t\t\t\t\t\t\t\t\t\t\t\t\t<img fetchpriority=\"high\" decoding=\"async\" width=\"300\" height=\"265\" src=\"https:\/\/sites.euro.ubbcluj.ro\/irisa\/wp-content\/uploads\/2022\/04\/dg-regio1-1-591x523-1-300x265.jpg\" class=\"elementor-animation-grow attachment-medium size-medium wp-image-413\" alt=\"\" srcset=\"https:\/\/sites.euro.ubbcluj.ro\/irisa\/wp-content\/uploads\/2022\/04\/dg-regio1-1-591x523-1-300x265.jpg 300w, https:\/\/sites.euro.ubbcluj.ro\/irisa\/wp-content\/uploads\/2022\/04\/dg-regio1-1-591x523-1.jpg 591w\" sizes=\"(max-width: 300px) 100vw, 300px\" \/>\t\t\t\t\t\t\t\t\t\t\t\t\t\t\t<\/div>\n\t\t\t\t<\/div>\n\t\t\t\t<div class=\"elementor-element elementor-element-7bf24534 elementor-widget-divider--view-line elementor-widget elementor-widget-divider\" data-id=\"7bf24534\" data-element_type=\"widget\" data-e-type=\"widget\" data-widget_type=\"divider.default\">\n\t\t\t\t<div class=\"elementor-widget-container\">\n\t\t\t\t\t\t\t<div class=\"elementor-divider\">\n\t\t\t<span class=\"elementor-divider-separator\">\n\t\t\t\t\t\t<\/span>\n\t\t<\/div>\n\t\t\t\t\t\t<\/div>\n\t\t\t\t<\/div>\n\t\t\t\t\t<\/div>\n\t\t<\/div>\n\t\t\t\t<div class=\"elementor-column elementor-col-25 elementor-inner-column elementor-element elementor-element-3e279c0a elementor-invisible\" data-id=\"3e279c0a\" data-element_type=\"column\" data-e-type=\"column\" data-settings=\"{&quot;animation&quot;:&quot;fadeIn&quot;,&quot;animation_delay&quot;:300}\">\n\t\t\t<div class=\"elementor-widget-wrap elementor-element-populated\">\n\t\t\t\t\t\t<div class=\"elementor-element elementor-element-48c087bf elementor-widget elementor-widget-image\" data-id=\"48c087bf\" data-element_type=\"widget\" data-e-type=\"widget\" data-widget_type=\"image.default\">\n\t\t\t\t<div class=\"elementor-widget-container\">\n\t\t\t\t\t\t\t\t\t\t\t\t\t\t\t<img decoding=\"async\" width=\"300\" height=\"265\" src=\"https:\/\/sites.euro.ubbcluj.ro\/irisa\/wp-content\/uploads\/2022\/04\/dg-regio3-676x597-1-676x597-1-300x265.jpg\" class=\"elementor-animation-grow attachment-medium size-medium wp-image-414\" alt=\"\" srcset=\"https:\/\/sites.euro.ubbcluj.ro\/irisa\/wp-content\/uploads\/2022\/04\/dg-regio3-676x597-1-676x597-1-300x265.jpg 300w, https:\/\/sites.euro.ubbcluj.ro\/irisa\/wp-content\/uploads\/2022\/04\/dg-regio3-676x597-1-676x597-1.jpg 676w\" sizes=\"(max-width: 300px) 100vw, 300px\" \/>\t\t\t\t\t\t\t\t\t\t\t\t\t\t\t<\/div>\n\t\t\t\t<\/div>\n\t\t\t\t<div class=\"elementor-element elementor-element-12665689 elementor-widget-divider--view-line elementor-widget elementor-widget-divider\" data-id=\"12665689\" data-element_type=\"widget\" data-e-type=\"widget\" data-widget_type=\"divider.default\">\n\t\t\t\t<div class=\"elementor-widget-container\">\n\t\t\t\t\t\t\t<div class=\"elementor-divider\">\n\t\t\t<span class=\"elementor-divider-separator\">\n\t\t\t\t\t\t<\/span>\n\t\t<\/div>\n\t\t\t\t\t\t<\/div>\n\t\t\t\t<\/div>\n\t\t\t\t\t<\/div>\n\t\t<\/div>\n\t\t\t\t<div class=\"elementor-column elementor-col-25 elementor-inner-column elementor-element elementor-element-63bc69c7 elementor-invisible\" data-id=\"63bc69c7\" data-element_type=\"column\" data-e-type=\"column\" data-settings=\"{&quot;animation&quot;:&quot;fadeIn&quot;,&quot;animation_delay&quot;:300}\">\n\t\t\t<div class=\"elementor-widget-wrap elementor-element-populated\">\n\t\t\t\t\t\t<div class=\"elementor-element elementor-element-6ee70561 elementor-widget elementor-widget-image\" data-id=\"6ee70561\" data-element_type=\"widget\" data-e-type=\"widget\" data-widget_type=\"image.default\">\n\t\t\t\t<div class=\"elementor-widget-container\">\n\t\t\t\t\t\t\t\t\t\t\t\t\t\t\t<img decoding=\"async\" width=\"281\" height=\"253\" src=\"https:\/\/sites.euro.ubbcluj.ro\/irisa\/wp-content\/uploads\/2022\/04\/arhv1-7-492x399-1.jpeg\" class=\"elementor-animation-grow attachment-medium size-medium wp-image-415\" alt=\"\" \/>\t\t\t\t\t\t\t\t\t\t\t\t\t\t\t<\/div>\n\t\t\t\t<\/div>\n\t\t\t\t<div class=\"elementor-element elementor-element-33d1f755 elementor-widget-divider--view-line elementor-widget elementor-widget-divider\" data-id=\"33d1f755\" data-element_type=\"widget\" data-e-type=\"widget\" data-widget_type=\"divider.default\">\n\t\t\t\t<div class=\"elementor-widget-container\">\n\t\t\t\t\t\t\t<div class=\"elementor-divider\">\n\t\t\t<span class=\"elementor-divider-separator\">\n\t\t\t\t\t\t<\/span>\n\t\t<\/div>\n\t\t\t\t\t\t<\/div>\n\t\t\t\t<\/div>\n\t\t\t\t\t<\/div>\n\t\t<\/div>\n\t\t\t\t<div class=\"elementor-column elementor-col-25 elementor-inner-column elementor-element elementor-element-19ca38a1 elementor-invisible\" data-id=\"19ca38a1\" data-element_type=\"column\" data-e-type=\"column\" data-settings=\"{&quot;animation&quot;:&quot;fadeIn&quot;,&quot;animation_delay&quot;:450}\">\n\t\t\t<div class=\"elementor-widget-wrap elementor-element-populated\">\n\t\t\t\t\t\t<div class=\"elementor-element elementor-element-353cdc11 elementor-widget elementor-widget-image\" data-id=\"353cdc11\" data-element_type=\"widget\" data-e-type=\"widget\" data-widget_type=\"image.default\">\n\t\t\t\t<div class=\"elementor-widget-container\">\n\t\t\t\t\t\t\t\t\t\t\t\t\t\t\t<img loading=\"lazy\" decoding=\"async\" width=\"300\" height=\"270\" src=\"https:\/\/sites.euro.ubbcluj.ro\/irisa\/wp-content\/uploads\/2022\/04\/arhv2-492x437-1-300x270.jpeg\" class=\"elementor-animation-grow attachment-medium size-medium wp-image-416\" alt=\"\" srcset=\"https:\/\/sites.euro.ubbcluj.ro\/irisa\/wp-content\/uploads\/2022\/04\/arhv2-492x437-1-300x270.jpeg 300w, https:\/\/sites.euro.ubbcluj.ro\/irisa\/wp-content\/uploads\/2022\/04\/arhv2-492x437-1.jpeg 393w\" sizes=\"(max-width: 300px) 100vw, 300px\" \/>\t\t\t\t\t\t\t\t\t\t\t\t\t\t\t<\/div>\n\t\t\t\t<\/div>\n\t\t\t\t<div class=\"elementor-element elementor-element-19ac0f47 elementor-widget-divider--view-line elementor-widget elementor-widget-divider\" data-id=\"19ac0f47\" data-element_type=\"widget\" data-e-type=\"widget\" data-widget_type=\"divider.default\">\n\t\t\t\t<div class=\"elementor-widget-container\">\n\t\t\t\t\t\t\t<div class=\"elementor-divider\">\n\t\t\t<span class=\"elementor-divider-separator\">\n\t\t\t\t\t\t<\/span>\n\t\t<\/div>\n\t\t\t\t\t\t<\/div>\n\t\t\t\t<\/div>\n\t\t\t\t\t<\/div>\n\t\t<\/div>\n\t\t\t\t\t<\/div>\n\t\t<\/section>\n\t\t\t\t<\/div>\n\t\t","protected":false},"excerpt":{"rendered":"<p>Arhiva DIGI REGIO a fost donat\u0103 Institutului de Rela\u021bii Interna\u021bionale \u0219i Studii de Arie \u00een anul 2011 \u00eempreun\u0103 cu echipamentul aferent (dou\u0103 scannere de microfi\u0219e dotate cu un panou de control ce permite ajustarea parametrilor de scanare a microfi\u0219elor \u015fi imprimarea acestora). Fiind unic\u0103 la nivel regional dar \u0219i pentru zona excomunist\u0103, aceasta con\u021bine peste&#8230;<\/p>\n","protected":false},"author":1,"featured_media":0,"parent":0,"menu_order":0,"comment_status":"closed","ping_status":"closed","template":"","meta":{"_kadence_starter_templates_imported_post":false,"_kad_post_transparent":"","_kad_post_title":"default","_kad_post_layout":"default","_kad_post_sidebar_id":"","_kad_post_content_style":"default","_kad_post_vertical_padding":"default","_kad_post_feature":"default","_kad_post_feature_position":"","_kad_post_header":false,"_kad_post_footer":false,"footnotes":"","_links_to":"","_links_to_target":""},"class_list":["post-348","page","type-page","status-publish","hentry"],"yoast_head":"<!-- This site is optimized with the Yoast SEO plugin v27.3 - https:\/\/yoast.com\/product\/yoast-seo-wordpress\/ -->\n<title>Arhiva DG REGIO - Institutul de Rela\u021bii Interna\u021bionale \u0219i Studii de Arie<\/title>\n<meta name=\"robots\" content=\"index, follow, max-snippet:-1, max-image-preview:large, max-video-preview:-1\" \/>\n<link rel=\"canonical\" href=\"https:\/\/sites.euro.ubbcluj.ro\/irisa\/arhiva-dg-regio\/\" \/>\n<meta property=\"og:locale\" content=\"en_US\" \/>\n<meta property=\"og:type\" content=\"article\" \/>\n<meta property=\"og:title\" content=\"Arhiva DG REGIO - Institutul de Rela\u021bii Interna\u021bionale \u0219i Studii de Arie\" \/>\n<meta property=\"og:description\" content=\"Arhiva DIGI REGIO a fost donat\u0103 Institutului de Rela\u021bii Interna\u021bionale \u0219i Studii de Arie \u00een anul 2011 \u00eempreun\u0103 cu echipamentul aferent (dou\u0103 scannere de microfi\u0219e dotate cu un panou de control ce permite ajustarea parametrilor de scanare a microfi\u0219elor \u015fi imprimarea acestora). Fiind unic\u0103 la nivel regional dar \u0219i pentru zona excomunist\u0103, aceasta con\u021bine peste...\" \/>\n<meta property=\"og:url\" content=\"https:\/\/sites.euro.ubbcluj.ro\/irisa\/arhiva-dg-regio\/\" \/>\n<meta property=\"og:site_name\" content=\"Institutul de Rela\u021bii Interna\u021bionale \u0219i Studii de Arie\" \/>\n<meta property=\"article:modified_time\" content=\"2022-05-24T12:09:17+00:00\" \/>\n<meta property=\"og:image\" content=\"https:\/\/sites.euro.ubbcluj.ro\/irisa\/wp-content\/uploads\/2022\/04\/dg-regio1-1-591x523-1-300x265.jpg\" \/>\n<meta name=\"twitter:card\" content=\"summary_large_image\" \/>\n<meta name=\"twitter:label1\" content=\"Est. reading time\" \/>\n\t<meta name=\"twitter:data1\" content=\"2 minutes\" \/>\n<script type=\"application\/ld+json\" class=\"yoast-schema-graph\">{\"@context\":\"https:\\\/\\\/schema.org\",\"@graph\":[{\"@type\":\"WebPage\",\"@id\":\"https:\\\/\\\/sites.euro.ubbcluj.ro\\\/irisa\\\/arhiva-dg-regio\\\/\",\"url\":\"https:\\\/\\\/sites.euro.ubbcluj.ro\\\/irisa\\\/arhiva-dg-regio\\\/\",\"name\":\"Arhiva DG REGIO - Institutul de Rela\u021bii Interna\u021bionale \u0219i Studii de Arie\",\"isPartOf\":{\"@id\":\"https:\\\/\\\/sites.euro.ubbcluj.ro\\\/irisa\\\/#website\"},\"primaryImageOfPage\":{\"@id\":\"https:\\\/\\\/sites.euro.ubbcluj.ro\\\/irisa\\\/arhiva-dg-regio\\\/#primaryimage\"},\"image\":{\"@id\":\"https:\\\/\\\/sites.euro.ubbcluj.ro\\\/irisa\\\/arhiva-dg-regio\\\/#primaryimage\"},\"thumbnailUrl\":\"https:\\\/\\\/sites.euro.ubbcluj.ro\\\/irisa\\\/wp-content\\\/uploads\\\/2022\\\/04\\\/dg-regio1-1-591x523-1-300x265.jpg\",\"datePublished\":\"2022-04-04T20:36:41+00:00\",\"dateModified\":\"2022-05-24T12:09:17+00:00\",\"breadcrumb\":{\"@id\":\"https:\\\/\\\/sites.euro.ubbcluj.ro\\\/irisa\\\/arhiva-dg-regio\\\/#breadcrumb\"},\"inLanguage\":\"en-US\",\"potentialAction\":[{\"@type\":\"ReadAction\",\"target\":[\"https:\\\/\\\/sites.euro.ubbcluj.ro\\\/irisa\\\/arhiva-dg-regio\\\/\"]}]},{\"@type\":\"ImageObject\",\"inLanguage\":\"en-US\",\"@id\":\"https:\\\/\\\/sites.euro.ubbcluj.ro\\\/irisa\\\/arhiva-dg-regio\\\/#primaryimage\",\"url\":\"https:\\\/\\\/sites.euro.ubbcluj.ro\\\/irisa\\\/wp-content\\\/uploads\\\/2022\\\/04\\\/dg-regio1-1-591x523-1.jpg\",\"contentUrl\":\"https:\\\/\\\/sites.euro.ubbcluj.ro\\\/irisa\\\/wp-content\\\/uploads\\\/2022\\\/04\\\/dg-regio1-1-591x523-1.jpg\",\"width\":591,\"height\":523},{\"@type\":\"BreadcrumbList\",\"@id\":\"https:\\\/\\\/sites.euro.ubbcluj.ro\\\/irisa\\\/arhiva-dg-regio\\\/#breadcrumb\",\"itemListElement\":[{\"@type\":\"ListItem\",\"position\":1,\"name\":\"Home\",\"item\":\"https:\\\/\\\/sites.euro.ubbcluj.ro\\\/irisa\\\/\"},{\"@type\":\"ListItem\",\"position\":2,\"name\":\"Arhiva DG REGIO\"}]},{\"@type\":\"WebSite\",\"@id\":\"https:\\\/\\\/sites.euro.ubbcluj.ro\\\/irisa\\\/#website\",\"url\":\"https:\\\/\\\/sites.euro.ubbcluj.ro\\\/irisa\\\/\",\"name\":\"Institutul de Rela\u021bii Interna\u021bionale \u0219i Studii de Arie\",\"description\":\"Facultatea de Studii Europene\",\"publisher\":{\"@id\":\"https:\\\/\\\/sites.euro.ubbcluj.ro\\\/irisa\\\/#organization\"},\"potentialAction\":[{\"@type\":\"SearchAction\",\"target\":{\"@type\":\"EntryPoint\",\"urlTemplate\":\"https:\\\/\\\/sites.euro.ubbcluj.ro\\\/irisa\\\/?s={search_term_string}\"},\"query-input\":{\"@type\":\"PropertyValueSpecification\",\"valueRequired\":true,\"valueName\":\"search_term_string\"}}],\"inLanguage\":\"en-US\"},{\"@type\":\"Organization\",\"@id\":\"https:\\\/\\\/sites.euro.ubbcluj.ro\\\/irisa\\\/#organization\",\"name\":\"Institutul de Rela\u021bii Interna\u021bionale \u0219i Studii de Arie\",\"url\":\"https:\\\/\\\/sites.euro.ubbcluj.ro\\\/irisa\\\/\",\"logo\":{\"@type\":\"ImageObject\",\"inLanguage\":\"en-US\",\"@id\":\"https:\\\/\\\/sites.euro.ubbcluj.ro\\\/irisa\\\/#\\\/schema\\\/logo\\\/image\\\/\",\"url\":\"https:\\\/\\\/sites.euro.ubbcluj.ro\\\/irisa\\\/wp-content\\\/uploads\\\/2022\\\/05\\\/cropped-IIRAS.png\",\"contentUrl\":\"https:\\\/\\\/sites.euro.ubbcluj.ro\\\/irisa\\\/wp-content\\\/uploads\\\/2022\\\/05\\\/cropped-IIRAS.png\",\"width\":1244,\"height\":1154,\"caption\":\"Institutul de Rela\u021bii Interna\u021bionale \u0219i Studii de Arie\"},\"image\":{\"@id\":\"https:\\\/\\\/sites.euro.ubbcluj.ro\\\/irisa\\\/#\\\/schema\\\/logo\\\/image\\\/\"}}]}<\/script>\n<!-- \/ Yoast SEO plugin. -->","yoast_head_json":{"title":"Arhiva DG REGIO - Institutul de Rela\u021bii Interna\u021bionale \u0219i Studii de Arie","robots":{"index":"index","follow":"follow","max-snippet":"max-snippet:-1","max-image-preview":"max-image-preview:large","max-video-preview":"max-video-preview:-1"},"canonical":"https:\/\/sites.euro.ubbcluj.ro\/irisa\/arhiva-dg-regio\/","og_locale":"en_US","og_type":"article","og_title":"Arhiva DG REGIO - Institutul de Rela\u021bii Interna\u021bionale \u0219i Studii de Arie","og_description":"Arhiva DIGI REGIO a fost donat\u0103 Institutului de Rela\u021bii Interna\u021bionale \u0219i Studii de Arie \u00een anul 2011 \u00eempreun\u0103 cu echipamentul aferent (dou\u0103 scannere de microfi\u0219e dotate cu un panou de control ce permite ajustarea parametrilor de scanare a microfi\u0219elor \u015fi imprimarea acestora). Fiind unic\u0103 la nivel regional dar \u0219i pentru zona excomunist\u0103, aceasta con\u021bine peste...","og_url":"https:\/\/sites.euro.ubbcluj.ro\/irisa\/arhiva-dg-regio\/","og_site_name":"Institutul de Rela\u021bii Interna\u021bionale \u0219i Studii de Arie","article_modified_time":"2022-05-24T12:09:17+00:00","og_image":[{"url":"https:\/\/sites.euro.ubbcluj.ro\/irisa\/wp-content\/uploads\/2022\/04\/dg-regio1-1-591x523-1-300x265.jpg","type":"","width":"","height":""}],"twitter_card":"summary_large_image","twitter_misc":{"Est. reading time":"2 minutes"},"schema":{"@context":"https:\/\/schema.org","@graph":[{"@type":"WebPage","@id":"https:\/\/sites.euro.ubbcluj.ro\/irisa\/arhiva-dg-regio\/","url":"https:\/\/sites.euro.ubbcluj.ro\/irisa\/arhiva-dg-regio\/","name":"Arhiva DG REGIO - Institutul de Rela\u021bii Interna\u021bionale \u0219i Studii de Arie","isPartOf":{"@id":"https:\/\/sites.euro.ubbcluj.ro\/irisa\/#website"},"primaryImageOfPage":{"@id":"https:\/\/sites.euro.ubbcluj.ro\/irisa\/arhiva-dg-regio\/#primaryimage"},"image":{"@id":"https:\/\/sites.euro.ubbcluj.ro\/irisa\/arhiva-dg-regio\/#primaryimage"},"thumbnailUrl":"https:\/\/sites.euro.ubbcluj.ro\/irisa\/wp-content\/uploads\/2022\/04\/dg-regio1-1-591x523-1-300x265.jpg","datePublished":"2022-04-04T20:36:41+00:00","dateModified":"2022-05-24T12:09:17+00:00","breadcrumb":{"@id":"https:\/\/sites.euro.ubbcluj.ro\/irisa\/arhiva-dg-regio\/#breadcrumb"},"inLanguage":"en-US","potentialAction":[{"@type":"ReadAction","target":["https:\/\/sites.euro.ubbcluj.ro\/irisa\/arhiva-dg-regio\/"]}]},{"@type":"ImageObject","inLanguage":"en-US","@id":"https:\/\/sites.euro.ubbcluj.ro\/irisa\/arhiva-dg-regio\/#primaryimage","url":"https:\/\/sites.euro.ubbcluj.ro\/irisa\/wp-content\/uploads\/2022\/04\/dg-regio1-1-591x523-1.jpg","contentUrl":"https:\/\/sites.euro.ubbcluj.ro\/irisa\/wp-content\/uploads\/2022\/04\/dg-regio1-1-591x523-1.jpg","width":591,"height":523},{"@type":"BreadcrumbList","@id":"https:\/\/sites.euro.ubbcluj.ro\/irisa\/arhiva-dg-regio\/#breadcrumb","itemListElement":[{"@type":"ListItem","position":1,"name":"Home","item":"https:\/\/sites.euro.ubbcluj.ro\/irisa\/"},{"@type":"ListItem","position":2,"name":"Arhiva DG REGIO"}]},{"@type":"WebSite","@id":"https:\/\/sites.euro.ubbcluj.ro\/irisa\/#website","url":"https:\/\/sites.euro.ubbcluj.ro\/irisa\/","name":"Institutul de Rela\u021bii Interna\u021bionale \u0219i Studii de Arie","description":"Facultatea de Studii Europene","publisher":{"@id":"https:\/\/sites.euro.ubbcluj.ro\/irisa\/#organization"},"potentialAction":[{"@type":"SearchAction","target":{"@type":"EntryPoint","urlTemplate":"https:\/\/sites.euro.ubbcluj.ro\/irisa\/?s={search_term_string}"},"query-input":{"@type":"PropertyValueSpecification","valueRequired":true,"valueName":"search_term_string"}}],"inLanguage":"en-US"},{"@type":"Organization","@id":"https:\/\/sites.euro.ubbcluj.ro\/irisa\/#organization","name":"Institutul de Rela\u021bii Interna\u021bionale \u0219i Studii de Arie","url":"https:\/\/sites.euro.ubbcluj.ro\/irisa\/","logo":{"@type":"ImageObject","inLanguage":"en-US","@id":"https:\/\/sites.euro.ubbcluj.ro\/irisa\/#\/schema\/logo\/image\/","url":"https:\/\/sites.euro.ubbcluj.ro\/irisa\/wp-content\/uploads\/2022\/05\/cropped-IIRAS.png","contentUrl":"https:\/\/sites.euro.ubbcluj.ro\/irisa\/wp-content\/uploads\/2022\/05\/cropped-IIRAS.png","width":1244,"height":1154,"caption":"Institutul de Rela\u021bii Interna\u021bionale \u0219i Studii de Arie"},"image":{"@id":"https:\/\/sites.euro.ubbcluj.ro\/irisa\/#\/schema\/logo\/image\/"}}]}},"_links":{"self":[{"href":"https:\/\/sites.euro.ubbcluj.ro\/irisa\/wp-json\/wp\/v2\/pages\/348","targetHints":{"allow":["GET"]}}],"collection":[{"href":"https:\/\/sites.euro.ubbcluj.ro\/irisa\/wp-json\/wp\/v2\/pages"}],"about":[{"href":"https:\/\/sites.euro.ubbcluj.ro\/irisa\/wp-json\/wp\/v2\/types\/page"}],"author":[{"embeddable":true,"href":"https:\/\/sites.euro.ubbcluj.ro\/irisa\/wp-json\/wp\/v2\/users\/1"}],"replies":[{"embeddable":true,"href":"https:\/\/sites.euro.ubbcluj.ro\/irisa\/wp-json\/wp\/v2\/comments?post=348"}],"version-history":[{"count":0,"href":"https:\/\/sites.euro.ubbcluj.ro\/irisa\/wp-json\/wp\/v2\/pages\/348\/revisions"}],"wp:attachment":[{"href":"https:\/\/sites.euro.ubbcluj.ro\/irisa\/wp-json\/wp\/v2\/media?parent=348"}],"curies":[{"name":"wp","href":"https:\/\/api.w.org\/{rel}","templated":true}]}}