{"id":356,"date":"2022-04-04T20:39:15","date_gmt":"2022-04-04T20:39:15","guid":{"rendered":"https:\/\/sites.euro.ubbcluj.ro\/irisa\/?page_id=356"},"modified":"2022-04-27T19:56:30","modified_gmt":"2022-04-27T16:56:30","slug":"stagii-de-voluntariat-si-internship","status":"publish","type":"page","link":"https:\/\/sites.euro.ubbcluj.ro\/irisa\/stagii-de-voluntariat-si-internship\/","title":{"rendered":"Stagii de voluntariat \u0219i internship"},"content":{"rendered":"\t\t<div data-elementor-type=\"wp-page\" data-elementor-id=\"356\" class=\"elementor elementor-356\">\n\t\t\t\t\t\t<section class=\"elementor-section elementor-top-section elementor-element elementor-element-3351ba0 elementor-section-boxed elementor-section-height-default elementor-section-height-default\" data-id=\"3351ba0\" data-element_type=\"section\" data-e-type=\"section\">\n\t\t\t\t\t\t<div class=\"elementor-container elementor-column-gap-default\">\n\t\t\t\t\t<div class=\"elementor-column elementor-col-100 elementor-top-column elementor-element elementor-element-e25938c\" data-id=\"e25938c\" data-element_type=\"column\" data-e-type=\"column\">\n\t\t\t<div class=\"elementor-widget-wrap elementor-element-populated\">\n\t\t\t\t\t\t<div class=\"elementor-element elementor-element-3659058 elementor-widget elementor-widget-text-editor\" data-id=\"3659058\" data-element_type=\"widget\" data-e-type=\"widget\" data-widget_type=\"text-editor.default\">\n\t\t\t\t<div class=\"elementor-widget-container\">\n\t\t\t\t\t\t\t\t\t<p>Institutul de Cercet\u0103ri Europene ofer\u0103 persoanelor interesate din \u021bar\u0103 \u0219i din str\u0103in\u0103tate posibilitatea de a efectua stagii de practic\u0103 sau activit\u0103\u021bi de voluntariat. Stagiile de practic\u0103\/voluntariat din cadrul Institutului se ogranizeaz\u0103 pe \u00eentreg parcusul anului universitar si nu sunt retribuite. Candida\u021bii interesa\u021bi s\u0103 efectueze un stagiu de practic\u0103\/voluntariat la Institutul de Cercet\u0103ri Europene sunt ruga\u021bi s\u0103 ne contacteze la adresa de email: researchinstitute.euro@ubbcluj.ro.<\/p>\t\t\t\t\t\t\t\t<\/div>\n\t\t\t\t<\/div>\n\t\t\t\t<div class=\"elementor-element elementor-element-2be7021 elementor-widget-divider--view-line elementor-invisible elementor-widget elementor-widget-divider\" data-id=\"2be7021\" data-element_type=\"widget\" data-e-type=\"widget\" data-settings=\"{&quot;_animation&quot;:&quot;fadeIn&quot;,&quot;_animation_delay&quot;:200}\" data-widget_type=\"divider.default\">\n\t\t\t\t<div class=\"elementor-widget-container\">\n\t\t\t\t\t\t\t<div class=\"elementor-divider\">\n\t\t\t<span class=\"elementor-divider-separator\">\n\t\t\t\t\t\t<\/span>\n\t\t<\/div>\n\t\t\t\t\t\t<\/div>\n\t\t\t\t<\/div>\n\t\t\t\t\t<\/div>\n\t\t<\/div>\n\t\t\t\t\t<\/div>\n\t\t<\/section>\n\t\t\t\t<section class=\"elementor-section elementor-top-section elementor-element elementor-element-66553cb6 envato-kit-141-top-0 elementor-section-content-middle elementor-section-boxed elementor-section-height-default elementor-section-height-default\" data-id=\"66553cb6\" data-element_type=\"section\" data-e-type=\"section\" data-settings=\"{&quot;background_background&quot;:&quot;classic&quot;}\">\n\t\t\t\t\t\t\t<div class=\"elementor-background-overlay\"><\/div>\n\t\t\t\t\t\t\t<div class=\"elementor-container elementor-column-gap-default\">\n\t\t\t\t\t<div class=\"elementor-column elementor-col-50 elementor-top-column elementor-element elementor-element-443b751f\" data-id=\"443b751f\" data-element_type=\"column\" data-e-type=\"column\">\n\t\t\t<div class=\"elementor-widget-wrap elementor-element-populated\">\n\t\t\t\t\t\t<div class=\"elementor-element elementor-element-3d2c7269 elementor-invisible elementor-widget elementor-widget-image\" data-id=\"3d2c7269\" data-element_type=\"widget\" data-e-type=\"widget\" data-settings=\"{&quot;_animation&quot;:&quot;fadeIn&quot;,&quot;_animation_delay&quot;:100}\" data-widget_type=\"image.default\">\n\t\t\t\t<div class=\"elementor-widget-container\">\n\t\t\t\t\t\t\t\t\t\t\t\t\t\t\t<img fetchpriority=\"high\" decoding=\"async\" width=\"273\" height=\"300\" src=\"https:\/\/sites.euro.ubbcluj.ro\/irisa\/wp-content\/uploads\/2022\/04\/Nathan-Adrasse-273x300.jpg\" class=\"attachment-medium size-medium wp-image-774\" alt=\"\" srcset=\"https:\/\/sites.euro.ubbcluj.ro\/irisa\/wp-content\/uploads\/2022\/04\/Nathan-Adrasse-273x300.jpg 273w, https:\/\/sites.euro.ubbcluj.ro\/irisa\/wp-content\/uploads\/2022\/04\/Nathan-Adrasse-768x845.jpg 768w, https:\/\/sites.euro.ubbcluj.ro\/irisa\/wp-content\/uploads\/2022\/04\/Nathan-Adrasse.jpg 810w\" sizes=\"(max-width: 273px) 100vw, 273px\" \/>\t\t\t\t\t\t\t\t\t\t\t\t\t\t\t<\/div>\n\t\t\t\t<\/div>\n\t\t\t\t\t<\/div>\n\t\t<\/div>\n\t\t\t\t<div class=\"elementor-column elementor-col-50 elementor-top-column elementor-element elementor-element-2d4905c7\" data-id=\"2d4905c7\" data-element_type=\"column\" data-e-type=\"column\">\n\t\t\t<div class=\"elementor-widget-wrap elementor-element-populated\">\n\t\t\t\t\t\t<div class=\"elementor-element elementor-element-4123dbc9 elementor-invisible elementor-widget elementor-widget-text-editor\" data-id=\"4123dbc9\" data-element_type=\"widget\" data-e-type=\"widget\" data-settings=\"{&quot;_animation&quot;:&quot;fadeIn&quot;,&quot;_animation_delay&quot;:250}\" data-widget_type=\"text-editor.default\">\n\t\t\t\t<div class=\"elementor-widget-container\">\n\t\t\t\t\t\t\t\t\t<p>Face\u021bi cuno\u0219tin\u021b\u0103 cu noul nostru stagiar, Nathan Adrass\u00e9! Nathan este student al Institutul de Studii Politice din Aix-en-Provence, Fran\u021ba \u0219i va petrece primul semestru al celui de-al treilea an de studii ca stagiar \u00een cadrul Institutul nostru. Stagiul s\u0103u face parte dintr-un cadru mai larg de cooperare stabilit \u00eentre Institutul de Studii Politice din Aix-en-Provence \u0219i Institutul European de Cercetare. A\u0219tept\u0103m cu ner\u0103bdare contribu\u021bia sa la numeroasele evenimente \u0219i proiecte care urmeaz\u0103 a fi derulate \u00een acest semestru. Bienvenue dans notre \u00e9quipe, Nathan!<\/p>\t\t\t\t\t\t\t\t<\/div>\n\t\t\t\t<\/div>\n\t\t\t\t<div class=\"elementor-element elementor-element-4dc656a3 elementor-widget-divider--view-line elementor-invisible elementor-widget elementor-widget-divider\" data-id=\"4dc656a3\" data-element_type=\"widget\" data-e-type=\"widget\" data-settings=\"{&quot;_animation&quot;:&quot;fadeIn&quot;,&quot;_animation_delay&quot;:200}\" data-widget_type=\"divider.default\">\n\t\t\t\t<div class=\"elementor-widget-container\">\n\t\t\t\t\t\t\t<div class=\"elementor-divider\">\n\t\t\t<span class=\"elementor-divider-separator\">\n\t\t\t\t\t\t<\/span>\n\t\t<\/div>\n\t\t\t\t\t\t<\/div>\n\t\t\t\t<\/div>\n\t\t\t\t\t<\/div>\n\t\t<\/div>\n\t\t\t\t\t<\/div>\n\t\t<\/section>\n\t\t\t\t<\/div>\n\t\t","protected":false},"excerpt":{"rendered":"<p>Institutul de Cercet\u0103ri Europene ofer\u0103 persoanelor interesate din \u021bar\u0103 \u0219i din str\u0103in\u0103tate posibilitatea de a efectua stagii de practic\u0103 sau activit\u0103\u021bi de voluntariat. Stagiile de practic\u0103\/voluntariat din cadrul Institutului se ogranizeaz\u0103 pe \u00eentreg parcusul anului universitar si nu sunt retribuite. Candida\u021bii interesa\u021bi s\u0103 efectueze un stagiu de practic\u0103\/voluntariat la Institutul de Cercet\u0103ri Europene sunt ruga\u021bi&#8230;<\/p>\n","protected":false},"author":1,"featured_media":0,"parent":0,"menu_order":0,"comment_status":"closed","ping_status":"closed","template":"","meta":{"_kadence_starter_templates_imported_post":false,"_kad_post_transparent":"","_kad_post_title":"default","_kad_post_layout":"default","_kad_post_sidebar_id":"","_kad_post_content_style":"default","_kad_post_vertical_padding":"default","_kad_post_feature":"default","_kad_post_feature_position":"","_kad_post_header":false,"_kad_post_footer":false,"footnotes":"","_links_to":"","_links_to_target":""},"class_list":["post-356","page","type-page","status-publish","hentry"],"yoast_head":"<!-- This site is optimized with the Yoast SEO plugin v27.3 - https:\/\/yoast.com\/product\/yoast-seo-wordpress\/ -->\n<title>Stagii de voluntariat \u0219i internship - Institutul de Rela\u021bii Interna\u021bionale \u0219i Studii de Arie<\/title>\n<meta name=\"robots\" content=\"index, follow, max-snippet:-1, max-image-preview:large, max-video-preview:-1\" \/>\n<link rel=\"canonical\" href=\"https:\/\/sites.euro.ubbcluj.ro\/irisa\/stagii-de-voluntariat-si-internship\/\" \/>\n<meta property=\"og:locale\" content=\"en_US\" \/>\n<meta property=\"og:type\" content=\"article\" \/>\n<meta property=\"og:title\" content=\"Stagii de voluntariat \u0219i internship - Institutul de Rela\u021bii Interna\u021bionale \u0219i Studii de Arie\" \/>\n<meta property=\"og:description\" content=\"Institutul de Cercet\u0103ri Europene ofer\u0103 persoanelor interesate din \u021bar\u0103 \u0219i din str\u0103in\u0103tate posibilitatea de a efectua stagii de practic\u0103 sau activit\u0103\u021bi de voluntariat. Stagiile de practic\u0103\/voluntariat din cadrul Institutului se ogranizeaz\u0103 pe \u00eentreg parcusul anului universitar si nu sunt retribuite. Candida\u021bii interesa\u021bi s\u0103 efectueze un stagiu de practic\u0103\/voluntariat la Institutul de Cercet\u0103ri Europene sunt ruga\u021bi...\" \/>\n<meta property=\"og:url\" content=\"https:\/\/sites.euro.ubbcluj.ro\/irisa\/stagii-de-voluntariat-si-internship\/\" \/>\n<meta property=\"og:site_name\" content=\"Institutul de Rela\u021bii Interna\u021bionale \u0219i Studii de Arie\" \/>\n<meta property=\"article:modified_time\" content=\"2022-04-27T16:56:30+00:00\" \/>\n<meta property=\"og:image\" content=\"https:\/\/sites.euro.ubbcluj.ro\/irisa\/wp-content\/uploads\/2022\/04\/Nathan-Adrasse-273x300.jpg\" \/>\n<meta name=\"twitter:card\" content=\"summary_large_image\" \/>\n<meta name=\"twitter:label1\" content=\"Est. reading time\" \/>\n\t<meta name=\"twitter:data1\" content=\"1 minute\" \/>\n<script type=\"application\/ld+json\" class=\"yoast-schema-graph\">{\"@context\":\"https:\\\/\\\/schema.org\",\"@graph\":[{\"@type\":\"WebPage\",\"@id\":\"https:\\\/\\\/sites.euro.ubbcluj.ro\\\/irisa\\\/stagii-de-voluntariat-si-internship\\\/\",\"url\":\"https:\\\/\\\/sites.euro.ubbcluj.ro\\\/irisa\\\/stagii-de-voluntariat-si-internship\\\/\",\"name\":\"Stagii de voluntariat \u0219i internship - Institutul de Rela\u021bii Interna\u021bionale \u0219i Studii de Arie\",\"isPartOf\":{\"@id\":\"https:\\\/\\\/sites.euro.ubbcluj.ro\\\/irisa\\\/#website\"},\"primaryImageOfPage\":{\"@id\":\"https:\\\/\\\/sites.euro.ubbcluj.ro\\\/irisa\\\/stagii-de-voluntariat-si-internship\\\/#primaryimage\"},\"image\":{\"@id\":\"https:\\\/\\\/sites.euro.ubbcluj.ro\\\/irisa\\\/stagii-de-voluntariat-si-internship\\\/#primaryimage\"},\"thumbnailUrl\":\"https:\\\/\\\/sites.euro.ubbcluj.ro\\\/irisa\\\/wp-content\\\/uploads\\\/2022\\\/04\\\/Nathan-Adrasse-273x300.jpg\",\"datePublished\":\"2022-04-04T20:39:15+00:00\",\"dateModified\":\"2022-04-27T16:56:30+00:00\",\"breadcrumb\":{\"@id\":\"https:\\\/\\\/sites.euro.ubbcluj.ro\\\/irisa\\\/stagii-de-voluntariat-si-internship\\\/#breadcrumb\"},\"inLanguage\":\"en-US\",\"potentialAction\":[{\"@type\":\"ReadAction\",\"target\":[\"https:\\\/\\\/sites.euro.ubbcluj.ro\\\/irisa\\\/stagii-de-voluntariat-si-internship\\\/\"]}]},{\"@type\":\"ImageObject\",\"inLanguage\":\"en-US\",\"@id\":\"https:\\\/\\\/sites.euro.ubbcluj.ro\\\/irisa\\\/stagii-de-voluntariat-si-internship\\\/#primaryimage\",\"url\":\"https:\\\/\\\/sites.euro.ubbcluj.ro\\\/irisa\\\/wp-content\\\/uploads\\\/2022\\\/04\\\/Nathan-Adrasse.jpg\",\"contentUrl\":\"https:\\\/\\\/sites.euro.ubbcluj.ro\\\/irisa\\\/wp-content\\\/uploads\\\/2022\\\/04\\\/Nathan-Adrasse.jpg\",\"width\":810,\"height\":891},{\"@type\":\"BreadcrumbList\",\"@id\":\"https:\\\/\\\/sites.euro.ubbcluj.ro\\\/irisa\\\/stagii-de-voluntariat-si-internship\\\/#breadcrumb\",\"itemListElement\":[{\"@type\":\"ListItem\",\"position\":1,\"name\":\"Home\",\"item\":\"https:\\\/\\\/sites.euro.ubbcluj.ro\\\/irisa\\\/\"},{\"@type\":\"ListItem\",\"position\":2,\"name\":\"Stagii de voluntariat \u0219i internship\"}]},{\"@type\":\"WebSite\",\"@id\":\"https:\\\/\\\/sites.euro.ubbcluj.ro\\\/irisa\\\/#website\",\"url\":\"https:\\\/\\\/sites.euro.ubbcluj.ro\\\/irisa\\\/\",\"name\":\"Institutul de Rela\u021bii Interna\u021bionale \u0219i Studii de Arie\",\"description\":\"Facultatea de Studii Europene\",\"publisher\":{\"@id\":\"https:\\\/\\\/sites.euro.ubbcluj.ro\\\/irisa\\\/#organization\"},\"potentialAction\":[{\"@type\":\"SearchAction\",\"target\":{\"@type\":\"EntryPoint\",\"urlTemplate\":\"https:\\\/\\\/sites.euro.ubbcluj.ro\\\/irisa\\\/?s={search_term_string}\"},\"query-input\":{\"@type\":\"PropertyValueSpecification\",\"valueRequired\":true,\"valueName\":\"search_term_string\"}}],\"inLanguage\":\"en-US\"},{\"@type\":\"Organization\",\"@id\":\"https:\\\/\\\/sites.euro.ubbcluj.ro\\\/irisa\\\/#organization\",\"name\":\"Institutul de Rela\u021bii Interna\u021bionale \u0219i Studii de Arie\",\"url\":\"https:\\\/\\\/sites.euro.ubbcluj.ro\\\/irisa\\\/\",\"logo\":{\"@type\":\"ImageObject\",\"inLanguage\":\"en-US\",\"@id\":\"https:\\\/\\\/sites.euro.ubbcluj.ro\\\/irisa\\\/#\\\/schema\\\/logo\\\/image\\\/\",\"url\":\"https:\\\/\\\/sites.euro.ubbcluj.ro\\\/irisa\\\/wp-content\\\/uploads\\\/2022\\\/05\\\/cropped-IIRAS.png\",\"contentUrl\":\"https:\\\/\\\/sites.euro.ubbcluj.ro\\\/irisa\\\/wp-content\\\/uploads\\\/2022\\\/05\\\/cropped-IIRAS.png\",\"width\":1244,\"height\":1154,\"caption\":\"Institutul de Rela\u021bii Interna\u021bionale \u0219i Studii de Arie\"},\"image\":{\"@id\":\"https:\\\/\\\/sites.euro.ubbcluj.ro\\\/irisa\\\/#\\\/schema\\\/logo\\\/image\\\/\"}}]}<\/script>\n<!-- \/ Yoast SEO plugin. -->","yoast_head_json":{"title":"Stagii de voluntariat \u0219i internship - Institutul de Rela\u021bii Interna\u021bionale \u0219i Studii de Arie","robots":{"index":"index","follow":"follow","max-snippet":"max-snippet:-1","max-image-preview":"max-image-preview:large","max-video-preview":"max-video-preview:-1"},"canonical":"https:\/\/sites.euro.ubbcluj.ro\/irisa\/stagii-de-voluntariat-si-internship\/","og_locale":"en_US","og_type":"article","og_title":"Stagii de voluntariat \u0219i internship - Institutul de Rela\u021bii Interna\u021bionale \u0219i Studii de Arie","og_description":"Institutul de Cercet\u0103ri Europene ofer\u0103 persoanelor interesate din \u021bar\u0103 \u0219i din str\u0103in\u0103tate posibilitatea de a efectua stagii de practic\u0103 sau activit\u0103\u021bi de voluntariat. Stagiile de practic\u0103\/voluntariat din cadrul Institutului se ogranizeaz\u0103 pe \u00eentreg parcusul anului universitar si nu sunt retribuite. Candida\u021bii interesa\u021bi s\u0103 efectueze un stagiu de practic\u0103\/voluntariat la Institutul de Cercet\u0103ri Europene sunt ruga\u021bi...","og_url":"https:\/\/sites.euro.ubbcluj.ro\/irisa\/stagii-de-voluntariat-si-internship\/","og_site_name":"Institutul de Rela\u021bii Interna\u021bionale \u0219i Studii de Arie","article_modified_time":"2022-04-27T16:56:30+00:00","og_image":[{"url":"https:\/\/sites.euro.ubbcluj.ro\/irisa\/wp-content\/uploads\/2022\/04\/Nathan-Adrasse-273x300.jpg","type":"","width":"","height":""}],"twitter_card":"summary_large_image","twitter_misc":{"Est. reading time":"1 minute"},"schema":{"@context":"https:\/\/schema.org","@graph":[{"@type":"WebPage","@id":"https:\/\/sites.euro.ubbcluj.ro\/irisa\/stagii-de-voluntariat-si-internship\/","url":"https:\/\/sites.euro.ubbcluj.ro\/irisa\/stagii-de-voluntariat-si-internship\/","name":"Stagii de voluntariat \u0219i internship - Institutul de Rela\u021bii Interna\u021bionale \u0219i Studii de Arie","isPartOf":{"@id":"https:\/\/sites.euro.ubbcluj.ro\/irisa\/#website"},"primaryImageOfPage":{"@id":"https:\/\/sites.euro.ubbcluj.ro\/irisa\/stagii-de-voluntariat-si-internship\/#primaryimage"},"image":{"@id":"https:\/\/sites.euro.ubbcluj.ro\/irisa\/stagii-de-voluntariat-si-internship\/#primaryimage"},"thumbnailUrl":"https:\/\/sites.euro.ubbcluj.ro\/irisa\/wp-content\/uploads\/2022\/04\/Nathan-Adrasse-273x300.jpg","datePublished":"2022-04-04T20:39:15+00:00","dateModified":"2022-04-27T16:56:30+00:00","breadcrumb":{"@id":"https:\/\/sites.euro.ubbcluj.ro\/irisa\/stagii-de-voluntariat-si-internship\/#breadcrumb"},"inLanguage":"en-US","potentialAction":[{"@type":"ReadAction","target":["https:\/\/sites.euro.ubbcluj.ro\/irisa\/stagii-de-voluntariat-si-internship\/"]}]},{"@type":"ImageObject","inLanguage":"en-US","@id":"https:\/\/sites.euro.ubbcluj.ro\/irisa\/stagii-de-voluntariat-si-internship\/#primaryimage","url":"https:\/\/sites.euro.ubbcluj.ro\/irisa\/wp-content\/uploads\/2022\/04\/Nathan-Adrasse.jpg","contentUrl":"https:\/\/sites.euro.ubbcluj.ro\/irisa\/wp-content\/uploads\/2022\/04\/Nathan-Adrasse.jpg","width":810,"height":891},{"@type":"BreadcrumbList","@id":"https:\/\/sites.euro.ubbcluj.ro\/irisa\/stagii-de-voluntariat-si-internship\/#breadcrumb","itemListElement":[{"@type":"ListItem","position":1,"name":"Home","item":"https:\/\/sites.euro.ubbcluj.ro\/irisa\/"},{"@type":"ListItem","position":2,"name":"Stagii de voluntariat \u0219i internship"}]},{"@type":"WebSite","@id":"https:\/\/sites.euro.ubbcluj.ro\/irisa\/#website","url":"https:\/\/sites.euro.ubbcluj.ro\/irisa\/","name":"Institutul de Rela\u021bii Interna\u021bionale \u0219i Studii de Arie","description":"Facultatea de Studii Europene","publisher":{"@id":"https:\/\/sites.euro.ubbcluj.ro\/irisa\/#organization"},"potentialAction":[{"@type":"SearchAction","target":{"@type":"EntryPoint","urlTemplate":"https:\/\/sites.euro.ubbcluj.ro\/irisa\/?s={search_term_string}"},"query-input":{"@type":"PropertyValueSpecification","valueRequired":true,"valueName":"search_term_string"}}],"inLanguage":"en-US"},{"@type":"Organization","@id":"https:\/\/sites.euro.ubbcluj.ro\/irisa\/#organization","name":"Institutul de Rela\u021bii Interna\u021bionale \u0219i Studii de Arie","url":"https:\/\/sites.euro.ubbcluj.ro\/irisa\/","logo":{"@type":"ImageObject","inLanguage":"en-US","@id":"https:\/\/sites.euro.ubbcluj.ro\/irisa\/#\/schema\/logo\/image\/","url":"https:\/\/sites.euro.ubbcluj.ro\/irisa\/wp-content\/uploads\/2022\/05\/cropped-IIRAS.png","contentUrl":"https:\/\/sites.euro.ubbcluj.ro\/irisa\/wp-content\/uploads\/2022\/05\/cropped-IIRAS.png","width":1244,"height":1154,"caption":"Institutul de Rela\u021bii Interna\u021bionale \u0219i Studii de Arie"},"image":{"@id":"https:\/\/sites.euro.ubbcluj.ro\/irisa\/#\/schema\/logo\/image\/"}}]}},"_links":{"self":[{"href":"https:\/\/sites.euro.ubbcluj.ro\/irisa\/wp-json\/wp\/v2\/pages\/356","targetHints":{"allow":["GET"]}}],"collection":[{"href":"https:\/\/sites.euro.ubbcluj.ro\/irisa\/wp-json\/wp\/v2\/pages"}],"about":[{"href":"https:\/\/sites.euro.ubbcluj.ro\/irisa\/wp-json\/wp\/v2\/types\/page"}],"author":[{"embeddable":true,"href":"https:\/\/sites.euro.ubbcluj.ro\/irisa\/wp-json\/wp\/v2\/users\/1"}],"replies":[{"embeddable":true,"href":"https:\/\/sites.euro.ubbcluj.ro\/irisa\/wp-json\/wp\/v2\/comments?post=356"}],"version-history":[{"count":0,"href":"https:\/\/sites.euro.ubbcluj.ro\/irisa\/wp-json\/wp\/v2\/pages\/356\/revisions"}],"wp:attachment":[{"href":"https:\/\/sites.euro.ubbcluj.ro\/irisa\/wp-json\/wp\/v2\/media?parent=356"}],"curies":[{"name":"wp","href":"https:\/\/api.w.org\/{rel}","templated":true}]}}