{"id":996,"date":"2022-04-29T09:00:43","date_gmt":"2022-04-29T06:00:43","guid":{"rendered":"https:\/\/sites.euro.ubbcluj.ro\/irisa\/?page_id=996"},"modified":"2022-05-24T15:57:58","modified_gmt":"2022-05-24T12:57:58","slug":"proiecte-de-cercetare","status":"publish","type":"page","link":"https:\/\/sites.euro.ubbcluj.ro\/irisa\/proiecte-de-cercetare\/","title":{"rendered":"Proiecte de cercetare"},"content":{"rendered":"\t\t<div data-elementor-type=\"wp-page\" data-elementor-id=\"996\" class=\"elementor elementor-996\">\n\t\t\t\t\t\t<section class=\"elementor-section elementor-top-section elementor-element elementor-element-b7a3798 elementor-section-boxed elementor-section-height-default elementor-section-height-default\" data-id=\"b7a3798\" data-element_type=\"section\" data-e-type=\"section\">\n\t\t\t\t\t\t<div class=\"elementor-container elementor-column-gap-default\">\n\t\t\t\t\t<div class=\"elementor-column elementor-col-100 elementor-top-column elementor-element elementor-element-e298e49\" data-id=\"e298e49\" data-element_type=\"column\" data-e-type=\"column\">\n\t\t\t<div class=\"elementor-widget-wrap elementor-element-populated\">\n\t\t\t\t\t\t<div class=\"elementor-element elementor-element-481fd37 elementor-widget elementor-widget-heading\" data-id=\"481fd37\" data-element_type=\"widget\" data-e-type=\"widget\" data-widget_type=\"heading.default\">\n\t\t\t\t<div class=\"elementor-widget-container\">\n\t\t\t\t\t<h2 class=\"elementor-heading-title elementor-size-default\">NA\u021aIONALE<\/h2>\t\t\t\t<\/div>\n\t\t\t\t<\/div>\n\t\t\t\t<div class=\"elementor-element elementor-element-093e3d6 elementor-widget-divider--view-line elementor-widget elementor-widget-divider\" data-id=\"093e3d6\" data-element_type=\"widget\" data-e-type=\"widget\" data-widget_type=\"divider.default\">\n\t\t\t\t<div class=\"elementor-widget-container\">\n\t\t\t\t\t\t\t<div class=\"elementor-divider\">\n\t\t\t<span class=\"elementor-divider-separator\">\n\t\t\t\t\t\t<\/span>\n\t\t<\/div>\n\t\t\t\t\t\t<\/div>\n\t\t\t\t<\/div>\n\t\t\t\t\t<\/div>\n\t\t<\/div>\n\t\t\t\t\t<\/div>\n\t\t<\/section>\n\t\t\t\t<section class=\"elementor-section elementor-top-section elementor-element elementor-element-87fb1fe elementor-section-boxed elementor-section-height-default elementor-section-height-default\" data-id=\"87fb1fe\" data-element_type=\"section\" data-e-type=\"section\">\n\t\t\t\t\t\t<div class=\"elementor-container elementor-column-gap-default\">\n\t\t\t\t\t<div class=\"elementor-column elementor-col-100 elementor-top-column elementor-element elementor-element-f34f0e0\" data-id=\"f34f0e0\" data-element_type=\"column\" data-e-type=\"column\">\n\t\t\t<div class=\"elementor-widget-wrap elementor-element-populated\">\n\t\t\t\t\t\t<div class=\"elementor-element elementor-element-6ddd2f2 elementor-widget elementor-widget-text-editor\" data-id=\"6ddd2f2\" data-element_type=\"widget\" data-e-type=\"widget\" data-widget_type=\"text-editor.default\">\n\t\t\t\t<div class=\"elementor-widget-container\">\n\t\t\t\t\t\t\t\t\t<p style=\"text-align: justify;\">PN III &#8211; Program 4 &#8211; Cercetare Fundamental\u0103 \u0219i de Frontier\u0103 &#8211; Proiecte de Cercetare Exploratorie (PCE 2020), Numar proiect: PN-III-P4-IDPCE-2020-0608, Titlu proiect: Transferarea modelului de integrare european\u0103 dinspre Europa central r\u0103s\u0103ritean\u0103 c\u0103tre Balcanii de Vest, Membrii IIRISA implica\u021bi \u00een proiect: director proiect conf. univ. dr. Corp\u0103dean Adrian-Gabriel, cercet\u0103tori conf. univ. dr. Her\u021ba Laura, conf. univ. dr. Paula Mure\u0219an, conf. univ. Delia Flanja,\u00a0 lect. dr. Elena Rusu.<\/p><p style=\"text-align: justify;\">7.1.2. PN III &#8211; Program 4 &#8211; Cercetare Fundamental\u0103 \u0219i de Frontier\u0103 &#8211; Proiecte de Cercetare Exploratorie (PCE 2020), Numar proiect: PN-III-P4-ID-PCE2020-2174, Titlu proiect:\u00a0 Analiza inteligent\u0103 \u0219i predic\u021bia criminalit\u0103\u021bii economice \u0219i financiare \u00eentr-un mediu de afaceri interconectat cibernetic, Membrii IRISA implica\u021bi \u00een proiect: director proiect: prof. univ. dr. Achim Monica Violeta, cercet\u0103tori prof. univ. dr. Sorin Borlea \u0219i conf. univ. dr. P\u0103un Drago\u0219.<\/p><p style=\"text-align: justify;\">ID contract 52M\/24.10.2017, Perioada de desf\u0103\u0219urare 26.10.2017-27.10.2017, Titlu proiect: \u201eDezintegrare \u0219i integrare \u00een Europa Centrala \u0219i de Est (DIECE). O perspectiva istorica asupra viitorului Uniunii Europene. Configurarea Europei de m\u00e2ine-idei, considera\u021bii \u0219i strategii ale dialogului dintre genera\u021bii\u201d, Responsabil manifestare \u015ftiintific\u0103 UBB Prof. univ. dr. Nicolae P\u0103un.<\/p><p style=\"text-align: justify;\">ID contract 72M\/23.10.2018, Perioada de desf\u0103\u0219urare 26.10.2018-28.10.2018, Titlu proiect: \u201eDezintegrare \u0219i integrare \u00een Europa Central\u0103 \u0219i de Est\u00a0\u00a0 (DIECE)\u201d. \u201eReverbera\u021bii totalitare \u00een Europa Central\u0103 \u0219i de Est\u201d, Responsabil manifestare \u015ftiintific\u0103 UBB Conf. univ. dr. Laura Her\u0163a.<\/p><p style=\"text-align: justify;\">ID contract 39M\/14.11.2019, Perioada de desf\u0103\u0219urare 28.11.2019-29.12.2019, Titlu proiect: \u201eDezintegrare \u0219i integrare \u00een Europa Central\u0103 \u0219i de Est (DIECE)\u201d. \u201eActualitatea cooperarii regionale\u201d, Responsabil manifestare \u015ftiintific\u0103 UBB Prof. univ. dr. Nicolae P\u0103un.<\/p>\t\t\t\t\t\t\t\t<\/div>\n\t\t\t\t<\/div>\n\t\t\t\t<div class=\"elementor-element elementor-element-8a9730d elementor-widget elementor-widget-spacer\" data-id=\"8a9730d\" data-element_type=\"widget\" data-e-type=\"widget\" data-widget_type=\"spacer.default\">\n\t\t\t\t<div class=\"elementor-widget-container\">\n\t\t\t\t\t\t\t<div class=\"elementor-spacer\">\n\t\t\t<div class=\"elementor-spacer-inner\"><\/div>\n\t\t<\/div>\n\t\t\t\t\t\t<\/div>\n\t\t\t\t<\/div>\n\t\t\t\t\t<\/div>\n\t\t<\/div>\n\t\t\t\t\t<\/div>\n\t\t<\/section>\n\t\t\t\t<section class=\"elementor-section elementor-top-section elementor-element elementor-element-10a7a1e elementor-section-boxed elementor-section-height-default elementor-section-height-default\" data-id=\"10a7a1e\" data-element_type=\"section\" data-e-type=\"section\">\n\t\t\t\t\t\t<div class=\"elementor-container elementor-column-gap-default\">\n\t\t\t\t\t<div class=\"elementor-column elementor-col-100 elementor-top-column elementor-element elementor-element-a450a0b\" data-id=\"a450a0b\" data-element_type=\"column\" data-e-type=\"column\">\n\t\t\t<div class=\"elementor-widget-wrap elementor-element-populated\">\n\t\t\t\t\t\t<div class=\"elementor-element elementor-element-9e124d3 elementor-widget elementor-widget-heading\" data-id=\"9e124d3\" data-element_type=\"widget\" data-e-type=\"widget\" data-widget_type=\"heading.default\">\n\t\t\t\t<div class=\"elementor-widget-container\">\n\t\t\t\t\t<h2 class=\"elementor-heading-title elementor-size-default\">INTERNA\u021aIONALE<\/h2>\t\t\t\t<\/div>\n\t\t\t\t<\/div>\n\t\t\t\t<div class=\"elementor-element elementor-element-777082e elementor-widget-divider--view-line elementor-widget elementor-widget-divider\" data-id=\"777082e\" data-element_type=\"widget\" data-e-type=\"widget\" data-widget_type=\"divider.default\">\n\t\t\t\t<div class=\"elementor-widget-container\">\n\t\t\t\t\t\t\t<div class=\"elementor-divider\">\n\t\t\t<span class=\"elementor-divider-separator\">\n\t\t\t\t\t\t<\/span>\n\t\t<\/div>\n\t\t\t\t\t\t<\/div>\n\t\t\t\t<\/div>\n\t\t\t\t\t<\/div>\n\t\t<\/div>\n\t\t\t\t\t<\/div>\n\t\t<\/section>\n\t\t\t\t<section class=\"elementor-section elementor-top-section elementor-element elementor-element-66c0d14 elementor-section-boxed elementor-section-height-default elementor-section-height-default\" data-id=\"66c0d14\" data-element_type=\"section\" data-e-type=\"section\">\n\t\t\t\t\t\t<div class=\"elementor-container elementor-column-gap-default\">\n\t\t\t\t\t<div class=\"elementor-column elementor-col-100 elementor-top-column elementor-element elementor-element-924d50f\" data-id=\"924d50f\" data-element_type=\"column\" data-e-type=\"column\">\n\t\t\t<div class=\"elementor-widget-wrap elementor-element-populated\">\n\t\t\t\t\t\t<div class=\"elementor-element elementor-element-0fb7650 elementor-widget elementor-widget-text-editor\" data-id=\"0fb7650\" data-element_type=\"widget\" data-e-type=\"widget\" data-widget_type=\"text-editor.default\">\n\t\t\t\t<div class=\"elementor-widget-container\">\n\t\t\t\t\t\t\t\t\t<p style=\"text-align: justify;\">Cod proiect: 599320, Perioada de desf\u0103\u0219urare: 2018-2024, Titlu proiect: \u201d Program masteral DYCLAM+\u201d, Tip proiect: Erasmus+EACEA, Lista parteneri: Universitatea Jean Monnet din Saint-\u00c9tienne, Universitatea Federico II din Napoli, Institutul Politehnic din Tomar, Membrii IRISA implica\u021bi \u00een proiect: coordonator partener conf. univ. dr. Adrian Corp\u0103dean.<\/p><p style=\"text-align: justify;\">Cod proiect: 2016-1-FR01-KA203-023868, Perioada de desf\u0103\u0219urare: 2016-2019, Titlu proiect: \u201dProjet Patrimoine Europ\u00e9en pour un Avenir Culturel Ensemble\u201d, Tip proiect: ERASMUS Intensive Programmes EIP, Membrii IRISA implica\u021bi \u00een proiect:\u00a0 lect. univ. dr. Albu Radu-Bogdan.<\/p><p style=\"text-align: justify;\">\u201cRomanian-Icelandic research cooperation on democracy, memory politics and post-crisis reconstruction\u201deste un proiect trilateral condus de Centrul de Cercetare EDDA de la Universitatea din Islanda \u00een parteneriat cu Centrul Ra\u021biu pentru Democra\u021bie \u0219i Facultatea de Studii Europene, Universitatea Babes Bolyai. Acesta este finan\u021bat prin granturile SEE \u0219i Norvegiene, fondul pentru rela\u021bii bilaterale 2014\u20132021. Activit\u0103\u021bile de cercetare vor fi desf\u0103\u0219urate \u0219i publicate \u00een perioada mai 2022-decembrie 2023. Domeniile vizate includ starea ordinii democratice liberale, experien\u021bele \u0219i r\u0103spunsurile la perturb\u0103rile societale, democra\u021bia, politici ale memoriei \u0219i politici post-criz\u0103.<\/p>\t\t\t\t\t\t\t\t<\/div>\n\t\t\t\t<\/div>\n\t\t\t\t\t<\/div>\n\t\t<\/div>\n\t\t\t\t\t<\/div>\n\t\t<\/section>\n\t\t\t\t<\/div>\n\t\t","protected":false},"excerpt":{"rendered":"<p>NA\u021aIONALE PN III &#8211; Program 4 &#8211; Cercetare Fundamental\u0103 \u0219i de Frontier\u0103 &#8211; Proiecte de Cercetare Exploratorie (PCE 2020), Numar proiect: PN-III-P4-IDPCE-2020-0608, Titlu proiect: Transferarea modelului de integrare european\u0103 dinspre Europa central r\u0103s\u0103ritean\u0103 c\u0103tre Balcanii de Vest, Membrii IIRISA implica\u021bi \u00een proiect: director proiect conf. univ. dr. Corp\u0103dean Adrian-Gabriel, cercet\u0103tori conf. univ. dr. Her\u021ba Laura,&#8230;<\/p>\n","protected":false},"author":1,"featured_media":0,"parent":0,"menu_order":0,"comment_status":"closed","ping_status":"closed","template":"","meta":{"_kadence_starter_templates_imported_post":false,"_kad_post_transparent":"","_kad_post_title":"default","_kad_post_layout":"default","_kad_post_sidebar_id":"","_kad_post_content_style":"default","_kad_post_vertical_padding":"default","_kad_post_feature":"default","_kad_post_feature_position":"","_kad_post_header":false,"_kad_post_footer":false,"footnotes":"","_links_to":"","_links_to_target":""},"class_list":["post-996","page","type-page","status-publish","hentry"],"yoast_head":"<!-- This site is optimized with the Yoast SEO plugin v27.4 - https:\/\/yoast.com\/product\/yoast-seo-wordpress\/ -->\n<title>Proiecte de cercetare - Institutul de Rela\u021bii Interna\u021bionale \u0219i Studii de Arie<\/title>\n<meta name=\"robots\" content=\"index, follow, max-snippet:-1, max-image-preview:large, max-video-preview:-1\" \/>\n<link rel=\"canonical\" href=\"https:\/\/sites.euro.ubbcluj.ro\/irisa\/proiecte-de-cercetare\/\" \/>\n<meta property=\"og:locale\" content=\"en_US\" \/>\n<meta property=\"og:type\" content=\"article\" \/>\n<meta property=\"og:title\" content=\"Proiecte de cercetare - Institutul de Rela\u021bii Interna\u021bionale \u0219i Studii de Arie\" \/>\n<meta property=\"og:description\" content=\"NA\u021aIONALE PN III &#8211; Program 4 &#8211; Cercetare Fundamental\u0103 \u0219i de Frontier\u0103 &#8211; Proiecte de Cercetare Exploratorie (PCE 2020), Numar proiect: PN-III-P4-IDPCE-2020-0608, Titlu proiect: Transferarea modelului de integrare european\u0103 dinspre Europa central r\u0103s\u0103ritean\u0103 c\u0103tre Balcanii de Vest, Membrii IIRISA implica\u021bi \u00een proiect: director proiect conf. univ. dr. Corp\u0103dean Adrian-Gabriel, cercet\u0103tori conf. univ. dr. Her\u021ba Laura,...\" \/>\n<meta property=\"og:url\" content=\"https:\/\/sites.euro.ubbcluj.ro\/irisa\/proiecte-de-cercetare\/\" \/>\n<meta property=\"og:site_name\" content=\"Institutul de Rela\u021bii Interna\u021bionale \u0219i Studii de Arie\" \/>\n<meta property=\"article:modified_time\" content=\"2022-05-24T12:57:58+00:00\" \/>\n<meta name=\"twitter:card\" content=\"summary_large_image\" \/>\n<meta name=\"twitter:label1\" content=\"Est. reading time\" \/>\n\t<meta name=\"twitter:data1\" content=\"3 minutes\" \/>\n<script type=\"application\/ld+json\" class=\"yoast-schema-graph\">{\"@context\":\"https:\\\/\\\/schema.org\",\"@graph\":[{\"@type\":\"WebPage\",\"@id\":\"https:\\\/\\\/sites.euro.ubbcluj.ro\\\/irisa\\\/proiecte-de-cercetare\\\/\",\"url\":\"https:\\\/\\\/sites.euro.ubbcluj.ro\\\/irisa\\\/proiecte-de-cercetare\\\/\",\"name\":\"Proiecte de cercetare - Institutul de Rela\u021bii Interna\u021bionale \u0219i Studii de Arie\",\"isPartOf\":{\"@id\":\"https:\\\/\\\/sites.euro.ubbcluj.ro\\\/irisa\\\/#website\"},\"datePublished\":\"2022-04-29T06:00:43+00:00\",\"dateModified\":\"2022-05-24T12:57:58+00:00\",\"breadcrumb\":{\"@id\":\"https:\\\/\\\/sites.euro.ubbcluj.ro\\\/irisa\\\/proiecte-de-cercetare\\\/#breadcrumb\"},\"inLanguage\":\"en-US\",\"potentialAction\":[{\"@type\":\"ReadAction\",\"target\":[\"https:\\\/\\\/sites.euro.ubbcluj.ro\\\/irisa\\\/proiecte-de-cercetare\\\/\"]}]},{\"@type\":\"BreadcrumbList\",\"@id\":\"https:\\\/\\\/sites.euro.ubbcluj.ro\\\/irisa\\\/proiecte-de-cercetare\\\/#breadcrumb\",\"itemListElement\":[{\"@type\":\"ListItem\",\"position\":1,\"name\":\"Home\",\"item\":\"https:\\\/\\\/sites.euro.ubbcluj.ro\\\/irisa\\\/\"},{\"@type\":\"ListItem\",\"position\":2,\"name\":\"Proiecte de cercetare\"}]},{\"@type\":\"WebSite\",\"@id\":\"https:\\\/\\\/sites.euro.ubbcluj.ro\\\/irisa\\\/#website\",\"url\":\"https:\\\/\\\/sites.euro.ubbcluj.ro\\\/irisa\\\/\",\"name\":\"Institutul de Rela\u021bii Interna\u021bionale \u0219i Studii de Arie\",\"description\":\"Facultatea de Studii Europene\",\"publisher\":{\"@id\":\"https:\\\/\\\/sites.euro.ubbcluj.ro\\\/irisa\\\/#organization\"},\"potentialAction\":[{\"@type\":\"SearchAction\",\"target\":{\"@type\":\"EntryPoint\",\"urlTemplate\":\"https:\\\/\\\/sites.euro.ubbcluj.ro\\\/irisa\\\/?s={search_term_string}\"},\"query-input\":{\"@type\":\"PropertyValueSpecification\",\"valueRequired\":true,\"valueName\":\"search_term_string\"}}],\"inLanguage\":\"en-US\"},{\"@type\":\"Organization\",\"@id\":\"https:\\\/\\\/sites.euro.ubbcluj.ro\\\/irisa\\\/#organization\",\"name\":\"Institutul de Rela\u021bii Interna\u021bionale \u0219i Studii de Arie\",\"url\":\"https:\\\/\\\/sites.euro.ubbcluj.ro\\\/irisa\\\/\",\"logo\":{\"@type\":\"ImageObject\",\"inLanguage\":\"en-US\",\"@id\":\"https:\\\/\\\/sites.euro.ubbcluj.ro\\\/irisa\\\/#\\\/schema\\\/logo\\\/image\\\/\",\"url\":\"https:\\\/\\\/sites.euro.ubbcluj.ro\\\/irisa\\\/wp-content\\\/uploads\\\/2022\\\/05\\\/cropped-IIRAS.png\",\"contentUrl\":\"https:\\\/\\\/sites.euro.ubbcluj.ro\\\/irisa\\\/wp-content\\\/uploads\\\/2022\\\/05\\\/cropped-IIRAS.png\",\"width\":1244,\"height\":1154,\"caption\":\"Institutul de Rela\u021bii Interna\u021bionale \u0219i Studii de Arie\"},\"image\":{\"@id\":\"https:\\\/\\\/sites.euro.ubbcluj.ro\\\/irisa\\\/#\\\/schema\\\/logo\\\/image\\\/\"}}]}<\/script>\n<!-- \/ Yoast SEO plugin. -->","yoast_head_json":{"title":"Proiecte de cercetare - Institutul de Rela\u021bii Interna\u021bionale \u0219i Studii de Arie","robots":{"index":"index","follow":"follow","max-snippet":"max-snippet:-1","max-image-preview":"max-image-preview:large","max-video-preview":"max-video-preview:-1"},"canonical":"https:\/\/sites.euro.ubbcluj.ro\/irisa\/proiecte-de-cercetare\/","og_locale":"en_US","og_type":"article","og_title":"Proiecte de cercetare - Institutul de Rela\u021bii Interna\u021bionale \u0219i Studii de Arie","og_description":"NA\u021aIONALE PN III &#8211; Program 4 &#8211; Cercetare Fundamental\u0103 \u0219i de Frontier\u0103 &#8211; Proiecte de Cercetare Exploratorie (PCE 2020), Numar proiect: PN-III-P4-IDPCE-2020-0608, Titlu proiect: Transferarea modelului de integrare european\u0103 dinspre Europa central r\u0103s\u0103ritean\u0103 c\u0103tre Balcanii de Vest, Membrii IIRISA implica\u021bi \u00een proiect: director proiect conf. univ. dr. Corp\u0103dean Adrian-Gabriel, cercet\u0103tori conf. univ. dr. Her\u021ba Laura,...","og_url":"https:\/\/sites.euro.ubbcluj.ro\/irisa\/proiecte-de-cercetare\/","og_site_name":"Institutul de Rela\u021bii Interna\u021bionale \u0219i Studii de Arie","article_modified_time":"2022-05-24T12:57:58+00:00","twitter_card":"summary_large_image","twitter_misc":{"Est. reading time":"3 minutes"},"schema":{"@context":"https:\/\/schema.org","@graph":[{"@type":"WebPage","@id":"https:\/\/sites.euro.ubbcluj.ro\/irisa\/proiecte-de-cercetare\/","url":"https:\/\/sites.euro.ubbcluj.ro\/irisa\/proiecte-de-cercetare\/","name":"Proiecte de cercetare - Institutul de Rela\u021bii Interna\u021bionale \u0219i Studii de Arie","isPartOf":{"@id":"https:\/\/sites.euro.ubbcluj.ro\/irisa\/#website"},"datePublished":"2022-04-29T06:00:43+00:00","dateModified":"2022-05-24T12:57:58+00:00","breadcrumb":{"@id":"https:\/\/sites.euro.ubbcluj.ro\/irisa\/proiecte-de-cercetare\/#breadcrumb"},"inLanguage":"en-US","potentialAction":[{"@type":"ReadAction","target":["https:\/\/sites.euro.ubbcluj.ro\/irisa\/proiecte-de-cercetare\/"]}]},{"@type":"BreadcrumbList","@id":"https:\/\/sites.euro.ubbcluj.ro\/irisa\/proiecte-de-cercetare\/#breadcrumb","itemListElement":[{"@type":"ListItem","position":1,"name":"Home","item":"https:\/\/sites.euro.ubbcluj.ro\/irisa\/"},{"@type":"ListItem","position":2,"name":"Proiecte de cercetare"}]},{"@type":"WebSite","@id":"https:\/\/sites.euro.ubbcluj.ro\/irisa\/#website","url":"https:\/\/sites.euro.ubbcluj.ro\/irisa\/","name":"Institutul de Rela\u021bii Interna\u021bionale \u0219i Studii de Arie","description":"Facultatea de Studii Europene","publisher":{"@id":"https:\/\/sites.euro.ubbcluj.ro\/irisa\/#organization"},"potentialAction":[{"@type":"SearchAction","target":{"@type":"EntryPoint","urlTemplate":"https:\/\/sites.euro.ubbcluj.ro\/irisa\/?s={search_term_string}"},"query-input":{"@type":"PropertyValueSpecification","valueRequired":true,"valueName":"search_term_string"}}],"inLanguage":"en-US"},{"@type":"Organization","@id":"https:\/\/sites.euro.ubbcluj.ro\/irisa\/#organization","name":"Institutul de Rela\u021bii Interna\u021bionale \u0219i Studii de Arie","url":"https:\/\/sites.euro.ubbcluj.ro\/irisa\/","logo":{"@type":"ImageObject","inLanguage":"en-US","@id":"https:\/\/sites.euro.ubbcluj.ro\/irisa\/#\/schema\/logo\/image\/","url":"https:\/\/sites.euro.ubbcluj.ro\/irisa\/wp-content\/uploads\/2022\/05\/cropped-IIRAS.png","contentUrl":"https:\/\/sites.euro.ubbcluj.ro\/irisa\/wp-content\/uploads\/2022\/05\/cropped-IIRAS.png","width":1244,"height":1154,"caption":"Institutul de Rela\u021bii Interna\u021bionale \u0219i Studii de Arie"},"image":{"@id":"https:\/\/sites.euro.ubbcluj.ro\/irisa\/#\/schema\/logo\/image\/"}}]}},"_links":{"self":[{"href":"https:\/\/sites.euro.ubbcluj.ro\/irisa\/wp-json\/wp\/v2\/pages\/996","targetHints":{"allow":["GET"]}}],"collection":[{"href":"https:\/\/sites.euro.ubbcluj.ro\/irisa\/wp-json\/wp\/v2\/pages"}],"about":[{"href":"https:\/\/sites.euro.ubbcluj.ro\/irisa\/wp-json\/wp\/v2\/types\/page"}],"author":[{"embeddable":true,"href":"https:\/\/sites.euro.ubbcluj.ro\/irisa\/wp-json\/wp\/v2\/users\/1"}],"replies":[{"embeddable":true,"href":"https:\/\/sites.euro.ubbcluj.ro\/irisa\/wp-json\/wp\/v2\/comments?post=996"}],"version-history":[{"count":0,"href":"https:\/\/sites.euro.ubbcluj.ro\/irisa\/wp-json\/wp\/v2\/pages\/996\/revisions"}],"wp:attachment":[{"href":"https:\/\/sites.euro.ubbcluj.ro\/irisa\/wp-json\/wp\/v2\/media?parent=996"}],"curies":[{"name":"wp","href":"https:\/\/api.w.org\/{rel}","templated":true}]}}