{"id":524,"date":"2025-11-28T07:25:48","date_gmt":"2025-11-28T07:25:48","guid":{"rendered":"https:\/\/sites.euro.ubbcluj.ro\/practicaisip\/?page_id=524"},"modified":"2025-11-28T08:46:05","modified_gmt":"2025-11-28T08:46:05","slug":"parteneri","status":"publish","type":"page","link":"https:\/\/sites.euro.ubbcluj.ro\/practicaisip\/parteneri\/","title":{"rendered":"Parteneri"},"content":{"rendered":"\t\t<div data-elementor-type=\"wp-page\" data-elementor-id=\"524\" class=\"elementor elementor-524\">\n\t\t\t\t<div class=\"elementor-element elementor-element-e397ff8 e-flex e-con-boxed wpr-particle-no wpr-jarallax-no wpr-parallax-no wpr-sticky-section-no wpr-equal-height-no e-con e-parent\" data-id=\"e397ff8\" data-element_type=\"container\" data-e-type=\"container\" data-settings=\"{&quot;background_background&quot;:&quot;classic&quot;}\">\n\t\t\t\t\t<div class=\"e-con-inner\">\n\t\t\t\t<div class=\"elementor-element elementor-element-603b2d1c elementor-widget elementor-widget-elementskit-heading\" data-id=\"603b2d1c\" data-element_type=\"widget\" data-e-type=\"widget\" data-widget_type=\"elementskit-heading.default\">\n\t\t\t\t\t<div class=\"ekit-wid-con\" ><div class=\"ekit-heading elementskit-section-title-wraper text_center   ekit_heading_tablet-   ekit_heading_mobile-\"><h2 class=\"ekit-heading--title elementskit-section-title \">Parteneri<\/h2><\/div><\/div>\t\t\t\t<\/div>\n\t\t\t\t\t<\/div>\n\t\t\t\t<\/div>\n\t\t<div class=\"elementor-element elementor-element-2a608781 e-flex e-con-boxed wpr-particle-no wpr-jarallax-no wpr-parallax-no wpr-sticky-section-no wpr-equal-height-no e-con e-parent\" data-id=\"2a608781\" data-element_type=\"container\" data-e-type=\"container\">\n\t\t\t\t\t<div class=\"e-con-inner\">\n\t\t\t\t<div class=\"elementor-element elementor-element-6a1a74fa elementor-widget elementor-widget-elementskit-heading\" data-id=\"6a1a74fa\" data-element_type=\"widget\" data-e-type=\"widget\" data-widget_type=\"elementskit-heading.default\">\n\t\t\t\t\t<div class=\"ekit-wid-con\" ><div class=\"ekit-heading elementskit-section-title-wraper text_left   ekit_heading_tablet-   ekit_heading_mobile-\"><div class=\"ekit_heading_separetor_wraper ekit_heading_elementskit-border-divider elementskit-style-long\"><div class=\"elementskit-border-divider elementskit-style-long\"><\/div><\/div><h3 class=\"ekit-heading--subtitle elementskit-section-subtitle  \">\n\t\t\t\t\t\tProiectul este implementat de Universitatea Babe\u0219-Bolyai, \u00een parteneriat cu AJOFM Cluj \u0219i cu organiza\u021bii publice \u0219i private care g\u0103zduiesc stagii de practic\u0103. \u00cempreun\u0103, ace\u0219tia sprijin\u0103 dezvoltarea profesional\u0103 a studen\u021bilor \u0219i creeaz\u0103 pun\u021bi \u00eentre mediul academic \u0219i pia\u021ba muncii.\n\t\t\t\t\t<\/h3><\/div><\/div>\t\t\t\t<\/div>\n\t\t<div class=\"elementor-element elementor-element-f3b81d5 e-con-full e-grid wpr-particle-no wpr-jarallax-no wpr-parallax-no wpr-sticky-section-no wpr-equal-height-no e-con e-child\" data-id=\"f3b81d5\" data-element_type=\"container\" data-e-type=\"container\">\n\t\t\t\t<div class=\"elementor-element elementor-element-60ec9fa1 ekit-equal-height-enable elementor-widget elementor-widget-elementskit-image-box\" data-id=\"60ec9fa1\" data-element_type=\"widget\" data-e-type=\"widget\" data-widget_type=\"elementskit-image-box.default\">\n\t\t\t\t\t<div class=\"ekit-wid-con\" >\n            <div class=\"elementskit-info-image-box ekit-image-box text-left simple-card\" >\n\n                <a href=\"http:\/\/ubbcluj.ro\">\n                <div class=\"elementskit-box-header image-box-img-left\">\n\n                    <img fetchpriority=\"high\" decoding=\"async\" width=\"512\" height=\"260\" src=\"https:\/\/sites.euro.ubbcluj.ro\/practicaisip\/wp-content\/uploads\/2025\/11\/Logo_Universitatea_Babes-Bolyai_UBB_2021.svg.png\" class=\"attachment-full size-full wp-image-541\" alt=\"\" srcset=\"https:\/\/sites.euro.ubbcluj.ro\/practicaisip\/wp-content\/uploads\/2025\/11\/Logo_Universitatea_Babes-Bolyai_UBB_2021.svg.png 512w, https:\/\/sites.euro.ubbcluj.ro\/practicaisip\/wp-content\/uploads\/2025\/11\/Logo_Universitatea_Babes-Bolyai_UBB_2021.svg-300x152.png 300w\" sizes=\"(max-width: 512px) 100vw, 512px\" \/>\n                <\/div>\n                <\/a>\n                <div class=\"elementskit-box-body ekit-image-box-body\">\n                    <div class=\"elementskit-box-content ekit-image-box-body-inner\">\n                                                <h3 class=\"elementskit-info-box-title\">\n\n                        Universitatea Babe\u0219-Bolyai\n                        \n                    <\/h3>\n                                                        <\/div>\n\n                            <\/div>\n            <\/div>\n    <\/div>\t\t\t\t<\/div>\n\t\t\t\t<div class=\"elementor-element elementor-element-4b0b3dfb ekit-equal-height-enable elementor-widget elementor-widget-elementskit-image-box\" data-id=\"4b0b3dfb\" data-element_type=\"widget\" data-e-type=\"widget\" data-widget_type=\"elementskit-image-box.default\">\n\t\t\t\t\t<div class=\"ekit-wid-con\" >\n            <div class=\"elementskit-info-image-box ekit-image-box text-left simple-card\" >\n\n                \n                <div class=\"elementskit-box-header image-box-img-left\">\n\n                    <img decoding=\"async\" src=\"https:\/\/sites.euro.ubbcluj.ro\/practicaisip\/wp-content\/uploads\/elementor\/thumbs\/ANOFM-Logo-1-rfd35d2zsbsijep85yqwvmdr52qzr1nxxy4uap96i0.png\" title=\"ANOFM Logo\" alt=\"ANOFM Logo\" loading=\"lazy\" \/>\n                <\/div>\n                \n                <div class=\"elementskit-box-body ekit-image-box-body\">\n                    <div class=\"elementskit-box-content ekit-image-box-body-inner\">\n                                                <h3 class=\"elementskit-info-box-title\">\n\n                        AJOFM Cluj\n                        \n                    <\/h3>\n                                                        <\/div>\n\n                            <\/div>\n            <\/div>\n    <\/div>\t\t\t\t<\/div>\n\t\t\t\t<\/div>\n\t\t\t\t\t<\/div>\n\t\t\t\t<\/div>\n\t\t\t\t<\/div>\n\t\t","protected":false},"excerpt":{"rendered":"<p>Parteneri Proiectul este implementat de Universitatea Babe\u0219-Bolyai, \u00een parteneriat cu AJOFM Cluj \u0219i cu organiza\u021bii publice \u0219i private care g\u0103zduiesc stagii de practic\u0103. \u00cempreun\u0103, ace\u0219tia sprijin\u0103 dezvoltarea profesional\u0103 a studen\u021bilor \u0219i creeaz\u0103 pun\u021bi \u00eentre mediul academic \u0219i pia\u021ba muncii. Universitatea Babe\u0219-Bolyai AJOFM Cluj<\/p>\n","protected":false},"author":1,"featured_media":0,"parent":0,"menu_order":0,"comment_status":"closed","ping_status":"closed","template":"","meta":{"_eb_attr":"","neve_meta_sidebar":"","neve_meta_container":"full-width","neve_meta_enable_content_width":"off","neve_meta_content_width":100,"neve_meta_title_alignment":"","neve_meta_author_avatar":"","neve_post_elements_order":"","neve_meta_disable_header":"","neve_meta_disable_footer":"","neve_meta_disable_title":"on","footnotes":""},"class_list":["post-524","page","type-page","status-publish","hentry"],"_links":{"self":[{"href":"https:\/\/sites.euro.ubbcluj.ro\/practicaisip\/wp-json\/wp\/v2\/pages\/524","targetHints":{"allow":["GET"]}}],"collection":[{"href":"https:\/\/sites.euro.ubbcluj.ro\/practicaisip\/wp-json\/wp\/v2\/pages"}],"about":[{"href":"https:\/\/sites.euro.ubbcluj.ro\/practicaisip\/wp-json\/wp\/v2\/types\/page"}],"author":[{"embeddable":true,"href":"https:\/\/sites.euro.ubbcluj.ro\/practicaisip\/wp-json\/wp\/v2\/users\/1"}],"replies":[{"embeddable":true,"href":"https:\/\/sites.euro.ubbcluj.ro\/practicaisip\/wp-json\/wp\/v2\/comments?post=524"}],"version-history":[{"count":4,"href":"https:\/\/sites.euro.ubbcluj.ro\/practicaisip\/wp-json\/wp\/v2\/pages\/524\/revisions"}],"predecessor-version":[{"id":708,"href":"https:\/\/sites.euro.ubbcluj.ro\/practicaisip\/wp-json\/wp\/v2\/pages\/524\/revisions\/708"}],"wp:attachment":[{"href":"https:\/\/sites.euro.ubbcluj.ro\/practicaisip\/wp-json\/wp\/v2\/media?parent=524"}],"curies":[{"name":"wp","href":"https:\/\/api.w.org\/{rel}","templated":true}]}}