{"id":82,"date":"2025-11-10T09:28:04","date_gmt":"2025-11-10T09:28:04","guid":{"rendered":"https:\/\/sites.euro.ubbcluj.ro\/practicaisip\/?page_id=82"},"modified":"2025-11-18T09:38:53","modified_gmt":"2025-11-18T09:38:53","slug":"activitati","status":"publish","type":"page","link":"https:\/\/sites.euro.ubbcluj.ro\/practicaisip\/activitati\/","title":{"rendered":"Activit\u0103\u021bi"},"content":{"rendered":"\t\t<div data-elementor-type=\"wp-page\" data-elementor-id=\"82\" class=\"elementor elementor-82\">\n\t\t\t\t<div class=\"elementor-element elementor-element-6d1cd13 e-flex e-con-boxed wpr-particle-no wpr-jarallax-no wpr-parallax-no wpr-sticky-section-no wpr-equal-height-no e-con e-parent\" data-id=\"6d1cd13\" data-element_type=\"container\" data-e-type=\"container\" data-settings=\"{&quot;background_background&quot;:&quot;classic&quot;}\">\n\t\t\t\t\t<div class=\"e-con-inner\">\n\t\t\t\t<div class=\"elementor-element elementor-element-11da6de4 elementor-widget elementor-widget-elementskit-heading\" data-id=\"11da6de4\" data-element_type=\"widget\" data-e-type=\"widget\" data-widget_type=\"elementskit-heading.default\">\n\t\t\t\t\t<div class=\"ekit-wid-con\" ><div class=\"ekit-heading elementskit-section-title-wraper text_center   ekit_heading_tablet-   ekit_heading_mobile-\"><h2 class=\"ekit-heading--title elementskit-section-title \">Activit\u0103\u021bi<\/h2><\/div><\/div>\t\t\t\t<\/div>\n\t\t\t\t\t<\/div>\n\t\t\t\t<\/div>\n\t\t<div class=\"elementor-element elementor-element-7f5fef0 e-flex e-con-boxed wpr-particle-no wpr-jarallax-no wpr-parallax-no wpr-sticky-section-no wpr-equal-height-no e-con e-parent\" data-id=\"7f5fef0\" data-element_type=\"container\" data-e-type=\"container\">\n\t\t\t\t\t<div class=\"e-con-inner\">\n\t\t\t\t<div class=\"elementor-element elementor-element-ec2e1fe elementor-widget elementor-widget-spacer\" data-id=\"ec2e1fe\" data-element_type=\"widget\" data-e-type=\"widget\" data-widget_type=\"spacer.default\">\n\t\t\t\t\t\t\t<div class=\"elementor-spacer\">\n\t\t\t<div class=\"elementor-spacer-inner\"><\/div>\n\t\t<\/div>\n\t\t\t\t\t\t<\/div>\n\t\t\t\t\t<\/div>\n\t\t\t\t<\/div>\n\t\t<div class=\"elementor-element elementor-element-ba59020 e-con-full e-flex wpr-particle-no wpr-jarallax-no wpr-parallax-no wpr-sticky-section-no wpr-equal-height-no elementor-invisible e-con e-parent\" data-id=\"ba59020\" data-element_type=\"container\" data-e-type=\"container\" data-settings=\"{&quot;background_background&quot;:&quot;classic&quot;,&quot;animation&quot;:&quot;fadeInUp&quot;}\">\n\t\t<div class=\"elementor-element elementor-element-55bba70c e-con-full e-flex wpr-particle-no wpr-jarallax-no wpr-parallax-no wpr-sticky-section-no wpr-equal-height-no e-con e-child\" data-id=\"55bba70c\" data-element_type=\"container\" data-e-type=\"container\" data-settings=\"{&quot;background_background&quot;:&quot;classic&quot;}\">\n\t\t\t\t<\/div>\n\t\t<div class=\"elementor-element elementor-element-6e358677 e-con-full e-flex wpr-particle-no wpr-jarallax-no wpr-parallax-no wpr-sticky-section-no wpr-equal-height-no e-con e-child\" data-id=\"6e358677\" data-element_type=\"container\" data-e-type=\"container\">\n\t\t\t\t<div class=\"elementor-element elementor-element-4a0ff748 elementor-widget elementor-widget-elementskit-heading\" data-id=\"4a0ff748\" data-element_type=\"widget\" data-e-type=\"widget\" data-widget_type=\"elementskit-heading.default\">\n\t\t\t\t\t<div class=\"ekit-wid-con\" ><div class=\"ekit-heading elementskit-section-title-wraper    ekit_heading_tablet-   ekit_heading_mobile-\"><h2 class=\"ekit-heading--title elementskit-section-title \">Stagii de practic\u0103<\/h2><\/div><\/div>\t\t\t\t<\/div>\n\t\t\t\t<div class=\"elementor-element elementor-element-ab9765e elementor-widget elementor-widget-text-editor\" data-id=\"ab9765e\" data-element_type=\"widget\" data-e-type=\"widget\" data-widget_type=\"text-editor.default\">\n\t\t\t\t\t\t\t\t\t<p>270 de studen\u021bi vor efectua stagii \u00een organiza\u021bii publice \u0219i private, beneficiind de mentorat \u0219i de recunoa\u0219tere oficial\u0103 a activit\u0103\u021bii. Stagiile sunt g\u00e2ndite pentru a oferi experien\u021b\u0103 practic\u0103 direct\u0103 \u0219i pentru a consolida competen\u021bele necesare inser\u021biei pe pia\u021ba muncii.<\/p>\t\t\t\t\t\t\t\t<\/div>\n\t\t\t\t<\/div>\n\t\t\t\t<\/div>\n\t\t<div class=\"elementor-element elementor-element-5074786c e-con-full e-flex wpr-particle-no wpr-jarallax-no wpr-parallax-no wpr-sticky-section-no wpr-equal-height-no elementor-invisible e-con e-parent\" data-id=\"5074786c\" data-element_type=\"container\" data-e-type=\"container\" data-settings=\"{&quot;background_background&quot;:&quot;classic&quot;,&quot;animation&quot;:&quot;fadeInUp&quot;}\">\n\t\t<div class=\"elementor-element elementor-element-433b81af e-con-full e-flex wpr-particle-no wpr-jarallax-no wpr-parallax-no wpr-sticky-section-no wpr-equal-height-no e-con e-child\" data-id=\"433b81af\" data-element_type=\"container\" data-e-type=\"container\">\n\t\t\t\t<div class=\"elementor-element elementor-element-704c9b4c elementor-widget elementor-widget-elementskit-heading\" data-id=\"704c9b4c\" data-element_type=\"widget\" data-e-type=\"widget\" data-widget_type=\"elementskit-heading.default\">\n\t\t\t\t\t<div class=\"ekit-wid-con\" ><div class=\"ekit-heading elementskit-section-title-wraper    ekit_heading_tablet-   ekit_heading_mobile-\"><h2 class=\"ekit-heading--title elementskit-section-title \">Consiliere socio-emo\u021bional\u0103<\/h2><\/div><\/div>\t\t\t\t<\/div>\n\t\t\t\t<div class=\"elementor-element elementor-element-520e91d0 elementor-widget elementor-widget-text-editor\" data-id=\"520e91d0\" data-element_type=\"widget\" data-e-type=\"widget\" data-widget_type=\"text-editor.default\">\n\t\t\t\t\t\t\t\t\t<p>\u00a0Fiecare student particip\u0103 la \u00eent\u00e2lniri individuale \u0219i workshopuri de grup, pentru a-\u0219i dezvolta rezilien\u021ba, inteligen\u021ba emo\u021bional\u0103 \u0219i abilit\u0103\u021bile de comunicare. Consilierea ajut\u0103 la dep\u0103\u0219irea anxiet\u0103\u021bilor legate de tranzi\u021bia c\u0103tre mediul profesional \u0219i la construirea unei \u00eencrederi solide \u00een propriile for\u021be.<\/p>\t\t\t\t\t\t\t\t<\/div>\n\t\t\t\t<\/div>\n\t\t<div class=\"elementor-element elementor-element-63ba0233 e-con-full e-flex wpr-particle-no wpr-jarallax-no wpr-parallax-no wpr-sticky-section-no wpr-equal-height-no e-con e-child\" data-id=\"63ba0233\" data-element_type=\"container\" data-e-type=\"container\" data-settings=\"{&quot;background_background&quot;:&quot;classic&quot;}\">\n\t\t\t\t<\/div>\n\t\t\t\t<\/div>\n\t\t<div class=\"elementor-element elementor-element-50ce47d2 e-con-full e-flex wpr-particle-no wpr-jarallax-no wpr-parallax-no wpr-sticky-section-no wpr-equal-height-no elementor-invisible e-con e-parent\" data-id=\"50ce47d2\" data-element_type=\"container\" data-e-type=\"container\" data-settings=\"{&quot;background_background&quot;:&quot;classic&quot;,&quot;animation&quot;:&quot;fadeInUp&quot;}\">\n\t\t<div class=\"elementor-element elementor-element-16521ae6 e-con-full e-flex wpr-particle-no wpr-jarallax-no wpr-parallax-no wpr-sticky-section-no wpr-equal-height-no e-con e-child\" data-id=\"16521ae6\" data-element_type=\"container\" data-e-type=\"container\" data-settings=\"{&quot;background_background&quot;:&quot;classic&quot;}\">\n\t\t\t\t<\/div>\n\t\t<div class=\"elementor-element elementor-element-17f85140 e-con-full e-flex wpr-particle-no wpr-jarallax-no wpr-parallax-no wpr-sticky-section-no wpr-equal-height-no e-con e-child\" data-id=\"17f85140\" data-element_type=\"container\" data-e-type=\"container\">\n\t\t\t\t<div class=\"elementor-element elementor-element-7e84efa0 elementor-widget elementor-widget-elementskit-heading\" data-id=\"7e84efa0\" data-element_type=\"widget\" data-e-type=\"widget\" data-widget_type=\"elementskit-heading.default\">\n\t\t\t\t\t<div class=\"ekit-wid-con\" ><div class=\"ekit-heading elementskit-section-title-wraper    ekit_heading_tablet-   ekit_heading_mobile-\"><h2 class=\"ekit-heading--title elementskit-section-title \">Formare antreprenorial\u0103<\/h2><\/div><\/div>\t\t\t\t<\/div>\n\t\t<div class=\"elementor-element elementor-element-26a17432 e-con-full e-flex wpr-particle-no wpr-jarallax-no wpr-parallax-no wpr-sticky-section-no wpr-equal-height-no e-con e-child\" data-id=\"26a17432\" data-element_type=\"container\" data-e-type=\"container\">\n\t\t\t\t<div class=\"elementor-element elementor-element-730a8cf elementor-widget elementor-widget-text-editor\" data-id=\"730a8cf\" data-element_type=\"widget\" data-e-type=\"widget\" data-widget_type=\"text-editor.default\">\n\t\t\t\t\t\t\t\t\t<p>Cursuri \u0219i sesiuni practice dedicate dezvolt\u0103rii spiritului antreprenorial, cu accent pe inova\u021bie \u0219i sustenabilitate. Studen\u021bii vor elabora planuri de dezvoltare pentru organiza\u021biile-gazd\u0103, aplic\u00e2nd concepte moderne de business verde \u0219i responsabilitate social\u0103.<br \/><br \/><\/p>\t\t\t\t\t\t\t\t<\/div>\n\t\t\t\t<\/div>\n\t\t\t\t<\/div>\n\t\t\t\t<\/div>\n\t\t<div class=\"elementor-element elementor-element-b98bab0 e-con-full e-flex wpr-particle-no wpr-jarallax-no wpr-parallax-no wpr-sticky-section-no wpr-equal-height-no elementor-invisible e-con e-parent\" data-id=\"b98bab0\" data-element_type=\"container\" data-e-type=\"container\" data-settings=\"{&quot;background_background&quot;:&quot;classic&quot;,&quot;animation&quot;:&quot;fadeInUp&quot;}\">\n\t\t<div class=\"elementor-element elementor-element-d140dfa e-con-full e-flex wpr-particle-no wpr-jarallax-no wpr-parallax-no wpr-sticky-section-no wpr-equal-height-no e-con e-child\" data-id=\"d140dfa\" data-element_type=\"container\" data-e-type=\"container\">\n\t\t\t\t<div class=\"elementor-element elementor-element-c853ab4 elementor-widget elementor-widget-elementskit-heading\" data-id=\"c853ab4\" data-element_type=\"widget\" data-e-type=\"widget\" data-widget_type=\"elementskit-heading.default\">\n\t\t\t\t\t<div class=\"ekit-wid-con\" ><div class=\"ekit-heading elementskit-section-title-wraper    ekit_heading_tablet-   ekit_heading_mobile-\"><h2 class=\"ekit-heading--title elementskit-section-title \">T\u00e2rg de oferte de practic\u0103<\/h2><\/div><\/div>\t\t\t\t<\/div>\n\t\t\t\t<div class=\"elementor-element elementor-element-9685bf1 elementor-widget elementor-widget-text-editor\" data-id=\"9685bf1\" data-element_type=\"widget\" data-e-type=\"widget\" data-widget_type=\"text-editor.default\">\n\t\t\t\t\t\t\t\t\t<p>Eveniment organizat cu peste 20 de parteneri, unde studen\u021bii pot descoperi oportunit\u0103\u021bi diverse de practic\u0103 \u0219i pot interac\u021biona direct cu angajatori.<br \/><br \/><\/p>\t\t\t\t\t\t\t\t<\/div>\n\t\t\t\t<\/div>\n\t\t<div class=\"elementor-element elementor-element-4e16642 e-con-full e-flex wpr-particle-no wpr-jarallax-no wpr-parallax-no wpr-sticky-section-no wpr-equal-height-no e-con e-child\" data-id=\"4e16642\" data-element_type=\"container\" data-e-type=\"container\" data-settings=\"{&quot;background_background&quot;:&quot;classic&quot;}\">\n\t\t\t\t<\/div>\n\t\t\t\t<\/div>\n\t\t<div class=\"elementor-element elementor-element-4a9a558 e-con-full e-flex wpr-particle-no wpr-jarallax-no wpr-parallax-no wpr-sticky-section-no wpr-equal-height-no elementor-invisible e-con e-parent\" data-id=\"4a9a558\" data-element_type=\"container\" data-e-type=\"container\" data-settings=\"{&quot;background_background&quot;:&quot;classic&quot;,&quot;animation&quot;:&quot;fadeInUp&quot;}\">\n\t\t<div class=\"elementor-element elementor-element-d414600 e-con-full e-flex wpr-particle-no wpr-jarallax-no wpr-parallax-no wpr-sticky-section-no wpr-equal-height-no e-con e-child\" data-id=\"d414600\" data-element_type=\"container\" data-e-type=\"container\" data-settings=\"{&quot;background_background&quot;:&quot;classic&quot;}\">\n\t\t\t\t<\/div>\n\t\t<div class=\"elementor-element elementor-element-82d31ef e-con-full e-flex wpr-particle-no wpr-jarallax-no wpr-parallax-no wpr-sticky-section-no wpr-equal-height-no e-con e-child\" data-id=\"82d31ef\" data-element_type=\"container\" data-e-type=\"container\">\n\t\t\t\t<div class=\"elementor-element elementor-element-3de25d2 elementor-widget elementor-widget-elementskit-heading\" data-id=\"3de25d2\" data-element_type=\"widget\" data-e-type=\"widget\" data-widget_type=\"elementskit-heading.default\">\n\t\t\t\t\t<div class=\"ekit-wid-con\" ><div class=\"ekit-heading elementskit-section-title-wraper    ekit_heading_tablet-   ekit_heading_mobile-\"><h2 class=\"ekit-heading--title elementskit-section-title \">Inovare educa\u021bional\u0103<\/h2><\/div><\/div>\t\t\t\t<\/div>\n\t\t<div class=\"elementor-element elementor-element-fb7e508 e-con-full e-flex wpr-particle-no wpr-jarallax-no wpr-parallax-no wpr-sticky-section-no wpr-equal-height-no e-con e-child\" data-id=\"fb7e508\" data-element_type=\"container\" data-e-type=\"container\">\n\t\t\t\t<div class=\"elementor-element elementor-element-fa24887 elementor-widget elementor-widget-text-editor\" data-id=\"fa24887\" data-element_type=\"widget\" data-e-type=\"widget\" data-widget_type=\"text-editor.default\">\n\t\t\t\t\t\t\t\t\t<p>\u00a0Elaborarea a trei cursuri facultative cu component\u0103 verde, care vor r\u0103m\u00e2ne disponibile \u0219i dup\u0103 finalizarea proiectului, consolid\u00e2nd impactul pe termen lung.<\/p>\t\t\t\t\t\t\t\t<\/div>\n\t\t\t\t<\/div>\n\t\t\t\t<\/div>\n\t\t\t\t<\/div>\n\t\t\t\t<\/div>\n\t\t","protected":false},"excerpt":{"rendered":"<p>Activit\u0103\u021bi Stagii de practic\u0103 270 de studen\u021bi vor efectua stagii \u00een organiza\u021bii publice \u0219i private, beneficiind de mentorat \u0219i de recunoa\u0219tere oficial\u0103 a activit\u0103\u021bii. Stagiile sunt g\u00e2ndite pentru a oferi experien\u021b\u0103 practic\u0103 direct\u0103 \u0219i pentru a consolida competen\u021bele necesare inser\u021biei pe pia\u021ba muncii. Consiliere socio-emo\u021bional\u0103 \u00a0Fiecare student particip\u0103 la \u00eent\u00e2lniri individuale \u0219i workshopuri de grup, pentru a-\u0219i dezvolta rezilien\u021ba, inteligen\u021ba emo\u021bional\u0103 \u0219i abilit\u0103\u021bile de comunicare. Consilierea ajut\u0103 la dep\u0103\u0219irea anxiet\u0103\u021bilor legate de tranzi\u021bia c\u0103tre mediul profesional \u0219i la construirea unei \u00eencrederi solide \u00een propriile for\u021be. Formare antreprenorial\u0103 Cursuri \u0219i sesiuni practice dedicate dezvolt\u0103rii spiritului antreprenorial, cu accent pe inova\u021bie \u0219i sustenabilitate. Studen\u021bii vor elabora planuri de dezvoltare pentru organiza\u021biile-gazd\u0103, aplic\u00e2nd concepte moderne de business verde \u0219i responsabilitate social\u0103. T\u00e2rg de oferte de practic\u0103 Eveniment organizat cu peste 20 de parteneri, unde studen\u021bii pot descoperi oportunit\u0103\u021bi diverse de practic\u0103 \u0219i pot interac\u021biona direct cu angajatori. Inovare educa\u021bional\u0103 \u00a0Elaborarea a trei cursuri facultative cu component\u0103 verde, care vor r\u0103m\u00e2ne disponibile \u0219i dup\u0103 finalizarea proiectului, consolid\u00e2nd impactul pe termen lung.<\/p>\n","protected":false},"author":1,"featured_media":0,"parent":0,"menu_order":0,"comment_status":"closed","ping_status":"closed","template":"page-templates\/template-pagebuilder-full-width.php","meta":{"_eb_attr":"","neve_meta_sidebar":"","neve_meta_container":"full-width","neve_meta_enable_content_width":"off","neve_meta_content_width":100,"neve_meta_title_alignment":"","neve_meta_author_avatar":"","neve_post_elements_order":"","neve_meta_disable_header":"","neve_meta_disable_footer":"","neve_meta_disable_title":"on","footnotes":""},"class_list":["post-82","page","type-page","status-publish","hentry"],"_links":{"self":[{"href":"https:\/\/sites.euro.ubbcluj.ro\/practicaisip\/wp-json\/wp\/v2\/pages\/82","targetHints":{"allow":["GET"]}}],"collection":[{"href":"https:\/\/sites.euro.ubbcluj.ro\/practicaisip\/wp-json\/wp\/v2\/pages"}],"about":[{"href":"https:\/\/sites.euro.ubbcluj.ro\/practicaisip\/wp-json\/wp\/v2\/types\/page"}],"author":[{"embeddable":true,"href":"https:\/\/sites.euro.ubbcluj.ro\/practicaisip\/wp-json\/wp\/v2\/users\/1"}],"replies":[{"embeddable":true,"href":"https:\/\/sites.euro.ubbcluj.ro\/practicaisip\/wp-json\/wp\/v2\/comments?post=82"}],"version-history":[{"count":0,"href":"https:\/\/sites.euro.ubbcluj.ro\/practicaisip\/wp-json\/wp\/v2\/pages\/82\/revisions"}],"wp:attachment":[{"href":"https:\/\/sites.euro.ubbcluj.ro\/practicaisip\/wp-json\/wp\/v2\/media?parent=82"}],"curies":[{"name":"wp","href":"https:\/\/api.w.org\/{rel}","templated":true}]}}