{"id":15,"date":"2025-10-13T08:10:49","date_gmt":"2025-10-13T08:10:49","guid":{"rendered":"https:\/\/sites.euro.ubbcluj.ro\/primulstudent\/?page_id=15"},"modified":"2025-11-05T12:37:56","modified_gmt":"2025-11-05T12:37:56","slug":"activitati","status":"publish","type":"page","link":"https:\/\/sites.euro.ubbcluj.ro\/primulstudent\/activitati\/","title":{"rendered":"Activit\u0103\u021bi"},"content":{"rendered":"\t\t<div data-elementor-type=\"wp-page\" data-elementor-id=\"15\" class=\"elementor elementor-15\">\n\t\t\t\t\t\t<section class=\"elementor-section elementor-top-section elementor-element elementor-element-3df14e91 elementor-section-boxed elementor-section-height-default elementor-section-height-default wpr-particle-no wpr-jarallax-no wpr-parallax-no wpr-sticky-section-no wpr-equal-height-no\" data-id=\"3df14e91\" data-element_type=\"section\" data-e-type=\"section\" data-settings=\"{&quot;background_background&quot;:&quot;classic&quot;,&quot;shape_divider_top&quot;:&quot;triangle&quot;}\">\n\t\t\t\t\t\t\t<div class=\"elementor-background-overlay\"><\/div>\n\t\t\t\t\t\t<div class=\"elementor-shape elementor-shape-top\" aria-hidden=\"true\" data-negative=\"false\">\n\t\t\t<svg xmlns=\"http:\/\/www.w3.org\/2000\/svg\" viewBox=\"0 0 1000 100\" preserveAspectRatio=\"none\">\n\t<path class=\"elementor-shape-fill\" d=\"M500,98.9L0,6.1V0h1000v6.1L500,98.9z\"\/>\n<\/svg>\t\t<\/div>\n\t\t\t\t\t<div class=\"elementor-container elementor-column-gap-no\">\n\t\t\t\t\t<div class=\"elementor-column elementor-col-100 elementor-top-column elementor-element elementor-element-62280f6c\" data-id=\"62280f6c\" data-element_type=\"column\" data-e-type=\"column\">\n\t\t\t<div class=\"elementor-widget-wrap elementor-element-populated\">\n\t\t\t\t\t\t<div class=\"elementor-element elementor-element-72497d4e elementor-widget elementor-widget-heading\" data-id=\"72497d4e\" data-element_type=\"widget\" data-e-type=\"widget\" data-widget_type=\"heading.default\">\n\t\t\t\t\t<h2 class=\"elementor-heading-title elementor-size-default\">Activit\u0103\u021bi<\/h2>\t\t\t\t<\/div>\n\t\t\t\t\t<\/div>\n\t\t<\/div>\n\t\t\t\t\t<\/div>\n\t\t<\/section>\n\t\t\t\t<section class=\"elementor-section elementor-top-section elementor-element elementor-element-4634b57f elementor-section-full_width elementor-section-height-default elementor-section-height-default wpr-particle-no wpr-jarallax-no wpr-parallax-no wpr-sticky-section-no wpr-equal-height-no\" data-id=\"4634b57f\" data-element_type=\"section\" data-e-type=\"section\" data-settings=\"{&quot;background_background&quot;:&quot;classic&quot;}\">\n\t\t\t\t\t\t\t<div class=\"elementor-background-overlay\"><\/div>\n\t\t\t\t\t\t\t<div class=\"elementor-container elementor-column-gap-default\">\n\t\t\t\t\t<div class=\"elementor-column elementor-col-100 elementor-top-column elementor-element elementor-element-441a00cc\" data-id=\"441a00cc\" data-element_type=\"column\" data-e-type=\"column\" data-settings=\"{&quot;background_background&quot;:&quot;classic&quot;}\">\n\t\t\t<div class=\"elementor-widget-wrap elementor-element-populated\">\n\t\t\t\t\t\t<section class=\"elementor-section elementor-inner-section elementor-element elementor-element-3a955753 elementor-section-boxed elementor-section-height-default elementor-section-height-default wpr-particle-no wpr-jarallax-no wpr-parallax-no wpr-sticky-section-no wpr-equal-height-no elementor-invisible\" data-id=\"3a955753\" data-element_type=\"section\" data-e-type=\"section\" data-settings=\"{&quot;animation&quot;:&quot;fadeInUp&quot;}\">\n\t\t\t\t\t\t<div class=\"elementor-container elementor-column-gap-no\">\n\t\t\t\t\t<div class=\"elementor-column elementor-col-100 elementor-inner-column elementor-element elementor-element-3003b715\" data-id=\"3003b715\" data-element_type=\"column\" data-e-type=\"column\">\n\t\t\t<div class=\"elementor-widget-wrap elementor-element-populated\">\n\t\t\t\t\t\t<div class=\"elementor-element elementor-element-644b927b elementor-widget elementor-widget-heading\" data-id=\"644b927b\" data-element_type=\"widget\" data-e-type=\"widget\" data-widget_type=\"heading.default\">\n\t\t\t\t\t<h2 class=\"elementor-heading-title elementor-size-default\">Principalele activit\u0103\u021bi derulate prin proiect:<\/h2>\t\t\t\t<\/div>\n\t\t\t\t\t<\/div>\n\t\t<\/div>\n\t\t\t\t\t<\/div>\n\t\t<\/section>\n\t\t\t\t<section class=\"elementor-section elementor-inner-section elementor-element elementor-element-3f4053b6 elementor-section-boxed elementor-section-height-default elementor-section-height-default wpr-particle-no wpr-jarallax-no wpr-parallax-no wpr-sticky-section-no wpr-equal-height-no\" data-id=\"3f4053b6\" data-element_type=\"section\" data-e-type=\"section\">\n\t\t\t\t\t\t<div class=\"elementor-container elementor-column-gap-default\">\n\t\t\t\t\t<div class=\"elementor-column elementor-col-33 elementor-inner-column elementor-element elementor-element-15ba1dec elementor-invisible\" data-id=\"15ba1dec\" data-element_type=\"column\" data-e-type=\"column\" data-settings=\"{&quot;background_background&quot;:&quot;classic&quot;,&quot;animation&quot;:&quot;zoomIn&quot;}\">\n\t\t\t<div class=\"elementor-widget-wrap elementor-element-populated\">\n\t\t\t\t\t\t<div class=\"elementor-element elementor-element-6e7e3f06 eael-infobox-shape-square eael-infobox-hover-img-shape-square elementor-widget elementor-widget-eael-info-box\" data-id=\"6e7e3f06\" data-element_type=\"widget\" data-e-type=\"widget\" data-widget_type=\"eael-info-box.default\">\n\t\t\t\t\t        <div class=\"eael-infobox icon-on-left\">\n\t            <div class=\"infobox-icon\">\n\n                            <img decoding=\"async\" src=\"https:\/\/sites.euro.ubbcluj.ro\/primulstudent\/wp-content\/uploads\/2025\/10\/icons8-star-94.png\" alt=\"\">\n            \n            \n            \n        <\/div>\n            <div class=\"infobox-content\">\n                    <div class=\"infobox-title-section\">\n                <h2 class=\"title\">Program remedial<\/h2>            <\/div>\n                    <\/div>\n            <\/div>\n\n\t\t\t\t\t\t<\/div>\n\t\t\t\t<div class=\"elementor-element elementor-element-41b2547c elementor-widget elementor-widget-text-editor\" data-id=\"41b2547c\" data-element_type=\"widget\" data-e-type=\"widget\" data-widget_type=\"text-editor.default\">\n\t\t\t\t\t\t\t\t\t<p style=\"text-align: justify;\">Acest program \u00eei sprijin\u0103 pe studen\u021bi s\u0103 \u00ee\u0219i consolideze cuno\u0219tin\u021bele de baz\u0103 \u0219i s\u0103 dob\u00e2ndeasc\u0103 competen\u021bele necesare pentru a face fa\u021b\u0103 cerin\u021belor universitare. Prin sesiuni de preg\u0103tire suplimentar\u0103, exerci\u021bii practice \u0219i \u00eent\u00e2lniri de mentorat cu colegi mai mari sau cadre didactice, participan\u021bii \u00ee\u0219i pot \u00eembun\u0103t\u0103\u021bi nivelul de preg\u0103tire la disciplinele de baz\u0103, reduc\u00e2nd riscul de abandon.<\/p>\t\t\t\t\t\t\t\t<\/div>\n\t\t\t\t\t<\/div>\n\t\t<\/div>\n\t\t\t\t<div class=\"elementor-column elementor-col-33 elementor-inner-column elementor-element elementor-element-5bfd23e5 elementor-invisible\" data-id=\"5bfd23e5\" data-element_type=\"column\" data-e-type=\"column\" data-settings=\"{&quot;background_background&quot;:&quot;classic&quot;,&quot;animation&quot;:&quot;zoomIn&quot;}\">\n\t\t\t<div class=\"elementor-widget-wrap elementor-element-populated\">\n\t\t\t\t\t\t<div class=\"elementor-element elementor-element-164b252f eael-infobox-shape-square eael-infobox-hover-img-shape-square elementor-widget elementor-widget-eael-info-box\" data-id=\"164b252f\" data-element_type=\"widget\" data-e-type=\"widget\" data-widget_type=\"eael-info-box.default\">\n\t\t\t\t\t        <div class=\"eael-infobox icon-on-left\">\n\t            <div class=\"infobox-icon\">\n\n                            <img decoding=\"async\" src=\"https:\/\/sites.euro.ubbcluj.ro\/primulstudent\/wp-content\/uploads\/2025\/10\/icons8-star-94.png\" alt=\"\">\n            \n            \n            \n        <\/div>\n            <div class=\"infobox-content\">\n                    <div class=\"infobox-title-section\">\n                <h2 class=\"title\">Mentorat<\/h2>            <\/div>\n                    <\/div>\n            <\/div>\n\n\t\t\t\t\t\t<\/div>\n\t\t\t\t<div class=\"elementor-element elementor-element-5e83f34c elementor-widget elementor-widget-text-editor\" data-id=\"5e83f34c\" data-element_type=\"widget\" data-e-type=\"widget\" data-widget_type=\"text-editor.default\">\n\t\t\t\t\t\t\t\t\t<p style=\"text-align: justify;\">Componenta de mentorat din cadrul proiectului ofer\u0103 studen\u021bilor oportunitatea de a \u00eenv\u0103\u021ba direct din experien\u021ba colegilor mai avansa\u021bi \u0219i a cadrelor didactice implicate. Prin sesiuni de \u00eendrumare, schimb de bune practici \u0219i activit\u0103\u021bi de dezvoltare personal\u0103, participan\u021bii sunt sprijini\u021bi s\u0103 \u00ee\u0219i clarifice obiectivele academice \u0219i profesionale.\u00a0<\/p>\t\t\t\t\t\t\t\t<\/div>\n\t\t\t\t\t<\/div>\n\t\t<\/div>\n\t\t\t\t<div class=\"elementor-column elementor-col-33 elementor-inner-column elementor-element elementor-element-1f819ff elementor-invisible\" data-id=\"1f819ff\" data-element_type=\"column\" data-e-type=\"column\" data-settings=\"{&quot;background_background&quot;:&quot;classic&quot;,&quot;animation&quot;:&quot;zoomIn&quot;}\">\n\t\t\t<div class=\"elementor-widget-wrap elementor-element-populated\">\n\t\t\t\t\t\t<div class=\"elementor-element elementor-element-33f4d557 eael-infobox-shape-square eael-infobox-hover-img-shape-square elementor-widget elementor-widget-eael-info-box\" data-id=\"33f4d557\" data-element_type=\"widget\" data-e-type=\"widget\" data-widget_type=\"eael-info-box.default\">\n\t\t\t\t\t        <div class=\"eael-infobox icon-on-left\">\n\t            <div class=\"infobox-icon\">\n\n                            <img decoding=\"async\" src=\"https:\/\/sites.euro.ubbcluj.ro\/primulstudent\/wp-content\/uploads\/2025\/10\/icons8-star-94.png\" alt=\"\">\n            \n            \n            \n        <\/div>\n            <div class=\"infobox-content\">\n                    <div class=\"infobox-title-section\">\n                <h2 class=\"title\">Programe integrate <\/h2>            <\/div>\n                    <\/div>\n            <\/div>\n\n\t\t\t\t\t\t<\/div>\n\t\t\t\t<div class=\"elementor-element elementor-element-1534f1b2 elementor-widget elementor-widget-text-editor\" data-id=\"1534f1b2\" data-element_type=\"widget\" data-e-type=\"widget\" data-widget_type=\"text-editor.default\">\n\t\t\t\t\t\t\t\t\t<p style=\"text-align: justify;\">Organizate pe parcursul a 7 zile, programele integrate ofer\u0103 studen\u021bilor experien\u021be de formare intensiv\u0103 pe teme legate de incluziune, egalitate de \u0219anse \u0219i participare activ\u0103. Diminea\u021ba sunt organizate sesiuni interactive de formare (workshop-uri, cursuri aplicate), iar dup\u0103-amiaza activit\u0103\u021bi non-formale (jocuri de rol, dezbateri, vizite de studiu, activit\u0103\u021bi culturale). Aceste experien\u021be nu doar transmit cuno\u0219tin\u021be, ci \u0219i creeaz\u0103 oportunit\u0103\u021bi de socializare \u0219i networking \u00eentre studen\u021bi din medii diverse.<br \/><br \/><\/p>\t\t\t\t\t\t\t\t<\/div>\n\t\t\t\t\t<\/div>\n\t\t<\/div>\n\t\t\t\t\t<\/div>\n\t\t<\/section>\n\t\t\t\t<section class=\"elementor-section elementor-inner-section elementor-element elementor-element-5a95e3f elementor-section-boxed elementor-section-height-default elementor-section-height-default wpr-particle-no wpr-jarallax-no wpr-parallax-no wpr-sticky-section-no wpr-equal-height-no\" data-id=\"5a95e3f\" data-element_type=\"section\" data-e-type=\"section\">\n\t\t\t\t\t\t<div class=\"elementor-container elementor-column-gap-default\">\n\t\t\t\t\t<div class=\"elementor-column elementor-col-33 elementor-inner-column elementor-element elementor-element-57ba5e0d elementor-invisible\" data-id=\"57ba5e0d\" data-element_type=\"column\" data-e-type=\"column\" data-settings=\"{&quot;background_background&quot;:&quot;classic&quot;,&quot;animation&quot;:&quot;zoomIn&quot;,&quot;animation_delay&quot;:200}\">\n\t\t\t<div class=\"elementor-widget-wrap elementor-element-populated\">\n\t\t\t\t\t\t<div class=\"elementor-element elementor-element-69f68d41 eael-infobox-shape-square eael-infobox-hover-img-shape-square elementor-widget elementor-widget-eael-info-box\" data-id=\"69f68d41\" data-element_type=\"widget\" data-e-type=\"widget\" data-widget_type=\"eael-info-box.default\">\n\t\t\t\t\t        <div class=\"eael-infobox icon-on-left\">\n\t            <div class=\"infobox-icon\">\n\n                            <img decoding=\"async\" src=\"https:\/\/sites.euro.ubbcluj.ro\/primulstudent\/wp-content\/uploads\/2025\/10\/icons8-star-94.png\" alt=\"\">\n            \n            \n            \n        <\/div>\n            <div class=\"infobox-content\">\n                    <div class=\"infobox-title-section\">\n                <h2 class=\"title\">Consiliere \u0219i orientare<\/h2>            <\/div>\n                    <\/div>\n            <\/div>\n\n\t\t\t\t\t\t<\/div>\n\t\t\t\t<div class=\"elementor-element elementor-element-1cb980f3 elementor-widget elementor-widget-text-editor\" data-id=\"1cb980f3\" data-element_type=\"widget\" data-e-type=\"widget\" data-widget_type=\"text-editor.default\">\n\t\t\t\t\t\t\t\t\t<p style=\"text-align: justify;\">Fiecare student are acces la sesiuni de consiliere individual\u0103 \u0219i de grup, sus\u021binute de consilieri specializa\u021bi. Temele abordate includ gestionarea emo\u021biilor, adaptarea la via\u021ba universitar\u0103, planificarea carierei, gestionarea timpului \u0219i dezvoltarea \u00eencrederii \u00een sine. Consilierea este un instrument esen\u021bial pentru a reduce stresul \u0219i pentru a sprijini studen\u021bii s\u0103 \u00ee\u0219i identifice punctele forte \u0219i direc\u021biile de dezvoltare.<\/p>\t\t\t\t\t\t\t\t<\/div>\n\t\t\t\t\t<\/div>\n\t\t<\/div>\n\t\t\t\t<div class=\"elementor-column elementor-col-33 elementor-inner-column elementor-element elementor-element-27cfa4a6 elementor-invisible\" data-id=\"27cfa4a6\" data-element_type=\"column\" data-e-type=\"column\" data-settings=\"{&quot;background_background&quot;:&quot;classic&quot;,&quot;animation&quot;:&quot;zoomIn&quot;,&quot;animation_delay&quot;:200}\">\n\t\t\t<div class=\"elementor-widget-wrap elementor-element-populated\">\n\t\t\t\t\t\t<div class=\"elementor-element elementor-element-20c48665 eael-infobox-shape-square eael-infobox-hover-img-shape-square elementor-widget elementor-widget-eael-info-box\" data-id=\"20c48665\" data-element_type=\"widget\" data-e-type=\"widget\" data-widget_type=\"eael-info-box.default\">\n\t\t\t\t\t        <div class=\"eael-infobox icon-on-left\">\n\t            <div class=\"infobox-icon\">\n\n                            <img decoding=\"async\" src=\"https:\/\/sites.euro.ubbcluj.ro\/primulstudent\/wp-content\/uploads\/2025\/10\/icons8-star-94.png\" alt=\"\">\n            \n            \n            \n        <\/div>\n            <div class=\"infobox-content\">\n                    <div class=\"infobox-title-section\">\n                <h2 class=\"title\">Accesibilizare<\/h2>            <\/div>\n                    <\/div>\n            <\/div>\n\n\t\t\t\t\t\t<\/div>\n\t\t\t\t<div class=\"elementor-element elementor-element-6bf1a9a1 elementor-widget elementor-widget-text-editor\" data-id=\"6bf1a9a1\" data-element_type=\"widget\" data-e-type=\"widget\" data-widget_type=\"text-editor.default\">\n\t\t\t\t\t\t\t\t\t<p style=\"text-align: justify;\">Proiectul include m\u0103suri pentru facilitarea accesului la educa\u021bie: sisteme de orientare audio, infoPoints tactile, con\u021binut digital adaptat pentru studen\u021bi cu dizabilit\u0103\u021bi \u0219i suport logistic pentru integrare complet\u0103.<\/p>\t\t\t\t\t\t\t\t<\/div>\n\t\t\t\t\t<\/div>\n\t\t<\/div>\n\t\t\t\t<div class=\"elementor-column elementor-col-33 elementor-inner-column elementor-element elementor-element-22195fb6 elementor-invisible\" data-id=\"22195fb6\" data-element_type=\"column\" data-e-type=\"column\" data-settings=\"{&quot;background_background&quot;:&quot;classic&quot;,&quot;animation&quot;:&quot;zoomIn&quot;,&quot;animation_delay&quot;:200}\">\n\t\t\t<div class=\"elementor-widget-wrap elementor-element-populated\">\n\t\t\t\t\t\t<div class=\"elementor-element elementor-element-6d6d20ba eael-infobox-shape-square eael-infobox-hover-img-shape-square elementor-widget elementor-widget-eael-info-box\" data-id=\"6d6d20ba\" data-element_type=\"widget\" data-e-type=\"widget\" data-widget_type=\"eael-info-box.default\">\n\t\t\t\t\t        <div class=\"eael-infobox icon-on-left\">\n\t            <div class=\"infobox-icon\">\n\n                            <img decoding=\"async\" src=\"https:\/\/sites.euro.ubbcluj.ro\/primulstudent\/wp-content\/uploads\/2025\/10\/icons8-star-94.png\" alt=\"\">\n            \n            \n            \n        <\/div>\n            <div class=\"infobox-content\">\n                    <div class=\"infobox-title-section\">\n                <h2 class=\"title\">Sprijin financiar<\/h2>            <\/div>\n                    <\/div>\n            <\/div>\n\n\t\t\t\t\t\t<\/div>\n\t\t\t\t<div class=\"elementor-element elementor-element-40c7602 elementor-widget elementor-widget-text-editor\" data-id=\"40c7602\" data-element_type=\"widget\" data-e-type=\"widget\" data-widget_type=\"text-editor.default\">\n\t\t\t\t\t\t\t\t\t<p style=\"text-align: justify;\">Se acord\u0103 burse \u00een valoare de 330 lei\/lun\u0103 (p\u00e2n\u0103 la 9 luni\/an universitar) pentru un num\u0103r de p\u00e2n\u0103 la 162 de studen\u021bi. Aceste burse sprijin\u0103 acoperirea costurilor de cazare, reduc\u00e2nd presiunea financiar\u0103 \u0219i oferind mai mult\u0103 siguran\u021b\u0103 pe durata studiilor.<\/p>\t\t\t\t\t\t\t\t<\/div>\n\t\t\t\t\t<\/div>\n\t\t<\/div>\n\t\t\t\t\t<\/div>\n\t\t<\/section>\n\t\t\t\t\t<\/div>\n\t\t<\/div>\n\t\t\t\t\t<\/div>\n\t\t<\/section>\n\t\t\t\t<\/div>\n\t\t","protected":false},"excerpt":{"rendered":"<p>Activit\u0103\u021bi Principalele activit\u0103\u021bi derulate prin proiect: Program remedial Acest program \u00eei sprijin\u0103 pe studen\u021bi s\u0103 \u00ee\u0219i consolideze cuno\u0219tin\u021bele de baz\u0103 \u0219i s\u0103 dob\u00e2ndeasc\u0103 competen\u021bele necesare pentru a face fa\u021b\u0103 cerin\u021belor universitare. Prin sesiuni de preg\u0103tire suplimentar\u0103, exerci\u021bii practice \u0219i \u00eent\u00e2lniri de mentorat cu colegi mai mari sau cadre didactice, participan\u021bii \u00ee\u0219i pot \u00eembun\u0103t\u0103\u021bi nivelul de preg\u0103tire la disciplinele de baz\u0103, reduc\u00e2nd riscul de abandon. Mentorat Componenta de mentorat din cadrul proiectului ofer\u0103 studen\u021bilor oportunitatea de a \u00eenv\u0103\u021ba direct din experien\u021ba colegilor mai avansa\u021bi \u0219i a cadrelor didactice implicate. Prin sesiuni de \u00eendrumare, schimb de bune practici \u0219i activit\u0103\u021bi de dezvoltare personal\u0103, participan\u021bii sunt sprijini\u021bi s\u0103 \u00ee\u0219i clarifice obiectivele academice \u0219i profesionale.\u00a0 Programe integrate Organizate pe parcursul a 7 zile, programele integrate ofer\u0103 studen\u021bilor experien\u021be de formare intensiv\u0103 pe teme legate de incluziune, egalitate de \u0219anse \u0219i participare activ\u0103. Diminea\u021ba sunt organizate sesiuni interactive de formare (workshop-uri, cursuri aplicate), iar dup\u0103-amiaza activit\u0103\u021bi non-formale (jocuri de rol, dezbateri, vizite de studiu, activit\u0103\u021bi culturale). Aceste experien\u021be nu doar transmit cuno\u0219tin\u021be, ci \u0219i creeaz\u0103 oportunit\u0103\u021bi de socializare \u0219i networking \u00eentre studen\u021bi din medii diverse. Consiliere \u0219i orientare Fiecare student are acces la sesiuni de consiliere individual\u0103 \u0219i de grup, sus\u021binute de consilieri specializa\u021bi. Temele abordate includ gestionarea emo\u021biilor, adaptarea la via\u021ba universitar\u0103, planificarea carierei, gestionarea timpului \u0219i dezvoltarea \u00eencrederii \u00een sine. Consilierea este un instrument esen\u021bial pentru a reduce stresul \u0219i pentru a sprijini studen\u021bii s\u0103 \u00ee\u0219i identifice punctele forte \u0219i direc\u021biile de dezvoltare. Accesibilizare Proiectul include m\u0103suri pentru facilitarea accesului la educa\u021bie: sisteme de orientare audio, infoPoints tactile, con\u021binut digital adaptat pentru studen\u021bi cu dizabilit\u0103\u021bi \u0219i suport logistic pentru integrare complet\u0103. Sprijin financiar Se acord\u0103 burse \u00een valoare de 330 lei\/lun\u0103 (p\u00e2n\u0103 la 9 luni\/an universitar) pentru un num\u0103r de p\u00e2n\u0103 la 162 de studen\u021bi. Aceste burse sprijin\u0103 acoperirea costurilor de cazare, reduc\u00e2nd presiunea financiar\u0103 \u0219i oferind mai mult\u0103 siguran\u021b\u0103 pe durata studiilor.<\/p>\n","protected":false},"author":1,"featured_media":0,"parent":0,"menu_order":0,"comment_status":"closed","ping_status":"closed","template":"elementor_header_footer","meta":{"_eb_attr":"","neve_meta_sidebar":"","neve_meta_container":"","neve_meta_enable_content_width":"off","neve_meta_content_width":100,"neve_meta_title_alignment":"","neve_meta_author_avatar":"","neve_post_elements_order":"","neve_meta_disable_header":"","neve_meta_disable_footer":"","neve_meta_disable_title":"on","footnotes":""},"class_list":["post-15","page","type-page","status-publish","hentry"],"_links":{"self":[{"href":"https:\/\/sites.euro.ubbcluj.ro\/primulstudent\/wp-json\/wp\/v2\/pages\/15","targetHints":{"allow":["GET"]}}],"collection":[{"href":"https:\/\/sites.euro.ubbcluj.ro\/primulstudent\/wp-json\/wp\/v2\/pages"}],"about":[{"href":"https:\/\/sites.euro.ubbcluj.ro\/primulstudent\/wp-json\/wp\/v2\/types\/page"}],"author":[{"embeddable":true,"href":"https:\/\/sites.euro.ubbcluj.ro\/primulstudent\/wp-json\/wp\/v2\/users\/1"}],"replies":[{"embeddable":true,"href":"https:\/\/sites.euro.ubbcluj.ro\/primulstudent\/wp-json\/wp\/v2\/comments?post=15"}],"version-history":[{"count":22,"href":"https:\/\/sites.euro.ubbcluj.ro\/primulstudent\/wp-json\/wp\/v2\/pages\/15\/revisions"}],"predecessor-version":[{"id":639,"href":"https:\/\/sites.euro.ubbcluj.ro\/primulstudent\/wp-json\/wp\/v2\/pages\/15\/revisions\/639"}],"wp:attachment":[{"href":"https:\/\/sites.euro.ubbcluj.ro\/primulstudent\/wp-json\/wp\/v2\/media?parent=15"}],"curies":[{"name":"wp","href":"https:\/\/api.w.org\/{rel}","templated":true}]}}