{"id":2099,"date":"2022-09-13T14:41:46","date_gmt":"2022-09-13T14:41:46","guid":{"rendered":"https:\/\/sites.euro.ubbcluj.ro\/paradigmaeuropeana\/?page_id=2099"},"modified":"2025-09-19T08:21:05","modified_gmt":"2025-09-19T08:21:05","slug":"cazari-doctoranzi-2025-2026","status":"publish","type":"page","link":"https:\/\/sites.euro.ubbcluj.ro\/sdrise\/cazari-doctoranzi-2025-2026\/","title":{"rendered":"Caz\u0103ri doctoranzi 2025-2026"},"content":{"rendered":"\t\t<div data-elementor-type=\"wp-page\" data-elementor-id=\"2099\" class=\"elementor elementor-2099\">\n\t\t\t\t\t\t<header class=\"elementor-section elementor-top-section elementor-element elementor-element-631d66fd elementor-section-height-min-height elementor-section-boxed elementor-section-height-default elementor-section-items-middle\" data-id=\"631d66fd\" data-element_type=\"section\" data-e-type=\"section\" data-settings=\"{&quot;background_background&quot;:&quot;classic&quot;}\">\n\t\t\t\t\t\t\t<div class=\"elementor-background-overlay\"><\/div>\n\t\t\t\t\t\t\t<div class=\"elementor-container elementor-column-gap-default\">\n\t\t\t\t\t<div class=\"elementor-column elementor-col-100 elementor-top-column elementor-element elementor-element-62631c35\" data-id=\"62631c35\" data-element_type=\"column\" data-e-type=\"column\">\n\t\t\t<div class=\"elementor-widget-wrap elementor-element-populated\">\n\t\t\t\t\t\t<div class=\"elementor-element elementor-element-2a30de7 elementor-widget elementor-widget-heading\" data-id=\"2a30de7\" data-element_type=\"widget\" data-e-type=\"widget\" data-widget_type=\"heading.default\">\n\t\t\t\t<div class=\"elementor-widget-container\">\n\t\t\t\t\t<h1 class=\"elementor-heading-title elementor-size-default\">Caz\u0103ri doctoranzi 2025-2026<\/h1>\t\t\t\t<\/div>\n\t\t\t\t<\/div>\n\t\t\t\t<div class=\"elementor-element elementor-element-5e3f756b elementor-widget__width-initial elementor-absolute elementor-widget elementor-widget-spacer\" data-id=\"5e3f756b\" data-element_type=\"widget\" data-e-type=\"widget\" data-settings=\"{&quot;_position&quot;:&quot;absolute&quot;}\" data-widget_type=\"spacer.default\">\n\t\t\t\t<div class=\"elementor-widget-container\">\n\t\t\t\t\t\t\t<div class=\"elementor-spacer\">\n\t\t\t<div class=\"elementor-spacer-inner\"><\/div>\n\t\t<\/div>\n\t\t\t\t\t\t<\/div>\n\t\t\t\t<\/div>\n\t\t\t\t<div class=\"elementor-element elementor-element-3ca5dcef elementor-widget__width-initial elementor-absolute elementor-widget elementor-widget-spacer\" data-id=\"3ca5dcef\" data-element_type=\"widget\" data-e-type=\"widget\" data-settings=\"{&quot;_position&quot;:&quot;absolute&quot;}\" data-widget_type=\"spacer.default\">\n\t\t\t\t<div class=\"elementor-widget-container\">\n\t\t\t\t\t\t\t<div class=\"elementor-spacer\">\n\t\t\t<div class=\"elementor-spacer-inner\"><\/div>\n\t\t<\/div>\n\t\t\t\t\t\t<\/div>\n\t\t\t\t<\/div>\n\t\t\t\t<div class=\"elementor-element elementor-element-41ab5cf elementor-widget__width-initial elementor-widget-tablet__width-initial elementor-absolute elementor-widget elementor-widget-spacer\" data-id=\"41ab5cf\" data-element_type=\"widget\" data-e-type=\"widget\" data-settings=\"{&quot;_position&quot;:&quot;absolute&quot;}\" data-widget_type=\"spacer.default\">\n\t\t\t\t<div class=\"elementor-widget-container\">\n\t\t\t\t\t\t\t<div class=\"elementor-spacer\">\n\t\t\t<div class=\"elementor-spacer-inner\"><\/div>\n\t\t<\/div>\n\t\t\t\t\t\t<\/div>\n\t\t\t\t<\/div>\n\t\t\t\t<div class=\"elementor-element elementor-element-2fb8b0f1 elementor-widget__width-initial elementor-widget-tablet__width-initial elementor-absolute elementor-widget elementor-widget-spacer\" data-id=\"2fb8b0f1\" data-element_type=\"widget\" data-e-type=\"widget\" data-settings=\"{&quot;_position&quot;:&quot;absolute&quot;}\" data-widget_type=\"spacer.default\">\n\t\t\t\t<div class=\"elementor-widget-container\">\n\t\t\t\t\t\t\t<div class=\"elementor-spacer\">\n\t\t\t<div class=\"elementor-spacer-inner\"><\/div>\n\t\t<\/div>\n\t\t\t\t\t\t<\/div>\n\t\t\t\t<\/div>\n\t\t\t\t\t<\/div>\n\t\t<\/div>\n\t\t\t\t\t<\/div>\n\t\t<\/header>\n\t\t\t\t<section class=\"elementor-section elementor-top-section elementor-element elementor-element-a0bf7c0 elementor-section-boxed elementor-section-height-default elementor-section-height-default\" data-id=\"a0bf7c0\" data-element_type=\"section\" data-e-type=\"section\">\n\t\t\t\t\t\t<div class=\"elementor-container elementor-column-gap-default\">\n\t\t\t\t\t<div class=\"elementor-column elementor-col-100 elementor-top-column elementor-element elementor-element-0a607ad\" data-id=\"0a607ad\" data-element_type=\"column\" data-e-type=\"column\">\n\t\t\t<div class=\"elementor-widget-wrap elementor-element-populated\">\n\t\t\t\t\t\t<div class=\"elementor-element elementor-element-6c32b5c elementor-widget elementor-widget-text-editor\" data-id=\"6c32b5c\" data-element_type=\"widget\" data-e-type=\"widget\" data-widget_type=\"text-editor.default\">\n\t\t\t\t<div class=\"elementor-widget-container\">\n\t\t\t\t\t\t\t\t\t<ul><li><h3><a href=\"https:\/\/sites.euro.ubbcluj.ro\/sdrise\/wp-content\/uploads\/2025\/09\/Rezultate-cazari-2025-2026.pdf\">Rezultate caz\u0103ri doctoranzi \u00een c\u0103minele studen\u021besti &#8211; an universitar 2025-2026<\/a><\/h3><\/li><\/ul>\t\t\t\t\t\t\t\t<\/div>\n\t\t\t\t<\/div>\n\t\t\t\t\t<\/div>\n\t\t<\/div>\n\t\t\t\t\t<\/div>\n\t\t<\/section>\n\t\t\t\t<section class=\"elementor-section elementor-top-section elementor-element elementor-element-8c5c23f elementor-section-boxed elementor-section-height-default elementor-section-height-default\" data-id=\"8c5c23f\" data-element_type=\"section\" data-e-type=\"section\">\n\t\t\t\t\t\t\t<div class=\"elementor-background-overlay\"><\/div>\n\t\t\t\t\t\t\t<div class=\"elementor-container elementor-column-gap-default\">\n\t\t\t\t\t<div class=\"elementor-column elementor-col-100 elementor-top-column elementor-element elementor-element-a2079a5\" data-id=\"a2079a5\" data-element_type=\"column\" data-e-type=\"column\">\n\t\t\t<div class=\"elementor-widget-wrap elementor-element-populated\">\n\t\t\t\t\t\t<div class=\"elementor-element elementor-element-65ee1cc elementor-widget elementor-widget-spacer\" data-id=\"65ee1cc\" data-element_type=\"widget\" data-e-type=\"widget\" data-widget_type=\"spacer.default\">\n\t\t\t\t<div class=\"elementor-widget-container\">\n\t\t\t\t\t\t\t<div class=\"elementor-spacer\">\n\t\t\t<div class=\"elementor-spacer-inner\"><\/div>\n\t\t<\/div>\n\t\t\t\t\t\t<\/div>\n\t\t\t\t<\/div>\n\t\t\t\t<div class=\"elementor-element elementor-element-6ec43ca elementor-widget elementor-widget-text-editor\" data-id=\"6ec43ca\" data-element_type=\"widget\" data-e-type=\"widget\" data-widget_type=\"text-editor.default\">\n\t\t\t\t<div class=\"elementor-widget-container\">\n\t\t\t\t\t\t\t\t\t<ul><li><h3><a href=\"https:\/\/sites.euro.ubbcluj.ro\/sdrise\/wp-content\/uploads\/2025\/07\/Anunt-cazare-doctoranzi-2025-2026.pdf\">Anun\u021b depuneri cereri pentru cazare \u00een c\u0103mine &#8211;\u00a0 an universitar 2025-2026<\/a><\/h3><\/li><li><h3><a href=\"https:\/\/sites.euro.ubbcluj.ro\/sdrise\/wp-content\/uploads\/2025\/07\/Formular-de-inscriere-2025-2026.pdf\">Formular de cerere pentru cazare doctoranzi &#8211; an universitar 2025-2026<\/a><\/h3><\/li><li><h3><a href=\"https:\/\/sites.euro.ubbcluj.ro\/sdrise\/wp-content\/uploads\/2025\/07\/Locuri-camin-2025-2026_Doctoranzi.pdf\">Num\u0103r locuri caz\u0103ri c\u0103minele studen\u021be\u0219ti 2025-2026<\/a><\/h3><\/li><li><h3><a href=\"https:\/\/sites.euro.ubbcluj.ro\/sdrise\/wp-content\/uploads\/2025\/07\/Regulament-cazare-doctoranzi.pdf\">Regulamentul de cazare al doctoranzilor la Facultatea de Studii Europene<\/a><\/h3><\/li><\/ul>\t\t\t\t\t\t\t\t<\/div>\n\t\t\t\t<\/div>\n\t\t\t\t<div class=\"elementor-element elementor-element-a86453a elementor-widget elementor-widget-spacer\" data-id=\"a86453a\" data-element_type=\"widget\" data-e-type=\"widget\" data-widget_type=\"spacer.default\">\n\t\t\t\t<div class=\"elementor-widget-container\">\n\t\t\t\t\t\t\t<div class=\"elementor-spacer\">\n\t\t\t<div class=\"elementor-spacer-inner\"><\/div>\n\t\t<\/div>\n\t\t\t\t\t\t<\/div>\n\t\t\t\t<\/div>\n\t\t\t\t\t<\/div>\n\t\t<\/div>\n\t\t\t\t\t<\/div>\n\t\t<\/section>\n\t\t\t\t<header class=\"elementor-section elementor-top-section elementor-element elementor-element-47855dd9 elementor-section-height-min-height elementor-section-boxed elementor-section-height-default elementor-section-items-middle\" data-id=\"47855dd9\" data-element_type=\"section\" data-e-type=\"section\" data-settings=\"{&quot;background_background&quot;:&quot;classic&quot;}\">\n\t\t\t\t\t\t\t<div class=\"elementor-background-overlay\"><\/div>\n\t\t\t\t\t\t\t<div class=\"elementor-container elementor-column-gap-default\">\n\t\t\t\t\t<div class=\"elementor-column elementor-col-100 elementor-top-column elementor-element elementor-element-69b8c8c4\" data-id=\"69b8c8c4\" data-element_type=\"column\" data-e-type=\"column\">\n\t\t\t<div class=\"elementor-widget-wrap elementor-element-populated\">\n\t\t\t\t\t\t<div class=\"elementor-element elementor-element-291140cd elementor-widget elementor-widget-heading\" data-id=\"291140cd\" data-element_type=\"widget\" data-e-type=\"widget\" data-widget_type=\"heading.default\">\n\t\t\t\t<div class=\"elementor-widget-container\">\n\t\t\t\t\t<h1 class=\"elementor-heading-title elementor-size-default\">Caz\u0103ri doctoranzi 2025-2026<\/h1>\t\t\t\t<\/div>\n\t\t\t\t<\/div>\n\t\t\t\t<div class=\"elementor-element elementor-element-403edb5e elementor-widget__width-initial elementor-absolute elementor-widget elementor-widget-spacer\" data-id=\"403edb5e\" data-element_type=\"widget\" data-e-type=\"widget\" data-settings=\"{&quot;_position&quot;:&quot;absolute&quot;}\" data-widget_type=\"spacer.default\">\n\t\t\t\t<div class=\"elementor-widget-container\">\n\t\t\t\t\t\t\t<div class=\"elementor-spacer\">\n\t\t\t<div class=\"elementor-spacer-inner\"><\/div>\n\t\t<\/div>\n\t\t\t\t\t\t<\/div>\n\t\t\t\t<\/div>\n\t\t\t\t<div class=\"elementor-element elementor-element-57befafc elementor-widget__width-initial elementor-absolute elementor-widget elementor-widget-spacer\" data-id=\"57befafc\" data-element_type=\"widget\" data-e-type=\"widget\" data-settings=\"{&quot;_position&quot;:&quot;absolute&quot;}\" data-widget_type=\"spacer.default\">\n\t\t\t\t<div class=\"elementor-widget-container\">\n\t\t\t\t\t\t\t<div class=\"elementor-spacer\">\n\t\t\t<div class=\"elementor-spacer-inner\"><\/div>\n\t\t<\/div>\n\t\t\t\t\t\t<\/div>\n\t\t\t\t<\/div>\n\t\t\t\t<div class=\"elementor-element elementor-element-20a88b8a elementor-widget__width-initial elementor-widget-tablet__width-initial elementor-absolute elementor-widget elementor-widget-spacer\" data-id=\"20a88b8a\" data-element_type=\"widget\" data-e-type=\"widget\" data-settings=\"{&quot;_position&quot;:&quot;absolute&quot;}\" data-widget_type=\"spacer.default\">\n\t\t\t\t<div class=\"elementor-widget-container\">\n\t\t\t\t\t\t\t<div class=\"elementor-spacer\">\n\t\t\t<div class=\"elementor-spacer-inner\"><\/div>\n\t\t<\/div>\n\t\t\t\t\t\t<\/div>\n\t\t\t\t<\/div>\n\t\t\t\t<div class=\"elementor-element elementor-element-6fe210 elementor-widget__width-initial elementor-widget-tablet__width-initial elementor-absolute elementor-widget elementor-widget-spacer\" data-id=\"6fe210\" data-element_type=\"widget\" data-e-type=\"widget\" data-settings=\"{&quot;_position&quot;:&quot;absolute&quot;}\" data-widget_type=\"spacer.default\">\n\t\t\t\t<div class=\"elementor-widget-container\">\n\t\t\t\t\t\t\t<div class=\"elementor-spacer\">\n\t\t\t<div class=\"elementor-spacer-inner\"><\/div>\n\t\t<\/div>\n\t\t\t\t\t\t<\/div>\n\t\t\t\t<\/div>\n\t\t\t\t\t<\/div>\n\t\t<\/div>\n\t\t\t\t\t<\/div>\n\t\t<\/header>\n\t\t\t\t<section class=\"elementor-section elementor-top-section elementor-element elementor-element-318b5f68 elementor-section-boxed elementor-section-height-default elementor-section-height-default\" data-id=\"318b5f68\" data-element_type=\"section\" data-e-type=\"section\">\n\t\t\t\t\t\t\t<div class=\"elementor-background-overlay\"><\/div>\n\t\t\t\t\t\t\t<div class=\"elementor-container elementor-column-gap-default\">\n\t\t\t\t\t<div class=\"elementor-column elementor-col-100 elementor-top-column elementor-element elementor-element-6338386e\" data-id=\"6338386e\" data-element_type=\"column\" data-e-type=\"column\">\n\t\t\t<div class=\"elementor-widget-wrap elementor-element-populated\">\n\t\t\t\t\t\t<div class=\"elementor-element elementor-element-79e2dbe1 elementor-widget elementor-widget-spacer\" data-id=\"79e2dbe1\" data-element_type=\"widget\" data-e-type=\"widget\" data-widget_type=\"spacer.default\">\n\t\t\t\t<div class=\"elementor-widget-container\">\n\t\t\t\t\t\t\t<div class=\"elementor-spacer\">\n\t\t\t<div class=\"elementor-spacer-inner\"><\/div>\n\t\t<\/div>\n\t\t\t\t\t\t<\/div>\n\t\t\t\t<\/div>\n\t\t\t\t<div class=\"elementor-element elementor-element-cfa56 elementor-widget elementor-widget-text-editor\" data-id=\"cfa56\" data-element_type=\"widget\" data-e-type=\"widget\" data-widget_type=\"text-editor.default\">\n\t\t\t\t<div class=\"elementor-widget-container\">\n\t\t\t\t\t\t\t\t\t<ul><li><h3><a href=\"https:\/\/sites.euro.ubbcluj.ro\/sdrise\/wp-content\/uploads\/2025\/07\/Anunt-cazare-doctoranzi-2025-2026.pdf\">Anun\u021b depuneri cereri pentru cazare \u00een c\u0103mine &#8211;\u00a0 an universitar 2025-2026<\/a><\/h3><\/li><li><h3><a href=\"https:\/\/sites.euro.ubbcluj.ro\/sdrise\/wp-content\/uploads\/2025\/07\/Formular-de-inscriere-2025-2026.pdf\">Formular de cerere pentru cazare doctoranzi &#8211; an universitar 2025-2026<\/a><\/h3><\/li><li><h3><a href=\"https:\/\/sites.euro.ubbcluj.ro\/sdrise\/wp-content\/uploads\/2025\/07\/Locuri-camin-2025-2026_Doctoranzi.pdf\">Num\u0103r locuri caz\u0103ri c\u0103minele studen\u021be\u0219ti 2025-2026<\/a><\/h3><\/li><li><h3><a href=\"https:\/\/sites.euro.ubbcluj.ro\/sdrise\/wp-content\/uploads\/2025\/07\/Regulament-cazare-doctoranzi.pdf\">Regulamentul de cazare al doctoranzilor la Facultatea de Studii Europene<\/a><\/h3><\/li><\/ul>\t\t\t\t\t\t\t\t<\/div>\n\t\t\t\t<\/div>\n\t\t\t\t<div class=\"elementor-element elementor-element-11faa924 elementor-widget elementor-widget-spacer\" data-id=\"11faa924\" data-element_type=\"widget\" data-e-type=\"widget\" data-widget_type=\"spacer.default\">\n\t\t\t\t<div class=\"elementor-widget-container\">\n\t\t\t\t\t\t\t<div class=\"elementor-spacer\">\n\t\t\t<div class=\"elementor-spacer-inner\"><\/div>\n\t\t<\/div>\n\t\t\t\t\t\t<\/div>\n\t\t\t\t<\/div>\n\t\t\t\t\t<\/div>\n\t\t<\/div>\n\t\t\t\t\t<\/div>\n\t\t<\/section>\n\t\t\t\t<\/div>\n\t\t","protected":false},"excerpt":{"rendered":"<p>Caz\u0103ri doctoranzi 2025-2026 Rezultate caz\u0103ri doctoranzi \u00een c\u0103minele studen\u021besti &#8211; an universitar 2025-2026 Anun\u021b depuneri cereri pentru cazare \u00een c\u0103mine &#8211;\u00a0 an universitar 2025-2026 Formular de cerere pentru cazare doctoranzi &#8211; an universitar 2025-2026 Num\u0103r locuri caz\u0103ri c\u0103minele studen\u021be\u0219ti 2025-2026 Regulamentul de cazare al doctoranzilor la Facultatea de Studii Europene Caz\u0103ri doctoranzi 2025-2026 Anun\u021b depuneri&hellip;&nbsp;<a href=\"https:\/\/sites.euro.ubbcluj.ro\/sdrise\/cazari-doctoranzi-2025-2026\/\" class=\"\" rel=\"bookmark\">Read More &raquo;<span class=\"screen-reader-text\">Caz\u0103ri doctoranzi 2025-2026<\/span><\/a><\/p>\n","protected":false},"author":1,"featured_media":0,"parent":0,"menu_order":0,"comment_status":"closed","ping_status":"closed","template":"","meta":{"neve_meta_sidebar":"full-width","neve_meta_container":"","neve_meta_enable_content_width":"on","neve_meta_content_width":100,"neve_meta_title_alignment":"","neve_meta_author_avatar":"","neve_post_elements_order":"","neve_meta_disable_header":"","neve_meta_disable_footer":"","neve_meta_disable_title":"on","_themeisle_gutenberg_block_has_review":false,"footnotes":"","_links_to":"","_links_to_target":""},"class_list":["post-2099","page","type-page","status-publish","hentry"],"_links":{"self":[{"href":"https:\/\/sites.euro.ubbcluj.ro\/sdrise\/wp-json\/wp\/v2\/pages\/2099","targetHints":{"allow":["GET"]}}],"collection":[{"href":"https:\/\/sites.euro.ubbcluj.ro\/sdrise\/wp-json\/wp\/v2\/pages"}],"about":[{"href":"https:\/\/sites.euro.ubbcluj.ro\/sdrise\/wp-json\/wp\/v2\/types\/page"}],"author":[{"embeddable":true,"href":"https:\/\/sites.euro.ubbcluj.ro\/sdrise\/wp-json\/wp\/v2\/users\/1"}],"replies":[{"embeddable":true,"href":"https:\/\/sites.euro.ubbcluj.ro\/sdrise\/wp-json\/wp\/v2\/comments?post=2099"}],"version-history":[{"count":29,"href":"https:\/\/sites.euro.ubbcluj.ro\/sdrise\/wp-json\/wp\/v2\/pages\/2099\/revisions"}],"predecessor-version":[{"id":2954,"href":"https:\/\/sites.euro.ubbcluj.ro\/sdrise\/wp-json\/wp\/v2\/pages\/2099\/revisions\/2954"}],"wp:attachment":[{"href":"https:\/\/sites.euro.ubbcluj.ro\/sdrise\/wp-json\/wp\/v2\/media?parent=2099"}],"curies":[{"name":"wp","href":"https:\/\/api.w.org\/{rel}","templated":true}]}}