{"id":2767,"date":"2025-01-29T11:51:24","date_gmt":"2025-01-29T11:51:24","guid":{"rendered":"https:\/\/sites.euro.ubbcluj.ro\/sdrise\/?page_id=2767"},"modified":"2025-12-09T11:28:02","modified_gmt":"2025-12-09T11:28:02","slug":"standardele-minimale-cnatdcu-aplicabile-specifice-domeniului-in-vederea-acordarii-titlului-de-doctor","status":"publish","type":"page","link":"https:\/\/sites.euro.ubbcluj.ro\/sdrise\/standardele-minimale-cnatdcu-aplicabile-specifice-domeniului-in-vederea-acordarii-titlului-de-doctor\/","title":{"rendered":"Standardele minimale CNATDCU aplicabile specifice domeniului, \u00een vederea acord\u0103rii titlului de doctor"},"content":{"rendered":"\t\t<div data-elementor-type=\"wp-page\" data-elementor-id=\"2767\" class=\"elementor elementor-2767\">\n\t\t\t\t\t\t<header class=\"elementor-section elementor-top-section elementor-element elementor-element-5968bda3 elementor-section-height-min-height elementor-section-boxed elementor-section-height-default elementor-section-items-middle\" data-id=\"5968bda3\" data-element_type=\"section\" data-e-type=\"section\" data-settings=\"{&quot;background_background&quot;:&quot;classic&quot;}\">\n\t\t\t\t\t\t\t<div class=\"elementor-background-overlay\"><\/div>\n\t\t\t\t\t\t\t<div class=\"elementor-container elementor-column-gap-default\">\n\t\t\t\t\t<div class=\"elementor-column elementor-col-100 elementor-top-column elementor-element elementor-element-52cb6f46\" data-id=\"52cb6f46\" data-element_type=\"column\" data-e-type=\"column\">\n\t\t\t<div class=\"elementor-widget-wrap elementor-element-populated\">\n\t\t\t\t\t\t<div class=\"elementor-element elementor-element-6e65d456 elementor-widget elementor-widget-heading\" data-id=\"6e65d456\" data-element_type=\"widget\" data-e-type=\"widget\" data-widget_type=\"heading.default\">\n\t\t\t\t<div class=\"elementor-widget-container\">\n\t\t\t\t\t<h1 class=\"elementor-heading-title elementor-size-default\">Standardele minimale CNATDCU aplicabile specifice domeniului, \u00een vederea acord\u0103rii titlului de doctor<\/h1>\t\t\t\t<\/div>\n\t\t\t\t<\/div>\n\t\t\t\t<div class=\"elementor-element elementor-element-4b607a04 elementor-widget__width-initial elementor-absolute elementor-widget elementor-widget-spacer\" data-id=\"4b607a04\" data-element_type=\"widget\" data-e-type=\"widget\" data-settings=\"{&quot;_position&quot;:&quot;absolute&quot;}\" data-widget_type=\"spacer.default\">\n\t\t\t\t<div class=\"elementor-widget-container\">\n\t\t\t\t\t\t\t<div class=\"elementor-spacer\">\n\t\t\t<div class=\"elementor-spacer-inner\"><\/div>\n\t\t<\/div>\n\t\t\t\t\t\t<\/div>\n\t\t\t\t<\/div>\n\t\t\t\t<div class=\"elementor-element elementor-element-3d73cec6 elementor-widget__width-initial elementor-absolute elementor-widget elementor-widget-spacer\" data-id=\"3d73cec6\" data-element_type=\"widget\" data-e-type=\"widget\" data-settings=\"{&quot;_position&quot;:&quot;absolute&quot;}\" data-widget_type=\"spacer.default\">\n\t\t\t\t<div class=\"elementor-widget-container\">\n\t\t\t\t\t\t\t<div class=\"elementor-spacer\">\n\t\t\t<div class=\"elementor-spacer-inner\"><\/div>\n\t\t<\/div>\n\t\t\t\t\t\t<\/div>\n\t\t\t\t<\/div>\n\t\t\t\t<div class=\"elementor-element elementor-element-22533cf9 elementor-widget__width-initial elementor-widget-tablet__width-initial elementor-absolute elementor-widget elementor-widget-spacer\" data-id=\"22533cf9\" data-element_type=\"widget\" data-e-type=\"widget\" data-settings=\"{&quot;_position&quot;:&quot;absolute&quot;}\" data-widget_type=\"spacer.default\">\n\t\t\t\t<div class=\"elementor-widget-container\">\n\t\t\t\t\t\t\t<div class=\"elementor-spacer\">\n\t\t\t<div class=\"elementor-spacer-inner\"><\/div>\n\t\t<\/div>\n\t\t\t\t\t\t<\/div>\n\t\t\t\t<\/div>\n\t\t\t\t<div class=\"elementor-element elementor-element-5a29a0ba elementor-widget__width-initial elementor-widget-tablet__width-initial elementor-absolute elementor-widget elementor-widget-spacer\" data-id=\"5a29a0ba\" data-element_type=\"widget\" data-e-type=\"widget\" data-settings=\"{&quot;_position&quot;:&quot;absolute&quot;}\" data-widget_type=\"spacer.default\">\n\t\t\t\t<div class=\"elementor-widget-container\">\n\t\t\t\t\t\t\t<div class=\"elementor-spacer\">\n\t\t\t<div class=\"elementor-spacer-inner\"><\/div>\n\t\t<\/div>\n\t\t\t\t\t\t<\/div>\n\t\t\t\t<\/div>\n\t\t\t\t\t<\/div>\n\t\t<\/div>\n\t\t\t\t\t<\/div>\n\t\t<\/header>\n\t\t\t\t<section class=\"elementor-section elementor-top-section elementor-element elementor-element-ae3df24 elementor-section-boxed elementor-section-height-default elementor-section-height-default\" data-id=\"ae3df24\" data-element_type=\"section\" data-e-type=\"section\">\n\t\t\t\t\t\t<div class=\"elementor-container elementor-column-gap-default\">\n\t\t\t\t\t<div class=\"elementor-column elementor-col-100 elementor-top-column elementor-element elementor-element-0d2a43c\" data-id=\"0d2a43c\" data-element_type=\"column\" data-e-type=\"column\">\n\t\t\t<div class=\"elementor-widget-wrap elementor-element-populated\">\n\t\t\t\t\t\t<div class=\"elementor-element elementor-element-6e9cd2d elementor-widget elementor-widget-text-editor\" data-id=\"6e9cd2d\" data-element_type=\"widget\" data-e-type=\"widget\" data-widget_type=\"text-editor.default\">\n\t\t\t\t<div class=\"elementor-widget-container\">\n\t\t\t\t\t\t\t\t\t<div class=\"x_elementToProof\" data-olk-copy-source=\"MessageBody\">Pentru ob\u021binerea titlului de doctor \u00een domeniul\u00a0<b>Rela\u021bii Interna\u021bionale \u0219i Studii Europene<\/b>\u00a0\u0219i \u00een domeniul\u00a0<b>\u0218tiin\u021be Politice<\/b>, candida\u021bii trebuie s\u0103 \u00eendeplineasc\u0103 \u00a0standarde minimale na\u021bionale \u00een conformitate cu\u00a0<b>OM nr. 3018\/2025<\/b>\u00a0<b>privind standardele minimale na\u021bionale necesare \u0219i obligatorii pentru conferirea titlului de doctor<\/b>,\u00a0<b>\u00a0Comisia de \u015ftiin\u0163e politice, studii de securitate, \u015ftiin\u0163e militare, informa\u0163ii \u015fi ordine public\u0103:\u00a0<a id=\"OWAf6dce5dc-720f-76e0-6421-a203312f0e63\" class=\"x_OWAAutoLink\" title=\"Original URL: https:\/\/www.edu.ro\/sites\/default\/files\/fisiere%20articole\/OMEC_3018-2025.pdf. Click or tap if you trust this link.\" href=\"https:\/\/eur01.safelinks.protection.outlook.com\/?url=https%3A%2F%2Fwww.edu.ro%2Fsites%2Fdefault%2Ffiles%2Ffisiere%2520articole%2FOMEC_3018-2025.pdf&amp;data=05%7C02%7Calexandru.burca%40ubbcluj.ro%7Ccb0820d0bdb943fb1aad08de36f374f3%7C5a4863ed40c84fd58298fbfdb7f13095%7C0%7C0%7C639008616435448207%7CUnknown%7CTWFpbGZsb3d8eyJFbXB0eU1hcGkiOnRydWUsIlYiOiIwLjAuMDAwMCIsIlAiOiJXaW4zMiIsIkFOIjoiTWFpbCIsIldUIjoyfQ%3D%3D%7C0%7C%7C%7C&amp;sdata=wS1hIpucXtUiY1RAeSeiBPz%2Fh2%2BcozTyC1o%2FH2smu%2B4%3D&amp;reserved=0\" target=\"_blank\" rel=\"noopener noreferrer\" data-auth=\"NotApplicable\" data-linkindex=\"1\">https:\/\/www.edu.ro\/sites\/default\/files\/fisiere%20articole\/OMEC_3018-2025.pdf<\/a><\/b><\/div><div class=\"x_elementToProof\">\u00a0<\/div><div class=\"x_elementToProof\">Pentru candida\u021bii \u00eenscri\u0219i \u00een perioada 2017-2024 se aplic\u0103 Ordinul nr. 5110\/2018 din 17 septembrie 2018,\u00a0\u00a0<a id=\"OWA69831870-a21e-538f-6d02-2c4e67d205fb\" class=\"x_OWAAutoLink\" title=\"Original URL: https:\/\/www.edu.ro\/sites\/default\/files\/fisiere%20articole\/OMEN%205110-2018.pdf. Click or tap if you trust this link.\" href=\"https:\/\/eur01.safelinks.protection.outlook.com\/?url=https%3A%2F%2Fwww.edu.ro%2Fsites%2Fdefault%2Ffiles%2Ffisiere%2520articole%2FOMEN%25205110-2018.pdf&amp;data=05%7C02%7Calexandru.burca%40ubbcluj.ro%7Ccb0820d0bdb943fb1aad08de36f374f3%7C5a4863ed40c84fd58298fbfdb7f13095%7C0%7C0%7C639008616435461167%7CUnknown%7CTWFpbGZsb3d8eyJFbXB0eU1hcGkiOnRydWUsIlYiOiIwLjAuMDAwMCIsIlAiOiJXaW4zMiIsIkFOIjoiTWFpbCIsIldUIjoyfQ%3D%3D%7C0%7C%7C%7C&amp;sdata=HwqHYKsHcmGDfAHWkU8%2BcqRfQx40UbI5RURXjHvrlrc%3D&amp;reserved=0\" target=\"_blank\" rel=\"noopener noreferrer\" data-auth=\"NotApplicable\" data-linkindex=\"2\">https:\/\/www.edu.ro\/sites\/default\/files\/fisiere%20articole\/OMEN%205110-2018.pdf<\/a>\u00a0astfel:<\/div><ul><li role=\"presentation\">Pentru doctoranzii domeniilor: Rela\u021bii interna\u021bionale \u0219i studii europene, \u0218tiin\u021be Politice, Sociologie, standardele minimale se reg\u0103sesc la Anexa 25, COMISIA DE SOCIOLOGIE, \u015eTIIN\u0162E POLITICE \u015eI ADMINISTRATIVE, din\u00a0<i>OM nr. 5110\/17 septembrie 2018.<\/i><\/li><li role=\"presentation\">Pentru doctoranzii domeniului Istorie standardele minimale se reg\u0103sesc la Anexa 31, COMISIA DE ISTORIE \u015eI STUDII CULTURALE, din\u00a0<i>OM nr. 5110\/17 septembrie 2018.<\/i><\/li><li style=\"list-style-type: none;\">\u00a0<\/li><\/ul>\t\t\t\t\t\t\t\t<\/div>\n\t\t\t\t<\/div>\n\t\t\t\t\t<\/div>\n\t\t<\/div>\n\t\t\t\t\t<\/div>\n\t\t<\/section>\n\t\t\t\t<\/div>\n\t\t","protected":false},"excerpt":{"rendered":"<p>Standardele minimale CNATDCU aplicabile specifice domeniului, \u00een vederea acord\u0103rii titlului de doctor Pentru ob\u021binerea titlului de doctor \u00een domeniul\u00a0Rela\u021bii Interna\u021bionale \u0219i Studii Europene\u00a0\u0219i \u00een domeniul\u00a0\u0218tiin\u021be Politice, candida\u021bii trebuie s\u0103 \u00eendeplineasc\u0103 \u00a0standarde minimale na\u021bionale \u00een conformitate cu\u00a0OM nr. 3018\/2025\u00a0privind standardele minimale na\u021bionale necesare \u0219i obligatorii pentru conferirea titlului de doctor,\u00a0\u00a0Comisia de \u015ftiin\u0163e politice, studii de securitate,&hellip;&nbsp;<a href=\"https:\/\/sites.euro.ubbcluj.ro\/sdrise\/standardele-minimale-cnatdcu-aplicabile-specifice-domeniului-in-vederea-acordarii-titlului-de-doctor\/\" class=\"\" rel=\"bookmark\">Read More &raquo;<span class=\"screen-reader-text\">Standardele minimale CNATDCU aplicabile specifice domeniului, \u00een vederea acord\u0103rii titlului de doctor<\/span><\/a><\/p>\n","protected":false},"author":1,"featured_media":0,"parent":0,"menu_order":0,"comment_status":"closed","ping_status":"closed","template":"","meta":{"neve_meta_sidebar":"full-width","neve_meta_container":"","neve_meta_enable_content_width":"on","neve_meta_content_width":100,"neve_meta_title_alignment":"","neve_meta_author_avatar":"","neve_post_elements_order":"","neve_meta_disable_header":"","neve_meta_disable_footer":"","neve_meta_disable_title":"on","_themeisle_gutenberg_block_has_review":false,"footnotes":"","_links_to":"","_links_to_target":""},"class_list":["post-2767","page","type-page","status-publish","hentry"],"_links":{"self":[{"href":"https:\/\/sites.euro.ubbcluj.ro\/sdrise\/wp-json\/wp\/v2\/pages\/2767","targetHints":{"allow":["GET"]}}],"collection":[{"href":"https:\/\/sites.euro.ubbcluj.ro\/sdrise\/wp-json\/wp\/v2\/pages"}],"about":[{"href":"https:\/\/sites.euro.ubbcluj.ro\/sdrise\/wp-json\/wp\/v2\/types\/page"}],"author":[{"embeddable":true,"href":"https:\/\/sites.euro.ubbcluj.ro\/sdrise\/wp-json\/wp\/v2\/users\/1"}],"replies":[{"embeddable":true,"href":"https:\/\/sites.euro.ubbcluj.ro\/sdrise\/wp-json\/wp\/v2\/comments?post=2767"}],"version-history":[{"count":10,"href":"https:\/\/sites.euro.ubbcluj.ro\/sdrise\/wp-json\/wp\/v2\/pages\/2767\/revisions"}],"predecessor-version":[{"id":3008,"href":"https:\/\/sites.euro.ubbcluj.ro\/sdrise\/wp-json\/wp\/v2\/pages\/2767\/revisions\/3008"}],"wp:attachment":[{"href":"https:\/\/sites.euro.ubbcluj.ro\/sdrise\/wp-json\/wp\/v2\/media?parent=2767"}],"curies":[{"name":"wp","href":"https:\/\/api.w.org\/{rel}","templated":true}]}}